{"id":962,"date":"2015-03-13T11:46:40","date_gmt":"2015-03-13T11:46:40","guid":{"rendered":"http:\/\/ivam.jomanetworks.com\/?page_id=962"},"modified":"2026-03-13T11:07:03","modified_gmt":"2026-03-13T09:07:03","slug":"alquiler-de-espacios","status":"publish","type":"page","link":"https:\/\/ivam.es\/es\/alquiler-de-espacios\/","title":{"rendered":"Alquiler de espacios"},"content":{"rendered":"<p><span style=\"font-weight: 400;\">Ubicado en un entorno privilegiado en pleno centro hist\u00f3rico de Valencia, el Institut Valenci\u00e0 d&#8217;Art Modern ofrece a empresas e instituciones la oportunidad de organizar sus eventos corporativos en un edificio emblem\u00e1tico dise\u00f1ado por los arquitectos\u00a0valencianos Emilio Gim\u00e9nez\u00a0y Carlos Salvadores. El IVAM te invita a celebrar conferencias y congresos en el Auditorio Carmen Alborch, presentaciones en la Sala de la Muralla, c\u00f3cteles en la Explanada exterior o cenas de gala en el Hall principal. Adem\u00e1s, puedes complementar la actividad con una visita privada a nuestras colecciones y exposiciones temporales.<\/span><\/p>\n<p><strong>Contacto<\/strong><br \/>\nTel. (+34) 96 317 66 00<br \/>\n<span data-olk-copy-source=\"MailCompose\">alquilerespacios@ivam.es<\/span><\/p>\n<p><a href=\"https:\/\/ivam.es\/wp-content\/uploads\/tarifas_2026.pdf\">Consulta las tasas aqu\u00ed<\/a><\/p>\n<p><strong>Auditorio Carmen Alborch<\/strong><br \/>\nTiene perfecta visibilidad por la disposici\u00f3n en teatro de sus 200 butacas. Est\u00e1 equipado con los m\u00e1s avanzados sistemas de video proyecci\u00f3n y audio, as\u00ed como cabinas de traducci\u00f3n simult\u00e1nea y una pantalla de 3 x 2 metros. Es adecuado\u00a0para presentaciones, conferencias, entregas de premios, proyecciones de pel\u00edculas, debates y conciertos.<\/p>\n<p><strong>Hall principal<\/strong><br \/>\nA la entrada del edificio, este gran hall de 20 metros de altura es el punto que da acceso a todas las galer\u00edas as\u00ed como a la terraza exterior y uno de los centros neur\u00e1lgicos de su arquitectura. Es el lugar id\u00f3neo para la celebraci\u00f3n de cenas y c\u00f3cteles.<\/p>\n","protected":false},"excerpt":{"rendered":"<p>Ubicado en un entorno privilegiado en pleno centro hist\u00f3rico de Valencia, el Institut Valenci\u00e0 d&#8217;Art Modern ofrece a empresas e instituciones la oportunidad de organizar sus eventos corporativos en un edificio emblem\u00e1tico dise\u00f1ado por los arquitectos\u00a0valencianos Emilio Gim\u00e9nez\u00a0y Carlos Salvadores. El IVAM te invita a celebrar conferencias y congresos en el Auditorio Carmen Alborch, presentaciones [&hellip;]<\/p>\n","protected":false},"author":3,"featured_media":0,"parent":0,"menu_order":107,"comment_status":"closed","ping_status":"closed","template":"","meta":{"footnotes":""},"class_list":["post-962","page","type-page","status-publish","hentry"],"yoast_head":"<!-- This site is optimized with the Yoast SEO plugin v26.0 - https:\/\/yoast.com\/wordpress\/plugins\/seo\/ -->\n<title>Alquiler de espacios - IVAM<\/title>\n<meta name=\"robots\" content=\"index, follow, max-snippet:-1, max-image-preview:large, max-video-preview:-1\" \/>\n<link rel=\"canonical\" href=\"https:\/\/ivam.es\/es\/alquiler-de-espacios\/\" \/>\n<meta property=\"og:locale\" content=\"es_ES\" \/>\n<meta property=\"og:type\" content=\"article\" \/>\n<meta property=\"og:title\" content=\"Alquiler de espacios - IVAM\" \/>\n<meta property=\"og:description\" content=\"Ubicado en un entorno privilegiado en pleno centro hist\u00f3rico de Valencia, el Institut Valenci\u00e0 d&#8217;Art Modern ofrece a empresas e instituciones la oportunidad de organizar sus eventos corporativos en un edificio emblem\u00e1tico dise\u00f1ado por los arquitectos\u00a0valencianos Emilio Gim\u00e9nez\u00a0y Carlos Salvadores. El IVAM te invita a celebrar conferencias y congresos en el Auditorio Carmen Alborch, presentaciones [&hellip;]\" \/>\n<meta property=\"og:url\" content=\"https:\/\/ivam.es\/es\/alquiler-de-espacios\/\" \/>\n<meta property=\"og:site_name\" content=\"IVAM\" \/>\n<meta property=\"article:modified_time\" content=\"2026-03-13T09:07:03+00:00\" \/>\n<meta name=\"twitter:card\" content=\"summary_large_image\" \/>\n<meta name=\"twitter:label1\" content=\"Tiempo de lectura\" \/>\n\t<meta name=\"twitter:data1\" content=\"1 minuto\" \/>\n<script type=\"application\/ld+json\" class=\"yoast-schema-graph\">{\"@context\":\"https:\/\/schema.org\",\"@graph\":[{\"@type\":\"WebPage\",\"@id\":\"https:\/\/ivam.es\/es\/alquiler-de-espacios\/\",\"url\":\"https:\/\/ivam.es\/es\/alquiler-de-espacios\/\",\"name\":\"Alquiler de espacios - IVAM\",\"isPartOf\":{\"@id\":\"https:\/\/ivam.es\/es\/#website\"},\"datePublished\":\"2015-03-13T11:46:40+00:00\",\"dateModified\":\"2026-03-13T09:07:03+00:00\",\"breadcrumb\":{\"@id\":\"https:\/\/ivam.es\/es\/alquiler-de-espacios\/#breadcrumb\"},\"inLanguage\":\"es\",\"potentialAction\":[{\"@type\":\"ReadAction\",\"target\":[\"https:\/\/ivam.es\/es\/alquiler-de-espacios\/\"]}]},{\"@type\":\"BreadcrumbList\",\"@id\":\"https:\/\/ivam.es\/es\/alquiler-de-espacios\/#breadcrumb\",\"itemListElement\":[{\"@type\":\"ListItem\",\"position\":1,\"name\":\"Home\",\"item\":\"https:\/\/ivam.es\/es\/\"},{\"@type\":\"ListItem\",\"position\":2,\"name\":\"Alquiler de espacios\"}]},{\"@type\":\"WebSite\",\"@id\":\"https:\/\/ivam.es\/es\/#website\",\"url\":\"https:\/\/ivam.es\/es\/\",\"name\":\"IVAM\",\"description\":\"Institut Valenci\u00e0 d&#039;Art Modern\",\"publisher\":{\"@id\":\"https:\/\/ivam.es\/es\/#organization\"},\"potentialAction\":[{\"@type\":\"SearchAction\",\"target\":{\"@type\":\"EntryPoint\",\"urlTemplate\":\"https:\/\/ivam.es\/es\/?s={search_term_string}\"},\"query-input\":{\"@type\":\"PropertyValueSpecification\",\"valueRequired\":true,\"valueName\":\"search_term_string\"}}],\"inLanguage\":\"es\"},{\"@type\":\"Organization\",\"@id\":\"https:\/\/ivam.es\/es\/#organization\",\"name\":\"IVAM\",\"url\":\"https:\/\/ivam.es\/es\/\",\"logo\":{\"@type\":\"ImageObject\",\"inLanguage\":\"es\",\"@id\":\"https:\/\/ivam.es\/es\/#\/schema\/logo\/image\/\",\"url\":\"https:\/\/ivam.es\/wp-content\/uploads\/logo-ok-512.png\",\"contentUrl\":\"https:\/\/ivam.es\/wp-content\/uploads\/logo-ok-512.png\",\"width\":512,\"height\":512,\"caption\":\"IVAM\"},\"image\":{\"@id\":\"https:\/\/ivam.es\/es\/#\/schema\/logo\/image\/\"}}]}<\/script>\n<!-- \/ Yoast SEO plugin. -->","yoast_head_json":{"title":"Alquiler de espacios - IVAM","robots":{"index":"index","follow":"follow","max-snippet":"max-snippet:-1","max-image-preview":"max-image-preview:large","max-video-preview":"max-video-preview:-1"},"canonical":"https:\/\/ivam.es\/es\/alquiler-de-espacios\/","og_locale":"es_ES","og_type":"article","og_title":"Alquiler de espacios - IVAM","og_description":"Ubicado en un entorno privilegiado en pleno centro hist\u00f3rico de Valencia, el Institut Valenci\u00e0 d&#8217;Art Modern ofrece a empresas e instituciones la oportunidad de organizar sus eventos corporativos en un edificio emblem\u00e1tico dise\u00f1ado por los arquitectos\u00a0valencianos Emilio Gim\u00e9nez\u00a0y Carlos Salvadores. El IVAM te invita a celebrar conferencias y congresos en el Auditorio Carmen Alborch, presentaciones [&hellip;]","og_url":"https:\/\/ivam.es\/es\/alquiler-de-espacios\/","og_site_name":"IVAM","article_modified_time":"2026-03-13T09:07:03+00:00","twitter_card":"summary_large_image","twitter_misc":{"Tiempo de lectura":"1 minuto"},"schema":{"@context":"https:\/\/schema.org","@graph":[{"@type":"WebPage","@id":"https:\/\/ivam.es\/es\/alquiler-de-espacios\/","url":"https:\/\/ivam.es\/es\/alquiler-de-espacios\/","name":"Alquiler de espacios - IVAM","isPartOf":{"@id":"https:\/\/ivam.es\/es\/#website"},"datePublished":"2015-03-13T11:46:40+00:00","dateModified":"2026-03-13T09:07:03+00:00","breadcrumb":{"@id":"https:\/\/ivam.es\/es\/alquiler-de-espacios\/#breadcrumb"},"inLanguage":"es","potentialAction":[{"@type":"ReadAction","target":["https:\/\/ivam.es\/es\/alquiler-de-espacios\/"]}]},{"@type":"BreadcrumbList","@id":"https:\/\/ivam.es\/es\/alquiler-de-espacios\/#breadcrumb","itemListElement":[{"@type":"ListItem","position":1,"name":"Home","item":"https:\/\/ivam.es\/es\/"},{"@type":"ListItem","position":2,"name":"Alquiler de espacios"}]},{"@type":"WebSite","@id":"https:\/\/ivam.es\/es\/#website","url":"https:\/\/ivam.es\/es\/","name":"IVAM","description":"Institut Valenci\u00e0 d&#039;Art Modern","publisher":{"@id":"https:\/\/ivam.es\/es\/#organization"},"potentialAction":[{"@type":"SearchAction","target":{"@type":"EntryPoint","urlTemplate":"https:\/\/ivam.es\/es\/?s={search_term_string}"},"query-input":{"@type":"PropertyValueSpecification","valueRequired":true,"valueName":"search_term_string"}}],"inLanguage":"es"},{"@type":"Organization","@id":"https:\/\/ivam.es\/es\/#organization","name":"IVAM","url":"https:\/\/ivam.es\/es\/","logo":{"@type":"ImageObject","inLanguage":"es","@id":"https:\/\/ivam.es\/es\/#\/schema\/logo\/image\/","url":"https:\/\/ivam.es\/wp-content\/uploads\/logo-ok-512.png","contentUrl":"https:\/\/ivam.es\/wp-content\/uploads\/logo-ok-512.png","width":512,"height":512,"caption":"IVAM"},"image":{"@id":"https:\/\/ivam.es\/es\/#\/schema\/logo\/image\/"}}]}},"_links":{"self":[{"href":"https:\/\/ivam.es\/es\/wp-json\/wp\/v2\/pages\/962","targetHints":{"allow":["GET"]}}],"collection":[{"href":"https:\/\/ivam.es\/es\/wp-json\/wp\/v2\/pages"}],"about":[{"href":"https:\/\/ivam.es\/es\/wp-json\/wp\/v2\/types\/page"}],"author":[{"embeddable":true,"href":"https:\/\/ivam.es\/es\/wp-json\/wp\/v2\/users\/3"}],"replies":[{"embeddable":true,"href":"https:\/\/ivam.es\/es\/wp-json\/wp\/v2\/comments?post=962"}],"version-history":[{"count":26,"href":"https:\/\/ivam.es\/es\/wp-json\/wp\/v2\/pages\/962\/revisions"}],"predecessor-version":[{"id":115059,"href":"https:\/\/ivam.es\/es\/wp-json\/wp\/v2\/pages\/962\/revisions\/115059"}],"wp:attachment":[{"href":"https:\/\/ivam.es\/es\/wp-json\/wp\/v2\/media?parent=962"}],"curies":[{"name":"wp","href":"https:\/\/api.w.org\/{rel}","templated":true}]}}