{"id":956,"date":"2015-03-13T11:32:20","date_gmt":"2015-03-13T11:32:20","guid":{"rendered":"http:\/\/ivam.jomanetworks.com\/?page_id=956"},"modified":"2025-04-04T12:01:23","modified_gmt":"2025-04-04T10:01:23","slug":"prensa","status":"publish","type":"page","link":"https:\/\/ivam.es\/es\/prensa\/","title":{"rendered":"Comunicaci\u00f3n"},"content":{"rendered":"\n<p>Puedes consultar las convocatorias, comunicados y dossiers de prensa sobre las diferentes exposiciones y actividades organizadas por el IVAM en el apartado de <a href=\"https:\/\/ivam.es\/noticias\/\">Noticias<\/a> de esta p\u00e1gina web.<\/p>\n\n\n\n<p>No dudes en contactar con nosotros para concertar entrevistas con los comisarios o artistas de las exposiciones, o con el director del museo, as\u00ed como para la grabaci\u00f3n de im\u00e1genes o la toma de fotograf\u00edas.<\/p>\n\n\n\n<p><strong>Contacto<\/strong><br>Departamento de Comunicaci\u00f3n<br>Tel. (+34) 96 317 66 44<br>Tel. (+34) 96 317 66 04<br><a href=\"mailto:comunicacion@ivam.es\">comunicacion@ivam.es<\/a><\/p>\n","protected":false},"excerpt":{"rendered":"<p>Puedes consultar las convocatorias, comunicados y dossiers de prensa sobre las diferentes exposiciones y actividades organizadas por el IVAM en el apartado de Noticias de esta p\u00e1gina web. No dudes en contactar con nosotros para concertar entrevistas con los comisarios o artistas de las exposiciones, o con el director del museo, as\u00ed como para la [&hellip;]<\/p>\n","protected":false},"author":3,"featured_media":0,"parent":0,"menu_order":393,"comment_status":"closed","ping_status":"closed","template":"","meta":{"footnotes":""},"class_list":["post-956","page","type-page","status-publish","hentry"],"yoast_head":"<!-- This site is optimized with the Yoast SEO plugin v26.0 - https:\/\/yoast.com\/wordpress\/plugins\/seo\/ -->\n<title>Comunicaci\u00f3n - IVAM<\/title>\n<meta name=\"robots\" content=\"index, follow, max-snippet:-1, max-image-preview:large, max-video-preview:-1\" \/>\n<link rel=\"canonical\" href=\"https:\/\/ivam.es\/es\/prensa\/\" \/>\n<meta property=\"og:locale\" content=\"es_ES\" \/>\n<meta property=\"og:type\" content=\"article\" \/>\n<meta property=\"og:title\" content=\"Comunicaci\u00f3n - IVAM\" \/>\n<meta property=\"og:description\" content=\"Puedes consultar las convocatorias, comunicados y dossiers de prensa sobre las diferentes exposiciones y actividades organizadas por el IVAM en el apartado de Noticias de esta p\u00e1gina web. No dudes en contactar con nosotros para concertar entrevistas con los comisarios o artistas de las exposiciones, o con el director del museo, as\u00ed como para la [&hellip;]\" \/>\n<meta property=\"og:url\" content=\"https:\/\/ivam.es\/es\/prensa\/\" \/>\n<meta property=\"og:site_name\" content=\"IVAM\" \/>\n<meta property=\"article:modified_time\" content=\"2025-04-04T10:01:23+00:00\" \/>\n<meta name=\"twitter:card\" content=\"summary_large_image\" \/>\n<script type=\"application\/ld+json\" class=\"yoast-schema-graph\">{\"@context\":\"https:\/\/schema.org\",\"@graph\":[{\"@type\":\"WebPage\",\"@id\":\"https:\/\/ivam.es\/es\/prensa\/\",\"url\":\"https:\/\/ivam.es\/es\/prensa\/\",\"name\":\"Comunicaci\u00f3n - IVAM\",\"isPartOf\":{\"@id\":\"https:\/\/ivam.es\/es\/#website\"},\"datePublished\":\"2015-03-13T11:32:20+00:00\",\"dateModified\":\"2025-04-04T10:01:23+00:00\",\"breadcrumb\":{\"@id\":\"https:\/\/ivam.es\/es\/prensa\/#breadcrumb\"},\"inLanguage\":\"es\",\"potentialAction\":[{\"@type\":\"ReadAction\",\"target\":[\"https:\/\/ivam.es\/es\/prensa\/\"]}]},{\"@type\":\"BreadcrumbList\",\"@id\":\"https:\/\/ivam.es\/es\/prensa\/#breadcrumb\",\"itemListElement\":[{\"@type\":\"ListItem\",\"position\":1,\"name\":\"Home\",\"item\":\"https:\/\/ivam.es\/es\/\"},{\"@type\":\"ListItem\",\"position\":2,\"name\":\"Comunicaci\u00f3n\"}]},{\"@type\":\"WebSite\",\"@id\":\"https:\/\/ivam.es\/es\/#website\",\"url\":\"https:\/\/ivam.es\/es\/\",\"name\":\"IVAM\",\"description\":\"Institut Valenci\u00e0 d&#039;Art Modern\",\"publisher\":{\"@id\":\"https:\/\/ivam.es\/es\/#organization\"},\"potentialAction\":[{\"@type\":\"SearchAction\",\"target\":{\"@type\":\"EntryPoint\",\"urlTemplate\":\"https:\/\/ivam.es\/es\/?s={search_term_string}\"},\"query-input\":{\"@type\":\"PropertyValueSpecification\",\"valueRequired\":true,\"valueName\":\"search_term_string\"}}],\"inLanguage\":\"es\"},{\"@type\":\"Organization\",\"@id\":\"https:\/\/ivam.es\/es\/#organization\",\"name\":\"IVAM\",\"url\":\"https:\/\/ivam.es\/es\/\",\"logo\":{\"@type\":\"ImageObject\",\"inLanguage\":\"es\",\"@id\":\"https:\/\/ivam.es\/es\/#\/schema\/logo\/image\/\",\"url\":\"https:\/\/ivam.es\/wp-content\/uploads\/logo-ok-512.png\",\"contentUrl\":\"https:\/\/ivam.es\/wp-content\/uploads\/logo-ok-512.png\",\"width\":512,\"height\":512,\"caption\":\"IVAM\"},\"image\":{\"@id\":\"https:\/\/ivam.es\/es\/#\/schema\/logo\/image\/\"}}]}<\/script>\n<!-- \/ Yoast SEO plugin. -->","yoast_head_json":{"title":"Comunicaci\u00f3n - IVAM","robots":{"index":"index","follow":"follow","max-snippet":"max-snippet:-1","max-image-preview":"max-image-preview:large","max-video-preview":"max-video-preview:-1"},"canonical":"https:\/\/ivam.es\/es\/prensa\/","og_locale":"es_ES","og_type":"article","og_title":"Comunicaci\u00f3n - IVAM","og_description":"Puedes consultar las convocatorias, comunicados y dossiers de prensa sobre las diferentes exposiciones y actividades organizadas por el IVAM en el apartado de Noticias de esta p\u00e1gina web. No dudes en contactar con nosotros para concertar entrevistas con los comisarios o artistas de las exposiciones, o con el director del museo, as\u00ed como para la [&hellip;]","og_url":"https:\/\/ivam.es\/es\/prensa\/","og_site_name":"IVAM","article_modified_time":"2025-04-04T10:01:23+00:00","twitter_card":"summary_large_image","schema":{"@context":"https:\/\/schema.org","@graph":[{"@type":"WebPage","@id":"https:\/\/ivam.es\/es\/prensa\/","url":"https:\/\/ivam.es\/es\/prensa\/","name":"Comunicaci\u00f3n - IVAM","isPartOf":{"@id":"https:\/\/ivam.es\/es\/#website"},"datePublished":"2015-03-13T11:32:20+00:00","dateModified":"2025-04-04T10:01:23+00:00","breadcrumb":{"@id":"https:\/\/ivam.es\/es\/prensa\/#breadcrumb"},"inLanguage":"es","potentialAction":[{"@type":"ReadAction","target":["https:\/\/ivam.es\/es\/prensa\/"]}]},{"@type":"BreadcrumbList","@id":"https:\/\/ivam.es\/es\/prensa\/#breadcrumb","itemListElement":[{"@type":"ListItem","position":1,"name":"Home","item":"https:\/\/ivam.es\/es\/"},{"@type":"ListItem","position":2,"name":"Comunicaci\u00f3n"}]},{"@type":"WebSite","@id":"https:\/\/ivam.es\/es\/#website","url":"https:\/\/ivam.es\/es\/","name":"IVAM","description":"Institut Valenci\u00e0 d&#039;Art Modern","publisher":{"@id":"https:\/\/ivam.es\/es\/#organization"},"potentialAction":[{"@type":"SearchAction","target":{"@type":"EntryPoint","urlTemplate":"https:\/\/ivam.es\/es\/?s={search_term_string}"},"query-input":{"@type":"PropertyValueSpecification","valueRequired":true,"valueName":"search_term_string"}}],"inLanguage":"es"},{"@type":"Organization","@id":"https:\/\/ivam.es\/es\/#organization","name":"IVAM","url":"https:\/\/ivam.es\/es\/","logo":{"@type":"ImageObject","inLanguage":"es","@id":"https:\/\/ivam.es\/es\/#\/schema\/logo\/image\/","url":"https:\/\/ivam.es\/wp-content\/uploads\/logo-ok-512.png","contentUrl":"https:\/\/ivam.es\/wp-content\/uploads\/logo-ok-512.png","width":512,"height":512,"caption":"IVAM"},"image":{"@id":"https:\/\/ivam.es\/es\/#\/schema\/logo\/image\/"}}]}},"_links":{"self":[{"href":"https:\/\/ivam.es\/es\/wp-json\/wp\/v2\/pages\/956","targetHints":{"allow":["GET"]}}],"collection":[{"href":"https:\/\/ivam.es\/es\/wp-json\/wp\/v2\/pages"}],"about":[{"href":"https:\/\/ivam.es\/es\/wp-json\/wp\/v2\/types\/page"}],"author":[{"embeddable":true,"href":"https:\/\/ivam.es\/es\/wp-json\/wp\/v2\/users\/3"}],"replies":[{"embeddable":true,"href":"https:\/\/ivam.es\/es\/wp-json\/wp\/v2\/comments?post=956"}],"version-history":[{"count":20,"href":"https:\/\/ivam.es\/es\/wp-json\/wp\/v2\/pages\/956\/revisions"}],"predecessor-version":[{"id":108016,"href":"https:\/\/ivam.es\/es\/wp-json\/wp\/v2\/pages\/956\/revisions\/108016"}],"wp:attachment":[{"href":"https:\/\/ivam.es\/es\/wp-json\/wp\/v2\/media?parent=956"}],"curies":[{"name":"wp","href":"https:\/\/api.w.org\/{rel}","templated":true}]}}