{"id":948,"date":"2015-03-12T18:47:08","date_gmt":"2015-03-12T18:47:08","guid":{"rendered":"http:\/\/ivam.jomanetworks.com\/?page_id=948"},"modified":"2021-03-18T16:13:37","modified_gmt":"2021-03-18T14:13:37","slug":"amigos-del-ivam","status":"publish","type":"page","link":"https:\/\/ivam.es\/es\/amigos-del-ivam\/","title":{"rendered":"Amigos del IVAM"},"content":{"rendered":"<p>Si eres amante de la cultura, quieres contribuir al desarrollo del Instituto Valenciano de Arte Moderno de forma directa y activa y participar de una manera privilegiada de todas las actividades del museo, te animamos a hacerte AMIGO\/A del IVAM. Tambi\u00e9n tienes\u00a0la opci\u00f3n de ir un paso m\u00e1s all\u00e1 y ser Miembro de honor del museo o incluso patrocinador.<\/p>\n<p><strong>VENTAJAS<\/strong><\/p>\n<ul>\n<li>Acceso gratuito a todas nuestras exposiciones.<\/li>\n<li>Visitas guiadas y actividades exclusivas para Amigos\/as.<\/li>\n<li>Descuentos en otros museos, cafeter\u00eda, librer\u00eda y mucho m\u00e1s\u2026<\/li>\n<\/ul>\n<p>&nbsp;<\/p>\n<p><strong>MODALIDADES<\/strong><\/p>\n<ul>\n<li>Amigo\/a (40\u20ac al a\u00f1o).<a href=\"http:\/\/www.ivam.es\/ventajas-de-ser-amig-del-ivam\" target=\"_blank\" rel=\"noopener noreferrer\"> Consultar ventajas<\/a><\/li>\n<li>Amigo\/a Estudiante (20\u20ac al a\u00f1o). (hasta de 35 a\u00f1os)<\/li>\n<li>Miembro de Honor (374\u20ac al a\u00f1o) (Dirigido a particulares, peque\u00f1as empresas, estudios profesionales o entidades). <a href=\"http:\/\/www.ivam.es\/ventajas-de-ser-miembro-de-honor-del-ivam\/\" target=\"_blank\" rel=\"noopener noreferrer\">Consultar ventajas\u00a0<\/a><\/li>\n<li>Patrocinador (Desde 6.222\u20ac al a\u00f1o). <a href=\"http:\/\/www.ivam.es\/ventajas-de-ser-patrocinador-del-ivam\/\" target=\"_blank\" rel=\"noopener noreferrer\">Consultar ventajas<\/a><\/li>\n<\/ul>\n<p>Cuota anual v\u00e1lida de 1 de enero a 31 de diciembre<\/p>\n<p><a href=\"\/wp-content\/uploads\/page\/amigos-del-ivam\/amics_ivam-nou_corr.pdf\">CONSULTAR FOLLETO<\/a><\/p>\n<p><a title=\"Formulario de Incripci\u00f3n\" href=\"\/es\/form_friends\/\">FORMULARIO DE INSCRIPCI\u00d3N<\/a><\/p>\n<p>&nbsp;<\/p>\n<div style=\"width: 640px;\" class=\"wp-video\"><video class=\"wp-video-shortcode\" id=\"video-948-1\" width=\"640\" height=\"360\" preload=\"metadata\" controls=\"controls\"><source type=\"video\/mp4\" src=\"\/wp-content\/uploads\/page\/amics-de-livam-2\/IVAM_AMICS.mp4?_=1\" \/><a href=\"\/wp-content\/uploads\/page\/amics-de-livam-2\/IVAM_AMICS.mp4\">\/wp-content\/uploads\/page\/amics-de-livam-2\/IVAM_AMICS.mp4<\/a><\/video><\/div>\n","protected":false},"excerpt":{"rendered":"<p>Si eres amante de la cultura, quieres contribuir al desarrollo del Instituto Valenciano de Arte Moderno de forma directa y activa y participar de una manera privilegiada de todas las actividades del museo, te animamos a hacerte AMIGO\/A del IVAM. Tambi\u00e9n tienes\u00a0la opci\u00f3n de ir un paso m\u00e1s all\u00e1 y ser Miembro de honor del [&hellip;]<\/p>\n","protected":false},"author":3,"featured_media":0,"parent":0,"menu_order":277,"comment_status":"closed","ping_status":"closed","template":"","meta":{"footnotes":""},"class_list":["post-948","page","type-page","status-publish","hentry"],"yoast_head":"<!-- This site is optimized with the Yoast SEO plugin v26.0 - https:\/\/yoast.com\/wordpress\/plugins\/seo\/ -->\n<title>Amigos del IVAM - IVAM<\/title>\n<meta name=\"robots\" content=\"index, follow, max-snippet:-1, max-image-preview:large, max-video-preview:-1\" \/>\n<link rel=\"canonical\" href=\"https:\/\/ivam.es\/es\/amigos-del-ivam\/\" \/>\n<meta property=\"og:locale\" content=\"es_ES\" \/>\n<meta property=\"og:type\" content=\"article\" \/>\n<meta property=\"og:title\" content=\"Amigos del IVAM - IVAM\" \/>\n<meta property=\"og:description\" content=\"Si eres amante de la cultura, quieres contribuir al desarrollo del Instituto Valenciano de Arte Moderno de forma directa y activa y participar de una manera privilegiada de todas las actividades del museo, te animamos a hacerte AMIGO\/A del IVAM. Tambi\u00e9n tienes\u00a0la opci\u00f3n de ir un paso m\u00e1s all\u00e1 y ser Miembro de honor del [&hellip;]\" \/>\n<meta property=\"og:url\" content=\"https:\/\/ivam.es\/es\/amigos-del-ivam\/\" \/>\n<meta property=\"og:site_name\" content=\"IVAM\" \/>\n<meta property=\"article:modified_time\" content=\"2021-03-18T14:13:37+00:00\" \/>\n<meta name=\"twitter:card\" content=\"summary_large_image\" \/>\n<meta name=\"twitter:label1\" content=\"Tiempo de lectura\" \/>\n\t<meta name=\"twitter:data1\" content=\"1 minuto\" \/>\n<script type=\"application\/ld+json\" class=\"yoast-schema-graph\">{\"@context\":\"https:\/\/schema.org\",\"@graph\":[{\"@type\":\"WebPage\",\"@id\":\"https:\/\/ivam.es\/es\/amigos-del-ivam\/\",\"url\":\"https:\/\/ivam.es\/es\/amigos-del-ivam\/\",\"name\":\"Amigos del IVAM - IVAM\",\"isPartOf\":{\"@id\":\"https:\/\/ivam.es\/es\/#website\"},\"datePublished\":\"2015-03-12T18:47:08+00:00\",\"dateModified\":\"2021-03-18T14:13:37+00:00\",\"breadcrumb\":{\"@id\":\"https:\/\/ivam.es\/es\/amigos-del-ivam\/#breadcrumb\"},\"inLanguage\":\"es\",\"potentialAction\":[{\"@type\":\"ReadAction\",\"target\":[\"https:\/\/ivam.es\/es\/amigos-del-ivam\/\"]}]},{\"@type\":\"BreadcrumbList\",\"@id\":\"https:\/\/ivam.es\/es\/amigos-del-ivam\/#breadcrumb\",\"itemListElement\":[{\"@type\":\"ListItem\",\"position\":1,\"name\":\"Home\",\"item\":\"https:\/\/ivam.es\/es\/\"},{\"@type\":\"ListItem\",\"position\":2,\"name\":\"Amigos del IVAM\"}]},{\"@type\":\"WebSite\",\"@id\":\"https:\/\/ivam.es\/es\/#website\",\"url\":\"https:\/\/ivam.es\/es\/\",\"name\":\"IVAM\",\"description\":\"Institut Valenci\u00e0 d&#039;Art Modern\",\"publisher\":{\"@id\":\"https:\/\/ivam.es\/es\/#organization\"},\"potentialAction\":[{\"@type\":\"SearchAction\",\"target\":{\"@type\":\"EntryPoint\",\"urlTemplate\":\"https:\/\/ivam.es\/es\/?s={search_term_string}\"},\"query-input\":{\"@type\":\"PropertyValueSpecification\",\"valueRequired\":true,\"valueName\":\"search_term_string\"}}],\"inLanguage\":\"es\"},{\"@type\":\"Organization\",\"@id\":\"https:\/\/ivam.es\/es\/#organization\",\"name\":\"IVAM\",\"url\":\"https:\/\/ivam.es\/es\/\",\"logo\":{\"@type\":\"ImageObject\",\"inLanguage\":\"es\",\"@id\":\"https:\/\/ivam.es\/es\/#\/schema\/logo\/image\/\",\"url\":\"https:\/\/ivam.es\/wp-content\/uploads\/logo-ok-512.png\",\"contentUrl\":\"https:\/\/ivam.es\/wp-content\/uploads\/logo-ok-512.png\",\"width\":512,\"height\":512,\"caption\":\"IVAM\"},\"image\":{\"@id\":\"https:\/\/ivam.es\/es\/#\/schema\/logo\/image\/\"}}]}<\/script>\n<!-- \/ Yoast SEO plugin. -->","yoast_head_json":{"title":"Amigos del IVAM - IVAM","robots":{"index":"index","follow":"follow","max-snippet":"max-snippet:-1","max-image-preview":"max-image-preview:large","max-video-preview":"max-video-preview:-1"},"canonical":"https:\/\/ivam.es\/es\/amigos-del-ivam\/","og_locale":"es_ES","og_type":"article","og_title":"Amigos del IVAM - IVAM","og_description":"Si eres amante de la cultura, quieres contribuir al desarrollo del Instituto Valenciano de Arte Moderno de forma directa y activa y participar de una manera privilegiada de todas las actividades del museo, te animamos a hacerte AMIGO\/A del IVAM. Tambi\u00e9n tienes\u00a0la opci\u00f3n de ir un paso m\u00e1s all\u00e1 y ser Miembro de honor del [&hellip;]","og_url":"https:\/\/ivam.es\/es\/amigos-del-ivam\/","og_site_name":"IVAM","article_modified_time":"2021-03-18T14:13:37+00:00","twitter_card":"summary_large_image","twitter_misc":{"Tiempo de lectura":"1 minuto"},"schema":{"@context":"https:\/\/schema.org","@graph":[{"@type":"WebPage","@id":"https:\/\/ivam.es\/es\/amigos-del-ivam\/","url":"https:\/\/ivam.es\/es\/amigos-del-ivam\/","name":"Amigos del IVAM - IVAM","isPartOf":{"@id":"https:\/\/ivam.es\/es\/#website"},"datePublished":"2015-03-12T18:47:08+00:00","dateModified":"2021-03-18T14:13:37+00:00","breadcrumb":{"@id":"https:\/\/ivam.es\/es\/amigos-del-ivam\/#breadcrumb"},"inLanguage":"es","potentialAction":[{"@type":"ReadAction","target":["https:\/\/ivam.es\/es\/amigos-del-ivam\/"]}]},{"@type":"BreadcrumbList","@id":"https:\/\/ivam.es\/es\/amigos-del-ivam\/#breadcrumb","itemListElement":[{"@type":"ListItem","position":1,"name":"Home","item":"https:\/\/ivam.es\/es\/"},{"@type":"ListItem","position":2,"name":"Amigos del IVAM"}]},{"@type":"WebSite","@id":"https:\/\/ivam.es\/es\/#website","url":"https:\/\/ivam.es\/es\/","name":"IVAM","description":"Institut Valenci\u00e0 d&#039;Art Modern","publisher":{"@id":"https:\/\/ivam.es\/es\/#organization"},"potentialAction":[{"@type":"SearchAction","target":{"@type":"EntryPoint","urlTemplate":"https:\/\/ivam.es\/es\/?s={search_term_string}"},"query-input":{"@type":"PropertyValueSpecification","valueRequired":true,"valueName":"search_term_string"}}],"inLanguage":"es"},{"@type":"Organization","@id":"https:\/\/ivam.es\/es\/#organization","name":"IVAM","url":"https:\/\/ivam.es\/es\/","logo":{"@type":"ImageObject","inLanguage":"es","@id":"https:\/\/ivam.es\/es\/#\/schema\/logo\/image\/","url":"https:\/\/ivam.es\/wp-content\/uploads\/logo-ok-512.png","contentUrl":"https:\/\/ivam.es\/wp-content\/uploads\/logo-ok-512.png","width":512,"height":512,"caption":"IVAM"},"image":{"@id":"https:\/\/ivam.es\/es\/#\/schema\/logo\/image\/"}}]}},"_links":{"self":[{"href":"https:\/\/ivam.es\/es\/wp-json\/wp\/v2\/pages\/948","targetHints":{"allow":["GET"]}}],"collection":[{"href":"https:\/\/ivam.es\/es\/wp-json\/wp\/v2\/pages"}],"about":[{"href":"https:\/\/ivam.es\/es\/wp-json\/wp\/v2\/types\/page"}],"author":[{"embeddable":true,"href":"https:\/\/ivam.es\/es\/wp-json\/wp\/v2\/users\/3"}],"replies":[{"embeddable":true,"href":"https:\/\/ivam.es\/es\/wp-json\/wp\/v2\/comments?post=948"}],"version-history":[{"count":45,"href":"https:\/\/ivam.es\/es\/wp-json\/wp\/v2\/pages\/948\/revisions"}],"predecessor-version":[{"id":52689,"href":"https:\/\/ivam.es\/es\/wp-json\/wp\/v2\/pages\/948\/revisions\/52689"}],"wp:attachment":[{"href":"https:\/\/ivam.es\/es\/wp-json\/wp\/v2\/media?parent=948"}],"curies":[{"name":"wp","href":"https:\/\/api.w.org\/{rel}","templated":true}]}}