{"id":946,"date":"2015-03-12T18:34:27","date_gmt":"2015-03-12T18:34:27","guid":{"rendered":"http:\/\/ivam.jomanetworks.com\/?page_id=946"},"modified":"2026-02-23T14:37:20","modified_gmt":"2026-02-23T12:37:20","slug":"equipo-del-museo","status":"publish","type":"page","link":"https:\/\/ivam.es\/es\/equipo-del-museo\/","title":{"rendered":"Equipo del museo"},"content":{"rendered":"<p><strong>Directora<br \/>\n<\/strong>Blanca de la Torre<\/p>\n<p><strong>Gerente<br \/>\n<\/strong>Mar\u00eda Ayuso<\/p>\n<p><strong>Directora Adjunta<\/strong><br \/>\nKristine Guzm\u00e1n<\/p>\n<p><strong>Secretaria de Direcci\u00f3n<\/strong><br \/>\nCarmen Aguilera<\/p>\n<p><strong>Adjunto a Secretar\u00eda de Direcci\u00f3n<\/strong><br \/>\nLuis Royo<\/p>\n<p><strong>Secretaria de Gerencia<br \/>\n<\/strong>Ana Garc\u00eda<\/p>\n<p><strong>Registro<\/strong><br \/>\nCristina Mulinas, Pepe Talavera, <span style=\"font-weight: 400;\">Yolanda Monta\u00f1\u00e9s, M\u00aa \u00c1ngeles Valiente<\/span><\/p>\n<p><strong>Montaje<br \/>\n<\/strong><span style=\"font-weight: 400;\">Jorge Garc\u00eda, Pilar Mart\u00ednez, Toni Romero<\/span><\/p>\n<p><strong>Restauraci\u00f3n<\/strong><br \/>\nMaite Mart\u00ednez, Isidre Sabater, Cristina V\u00e1zquez<\/p>\n<p><strong>Conservaci\u00f3n<\/strong><br \/>\n<span data-olk-copy-source=\"MessageBody\">Raquel Guti\u00e9rrez, <\/span>Marta Arroyo, J. Ram\u00f3n Escriv\u00e0, M\u00aa Jes\u00fas Folch, Teresa Millet, Sandra Moros, Josep Salvador, Yolanda Franco<\/p>\n<p><strong>Gesti\u00f3n\u00a0Econ\u00f3mica<\/strong><br \/>\nVanesa Abad, Sara Ruiz, M\u00f3nica Bernad, \u00c1ngel L\u00f3pez<\/p>\n<p><strong>Gesti\u00f3n Administrativa<\/strong><br \/>\nLivia P\u00e9rez, Roseta Blasco, Lourdes Fari\u00f1as, Lola Chiner<span style=\"font-weight: 400;\">, Marisa Mart\u00ednez, Marina Sarri\u00f3n, Mar\u00eda Moreno, Laura Pallard\u00f3<\/span><\/p>\n<p><strong>Publicaciones<\/strong><br \/>\nVicky Menor, Juan Ram\u00f3n L\u00f3pez<span style=\"font-weight: 400;\">, Josu\u00e9 Domene, Concepci\u00f3n Santacana, Patricia Marzal<\/span><\/p>\n<p><strong>Comunicaci\u00f3n y redes sociales<\/strong><br \/>\nJuana Camps, Carmen Sim\u00f3n, M\u00aa Jes\u00fas Sendra<\/p>\n<p><strong>Gesti\u00f3n de p\u00fablicos<\/strong><br \/>\nAna Valls<\/p>\n<p><strong>Programas culturales y educaci\u00f3n<\/strong><br \/>\nIrene Ll\u00e0cer, Olivia Rico, Jos\u00e9 Agust\u00edn Mart\u00ednez, Encarnaci\u00f3n Mart\u00ednez, Ana Guill\u00e9n<\/p>\n<p><strong><b>Biblioteca y Centro de documentaci\u00f3n<\/b><\/strong><br \/>\nElo\u00edsa Garc\u00eda, F\u00e9lix Salas, Alejandro Ituarte<\/p>\n<p><strong>Fotograf\u00eda<\/strong><br \/>\nJuan Garc\u00eda Rosell<\/p>\n<p><strong><span data-olk-copy-source=\"MessageBody\">Tecnolog\u00edas de la Informaci\u00f3n y Comunicaciones (TIC)<\/span><\/strong><br \/>\nAlberto Mata, Rafael Estruch, Toni Montiel<\/p>\n<p><strong>Mantenimiento<\/strong><br \/>\nDaniel C\u00e1mara, Manolo Peris, Dani Ll\u00e1cer, \u00d3scar Esteban, Vicente Barber\u00e1, Vicente Mart\u00ednez<\/p>\n<p><strong>Seguridad<br \/>\n<\/strong>Jos\u00e9 Ram\u00f3n L\u00f3pez<\/p>\n<p><strong>Auditora interna<br \/>\n<\/strong>Paula Fuster<\/p>\n","protected":false},"excerpt":{"rendered":"<p>Directora Blanca de la Torre Gerente Mar\u00eda Ayuso Directora Adjunta Kristine Guzm\u00e1n Secretaria de Direcci\u00f3n Carmen Aguilera Adjunto a Secretar\u00eda de Direcci\u00f3n Luis Royo Secretaria de Gerencia Ana Garc\u00eda Registro Cristina Mulinas, Pepe Talavera, Yolanda Monta\u00f1\u00e9s, M\u00aa \u00c1ngeles Valiente Montaje Jorge Garc\u00eda, Pilar Mart\u00ednez, Toni Romero Restauraci\u00f3n Maite Mart\u00ednez, Isidre Sabater, Cristina V\u00e1zquez Conservaci\u00f3n Raquel [&hellip;]<\/p>\n","protected":false},"author":3,"featured_media":0,"parent":0,"menu_order":279,"comment_status":"closed","ping_status":"closed","template":"","meta":{"footnotes":""},"class_list":["post-946","page","type-page","status-publish","hentry"],"yoast_head":"<!-- This site is optimized with the Yoast SEO plugin v26.0 - https:\/\/yoast.com\/wordpress\/plugins\/seo\/ -->\n<title>Equipo del museo - IVAM<\/title>\n<meta name=\"robots\" content=\"index, follow, max-snippet:-1, max-image-preview:large, max-video-preview:-1\" \/>\n<link rel=\"canonical\" href=\"https:\/\/ivam.es\/es\/equipo-del-museo\/\" \/>\n<meta property=\"og:locale\" content=\"es_ES\" \/>\n<meta property=\"og:type\" content=\"article\" \/>\n<meta property=\"og:title\" content=\"Equipo del museo - IVAM\" \/>\n<meta property=\"og:description\" content=\"Directora Blanca de la Torre Gerente Mar\u00eda Ayuso Directora Adjunta Kristine Guzm\u00e1n Secretaria de Direcci\u00f3n Carmen Aguilera Adjunto a Secretar\u00eda de Direcci\u00f3n Luis Royo Secretaria de Gerencia Ana Garc\u00eda Registro Cristina Mulinas, Pepe Talavera, Yolanda Monta\u00f1\u00e9s, M\u00aa \u00c1ngeles Valiente Montaje Jorge Garc\u00eda, Pilar Mart\u00ednez, Toni Romero Restauraci\u00f3n Maite Mart\u00ednez, Isidre Sabater, Cristina V\u00e1zquez Conservaci\u00f3n Raquel [&hellip;]\" \/>\n<meta property=\"og:url\" content=\"https:\/\/ivam.es\/es\/equipo-del-museo\/\" \/>\n<meta property=\"og:site_name\" content=\"IVAM\" \/>\n<meta property=\"article:modified_time\" content=\"2026-02-23T12:37:20+00:00\" \/>\n<meta name=\"twitter:card\" content=\"summary_large_image\" \/>\n<meta name=\"twitter:label1\" content=\"Tiempo de lectura\" \/>\n\t<meta name=\"twitter:data1\" content=\"1 minuto\" \/>\n<script type=\"application\/ld+json\" class=\"yoast-schema-graph\">{\"@context\":\"https:\/\/schema.org\",\"@graph\":[{\"@type\":\"WebPage\",\"@id\":\"https:\/\/ivam.es\/es\/equipo-del-museo\/\",\"url\":\"https:\/\/ivam.es\/es\/equipo-del-museo\/\",\"name\":\"Equipo del museo - IVAM\",\"isPartOf\":{\"@id\":\"https:\/\/ivam.es\/es\/#website\"},\"datePublished\":\"2015-03-12T18:34:27+00:00\",\"dateModified\":\"2026-02-23T12:37:20+00:00\",\"breadcrumb\":{\"@id\":\"https:\/\/ivam.es\/es\/equipo-del-museo\/#breadcrumb\"},\"inLanguage\":\"es\",\"potentialAction\":[{\"@type\":\"ReadAction\",\"target\":[\"https:\/\/ivam.es\/es\/equipo-del-museo\/\"]}]},{\"@type\":\"BreadcrumbList\",\"@id\":\"https:\/\/ivam.es\/es\/equipo-del-museo\/#breadcrumb\",\"itemListElement\":[{\"@type\":\"ListItem\",\"position\":1,\"name\":\"Home\",\"item\":\"https:\/\/ivam.es\/es\/\"},{\"@type\":\"ListItem\",\"position\":2,\"name\":\"Equipo del museo\"}]},{\"@type\":\"WebSite\",\"@id\":\"https:\/\/ivam.es\/es\/#website\",\"url\":\"https:\/\/ivam.es\/es\/\",\"name\":\"IVAM\",\"description\":\"Institut Valenci\u00e0 d&#039;Art Modern\",\"publisher\":{\"@id\":\"https:\/\/ivam.es\/es\/#organization\"},\"potentialAction\":[{\"@type\":\"SearchAction\",\"target\":{\"@type\":\"EntryPoint\",\"urlTemplate\":\"https:\/\/ivam.es\/es\/?s={search_term_string}\"},\"query-input\":{\"@type\":\"PropertyValueSpecification\",\"valueRequired\":true,\"valueName\":\"search_term_string\"}}],\"inLanguage\":\"es\"},{\"@type\":\"Organization\",\"@id\":\"https:\/\/ivam.es\/es\/#organization\",\"name\":\"IVAM\",\"url\":\"https:\/\/ivam.es\/es\/\",\"logo\":{\"@type\":\"ImageObject\",\"inLanguage\":\"es\",\"@id\":\"https:\/\/ivam.es\/es\/#\/schema\/logo\/image\/\",\"url\":\"https:\/\/ivam.es\/wp-content\/uploads\/logo-ok-512.png\",\"contentUrl\":\"https:\/\/ivam.es\/wp-content\/uploads\/logo-ok-512.png\",\"width\":512,\"height\":512,\"caption\":\"IVAM\"},\"image\":{\"@id\":\"https:\/\/ivam.es\/es\/#\/schema\/logo\/image\/\"}}]}<\/script>\n<!-- \/ Yoast SEO plugin. -->","yoast_head_json":{"title":"Equipo del museo - IVAM","robots":{"index":"index","follow":"follow","max-snippet":"max-snippet:-1","max-image-preview":"max-image-preview:large","max-video-preview":"max-video-preview:-1"},"canonical":"https:\/\/ivam.es\/es\/equipo-del-museo\/","og_locale":"es_ES","og_type":"article","og_title":"Equipo del museo - IVAM","og_description":"Directora Blanca de la Torre Gerente Mar\u00eda Ayuso Directora Adjunta Kristine Guzm\u00e1n Secretaria de Direcci\u00f3n Carmen Aguilera Adjunto a Secretar\u00eda de Direcci\u00f3n Luis Royo Secretaria de Gerencia Ana Garc\u00eda Registro Cristina Mulinas, Pepe Talavera, Yolanda Monta\u00f1\u00e9s, M\u00aa \u00c1ngeles Valiente Montaje Jorge Garc\u00eda, Pilar Mart\u00ednez, Toni Romero Restauraci\u00f3n Maite Mart\u00ednez, Isidre Sabater, Cristina V\u00e1zquez Conservaci\u00f3n Raquel [&hellip;]","og_url":"https:\/\/ivam.es\/es\/equipo-del-museo\/","og_site_name":"IVAM","article_modified_time":"2026-02-23T12:37:20+00:00","twitter_card":"summary_large_image","twitter_misc":{"Tiempo de lectura":"1 minuto"},"schema":{"@context":"https:\/\/schema.org","@graph":[{"@type":"WebPage","@id":"https:\/\/ivam.es\/es\/equipo-del-museo\/","url":"https:\/\/ivam.es\/es\/equipo-del-museo\/","name":"Equipo del museo - IVAM","isPartOf":{"@id":"https:\/\/ivam.es\/es\/#website"},"datePublished":"2015-03-12T18:34:27+00:00","dateModified":"2026-02-23T12:37:20+00:00","breadcrumb":{"@id":"https:\/\/ivam.es\/es\/equipo-del-museo\/#breadcrumb"},"inLanguage":"es","potentialAction":[{"@type":"ReadAction","target":["https:\/\/ivam.es\/es\/equipo-del-museo\/"]}]},{"@type":"BreadcrumbList","@id":"https:\/\/ivam.es\/es\/equipo-del-museo\/#breadcrumb","itemListElement":[{"@type":"ListItem","position":1,"name":"Home","item":"https:\/\/ivam.es\/es\/"},{"@type":"ListItem","position":2,"name":"Equipo del museo"}]},{"@type":"WebSite","@id":"https:\/\/ivam.es\/es\/#website","url":"https:\/\/ivam.es\/es\/","name":"IVAM","description":"Institut Valenci\u00e0 d&#039;Art Modern","publisher":{"@id":"https:\/\/ivam.es\/es\/#organization"},"potentialAction":[{"@type":"SearchAction","target":{"@type":"EntryPoint","urlTemplate":"https:\/\/ivam.es\/es\/?s={search_term_string}"},"query-input":{"@type":"PropertyValueSpecification","valueRequired":true,"valueName":"search_term_string"}}],"inLanguage":"es"},{"@type":"Organization","@id":"https:\/\/ivam.es\/es\/#organization","name":"IVAM","url":"https:\/\/ivam.es\/es\/","logo":{"@type":"ImageObject","inLanguage":"es","@id":"https:\/\/ivam.es\/es\/#\/schema\/logo\/image\/","url":"https:\/\/ivam.es\/wp-content\/uploads\/logo-ok-512.png","contentUrl":"https:\/\/ivam.es\/wp-content\/uploads\/logo-ok-512.png","width":512,"height":512,"caption":"IVAM"},"image":{"@id":"https:\/\/ivam.es\/es\/#\/schema\/logo\/image\/"}}]}},"_links":{"self":[{"href":"https:\/\/ivam.es\/es\/wp-json\/wp\/v2\/pages\/946","targetHints":{"allow":["GET"]}}],"collection":[{"href":"https:\/\/ivam.es\/es\/wp-json\/wp\/v2\/pages"}],"about":[{"href":"https:\/\/ivam.es\/es\/wp-json\/wp\/v2\/types\/page"}],"author":[{"embeddable":true,"href":"https:\/\/ivam.es\/es\/wp-json\/wp\/v2\/users\/3"}],"replies":[{"embeddable":true,"href":"https:\/\/ivam.es\/es\/wp-json\/wp\/v2\/comments?post=946"}],"version-history":[{"count":121,"href":"https:\/\/ivam.es\/es\/wp-json\/wp\/v2\/pages\/946\/revisions"}],"predecessor-version":[{"id":114556,"href":"https:\/\/ivam.es\/es\/wp-json\/wp\/v2\/pages\/946\/revisions\/114556"}],"wp:attachment":[{"href":"https:\/\/ivam.es\/es\/wp-json\/wp\/v2\/media?parent=946"}],"curies":[{"name":"wp","href":"https:\/\/api.w.org\/{rel}","templated":true}]}}