{"id":87719,"date":"2024-05-22T14:41:35","date_gmt":"2024-05-22T12:41:35","guid":{"rendered":"https:\/\/ivam.es\/?page_id=87719"},"modified":"2024-06-03T13:41:35","modified_gmt":"2024-06-03T11:41:35","slug":"gema-quiles","status":"publish","type":"page","link":"https:\/\/ivam.es\/es\/gema-quiles\/","title":{"rendered":"Gema Quiles"},"content":{"rendered":"\n<div style=\"height:30px\" aria-hidden=\"true\" class=\"wp-block-spacer\"><\/div>\n\n\n\n<p class=\"has-text-align-center\"><a href=\"https:\/\/ivam.es\/pac-arxiu\/\">TORNAR<\/a><\/p>\n\n\n\n<div style=\"height:31px\" aria-hidden=\"true\" class=\"wp-block-spacer\"><\/div>\n\n\n\n<div class=\"wp-block-columns is-layout-flex wp-container-core-columns-is-layout-9d6595d7 wp-block-columns-is-layout-flex\">\n<div class=\"wp-block-column is-layout-flow wp-block-column-is-layout-flow\">\n<figure class=\"wp-block-image size-large\"><a href=\"https:\/\/ivam.es\/wp-content\/uploads\/page\/pablo-bolumar\/Gema-Quiles.jpeg\"><img loading=\"lazy\" decoding=\"async\" width=\"768\" height=\"1024\" src=\"https:\/\/ivam.es\/wp-content\/uploads\/page\/pablo-bolumar\/Gema-Quiles-768x1024.jpeg\" alt=\"\" class=\"wp-image-87720\" srcset=\"https:\/\/ivam.es\/wp-content\/uploads\/page\/pablo-bolumar\/Gema-Quiles-768x1024.jpeg 768w, https:\/\/ivam.es\/wp-content\/uploads\/page\/pablo-bolumar\/Gema-Quiles-225x300.jpeg 225w, https:\/\/ivam.es\/wp-content\/uploads\/page\/pablo-bolumar\/Gema-Quiles-1152x1536.jpeg 1152w, https:\/\/ivam.es\/wp-content\/uploads\/page\/pablo-bolumar\/Gema-Quiles-280x373.jpeg 280w, https:\/\/ivam.es\/wp-content\/uploads\/page\/pablo-bolumar\/Gema-Quiles-467x623.jpeg 467w, https:\/\/ivam.es\/wp-content\/uploads\/page\/pablo-bolumar\/Gema-Quiles-465x620.jpeg 465w, https:\/\/ivam.es\/wp-content\/uploads\/page\/pablo-bolumar\/Gema-Quiles-231x308.jpeg 231w, https:\/\/ivam.es\/wp-content\/uploads\/page\/pablo-bolumar\/Gema-Quiles-500x667.jpeg 500w, https:\/\/ivam.es\/wp-content\/uploads\/page\/pablo-bolumar\/Gema-Quiles.jpeg 1536w\" sizes=\"auto, (max-width: 768px) 100vw, 768px\" \/><\/a><\/figure>\n\n\n\n<div class=\"wp-block-columns is-layout-flex wp-container-core-columns-is-layout-9d6595d7 wp-block-columns-is-layout-flex\">\n<div class=\"wp-block-column is-layout-flow wp-block-column-is-layout-flow\"><\/div>\n<\/div>\n<\/div>\n\n\n\n<div class=\"wp-block-column is-vertically-aligned-top is-layout-flow wp-block-column-is-layout-flow\">\n<p><strong>Gema Quiles<\/strong> (Vila-real, 1994) reside y trabaja en Val\u00e8ncia. Su trabajo, centrado en pintura y escultura, reflexiona acerca de la reinterpretaci\u00f3n de la realidad y la creaci\u00f3n de espacios propios a modo de refugio. Quiles recurre a un imaginario basado en elementos caracter\u00edsticos de la naturaleza para crear este espacio de evasi\u00f3n, que tanto la artista como el espectador transitan y habitan. <\/p>\n\n\n\n<p>Graduada en Bellas Artes por la Universidad Polit\u00e9cnica de Val\u00e8ncia, ha podido desarrollar su trabajo en la Akademia Sztuk Pieknych de Wroclaw (Polonia) y en La Rectoria (Barcelona) gracias a la beca H\u00e1bitat Art\u00edstic. Recientemente, se han podido ver sus proyectos en Volta Art Gallery (Val\u00e8ncia), Tuesday to Friday (Val\u00e8ncia), La Causa Galer\u00eda (Madrid) y We Collect (Madrid).<\/p>\n<\/div>\n<\/div>\n","protected":false},"excerpt":{"rendered":"<p>TORNAR Gema Quiles (Vila-real, 1994) reside y trabaja en Val\u00e8ncia. Su trabajo, centrado en pintura y escultura, reflexiona acerca de la reinterpretaci\u00f3n de la realidad y la creaci\u00f3n de espacios propios a modo de refugio. Quiles recurre a un imaginario basado en elementos caracter\u00edsticos de la naturaleza para crear este espacio de evasi\u00f3n, que tanto [&hellip;]<\/p>\n","protected":false},"author":291,"featured_media":0,"parent":0,"menu_order":0,"comment_status":"closed","ping_status":"closed","template":"","meta":{"footnotes":""},"class_list":["post-87719","page","type-page","status-publish","hentry"],"yoast_head":"<!-- This site is optimized with the Yoast SEO plugin v26.0 - https:\/\/yoast.com\/wordpress\/plugins\/seo\/ -->\n<title>Gema Quiles - IVAM<\/title>\n<meta name=\"robots\" content=\"index, follow, max-snippet:-1, max-image-preview:large, max-video-preview:-1\" \/>\n<link rel=\"canonical\" href=\"https:\/\/ivam.es\/es\/gema-quiles\/\" \/>\n<meta property=\"og:locale\" content=\"es_ES\" \/>\n<meta property=\"og:type\" content=\"article\" \/>\n<meta property=\"og:title\" content=\"Gema Quiles - IVAM\" \/>\n<meta property=\"og:description\" content=\"TORNAR Gema Quiles (Vila-real, 1994) reside y trabaja en Val\u00e8ncia. Su trabajo, centrado en pintura y escultura, reflexiona acerca de la reinterpretaci\u00f3n de la realidad y la creaci\u00f3n de espacios propios a modo de refugio. Quiles recurre a un imaginario basado en elementos caracter\u00edsticos de la naturaleza para crear este espacio de evasi\u00f3n, que tanto [&hellip;]\" \/>\n<meta property=\"og:url\" content=\"https:\/\/ivam.es\/es\/gema-quiles\/\" \/>\n<meta property=\"og:site_name\" content=\"IVAM\" \/>\n<meta property=\"article:modified_time\" content=\"2024-06-03T11:41:35+00:00\" \/>\n<meta property=\"og:image\" content=\"https:\/\/ivam.es\/wp-content\/uploads\/page\/pablo-bolumar\/Gema-Quiles.jpeg\" \/>\n\t<meta property=\"og:image:width\" content=\"1536\" \/>\n\t<meta property=\"og:image:height\" content=\"2048\" \/>\n\t<meta property=\"og:image:type\" content=\"image\/jpeg\" \/>\n<meta name=\"twitter:card\" content=\"summary_large_image\" \/>\n<meta name=\"twitter:label1\" content=\"Tiempo de lectura\" \/>\n\t<meta name=\"twitter:data1\" content=\"1 minuto\" \/>\n<script type=\"application\/ld+json\" class=\"yoast-schema-graph\">{\"@context\":\"https:\/\/schema.org\",\"@graph\":[{\"@type\":\"WebPage\",\"@id\":\"https:\/\/ivam.es\/es\/gema-quiles\/\",\"url\":\"https:\/\/ivam.es\/es\/gema-quiles\/\",\"name\":\"Gema Quiles - IVAM\",\"isPartOf\":{\"@id\":\"https:\/\/ivam.es\/es\/#website\"},\"primaryImageOfPage\":{\"@id\":\"https:\/\/ivam.es\/es\/gema-quiles\/#primaryimage\"},\"image\":{\"@id\":\"https:\/\/ivam.es\/es\/gema-quiles\/#primaryimage\"},\"thumbnailUrl\":\"https:\/\/ivam.es\/wp-content\/uploads\/page\/pablo-bolumar\/Gema-Quiles-768x1024.jpeg\",\"datePublished\":\"2024-05-22T12:41:35+00:00\",\"dateModified\":\"2024-06-03T11:41:35+00:00\",\"breadcrumb\":{\"@id\":\"https:\/\/ivam.es\/es\/gema-quiles\/#breadcrumb\"},\"inLanguage\":\"es\",\"potentialAction\":[{\"@type\":\"ReadAction\",\"target\":[\"https:\/\/ivam.es\/es\/gema-quiles\/\"]}]},{\"@type\":\"ImageObject\",\"inLanguage\":\"es\",\"@id\":\"https:\/\/ivam.es\/es\/gema-quiles\/#primaryimage\",\"url\":\"https:\/\/ivam.es\/wp-content\/uploads\/page\/pablo-bolumar\/Gema-Quiles-768x1024.jpeg\",\"contentUrl\":\"https:\/\/ivam.es\/wp-content\/uploads\/page\/pablo-bolumar\/Gema-Quiles-768x1024.jpeg\"},{\"@type\":\"BreadcrumbList\",\"@id\":\"https:\/\/ivam.es\/es\/gema-quiles\/#breadcrumb\",\"itemListElement\":[{\"@type\":\"ListItem\",\"position\":1,\"name\":\"Home\",\"item\":\"https:\/\/ivam.es\/es\/\"},{\"@type\":\"ListItem\",\"position\":2,\"name\":\"Gema Quiles\"}]},{\"@type\":\"WebSite\",\"@id\":\"https:\/\/ivam.es\/es\/#website\",\"url\":\"https:\/\/ivam.es\/es\/\",\"name\":\"IVAM\",\"description\":\"Institut Valenci\u00e0 d&#039;Art Modern\",\"publisher\":{\"@id\":\"https:\/\/ivam.es\/es\/#organization\"},\"potentialAction\":[{\"@type\":\"SearchAction\",\"target\":{\"@type\":\"EntryPoint\",\"urlTemplate\":\"https:\/\/ivam.es\/es\/?s={search_term_string}\"},\"query-input\":{\"@type\":\"PropertyValueSpecification\",\"valueRequired\":true,\"valueName\":\"search_term_string\"}}],\"inLanguage\":\"es\"},{\"@type\":\"Organization\",\"@id\":\"https:\/\/ivam.es\/es\/#organization\",\"name\":\"IVAM\",\"url\":\"https:\/\/ivam.es\/es\/\",\"logo\":{\"@type\":\"ImageObject\",\"inLanguage\":\"es\",\"@id\":\"https:\/\/ivam.es\/es\/#\/schema\/logo\/image\/\",\"url\":\"https:\/\/ivam.es\/wp-content\/uploads\/logo-ok-512.png\",\"contentUrl\":\"https:\/\/ivam.es\/wp-content\/uploads\/logo-ok-512.png\",\"width\":512,\"height\":512,\"caption\":\"IVAM\"},\"image\":{\"@id\":\"https:\/\/ivam.es\/es\/#\/schema\/logo\/image\/\"}}]}<\/script>\n<!-- \/ Yoast SEO plugin. -->","yoast_head_json":{"title":"Gema Quiles - IVAM","robots":{"index":"index","follow":"follow","max-snippet":"max-snippet:-1","max-image-preview":"max-image-preview:large","max-video-preview":"max-video-preview:-1"},"canonical":"https:\/\/ivam.es\/es\/gema-quiles\/","og_locale":"es_ES","og_type":"article","og_title":"Gema Quiles - IVAM","og_description":"TORNAR Gema Quiles (Vila-real, 1994) reside y trabaja en Val\u00e8ncia. Su trabajo, centrado en pintura y escultura, reflexiona acerca de la reinterpretaci\u00f3n de la realidad y la creaci\u00f3n de espacios propios a modo de refugio. Quiles recurre a un imaginario basado en elementos caracter\u00edsticos de la naturaleza para crear este espacio de evasi\u00f3n, que tanto [&hellip;]","og_url":"https:\/\/ivam.es\/es\/gema-quiles\/","og_site_name":"IVAM","article_modified_time":"2024-06-03T11:41:35+00:00","og_image":[{"width":1536,"height":2048,"url":"https:\/\/ivam.es\/wp-content\/uploads\/page\/pablo-bolumar\/Gema-Quiles.jpeg","type":"image\/jpeg"}],"twitter_card":"summary_large_image","twitter_misc":{"Tiempo de lectura":"1 minuto"},"schema":{"@context":"https:\/\/schema.org","@graph":[{"@type":"WebPage","@id":"https:\/\/ivam.es\/es\/gema-quiles\/","url":"https:\/\/ivam.es\/es\/gema-quiles\/","name":"Gema Quiles - IVAM","isPartOf":{"@id":"https:\/\/ivam.es\/es\/#website"},"primaryImageOfPage":{"@id":"https:\/\/ivam.es\/es\/gema-quiles\/#primaryimage"},"image":{"@id":"https:\/\/ivam.es\/es\/gema-quiles\/#primaryimage"},"thumbnailUrl":"https:\/\/ivam.es\/wp-content\/uploads\/page\/pablo-bolumar\/Gema-Quiles-768x1024.jpeg","datePublished":"2024-05-22T12:41:35+00:00","dateModified":"2024-06-03T11:41:35+00:00","breadcrumb":{"@id":"https:\/\/ivam.es\/es\/gema-quiles\/#breadcrumb"},"inLanguage":"es","potentialAction":[{"@type":"ReadAction","target":["https:\/\/ivam.es\/es\/gema-quiles\/"]}]},{"@type":"ImageObject","inLanguage":"es","@id":"https:\/\/ivam.es\/es\/gema-quiles\/#primaryimage","url":"https:\/\/ivam.es\/wp-content\/uploads\/page\/pablo-bolumar\/Gema-Quiles-768x1024.jpeg","contentUrl":"https:\/\/ivam.es\/wp-content\/uploads\/page\/pablo-bolumar\/Gema-Quiles-768x1024.jpeg"},{"@type":"BreadcrumbList","@id":"https:\/\/ivam.es\/es\/gema-quiles\/#breadcrumb","itemListElement":[{"@type":"ListItem","position":1,"name":"Home","item":"https:\/\/ivam.es\/es\/"},{"@type":"ListItem","position":2,"name":"Gema Quiles"}]},{"@type":"WebSite","@id":"https:\/\/ivam.es\/es\/#website","url":"https:\/\/ivam.es\/es\/","name":"IVAM","description":"Institut Valenci\u00e0 d&#039;Art Modern","publisher":{"@id":"https:\/\/ivam.es\/es\/#organization"},"potentialAction":[{"@type":"SearchAction","target":{"@type":"EntryPoint","urlTemplate":"https:\/\/ivam.es\/es\/?s={search_term_string}"},"query-input":{"@type":"PropertyValueSpecification","valueRequired":true,"valueName":"search_term_string"}}],"inLanguage":"es"},{"@type":"Organization","@id":"https:\/\/ivam.es\/es\/#organization","name":"IVAM","url":"https:\/\/ivam.es\/es\/","logo":{"@type":"ImageObject","inLanguage":"es","@id":"https:\/\/ivam.es\/es\/#\/schema\/logo\/image\/","url":"https:\/\/ivam.es\/wp-content\/uploads\/logo-ok-512.png","contentUrl":"https:\/\/ivam.es\/wp-content\/uploads\/logo-ok-512.png","width":512,"height":512,"caption":"IVAM"},"image":{"@id":"https:\/\/ivam.es\/es\/#\/schema\/logo\/image\/"}}]}},"_links":{"self":[{"href":"https:\/\/ivam.es\/es\/wp-json\/wp\/v2\/pages\/87719","targetHints":{"allow":["GET"]}}],"collection":[{"href":"https:\/\/ivam.es\/es\/wp-json\/wp\/v2\/pages"}],"about":[{"href":"https:\/\/ivam.es\/es\/wp-json\/wp\/v2\/types\/page"}],"author":[{"embeddable":true,"href":"https:\/\/ivam.es\/es\/wp-json\/wp\/v2\/users\/291"}],"replies":[{"embeddable":true,"href":"https:\/\/ivam.es\/es\/wp-json\/wp\/v2\/comments?post=87719"}],"version-history":[{"count":1,"href":"https:\/\/ivam.es\/es\/wp-json\/wp\/v2\/pages\/87719\/revisions"}],"predecessor-version":[{"id":87723,"href":"https:\/\/ivam.es\/es\/wp-json\/wp\/v2\/pages\/87719\/revisions\/87723"}],"wp:attachment":[{"href":"https:\/\/ivam.es\/es\/wp-json\/wp\/v2\/media?parent=87719"}],"curies":[{"name":"wp","href":"https:\/\/api.w.org\/{rel}","templated":true}]}}