{"id":87702,"date":"2024-05-22T14:32:29","date_gmt":"2024-05-22T12:32:29","guid":{"rendered":"https:\/\/ivam.es\/?page_id=87702"},"modified":"2024-05-22T14:33:17","modified_gmt":"2024-05-22T12:33:17","slug":"marco-henri","status":"publish","type":"page","link":"https:\/\/ivam.es\/es\/marco-henri\/","title":{"rendered":"Marco Henri"},"content":{"rendered":"\n<div style=\"height:30px\" aria-hidden=\"true\" class=\"wp-block-spacer\"><\/div>\n\n\n\n<p class=\"has-text-align-center\"><a href=\"https:\/\/ivam.es\/pac-arxiu\/\">TORNAR<\/a><\/p>\n\n\n\n<div style=\"height:29px\" aria-hidden=\"true\" class=\"wp-block-spacer\"><\/div>\n\n\n\n<div class=\"wp-block-columns is-layout-flex wp-container-core-columns-is-layout-9d6595d7 wp-block-columns-is-layout-flex\">\n<div class=\"wp-block-column is-layout-flow wp-block-column-is-layout-flow\">\n<figure class=\"wp-block-image size-full\"><a href=\"https:\/\/ivam.es\/wp-content\/uploads\/page\/pablo-bolumar\/Marco-Henri.jpeg\"><img loading=\"lazy\" decoding=\"async\" width=\"722\" height=\"722\" src=\"https:\/\/ivam.es\/wp-content\/uploads\/page\/pablo-bolumar\/Marco-Henri.jpeg\" alt=\"\" class=\"wp-image-87704\" srcset=\"https:\/\/ivam.es\/wp-content\/uploads\/page\/pablo-bolumar\/Marco-Henri.jpeg 722w, https:\/\/ivam.es\/wp-content\/uploads\/page\/pablo-bolumar\/Marco-Henri-300x300.jpeg 300w, https:\/\/ivam.es\/wp-content\/uploads\/page\/pablo-bolumar\/Marco-Henri-150x150.jpeg 150w, https:\/\/ivam.es\/wp-content\/uploads\/page\/pablo-bolumar\/Marco-Henri-280x280.jpeg 280w, https:\/\/ivam.es\/wp-content\/uploads\/page\/pablo-bolumar\/Marco-Henri-467x467.jpeg 467w, https:\/\/ivam.es\/wp-content\/uploads\/page\/pablo-bolumar\/Marco-Henri-231x231.jpeg 231w, https:\/\/ivam.es\/wp-content\/uploads\/page\/pablo-bolumar\/Marco-Henri-500x500.jpeg 500w\" sizes=\"auto, (max-width: 722px) 100vw, 722px\" \/><\/a><\/figure>\n\n\n\n<div class=\"wp-block-columns is-layout-flex wp-container-core-columns-is-layout-9d6595d7 wp-block-columns-is-layout-flex\">\n<div class=\"wp-block-column is-layout-flow wp-block-column-is-layout-flow\"><\/div>\n<\/div>\n<\/div>\n\n\n\n<div class=\"wp-block-column is-vertically-aligned-top is-layout-flow wp-block-column-is-layout-flow\">\n<p><strong>Marco Henri<\/strong> (Metz, 1998) es un productor musical y dise\u00f1ador de sonido afincado en Val\u00e8ncia que desarrolla diversos proyectos art\u00edsticos conducidos por el ruido, la visceralidad emocional y la postiron\u00eda. Su trabajo se materializa en la presentaci\u00f3n de piezas sonoras en directo, publicaci\u00f3n de m\u00fasica, sesiones conceptuales de DJ y sonido para campa\u00f1as de publicidad. <\/p>\n\n\n\n<p>En su recorrido, ha podido colaborar con artistas como Arca, Razorade o Dar\u00edo Alva, y formar parte de proyectos conjuntos como el colectivo de m\u00fasica club Rally o el grupo de m\u00fasica <em>pop<\/em> experimental Ultral\u00e1grima, participando en festivales como MIRA o Bicefal. En el \u00e1mbito comercial, ha trabajado para marcas como Balmain, Adidas o Jean Paul Gaultier.<\/p>\n<\/div>\n<\/div>\n","protected":false},"excerpt":{"rendered":"<p>TORNAR Marco Henri (Metz, 1998) es un productor musical y dise\u00f1ador de sonido afincado en Val\u00e8ncia que desarrolla diversos proyectos art\u00edsticos conducidos por el ruido, la visceralidad emocional y la postiron\u00eda. Su trabajo se materializa en la presentaci\u00f3n de piezas sonoras en directo, publicaci\u00f3n de m\u00fasica, sesiones conceptuales de DJ y sonido para campa\u00f1as de [&hellip;]<\/p>\n","protected":false},"author":291,"featured_media":0,"parent":0,"menu_order":0,"comment_status":"closed","ping_status":"closed","template":"","meta":{"footnotes":""},"class_list":["post-87702","page","type-page","status-publish","hentry"],"yoast_head":"<!-- This site is optimized with the Yoast SEO plugin v26.0 - https:\/\/yoast.com\/wordpress\/plugins\/seo\/ -->\n<title>Marco Henri - IVAM<\/title>\n<meta name=\"robots\" content=\"index, follow, max-snippet:-1, max-image-preview:large, max-video-preview:-1\" \/>\n<link rel=\"canonical\" href=\"https:\/\/ivam.es\/es\/marco-henri\/\" \/>\n<meta property=\"og:locale\" content=\"es_ES\" \/>\n<meta property=\"og:type\" content=\"article\" \/>\n<meta property=\"og:title\" content=\"Marco Henri - IVAM\" \/>\n<meta property=\"og:description\" content=\"TORNAR Marco Henri (Metz, 1998) es un productor musical y dise\u00f1ador de sonido afincado en Val\u00e8ncia que desarrolla diversos proyectos art\u00edsticos conducidos por el ruido, la visceralidad emocional y la postiron\u00eda. Su trabajo se materializa en la presentaci\u00f3n de piezas sonoras en directo, publicaci\u00f3n de m\u00fasica, sesiones conceptuales de DJ y sonido para campa\u00f1as de [&hellip;]\" \/>\n<meta property=\"og:url\" content=\"https:\/\/ivam.es\/es\/marco-henri\/\" \/>\n<meta property=\"og:site_name\" content=\"IVAM\" \/>\n<meta property=\"article:modified_time\" content=\"2024-05-22T12:33:17+00:00\" \/>\n<meta property=\"og:image\" content=\"https:\/\/ivam.es\/wp-content\/uploads\/page\/pablo-bolumar\/Marco-Henri.jpeg\" \/>\n\t<meta property=\"og:image:width\" content=\"722\" \/>\n\t<meta property=\"og:image:height\" content=\"722\" \/>\n\t<meta property=\"og:image:type\" content=\"image\/jpeg\" \/>\n<meta name=\"twitter:card\" content=\"summary_large_image\" \/>\n<meta name=\"twitter:label1\" content=\"Tiempo de lectura\" \/>\n\t<meta name=\"twitter:data1\" content=\"1 minuto\" \/>\n<script type=\"application\/ld+json\" class=\"yoast-schema-graph\">{\"@context\":\"https:\/\/schema.org\",\"@graph\":[{\"@type\":\"WebPage\",\"@id\":\"https:\/\/ivam.es\/es\/marco-henri\/\",\"url\":\"https:\/\/ivam.es\/es\/marco-henri\/\",\"name\":\"Marco Henri - IVAM\",\"isPartOf\":{\"@id\":\"https:\/\/ivam.es\/es\/#website\"},\"primaryImageOfPage\":{\"@id\":\"https:\/\/ivam.es\/es\/marco-henri\/#primaryimage\"},\"image\":{\"@id\":\"https:\/\/ivam.es\/es\/marco-henri\/#primaryimage\"},\"thumbnailUrl\":\"https:\/\/ivam.es\/wp-content\/uploads\/page\/pablo-bolumar\/Marco-Henri.jpeg\",\"datePublished\":\"2024-05-22T12:32:29+00:00\",\"dateModified\":\"2024-05-22T12:33:17+00:00\",\"breadcrumb\":{\"@id\":\"https:\/\/ivam.es\/es\/marco-henri\/#breadcrumb\"},\"inLanguage\":\"es\",\"potentialAction\":[{\"@type\":\"ReadAction\",\"target\":[\"https:\/\/ivam.es\/es\/marco-henri\/\"]}]},{\"@type\":\"ImageObject\",\"inLanguage\":\"es\",\"@id\":\"https:\/\/ivam.es\/es\/marco-henri\/#primaryimage\",\"url\":\"https:\/\/ivam.es\/wp-content\/uploads\/page\/pablo-bolumar\/Marco-Henri.jpeg\",\"contentUrl\":\"https:\/\/ivam.es\/wp-content\/uploads\/page\/pablo-bolumar\/Marco-Henri.jpeg\"},{\"@type\":\"BreadcrumbList\",\"@id\":\"https:\/\/ivam.es\/es\/marco-henri\/#breadcrumb\",\"itemListElement\":[{\"@type\":\"ListItem\",\"position\":1,\"name\":\"Home\",\"item\":\"https:\/\/ivam.es\/es\/\"},{\"@type\":\"ListItem\",\"position\":2,\"name\":\"Marco Henri\"}]},{\"@type\":\"WebSite\",\"@id\":\"https:\/\/ivam.es\/es\/#website\",\"url\":\"https:\/\/ivam.es\/es\/\",\"name\":\"IVAM\",\"description\":\"Institut Valenci\u00e0 d&#039;Art Modern\",\"publisher\":{\"@id\":\"https:\/\/ivam.es\/es\/#organization\"},\"potentialAction\":[{\"@type\":\"SearchAction\",\"target\":{\"@type\":\"EntryPoint\",\"urlTemplate\":\"https:\/\/ivam.es\/es\/?s={search_term_string}\"},\"query-input\":{\"@type\":\"PropertyValueSpecification\",\"valueRequired\":true,\"valueName\":\"search_term_string\"}}],\"inLanguage\":\"es\"},{\"@type\":\"Organization\",\"@id\":\"https:\/\/ivam.es\/es\/#organization\",\"name\":\"IVAM\",\"url\":\"https:\/\/ivam.es\/es\/\",\"logo\":{\"@type\":\"ImageObject\",\"inLanguage\":\"es\",\"@id\":\"https:\/\/ivam.es\/es\/#\/schema\/logo\/image\/\",\"url\":\"https:\/\/ivam.es\/wp-content\/uploads\/logo-ok-512.png\",\"contentUrl\":\"https:\/\/ivam.es\/wp-content\/uploads\/logo-ok-512.png\",\"width\":512,\"height\":512,\"caption\":\"IVAM\"},\"image\":{\"@id\":\"https:\/\/ivam.es\/es\/#\/schema\/logo\/image\/\"}}]}<\/script>\n<!-- \/ Yoast SEO plugin. -->","yoast_head_json":{"title":"Marco Henri - IVAM","robots":{"index":"index","follow":"follow","max-snippet":"max-snippet:-1","max-image-preview":"max-image-preview:large","max-video-preview":"max-video-preview:-1"},"canonical":"https:\/\/ivam.es\/es\/marco-henri\/","og_locale":"es_ES","og_type":"article","og_title":"Marco Henri - IVAM","og_description":"TORNAR Marco Henri (Metz, 1998) es un productor musical y dise\u00f1ador de sonido afincado en Val\u00e8ncia que desarrolla diversos proyectos art\u00edsticos conducidos por el ruido, la visceralidad emocional y la postiron\u00eda. Su trabajo se materializa en la presentaci\u00f3n de piezas sonoras en directo, publicaci\u00f3n de m\u00fasica, sesiones conceptuales de DJ y sonido para campa\u00f1as de [&hellip;]","og_url":"https:\/\/ivam.es\/es\/marco-henri\/","og_site_name":"IVAM","article_modified_time":"2024-05-22T12:33:17+00:00","og_image":[{"width":722,"height":722,"url":"https:\/\/ivam.es\/wp-content\/uploads\/page\/pablo-bolumar\/Marco-Henri.jpeg","type":"image\/jpeg"}],"twitter_card":"summary_large_image","twitter_misc":{"Tiempo de lectura":"1 minuto"},"schema":{"@context":"https:\/\/schema.org","@graph":[{"@type":"WebPage","@id":"https:\/\/ivam.es\/es\/marco-henri\/","url":"https:\/\/ivam.es\/es\/marco-henri\/","name":"Marco Henri - IVAM","isPartOf":{"@id":"https:\/\/ivam.es\/es\/#website"},"primaryImageOfPage":{"@id":"https:\/\/ivam.es\/es\/marco-henri\/#primaryimage"},"image":{"@id":"https:\/\/ivam.es\/es\/marco-henri\/#primaryimage"},"thumbnailUrl":"https:\/\/ivam.es\/wp-content\/uploads\/page\/pablo-bolumar\/Marco-Henri.jpeg","datePublished":"2024-05-22T12:32:29+00:00","dateModified":"2024-05-22T12:33:17+00:00","breadcrumb":{"@id":"https:\/\/ivam.es\/es\/marco-henri\/#breadcrumb"},"inLanguage":"es","potentialAction":[{"@type":"ReadAction","target":["https:\/\/ivam.es\/es\/marco-henri\/"]}]},{"@type":"ImageObject","inLanguage":"es","@id":"https:\/\/ivam.es\/es\/marco-henri\/#primaryimage","url":"https:\/\/ivam.es\/wp-content\/uploads\/page\/pablo-bolumar\/Marco-Henri.jpeg","contentUrl":"https:\/\/ivam.es\/wp-content\/uploads\/page\/pablo-bolumar\/Marco-Henri.jpeg"},{"@type":"BreadcrumbList","@id":"https:\/\/ivam.es\/es\/marco-henri\/#breadcrumb","itemListElement":[{"@type":"ListItem","position":1,"name":"Home","item":"https:\/\/ivam.es\/es\/"},{"@type":"ListItem","position":2,"name":"Marco Henri"}]},{"@type":"WebSite","@id":"https:\/\/ivam.es\/es\/#website","url":"https:\/\/ivam.es\/es\/","name":"IVAM","description":"Institut Valenci\u00e0 d&#039;Art Modern","publisher":{"@id":"https:\/\/ivam.es\/es\/#organization"},"potentialAction":[{"@type":"SearchAction","target":{"@type":"EntryPoint","urlTemplate":"https:\/\/ivam.es\/es\/?s={search_term_string}"},"query-input":{"@type":"PropertyValueSpecification","valueRequired":true,"valueName":"search_term_string"}}],"inLanguage":"es"},{"@type":"Organization","@id":"https:\/\/ivam.es\/es\/#organization","name":"IVAM","url":"https:\/\/ivam.es\/es\/","logo":{"@type":"ImageObject","inLanguage":"es","@id":"https:\/\/ivam.es\/es\/#\/schema\/logo\/image\/","url":"https:\/\/ivam.es\/wp-content\/uploads\/logo-ok-512.png","contentUrl":"https:\/\/ivam.es\/wp-content\/uploads\/logo-ok-512.png","width":512,"height":512,"caption":"IVAM"},"image":{"@id":"https:\/\/ivam.es\/es\/#\/schema\/logo\/image\/"}}]}},"_links":{"self":[{"href":"https:\/\/ivam.es\/es\/wp-json\/wp\/v2\/pages\/87702","targetHints":{"allow":["GET"]}}],"collection":[{"href":"https:\/\/ivam.es\/es\/wp-json\/wp\/v2\/pages"}],"about":[{"href":"https:\/\/ivam.es\/es\/wp-json\/wp\/v2\/types\/page"}],"author":[{"embeddable":true,"href":"https:\/\/ivam.es\/es\/wp-json\/wp\/v2\/users\/291"}],"replies":[{"embeddable":true,"href":"https:\/\/ivam.es\/es\/wp-json\/wp\/v2\/comments?post=87702"}],"version-history":[{"count":2,"href":"https:\/\/ivam.es\/es\/wp-json\/wp\/v2\/pages\/87702\/revisions"}],"predecessor-version":[{"id":87708,"href":"https:\/\/ivam.es\/es\/wp-json\/wp\/v2\/pages\/87702\/revisions\/87708"}],"wp:attachment":[{"href":"https:\/\/ivam.es\/es\/wp-json\/wp\/v2\/media?parent=87702"}],"curies":[{"name":"wp","href":"https:\/\/api.w.org\/{rel}","templated":true}]}}