{"id":87697,"date":"2024-05-22T14:28:23","date_gmt":"2024-05-22T12:28:23","guid":{"rendered":"https:\/\/ivam.es\/?page_id=87697"},"modified":"2024-05-22T14:28:30","modified_gmt":"2024-05-22T12:28:30","slug":"juan-de-dios-morenilla","status":"publish","type":"page","link":"https:\/\/ivam.es\/es\/juan-de-dios-morenilla\/","title":{"rendered":"Juan de Dios Morenilla"},"content":{"rendered":"\n<div style=\"height:30px\" aria-hidden=\"true\" class=\"wp-block-spacer\"><\/div>\n\n\n\n<p class=\"has-text-align-center\"><a href=\"https:\/\/ivam.es\/pac-arxiu\/\">TORNAR<\/a><\/p>\n\n\n\n<div style=\"height:22px\" aria-hidden=\"true\" class=\"wp-block-spacer\"><\/div>\n\n\n\n<div class=\"wp-block-columns is-layout-flex wp-container-core-columns-is-layout-9d6595d7 wp-block-columns-is-layout-flex\">\n<div class=\"wp-block-column is-layout-flow wp-block-column-is-layout-flow\">\n<figure class=\"wp-block-image size-large\"><a href=\"https:\/\/ivam.es\/wp-content\/uploads\/page\/juan-de-dios-morenilla\/Juan-de-Dios-Morenilla-scaled.jpg\"><img loading=\"lazy\" decoding=\"async\" width=\"810\" height=\"1024\" src=\"https:\/\/ivam.es\/wp-content\/uploads\/page\/juan-de-dios-morenilla\/Juan-de-Dios-Morenilla-810x1024.jpg\" alt=\"\" class=\"wp-image-87698\" srcset=\"https:\/\/ivam.es\/wp-content\/uploads\/page\/juan-de-dios-morenilla\/Juan-de-Dios-Morenilla-810x1024.jpg 810w, https:\/\/ivam.es\/wp-content\/uploads\/page\/juan-de-dios-morenilla\/Juan-de-Dios-Morenilla-237x300.jpg 237w, https:\/\/ivam.es\/wp-content\/uploads\/page\/juan-de-dios-morenilla\/Juan-de-Dios-Morenilla-768x971.jpg 768w, https:\/\/ivam.es\/wp-content\/uploads\/page\/juan-de-dios-morenilla\/Juan-de-Dios-Morenilla-1215x1536.jpg 1215w, https:\/\/ivam.es\/wp-content\/uploads\/page\/juan-de-dios-morenilla\/Juan-de-Dios-Morenilla-1619x2048.jpg 1619w, https:\/\/ivam.es\/wp-content\/uploads\/page\/juan-de-dios-morenilla\/Juan-de-Dios-Morenilla-280x354.jpg 280w, https:\/\/ivam.es\/wp-content\/uploads\/page\/juan-de-dios-morenilla\/Juan-de-Dios-Morenilla-467x591.jpg 467w, https:\/\/ivam.es\/wp-content\/uploads\/page\/juan-de-dios-morenilla\/Juan-de-Dios-Morenilla-231x292.jpg 231w, https:\/\/ivam.es\/wp-content\/uploads\/page\/juan-de-dios-morenilla\/Juan-de-Dios-Morenilla-500x632.jpg 500w, https:\/\/ivam.es\/wp-content\/uploads\/page\/juan-de-dios-morenilla\/Juan-de-Dios-Morenilla-scaled.jpg 2024w\" sizes=\"auto, (max-width: 810px) 100vw, 810px\" \/><\/a><\/figure>\n\n\n\n<div class=\"wp-block-columns is-layout-flex wp-container-core-columns-is-layout-9d6595d7 wp-block-columns-is-layout-flex\">\n<div class=\"wp-block-column is-layout-flow wp-block-column-is-layout-flow\"><\/div>\n<\/div>\n<\/div>\n\n\n\n<div class=\"wp-block-column is-vertically-aligned-top is-layout-flow wp-block-column-is-layout-flow\">\n<p><strong>Juan de Dios Morenilla <\/strong>(Caravaca de la Cruz, 1992) se form\u00f3 y reside actualmente en Val\u00e8ncia. Su obra es de car\u00e1cter pict\u00f3rico, y a menudo traza l\u00edneas discursivas que se enraizan en una sola: el absurdo. Por otro lado, trata particularidades que engloban otras, como la tensi\u00f3n y el desequilibrio, el eterno y la b\u00fasqueda de un imposible; y se cuestiona la participaci\u00f3n en un mundo que se torna extra\u00f1o a cada momento que uno se detiene a observarlo. Su trabajo asume distintas l\u00edneas est\u00e9ticas y referencias a la historia del arte y a la cultura <em>pop<\/em>, principalmente al c\u00f3mic y al <em>cartoon<\/em>. El inter\u00e9s y cercan\u00eda a estos universos se debe principalmente a su materialidad f\u00edsica fluctuante y a c\u00f3mo afecta a las formas que participan de esta, estableciendo recurrentemente un s\u00edmil con la propia pintura y el hecho de pintar. <\/p>\n\n\n\n<p>Ha participado en varias residencias art\u00edsticas en Espa\u00f1a \u2013destacando la de la fundaci\u00f3n Antonio Gala para j\u00f3venes creadores, en C\u00f3rdoba\u2013, y ha expuesto en colectivas en espacios como The Hole (Nueva York), Tuesday to Friday (Val\u00e8ncia) o Christie\u2019s (Londres), y, recientemente, en individuales en Galer\u00eda Punto (Val\u00e8ncia) o Galer\u00eda Veta (Madrid).<\/p>\n<\/div>\n<\/div>\n","protected":false},"excerpt":{"rendered":"<p>TORNAR Juan de Dios Morenilla (Caravaca de la Cruz, 1992) se form\u00f3 y reside actualmente en Val\u00e8ncia. Su obra es de car\u00e1cter pict\u00f3rico, y a menudo traza l\u00edneas discursivas que se enraizan en una sola: el absurdo. Por otro lado, trata particularidades que engloban otras, como la tensi\u00f3n y el desequilibrio, el eterno y la [&hellip;]<\/p>\n","protected":false},"author":291,"featured_media":0,"parent":0,"menu_order":0,"comment_status":"closed","ping_status":"closed","template":"","meta":{"footnotes":""},"class_list":["post-87697","page","type-page","status-publish","hentry"],"yoast_head":"<!-- This site is optimized with the Yoast SEO plugin v26.0 - https:\/\/yoast.com\/wordpress\/plugins\/seo\/ -->\n<title>Juan de Dios Morenilla - IVAM<\/title>\n<meta name=\"robots\" content=\"index, follow, max-snippet:-1, max-image-preview:large, max-video-preview:-1\" \/>\n<link rel=\"canonical\" href=\"https:\/\/ivam.es\/es\/juan-de-dios-morenilla\/\" \/>\n<meta property=\"og:locale\" content=\"es_ES\" \/>\n<meta property=\"og:type\" content=\"article\" \/>\n<meta property=\"og:title\" content=\"Juan de Dios Morenilla - IVAM\" \/>\n<meta property=\"og:description\" content=\"TORNAR Juan de Dios Morenilla (Caravaca de la Cruz, 1992) se form\u00f3 y reside actualmente en Val\u00e8ncia. Su obra es de car\u00e1cter pict\u00f3rico, y a menudo traza l\u00edneas discursivas que se enraizan en una sola: el absurdo. Por otro lado, trata particularidades que engloban otras, como la tensi\u00f3n y el desequilibrio, el eterno y la [&hellip;]\" \/>\n<meta property=\"og:url\" content=\"https:\/\/ivam.es\/es\/juan-de-dios-morenilla\/\" \/>\n<meta property=\"og:site_name\" content=\"IVAM\" \/>\n<meta property=\"article:modified_time\" content=\"2024-05-22T12:28:30+00:00\" \/>\n<meta property=\"og:image\" content=\"https:\/\/ivam.es\/wp-content\/uploads\/page\/juan-de-dios-morenilla\/Juan-de-Dios-Morenilla-scaled.jpg\" \/>\n\t<meta property=\"og:image:width\" content=\"2024\" \/>\n\t<meta property=\"og:image:height\" content=\"2560\" \/>\n\t<meta property=\"og:image:type\" content=\"image\/jpeg\" \/>\n<meta name=\"twitter:card\" content=\"summary_large_image\" \/>\n<meta name=\"twitter:label1\" content=\"Tiempo de lectura\" \/>\n\t<meta name=\"twitter:data1\" content=\"1 minuto\" \/>\n<script type=\"application\/ld+json\" class=\"yoast-schema-graph\">{\"@context\":\"https:\/\/schema.org\",\"@graph\":[{\"@type\":\"WebPage\",\"@id\":\"https:\/\/ivam.es\/es\/juan-de-dios-morenilla\/\",\"url\":\"https:\/\/ivam.es\/es\/juan-de-dios-morenilla\/\",\"name\":\"Juan de Dios Morenilla - IVAM\",\"isPartOf\":{\"@id\":\"https:\/\/ivam.es\/es\/#website\"},\"primaryImageOfPage\":{\"@id\":\"https:\/\/ivam.es\/es\/juan-de-dios-morenilla\/#primaryimage\"},\"image\":{\"@id\":\"https:\/\/ivam.es\/es\/juan-de-dios-morenilla\/#primaryimage\"},\"thumbnailUrl\":\"https:\/\/ivam.es\/wp-content\/uploads\/page\/juan-de-dios-morenilla\/Juan-de-Dios-Morenilla-810x1024.jpg\",\"datePublished\":\"2024-05-22T12:28:23+00:00\",\"dateModified\":\"2024-05-22T12:28:30+00:00\",\"breadcrumb\":{\"@id\":\"https:\/\/ivam.es\/es\/juan-de-dios-morenilla\/#breadcrumb\"},\"inLanguage\":\"es\",\"potentialAction\":[{\"@type\":\"ReadAction\",\"target\":[\"https:\/\/ivam.es\/es\/juan-de-dios-morenilla\/\"]}]},{\"@type\":\"ImageObject\",\"inLanguage\":\"es\",\"@id\":\"https:\/\/ivam.es\/es\/juan-de-dios-morenilla\/#primaryimage\",\"url\":\"https:\/\/ivam.es\/wp-content\/uploads\/page\/juan-de-dios-morenilla\/Juan-de-Dios-Morenilla-810x1024.jpg\",\"contentUrl\":\"https:\/\/ivam.es\/wp-content\/uploads\/page\/juan-de-dios-morenilla\/Juan-de-Dios-Morenilla-810x1024.jpg\"},{\"@type\":\"BreadcrumbList\",\"@id\":\"https:\/\/ivam.es\/es\/juan-de-dios-morenilla\/#breadcrumb\",\"itemListElement\":[{\"@type\":\"ListItem\",\"position\":1,\"name\":\"Home\",\"item\":\"https:\/\/ivam.es\/es\/\"},{\"@type\":\"ListItem\",\"position\":2,\"name\":\"Juan de Dios Morenilla\"}]},{\"@type\":\"WebSite\",\"@id\":\"https:\/\/ivam.es\/es\/#website\",\"url\":\"https:\/\/ivam.es\/es\/\",\"name\":\"IVAM\",\"description\":\"Institut Valenci\u00e0 d&#039;Art Modern\",\"publisher\":{\"@id\":\"https:\/\/ivam.es\/es\/#organization\"},\"potentialAction\":[{\"@type\":\"SearchAction\",\"target\":{\"@type\":\"EntryPoint\",\"urlTemplate\":\"https:\/\/ivam.es\/es\/?s={search_term_string}\"},\"query-input\":{\"@type\":\"PropertyValueSpecification\",\"valueRequired\":true,\"valueName\":\"search_term_string\"}}],\"inLanguage\":\"es\"},{\"@type\":\"Organization\",\"@id\":\"https:\/\/ivam.es\/es\/#organization\",\"name\":\"IVAM\",\"url\":\"https:\/\/ivam.es\/es\/\",\"logo\":{\"@type\":\"ImageObject\",\"inLanguage\":\"es\",\"@id\":\"https:\/\/ivam.es\/es\/#\/schema\/logo\/image\/\",\"url\":\"https:\/\/ivam.es\/wp-content\/uploads\/logo-ok-512.png\",\"contentUrl\":\"https:\/\/ivam.es\/wp-content\/uploads\/logo-ok-512.png\",\"width\":512,\"height\":512,\"caption\":\"IVAM\"},\"image\":{\"@id\":\"https:\/\/ivam.es\/es\/#\/schema\/logo\/image\/\"}}]}<\/script>\n<!-- \/ Yoast SEO plugin. -->","yoast_head_json":{"title":"Juan de Dios Morenilla - IVAM","robots":{"index":"index","follow":"follow","max-snippet":"max-snippet:-1","max-image-preview":"max-image-preview:large","max-video-preview":"max-video-preview:-1"},"canonical":"https:\/\/ivam.es\/es\/juan-de-dios-morenilla\/","og_locale":"es_ES","og_type":"article","og_title":"Juan de Dios Morenilla - IVAM","og_description":"TORNAR Juan de Dios Morenilla (Caravaca de la Cruz, 1992) se form\u00f3 y reside actualmente en Val\u00e8ncia. Su obra es de car\u00e1cter pict\u00f3rico, y a menudo traza l\u00edneas discursivas que se enraizan en una sola: el absurdo. Por otro lado, trata particularidades que engloban otras, como la tensi\u00f3n y el desequilibrio, el eterno y la [&hellip;]","og_url":"https:\/\/ivam.es\/es\/juan-de-dios-morenilla\/","og_site_name":"IVAM","article_modified_time":"2024-05-22T12:28:30+00:00","og_image":[{"width":2024,"height":2560,"url":"https:\/\/ivam.es\/wp-content\/uploads\/page\/juan-de-dios-morenilla\/Juan-de-Dios-Morenilla-scaled.jpg","type":"image\/jpeg"}],"twitter_card":"summary_large_image","twitter_misc":{"Tiempo de lectura":"1 minuto"},"schema":{"@context":"https:\/\/schema.org","@graph":[{"@type":"WebPage","@id":"https:\/\/ivam.es\/es\/juan-de-dios-morenilla\/","url":"https:\/\/ivam.es\/es\/juan-de-dios-morenilla\/","name":"Juan de Dios Morenilla - IVAM","isPartOf":{"@id":"https:\/\/ivam.es\/es\/#website"},"primaryImageOfPage":{"@id":"https:\/\/ivam.es\/es\/juan-de-dios-morenilla\/#primaryimage"},"image":{"@id":"https:\/\/ivam.es\/es\/juan-de-dios-morenilla\/#primaryimage"},"thumbnailUrl":"https:\/\/ivam.es\/wp-content\/uploads\/page\/juan-de-dios-morenilla\/Juan-de-Dios-Morenilla-810x1024.jpg","datePublished":"2024-05-22T12:28:23+00:00","dateModified":"2024-05-22T12:28:30+00:00","breadcrumb":{"@id":"https:\/\/ivam.es\/es\/juan-de-dios-morenilla\/#breadcrumb"},"inLanguage":"es","potentialAction":[{"@type":"ReadAction","target":["https:\/\/ivam.es\/es\/juan-de-dios-morenilla\/"]}]},{"@type":"ImageObject","inLanguage":"es","@id":"https:\/\/ivam.es\/es\/juan-de-dios-morenilla\/#primaryimage","url":"https:\/\/ivam.es\/wp-content\/uploads\/page\/juan-de-dios-morenilla\/Juan-de-Dios-Morenilla-810x1024.jpg","contentUrl":"https:\/\/ivam.es\/wp-content\/uploads\/page\/juan-de-dios-morenilla\/Juan-de-Dios-Morenilla-810x1024.jpg"},{"@type":"BreadcrumbList","@id":"https:\/\/ivam.es\/es\/juan-de-dios-morenilla\/#breadcrumb","itemListElement":[{"@type":"ListItem","position":1,"name":"Home","item":"https:\/\/ivam.es\/es\/"},{"@type":"ListItem","position":2,"name":"Juan de Dios Morenilla"}]},{"@type":"WebSite","@id":"https:\/\/ivam.es\/es\/#website","url":"https:\/\/ivam.es\/es\/","name":"IVAM","description":"Institut Valenci\u00e0 d&#039;Art Modern","publisher":{"@id":"https:\/\/ivam.es\/es\/#organization"},"potentialAction":[{"@type":"SearchAction","target":{"@type":"EntryPoint","urlTemplate":"https:\/\/ivam.es\/es\/?s={search_term_string}"},"query-input":{"@type":"PropertyValueSpecification","valueRequired":true,"valueName":"search_term_string"}}],"inLanguage":"es"},{"@type":"Organization","@id":"https:\/\/ivam.es\/es\/#organization","name":"IVAM","url":"https:\/\/ivam.es\/es\/","logo":{"@type":"ImageObject","inLanguage":"es","@id":"https:\/\/ivam.es\/es\/#\/schema\/logo\/image\/","url":"https:\/\/ivam.es\/wp-content\/uploads\/logo-ok-512.png","contentUrl":"https:\/\/ivam.es\/wp-content\/uploads\/logo-ok-512.png","width":512,"height":512,"caption":"IVAM"},"image":{"@id":"https:\/\/ivam.es\/es\/#\/schema\/logo\/image\/"}}]}},"_links":{"self":[{"href":"https:\/\/ivam.es\/es\/wp-json\/wp\/v2\/pages\/87697","targetHints":{"allow":["GET"]}}],"collection":[{"href":"https:\/\/ivam.es\/es\/wp-json\/wp\/v2\/pages"}],"about":[{"href":"https:\/\/ivam.es\/es\/wp-json\/wp\/v2\/types\/page"}],"author":[{"embeddable":true,"href":"https:\/\/ivam.es\/es\/wp-json\/wp\/v2\/users\/291"}],"replies":[{"embeddable":true,"href":"https:\/\/ivam.es\/es\/wp-json\/wp\/v2\/comments?post=87697"}],"version-history":[{"count":1,"href":"https:\/\/ivam.es\/es\/wp-json\/wp\/v2\/pages\/87697\/revisions"}],"predecessor-version":[{"id":87701,"href":"https:\/\/ivam.es\/es\/wp-json\/wp\/v2\/pages\/87697\/revisions\/87701"}],"wp:attachment":[{"href":"https:\/\/ivam.es\/es\/wp-json\/wp\/v2\/media?parent=87697"}],"curies":[{"name":"wp","href":"https:\/\/api.w.org\/{rel}","templated":true}]}}