{"id":87679,"date":"2024-05-22T14:21:59","date_gmt":"2024-05-22T12:21:59","guid":{"rendered":"https:\/\/ivam.es\/?page_id=87679"},"modified":"2024-05-22T14:22:59","modified_gmt":"2024-05-22T12:22:59","slug":"pablo-bolumar","status":"publish","type":"page","link":"https:\/\/ivam.es\/es\/pablo-bolumar\/","title":{"rendered":"Pablo Bolumar"},"content":{"rendered":"\n<div style=\"height:30px\" aria-hidden=\"true\" class=\"wp-block-spacer\"><\/div>\n\n\n\n<p class=\"has-text-align-center\"><a href=\"https:\/\/ivam.es\/pac-arxiu\/\">TORNAR<\/a><\/p>\n\n\n\n<div style=\"height:22px\" aria-hidden=\"true\" class=\"wp-block-spacer\"><\/div>\n\n\n\n<div class=\"wp-block-columns is-layout-flex wp-container-core-columns-is-layout-9d6595d7 wp-block-columns-is-layout-flex\">\n<div class=\"wp-block-column is-layout-flow wp-block-column-is-layout-flow\">\n<figure class=\"wp-block-image size-large\"><a href=\"https:\/\/ivam.es\/wp-content\/uploads\/page\/pablo-bolumar\/Pablo-Bolumar-scaled.jpeg\"><img loading=\"lazy\" decoding=\"async\" width=\"683\" height=\"1024\" src=\"https:\/\/ivam.es\/wp-content\/uploads\/page\/pablo-bolumar\/Pablo-Bolumar-683x1024.jpeg\" alt=\"\" class=\"wp-image-87688\" srcset=\"https:\/\/ivam.es\/wp-content\/uploads\/page\/pablo-bolumar\/Pablo-Bolumar-683x1024.jpeg 683w, https:\/\/ivam.es\/wp-content\/uploads\/page\/pablo-bolumar\/Pablo-Bolumar-200x300.jpeg 200w, https:\/\/ivam.es\/wp-content\/uploads\/page\/pablo-bolumar\/Pablo-Bolumar-768x1152.jpeg 768w, https:\/\/ivam.es\/wp-content\/uploads\/page\/pablo-bolumar\/Pablo-Bolumar-1024x1536.jpeg 1024w, https:\/\/ivam.es\/wp-content\/uploads\/page\/pablo-bolumar\/Pablo-Bolumar-1366x2048.jpeg 1366w, https:\/\/ivam.es\/wp-content\/uploads\/page\/pablo-bolumar\/Pablo-Bolumar-280x420.jpeg 280w, https:\/\/ivam.es\/wp-content\/uploads\/page\/pablo-bolumar\/Pablo-Bolumar-467x700.jpeg 467w, https:\/\/ivam.es\/wp-content\/uploads\/page\/pablo-bolumar\/Pablo-Bolumar-231x346.jpeg 231w, https:\/\/ivam.es\/wp-content\/uploads\/page\/pablo-bolumar\/Pablo-Bolumar-500x750.jpeg 500w, https:\/\/ivam.es\/wp-content\/uploads\/page\/pablo-bolumar\/Pablo-Bolumar-scaled.jpeg 1707w\" sizes=\"auto, (max-width: 683px) 100vw, 683px\" \/><\/a><\/figure>\n\n\n\n<div class=\"wp-block-columns is-layout-flex wp-container-core-columns-is-layout-9d6595d7 wp-block-columns-is-layout-flex\">\n<div class=\"wp-block-column is-layout-flow wp-block-column-is-layout-flow\"><\/div>\n<\/div>\n<\/div>\n\n\n\n<div class=\"wp-block-column is-vertically-aligned-top is-layout-flow wp-block-column-is-layout-flow\">\n<p><strong>Pablo Bolumar Plata<\/strong> (Horta Nord, 1996) es ingeniero de dise\u00f1o e investigador especializado en la transformaci\u00f3n de materiales. Su obra utiliza el ensamblaje de una manera directa y pragm\u00e1tica, combinando sistemas constructivos con gestos azarosos y expresivos. En sus proyectos de investigaci\u00f3n, estudia la ecolog\u00eda de los materiales y sus flujos, desgranando las narrativas y procesos del mundo f\u00edsico a trav\u00e9s de los artefactos materiales que median las relaciones humanas con el entorno. <\/p>\n\n\n\n<p>Su trabajo est\u00e1 \u00edntimamente ligado al sector primario y a la extracci\u00f3n de materias primas, como la miner\u00eda o la apicultura, y ha sido expuesta en galer\u00edas de arte como Carlota Oyarzun en Copenhage o Lugar Usual en Ciudad de M\u00e9xico, as\u00ed como apoyada por instituciones como Acci\u00f3n Cultural Espa\u00f1ola.<\/p>\n<\/div>\n<\/div>\n","protected":false},"excerpt":{"rendered":"<p>TORNAR Pablo Bolumar Plata (Horta Nord, 1996) es ingeniero de dise\u00f1o e investigador especializado en la transformaci\u00f3n de materiales. Su obra utiliza el ensamblaje de una manera directa y pragm\u00e1tica, combinando sistemas constructivos con gestos azarosos y expresivos. En sus proyectos de investigaci\u00f3n, estudia la ecolog\u00eda de los materiales y sus flujos, desgranando las narrativas [&hellip;]<\/p>\n","protected":false},"author":291,"featured_media":0,"parent":0,"menu_order":0,"comment_status":"closed","ping_status":"closed","template":"","meta":{"footnotes":""},"class_list":["post-87679","page","type-page","status-publish","hentry"],"yoast_head":"<!-- This site is optimized with the Yoast SEO plugin v26.0 - https:\/\/yoast.com\/wordpress\/plugins\/seo\/ -->\n<title>Pablo Bolumar - IVAM<\/title>\n<meta name=\"robots\" content=\"index, follow, max-snippet:-1, max-image-preview:large, max-video-preview:-1\" \/>\n<link rel=\"canonical\" href=\"https:\/\/ivam.es\/es\/pablo-bolumar\/\" \/>\n<meta property=\"og:locale\" content=\"es_ES\" \/>\n<meta property=\"og:type\" content=\"article\" \/>\n<meta property=\"og:title\" content=\"Pablo Bolumar - IVAM\" \/>\n<meta property=\"og:description\" content=\"TORNAR Pablo Bolumar Plata (Horta Nord, 1996) es ingeniero de dise\u00f1o e investigador especializado en la transformaci\u00f3n de materiales. Su obra utiliza el ensamblaje de una manera directa y pragm\u00e1tica, combinando sistemas constructivos con gestos azarosos y expresivos. En sus proyectos de investigaci\u00f3n, estudia la ecolog\u00eda de los materiales y sus flujos, desgranando las narrativas [&hellip;]\" \/>\n<meta property=\"og:url\" content=\"https:\/\/ivam.es\/es\/pablo-bolumar\/\" \/>\n<meta property=\"og:site_name\" content=\"IVAM\" \/>\n<meta property=\"article:modified_time\" content=\"2024-05-22T12:22:59+00:00\" \/>\n<meta property=\"og:image\" content=\"https:\/\/ivam.es\/wp-content\/uploads\/page\/pablo-bolumar\/Pablo-Bolumar-scaled.jpeg\" \/>\n\t<meta property=\"og:image:width\" content=\"1707\" \/>\n\t<meta property=\"og:image:height\" content=\"2560\" \/>\n\t<meta property=\"og:image:type\" content=\"image\/jpeg\" \/>\n<meta name=\"twitter:card\" content=\"summary_large_image\" \/>\n<meta name=\"twitter:label1\" content=\"Tiempo de lectura\" \/>\n\t<meta name=\"twitter:data1\" content=\"1 minuto\" \/>\n<script type=\"application\/ld+json\" class=\"yoast-schema-graph\">{\"@context\":\"https:\/\/schema.org\",\"@graph\":[{\"@type\":\"WebPage\",\"@id\":\"https:\/\/ivam.es\/es\/pablo-bolumar\/\",\"url\":\"https:\/\/ivam.es\/es\/pablo-bolumar\/\",\"name\":\"Pablo Bolumar - IVAM\",\"isPartOf\":{\"@id\":\"https:\/\/ivam.es\/es\/#website\"},\"primaryImageOfPage\":{\"@id\":\"https:\/\/ivam.es\/es\/pablo-bolumar\/#primaryimage\"},\"image\":{\"@id\":\"https:\/\/ivam.es\/es\/pablo-bolumar\/#primaryimage\"},\"thumbnailUrl\":\"https:\/\/ivam.es\/wp-content\/uploads\/page\/pablo-bolumar\/Pablo-Bolumar-683x1024.jpeg\",\"datePublished\":\"2024-05-22T12:21:59+00:00\",\"dateModified\":\"2024-05-22T12:22:59+00:00\",\"breadcrumb\":{\"@id\":\"https:\/\/ivam.es\/es\/pablo-bolumar\/#breadcrumb\"},\"inLanguage\":\"es\",\"potentialAction\":[{\"@type\":\"ReadAction\",\"target\":[\"https:\/\/ivam.es\/es\/pablo-bolumar\/\"]}]},{\"@type\":\"ImageObject\",\"inLanguage\":\"es\",\"@id\":\"https:\/\/ivam.es\/es\/pablo-bolumar\/#primaryimage\",\"url\":\"https:\/\/ivam.es\/wp-content\/uploads\/page\/pablo-bolumar\/Pablo-Bolumar-683x1024.jpeg\",\"contentUrl\":\"https:\/\/ivam.es\/wp-content\/uploads\/page\/pablo-bolumar\/Pablo-Bolumar-683x1024.jpeg\"},{\"@type\":\"BreadcrumbList\",\"@id\":\"https:\/\/ivam.es\/es\/pablo-bolumar\/#breadcrumb\",\"itemListElement\":[{\"@type\":\"ListItem\",\"position\":1,\"name\":\"Home\",\"item\":\"https:\/\/ivam.es\/es\/\"},{\"@type\":\"ListItem\",\"position\":2,\"name\":\"Pablo Bolumar\"}]},{\"@type\":\"WebSite\",\"@id\":\"https:\/\/ivam.es\/es\/#website\",\"url\":\"https:\/\/ivam.es\/es\/\",\"name\":\"IVAM\",\"description\":\"Institut Valenci\u00e0 d&#039;Art Modern\",\"publisher\":{\"@id\":\"https:\/\/ivam.es\/es\/#organization\"},\"potentialAction\":[{\"@type\":\"SearchAction\",\"target\":{\"@type\":\"EntryPoint\",\"urlTemplate\":\"https:\/\/ivam.es\/es\/?s={search_term_string}\"},\"query-input\":{\"@type\":\"PropertyValueSpecification\",\"valueRequired\":true,\"valueName\":\"search_term_string\"}}],\"inLanguage\":\"es\"},{\"@type\":\"Organization\",\"@id\":\"https:\/\/ivam.es\/es\/#organization\",\"name\":\"IVAM\",\"url\":\"https:\/\/ivam.es\/es\/\",\"logo\":{\"@type\":\"ImageObject\",\"inLanguage\":\"es\",\"@id\":\"https:\/\/ivam.es\/es\/#\/schema\/logo\/image\/\",\"url\":\"https:\/\/ivam.es\/wp-content\/uploads\/logo-ok-512.png\",\"contentUrl\":\"https:\/\/ivam.es\/wp-content\/uploads\/logo-ok-512.png\",\"width\":512,\"height\":512,\"caption\":\"IVAM\"},\"image\":{\"@id\":\"https:\/\/ivam.es\/es\/#\/schema\/logo\/image\/\"}}]}<\/script>\n<!-- \/ Yoast SEO plugin. -->","yoast_head_json":{"title":"Pablo Bolumar - IVAM","robots":{"index":"index","follow":"follow","max-snippet":"max-snippet:-1","max-image-preview":"max-image-preview:large","max-video-preview":"max-video-preview:-1"},"canonical":"https:\/\/ivam.es\/es\/pablo-bolumar\/","og_locale":"es_ES","og_type":"article","og_title":"Pablo Bolumar - IVAM","og_description":"TORNAR Pablo Bolumar Plata (Horta Nord, 1996) es ingeniero de dise\u00f1o e investigador especializado en la transformaci\u00f3n de materiales. Su obra utiliza el ensamblaje de una manera directa y pragm\u00e1tica, combinando sistemas constructivos con gestos azarosos y expresivos. En sus proyectos de investigaci\u00f3n, estudia la ecolog\u00eda de los materiales y sus flujos, desgranando las narrativas [&hellip;]","og_url":"https:\/\/ivam.es\/es\/pablo-bolumar\/","og_site_name":"IVAM","article_modified_time":"2024-05-22T12:22:59+00:00","og_image":[{"width":1707,"height":2560,"url":"https:\/\/ivam.es\/wp-content\/uploads\/page\/pablo-bolumar\/Pablo-Bolumar-scaled.jpeg","type":"image\/jpeg"}],"twitter_card":"summary_large_image","twitter_misc":{"Tiempo de lectura":"1 minuto"},"schema":{"@context":"https:\/\/schema.org","@graph":[{"@type":"WebPage","@id":"https:\/\/ivam.es\/es\/pablo-bolumar\/","url":"https:\/\/ivam.es\/es\/pablo-bolumar\/","name":"Pablo Bolumar - IVAM","isPartOf":{"@id":"https:\/\/ivam.es\/es\/#website"},"primaryImageOfPage":{"@id":"https:\/\/ivam.es\/es\/pablo-bolumar\/#primaryimage"},"image":{"@id":"https:\/\/ivam.es\/es\/pablo-bolumar\/#primaryimage"},"thumbnailUrl":"https:\/\/ivam.es\/wp-content\/uploads\/page\/pablo-bolumar\/Pablo-Bolumar-683x1024.jpeg","datePublished":"2024-05-22T12:21:59+00:00","dateModified":"2024-05-22T12:22:59+00:00","breadcrumb":{"@id":"https:\/\/ivam.es\/es\/pablo-bolumar\/#breadcrumb"},"inLanguage":"es","potentialAction":[{"@type":"ReadAction","target":["https:\/\/ivam.es\/es\/pablo-bolumar\/"]}]},{"@type":"ImageObject","inLanguage":"es","@id":"https:\/\/ivam.es\/es\/pablo-bolumar\/#primaryimage","url":"https:\/\/ivam.es\/wp-content\/uploads\/page\/pablo-bolumar\/Pablo-Bolumar-683x1024.jpeg","contentUrl":"https:\/\/ivam.es\/wp-content\/uploads\/page\/pablo-bolumar\/Pablo-Bolumar-683x1024.jpeg"},{"@type":"BreadcrumbList","@id":"https:\/\/ivam.es\/es\/pablo-bolumar\/#breadcrumb","itemListElement":[{"@type":"ListItem","position":1,"name":"Home","item":"https:\/\/ivam.es\/es\/"},{"@type":"ListItem","position":2,"name":"Pablo Bolumar"}]},{"@type":"WebSite","@id":"https:\/\/ivam.es\/es\/#website","url":"https:\/\/ivam.es\/es\/","name":"IVAM","description":"Institut Valenci\u00e0 d&#039;Art Modern","publisher":{"@id":"https:\/\/ivam.es\/es\/#organization"},"potentialAction":[{"@type":"SearchAction","target":{"@type":"EntryPoint","urlTemplate":"https:\/\/ivam.es\/es\/?s={search_term_string}"},"query-input":{"@type":"PropertyValueSpecification","valueRequired":true,"valueName":"search_term_string"}}],"inLanguage":"es"},{"@type":"Organization","@id":"https:\/\/ivam.es\/es\/#organization","name":"IVAM","url":"https:\/\/ivam.es\/es\/","logo":{"@type":"ImageObject","inLanguage":"es","@id":"https:\/\/ivam.es\/es\/#\/schema\/logo\/image\/","url":"https:\/\/ivam.es\/wp-content\/uploads\/logo-ok-512.png","contentUrl":"https:\/\/ivam.es\/wp-content\/uploads\/logo-ok-512.png","width":512,"height":512,"caption":"IVAM"},"image":{"@id":"https:\/\/ivam.es\/es\/#\/schema\/logo\/image\/"}}]}},"_links":{"self":[{"href":"https:\/\/ivam.es\/es\/wp-json\/wp\/v2\/pages\/87679","targetHints":{"allow":["GET"]}}],"collection":[{"href":"https:\/\/ivam.es\/es\/wp-json\/wp\/v2\/pages"}],"about":[{"href":"https:\/\/ivam.es\/es\/wp-json\/wp\/v2\/types\/page"}],"author":[{"embeddable":true,"href":"https:\/\/ivam.es\/es\/wp-json\/wp\/v2\/users\/291"}],"replies":[{"embeddable":true,"href":"https:\/\/ivam.es\/es\/wp-json\/wp\/v2\/comments?post=87679"}],"version-history":[{"count":2,"href":"https:\/\/ivam.es\/es\/wp-json\/wp\/v2\/pages\/87679\/revisions"}],"predecessor-version":[{"id":87692,"href":"https:\/\/ivam.es\/es\/wp-json\/wp\/v2\/pages\/87679\/revisions\/87692"}],"wp:attachment":[{"href":"https:\/\/ivam.es\/es\/wp-json\/wp\/v2\/media?parent=87679"}],"curies":[{"name":"wp","href":"https:\/\/api.w.org\/{rel}","templated":true}]}}