{"id":87666,"date":"2024-05-22T13:44:12","date_gmt":"2024-05-22T11:44:12","guid":{"rendered":"https:\/\/ivam.es\/?page_id=87666"},"modified":"2024-05-22T13:45:08","modified_gmt":"2024-05-22T11:45:08","slug":"bella-baguena","status":"publish","type":"page","link":"https:\/\/ivam.es\/es\/bella-baguena\/","title":{"rendered":"Bella B\u00e1guena"},"content":{"rendered":"\n<div style=\"height:30px\" aria-hidden=\"true\" class=\"wp-block-spacer\"><\/div>\n\n\n\n<p class=\"has-text-align-center\"><a href=\"\/pac-arxiu\/\">TORNAR<\/a><\/p>\n\n\n\n<div style=\"height:22px\" aria-hidden=\"true\" class=\"wp-block-spacer\"><\/div>\n\n\n\n<div style=\"height:20px\" aria-hidden=\"true\" class=\"wp-block-spacer\"><\/div>\n\n\n\n<div class=\"wp-block-columns is-layout-flex wp-container-core-columns-is-layout-9d6595d7 wp-block-columns-is-layout-flex\">\n<div class=\"wp-block-column is-layout-flow wp-block-column-is-layout-flow\">\n<figure class=\"wp-block-image size-large\"><a href=\"https:\/\/ivam.es\/wp-content\/uploads\/page\/dario-alva-y-diego-navarro\/Bella-Ba\u0301guena.jpg\"><img loading=\"lazy\" decoding=\"async\" width=\"683\" height=\"1024\" src=\"https:\/\/ivam.es\/wp-content\/uploads\/page\/dario-alva-y-diego-navarro\/Bella-Ba\u0301guena-683x1024.jpg\" alt=\"\" class=\"wp-image-87667\" srcset=\"https:\/\/ivam.es\/wp-content\/uploads\/page\/dario-alva-y-diego-navarro\/Bella-Ba\u0301guena-683x1024.jpg 683w, https:\/\/ivam.es\/wp-content\/uploads\/page\/dario-alva-y-diego-navarro\/Bella-Ba\u0301guena-200x300.jpg 200w, https:\/\/ivam.es\/wp-content\/uploads\/page\/dario-alva-y-diego-navarro\/Bella-Ba\u0301guena-768x1152.jpg 768w, https:\/\/ivam.es\/wp-content\/uploads\/page\/dario-alva-y-diego-navarro\/Bella-Ba\u0301guena-1024x1536.jpg 1024w, https:\/\/ivam.es\/wp-content\/uploads\/page\/dario-alva-y-diego-navarro\/Bella-Ba\u0301guena-280x420.jpg 280w, https:\/\/ivam.es\/wp-content\/uploads\/page\/dario-alva-y-diego-navarro\/Bella-Ba\u0301guena-467x701.jpg 467w, https:\/\/ivam.es\/wp-content\/uploads\/page\/dario-alva-y-diego-navarro\/Bella-Ba\u0301guena-231x347.jpg 231w, https:\/\/ivam.es\/wp-content\/uploads\/page\/dario-alva-y-diego-navarro\/Bella-Ba\u0301guena-500x750.jpg 500w, https:\/\/ivam.es\/wp-content\/uploads\/page\/dario-alva-y-diego-navarro\/Bella-Ba\u0301guena.jpg 1365w\" sizes=\"auto, (max-width: 683px) 100vw, 683px\" \/><\/a><\/figure>\n\n\n\n<div class=\"wp-block-columns is-layout-flex wp-container-core-columns-is-layout-9d6595d7 wp-block-columns-is-layout-flex\">\n<div class=\"wp-block-column is-layout-flow wp-block-column-is-layout-flow\"><\/div>\n<\/div>\n<\/div>\n\n\n\n<div class=\"wp-block-column is-vertically-aligned-top is-layout-flow wp-block-column-is-layout-flow\">\n<p><strong>Bella B\u00e1guena<\/strong> (Val\u00e8ncia, 1994) es una artista trans femenina que trabaja con diferentes disciplinas como la m\u00fasica, la <em>performance<\/em> o la joyer\u00eda. Su producci\u00f3n se genera a trav\u00e9s de un proceso intuitivo y emocional, utilizando su voz y su movimiento corporal, as\u00ed como objetos, espacios y t\u00e9cnicas, para crear piezas en las que la idea de expresi\u00f3n emocional y de pensamiento son clave. B\u00e1guena crea una rica composici\u00f3n de ideas a partir de la imaginer\u00eda <em>pop<\/em>, la m\u00fasica y la cultura de Internet, as\u00ed como de la naturaleza, la organicidad y la experiencia corporal. Texturas org\u00e1nicas, luces, reverberaciones sonoras, el mar y el agua, estr\u00f3genos, l\u00e1grimas, historias de amor l\u00e9sbico, el placer de la comida, e incluso el trauma proveniente de la opresi\u00f3n de los cuerpos trans femeninos, son elementos presentes en su obra. <\/p>\n\n\n\n<p>Fue seleccionada como artista SHAPE 2023 y ha presentado sus espect\u00e1culos en diversas instituciones como La Casa Encendida (Madrid), CCCB (Barcelona), y Palais de Tokyo (Par\u00eds). Ha trabajado dentro de una pieza esc\u00e9nico-musical dirigida por Lina Lapelyte, premiada en la 58\u00aa Bienal de Venecia 2019, para la presentaci\u00f3n de la nueva colecci\u00f3n de joyer\u00eda de la marca Herm\u00e8s, actuando en La Ga\u00eet\u00e9 Lyrique (Par\u00eds), as\u00ed como en The Shed (New York).<\/p>\n<\/div>\n<\/div>\n","protected":false},"excerpt":{"rendered":"<p>TORNAR Bella B\u00e1guena (Val\u00e8ncia, 1994) es una artista trans femenina que trabaja con diferentes disciplinas como la m\u00fasica, la performance o la joyer\u00eda. Su producci\u00f3n se genera a trav\u00e9s de un proceso intuitivo y emocional, utilizando su voz y su movimiento corporal, as\u00ed como objetos, espacios y t\u00e9cnicas, para crear piezas en las que la [&hellip;]<\/p>\n","protected":false},"author":291,"featured_media":0,"parent":0,"menu_order":0,"comment_status":"closed","ping_status":"closed","template":"","meta":{"footnotes":""},"class_list":["post-87666","page","type-page","status-publish","hentry"],"yoast_head":"<!-- This site is optimized with the Yoast SEO plugin v26.0 - https:\/\/yoast.com\/wordpress\/plugins\/seo\/ -->\n<title>Bella B\u00e1guena - IVAM<\/title>\n<meta name=\"robots\" content=\"index, follow, max-snippet:-1, max-image-preview:large, max-video-preview:-1\" \/>\n<link rel=\"canonical\" href=\"https:\/\/ivam.es\/es\/bella-baguena\/\" \/>\n<meta property=\"og:locale\" content=\"es_ES\" \/>\n<meta property=\"og:type\" content=\"article\" \/>\n<meta property=\"og:title\" content=\"Bella B\u00e1guena - IVAM\" \/>\n<meta property=\"og:description\" content=\"TORNAR Bella B\u00e1guena (Val\u00e8ncia, 1994) es una artista trans femenina que trabaja con diferentes disciplinas como la m\u00fasica, la performance o la joyer\u00eda. Su producci\u00f3n se genera a trav\u00e9s de un proceso intuitivo y emocional, utilizando su voz y su movimiento corporal, as\u00ed como objetos, espacios y t\u00e9cnicas, para crear piezas en las que la [&hellip;]\" \/>\n<meta property=\"og:url\" content=\"https:\/\/ivam.es\/es\/bella-baguena\/\" \/>\n<meta property=\"og:site_name\" content=\"IVAM\" \/>\n<meta property=\"article:modified_time\" content=\"2024-05-22T11:45:08+00:00\" \/>\n<meta name=\"twitter:card\" content=\"summary_large_image\" \/>\n<meta name=\"twitter:label1\" content=\"Tiempo de lectura\" \/>\n\t<meta name=\"twitter:data1\" content=\"1 minuto\" \/>\n<script type=\"application\/ld+json\" class=\"yoast-schema-graph\">{\"@context\":\"https:\/\/schema.org\",\"@graph\":[{\"@type\":\"WebPage\",\"@id\":\"https:\/\/ivam.es\/es\/bella-baguena\/\",\"url\":\"https:\/\/ivam.es\/es\/bella-baguena\/\",\"name\":\"Bella B\u00e1guena - IVAM\",\"isPartOf\":{\"@id\":\"https:\/\/ivam.es\/es\/#website\"},\"datePublished\":\"2024-05-22T11:44:12+00:00\",\"dateModified\":\"2024-05-22T11:45:08+00:00\",\"breadcrumb\":{\"@id\":\"https:\/\/ivam.es\/es\/bella-baguena\/#breadcrumb\"},\"inLanguage\":\"es\",\"potentialAction\":[{\"@type\":\"ReadAction\",\"target\":[\"https:\/\/ivam.es\/es\/bella-baguena\/\"]}]},{\"@type\":\"BreadcrumbList\",\"@id\":\"https:\/\/ivam.es\/es\/bella-baguena\/#breadcrumb\",\"itemListElement\":[{\"@type\":\"ListItem\",\"position\":1,\"name\":\"Home\",\"item\":\"https:\/\/ivam.es\/es\/\"},{\"@type\":\"ListItem\",\"position\":2,\"name\":\"Bella B\u00e1guena\"}]},{\"@type\":\"WebSite\",\"@id\":\"https:\/\/ivam.es\/es\/#website\",\"url\":\"https:\/\/ivam.es\/es\/\",\"name\":\"IVAM\",\"description\":\"Institut Valenci\u00e0 d&#039;Art Modern\",\"publisher\":{\"@id\":\"https:\/\/ivam.es\/es\/#organization\"},\"potentialAction\":[{\"@type\":\"SearchAction\",\"target\":{\"@type\":\"EntryPoint\",\"urlTemplate\":\"https:\/\/ivam.es\/es\/?s={search_term_string}\"},\"query-input\":{\"@type\":\"PropertyValueSpecification\",\"valueRequired\":true,\"valueName\":\"search_term_string\"}}],\"inLanguage\":\"es\"},{\"@type\":\"Organization\",\"@id\":\"https:\/\/ivam.es\/es\/#organization\",\"name\":\"IVAM\",\"url\":\"https:\/\/ivam.es\/es\/\",\"logo\":{\"@type\":\"ImageObject\",\"inLanguage\":\"es\",\"@id\":\"https:\/\/ivam.es\/es\/#\/schema\/logo\/image\/\",\"url\":\"https:\/\/ivam.es\/wp-content\/uploads\/logo-ok-512.png\",\"contentUrl\":\"https:\/\/ivam.es\/wp-content\/uploads\/logo-ok-512.png\",\"width\":512,\"height\":512,\"caption\":\"IVAM\"},\"image\":{\"@id\":\"https:\/\/ivam.es\/es\/#\/schema\/logo\/image\/\"}}]}<\/script>\n<!-- \/ Yoast SEO plugin. -->","yoast_head_json":{"title":"Bella B\u00e1guena - IVAM","robots":{"index":"index","follow":"follow","max-snippet":"max-snippet:-1","max-image-preview":"max-image-preview:large","max-video-preview":"max-video-preview:-1"},"canonical":"https:\/\/ivam.es\/es\/bella-baguena\/","og_locale":"es_ES","og_type":"article","og_title":"Bella B\u00e1guena - IVAM","og_description":"TORNAR Bella B\u00e1guena (Val\u00e8ncia, 1994) es una artista trans femenina que trabaja con diferentes disciplinas como la m\u00fasica, la performance o la joyer\u00eda. Su producci\u00f3n se genera a trav\u00e9s de un proceso intuitivo y emocional, utilizando su voz y su movimiento corporal, as\u00ed como objetos, espacios y t\u00e9cnicas, para crear piezas en las que la [&hellip;]","og_url":"https:\/\/ivam.es\/es\/bella-baguena\/","og_site_name":"IVAM","article_modified_time":"2024-05-22T11:45:08+00:00","twitter_card":"summary_large_image","twitter_misc":{"Tiempo de lectura":"1 minuto"},"schema":{"@context":"https:\/\/schema.org","@graph":[{"@type":"WebPage","@id":"https:\/\/ivam.es\/es\/bella-baguena\/","url":"https:\/\/ivam.es\/es\/bella-baguena\/","name":"Bella B\u00e1guena - IVAM","isPartOf":{"@id":"https:\/\/ivam.es\/es\/#website"},"datePublished":"2024-05-22T11:44:12+00:00","dateModified":"2024-05-22T11:45:08+00:00","breadcrumb":{"@id":"https:\/\/ivam.es\/es\/bella-baguena\/#breadcrumb"},"inLanguage":"es","potentialAction":[{"@type":"ReadAction","target":["https:\/\/ivam.es\/es\/bella-baguena\/"]}]},{"@type":"BreadcrumbList","@id":"https:\/\/ivam.es\/es\/bella-baguena\/#breadcrumb","itemListElement":[{"@type":"ListItem","position":1,"name":"Home","item":"https:\/\/ivam.es\/es\/"},{"@type":"ListItem","position":2,"name":"Bella B\u00e1guena"}]},{"@type":"WebSite","@id":"https:\/\/ivam.es\/es\/#website","url":"https:\/\/ivam.es\/es\/","name":"IVAM","description":"Institut Valenci\u00e0 d&#039;Art Modern","publisher":{"@id":"https:\/\/ivam.es\/es\/#organization"},"potentialAction":[{"@type":"SearchAction","target":{"@type":"EntryPoint","urlTemplate":"https:\/\/ivam.es\/es\/?s={search_term_string}"},"query-input":{"@type":"PropertyValueSpecification","valueRequired":true,"valueName":"search_term_string"}}],"inLanguage":"es"},{"@type":"Organization","@id":"https:\/\/ivam.es\/es\/#organization","name":"IVAM","url":"https:\/\/ivam.es\/es\/","logo":{"@type":"ImageObject","inLanguage":"es","@id":"https:\/\/ivam.es\/es\/#\/schema\/logo\/image\/","url":"https:\/\/ivam.es\/wp-content\/uploads\/logo-ok-512.png","contentUrl":"https:\/\/ivam.es\/wp-content\/uploads\/logo-ok-512.png","width":512,"height":512,"caption":"IVAM"},"image":{"@id":"https:\/\/ivam.es\/es\/#\/schema\/logo\/image\/"}}]}},"_links":{"self":[{"href":"https:\/\/ivam.es\/es\/wp-json\/wp\/v2\/pages\/87666","targetHints":{"allow":["GET"]}}],"collection":[{"href":"https:\/\/ivam.es\/es\/wp-json\/wp\/v2\/pages"}],"about":[{"href":"https:\/\/ivam.es\/es\/wp-json\/wp\/v2\/types\/page"}],"author":[{"embeddable":true,"href":"https:\/\/ivam.es\/es\/wp-json\/wp\/v2\/users\/291"}],"replies":[{"embeddable":true,"href":"https:\/\/ivam.es\/es\/wp-json\/wp\/v2\/comments?post=87666"}],"version-history":[{"count":3,"href":"https:\/\/ivam.es\/es\/wp-json\/wp\/v2\/pages\/87666\/revisions"}],"predecessor-version":[{"id":87685,"href":"https:\/\/ivam.es\/es\/wp-json\/wp\/v2\/pages\/87666\/revisions\/87685"}],"wp:attachment":[{"href":"https:\/\/ivam.es\/es\/wp-json\/wp\/v2\/media?parent=87666"}],"curies":[{"name":"wp","href":"https:\/\/api.w.org\/{rel}","templated":true}]}}