{"id":84195,"date":"2023-11-23T11:42:48","date_gmt":"2023-11-23T09:42:48","guid":{"rendered":"https:\/\/ivam.es\/ivam-obert-portal-de-transparencia-2\/"},"modified":"2025-04-04T12:17:31","modified_gmt":"2025-04-04T10:17:31","slug":"ivam-obert-portal-de-transparencia","status":"publish","type":"page","link":"https:\/\/ivam.es\/es\/ivam-obert-portal-de-transparencia\/","title":{"rendered":"IVAM OBERT. Portal de transparencia"},"content":{"rendered":"\n<p>IVAM OBERT es el portal de transparencia del Institut Valenci\u00e0 d\u2019Art Modern. Desde aqu\u00ed se puede acceder a los principales datos econ\u00f3micos, presupuestarios, de relevancia jur\u00eddica, institucionales y organizativos.<\/p>\n\n\n\n<br><br><div class=\"su-row\"><div class=\"su-column su-column-size-1-3\"><div class=\"su-column-inner su-u-clearfix su-u-trim\"><a href=\"https:\/\/ivam.es\/ivam-obert-portal-de-transparencia\/informacion-corporativa\/\" class=\"su-button su-button-style-default\" style=\"color:#FFFFFF;background-color:#EF7400;border-color:#c05d00;border-radius:5px\" target=\"_self\"><span style=\"color:#FFFFFF;padding:0px 16px;font-size:13px;line-height:26px;border-color:#f49e4d;border-radius:5px;text-shadow:none\"> Informaci\u00f3n corporativa<\/span><\/a><br>\nEn este espacio el usuario puede consultar la Ley de creaci\u00f3n del IVAM, acceder a informaci\u00f3n sobre la estructura y organizaci\u00f3n de la instituci\u00f3n, adem\u00e1s de a datos sobre retribuciones o procesos de selecci\u00f3n de empleo p\u00fablico.<\/div><\/div><div class=\"su-column su-column-size-1-3\"><div class=\"su-column-inner su-u-clearfix su-u-trim\"><a href=\"https:\/\/ivam.es\/ivam-obert-portal-de-transparencia\/relacion-con-la-ciudadania\/\" class=\"su-button su-button-style-default\" style=\"color:#FFFFFF;background-color:#EF7400;border-color:#c05d00;border-radius:5px\" target=\"_self\"><span style=\"color:#FFFFFF;padding:0px 16px;font-size:13px;line-height:26px;border-color:#f49e4d;border-radius:5px;text-shadow:none\">  Relaci\u00f3n con la ciudadan\u00eda<\/span><\/a><br> A trav\u00e9s de este espacio se puede acceder a la carta de servicios de la Generalitat y a los informes que permiten controlar y evaluar la calidad de los servicios p\u00fablicos.\n<\/div><\/div><div class=\"su-column su-column-size-1-3\"><div class=\"su-column-inner su-u-clearfix su-u-trim\"><a href=\"https:\/\/ivam.es\/ivam-obert-portal-de-transparencia\/informacion-economica\/\" class=\"su-button su-button-style-default\" style=\"color:#FFFFFF;background-color:#EF7400;border-color:#c05d00;border-radius:5px\" target=\"_self\"><span style=\"color:#FFFFFF;padding:0px 16px;font-size:13px;line-height:26px;border-color:#f49e4d;border-radius:5px;text-shadow:none\">  Informaci\u00f3n econ\u00f3mica<\/span><\/a><br>\nAcceso a los datos econ\u00f3micos, contables y financieros del IVAM como el presupuesto, las cuentas anuales o los datos de contrataci\u00f3n.<\/div><\/div><\/div>\n","protected":false},"excerpt":{"rendered":"<p>IVAM OBERT es el portal de transparencia del Institut Valenci\u00e0 d\u2019Art Modern. Desde aqu\u00ed se puede acceder a los principales datos econ\u00f3micos, presupuestarios, de relevancia jur\u00eddica, institucionales y organizativos.<\/p>\n","protected":false},"author":293,"featured_media":0,"parent":0,"menu_order":0,"comment_status":"closed","ping_status":"closed","template":"","meta":{"footnotes":""},"class_list":["post-84195","page","type-page","status-publish","hentry"],"yoast_head":"<!-- This site is optimized with the Yoast SEO plugin v26.0 - https:\/\/yoast.com\/wordpress\/plugins\/seo\/ -->\n<title>IVAM OBERT. Portal de transparencia - IVAM<\/title>\n<meta name=\"robots\" content=\"index, follow, max-snippet:-1, max-image-preview:large, max-video-preview:-1\" \/>\n<link rel=\"canonical\" href=\"https:\/\/ivam.es\/es\/ivam-obert-portal-de-transparencia\/\" \/>\n<meta property=\"og:locale\" content=\"es_ES\" \/>\n<meta property=\"og:type\" content=\"article\" \/>\n<meta property=\"og:title\" content=\"IVAM OBERT. Portal de transparencia - IVAM\" \/>\n<meta property=\"og:description\" content=\"IVAM OBERT es el portal de transparencia del Institut Valenci\u00e0 d\u2019Art Modern. Desde aqu\u00ed se puede acceder a los principales datos econ\u00f3micos, presupuestarios, de relevancia jur\u00eddica, institucionales y organizativos.\" \/>\n<meta property=\"og:url\" content=\"https:\/\/ivam.es\/es\/ivam-obert-portal-de-transparencia\/\" \/>\n<meta property=\"og:site_name\" content=\"IVAM\" \/>\n<meta property=\"article:modified_time\" content=\"2025-04-04T10:17:31+00:00\" \/>\n<meta name=\"twitter:card\" content=\"summary_large_image\" \/>\n<meta name=\"twitter:label1\" content=\"Tiempo de lectura\" \/>\n\t<meta name=\"twitter:data1\" content=\"1 minuto\" \/>\n<script type=\"application\/ld+json\" class=\"yoast-schema-graph\">{\"@context\":\"https:\/\/schema.org\",\"@graph\":[{\"@type\":\"WebPage\",\"@id\":\"https:\/\/ivam.es\/es\/ivam-obert-portal-de-transparencia\/\",\"url\":\"https:\/\/ivam.es\/es\/ivam-obert-portal-de-transparencia\/\",\"name\":\"IVAM OBERT. Portal de transparencia - IVAM\",\"isPartOf\":{\"@id\":\"https:\/\/ivam.es\/es\/#website\"},\"datePublished\":\"2023-11-23T09:42:48+00:00\",\"dateModified\":\"2025-04-04T10:17:31+00:00\",\"breadcrumb\":{\"@id\":\"https:\/\/ivam.es\/es\/ivam-obert-portal-de-transparencia\/#breadcrumb\"},\"inLanguage\":\"es\",\"potentialAction\":[{\"@type\":\"ReadAction\",\"target\":[\"https:\/\/ivam.es\/es\/ivam-obert-portal-de-transparencia\/\"]}]},{\"@type\":\"BreadcrumbList\",\"@id\":\"https:\/\/ivam.es\/es\/ivam-obert-portal-de-transparencia\/#breadcrumb\",\"itemListElement\":[{\"@type\":\"ListItem\",\"position\":1,\"name\":\"Home\",\"item\":\"https:\/\/ivam.es\/es\/\"},{\"@type\":\"ListItem\",\"position\":2,\"name\":\"IVAM OBERT. Portal de transparencia\"}]},{\"@type\":\"WebSite\",\"@id\":\"https:\/\/ivam.es\/es\/#website\",\"url\":\"https:\/\/ivam.es\/es\/\",\"name\":\"IVAM\",\"description\":\"Institut Valenci\u00e0 d&#039;Art Modern\",\"publisher\":{\"@id\":\"https:\/\/ivam.es\/es\/#organization\"},\"potentialAction\":[{\"@type\":\"SearchAction\",\"target\":{\"@type\":\"EntryPoint\",\"urlTemplate\":\"https:\/\/ivam.es\/es\/?s={search_term_string}\"},\"query-input\":{\"@type\":\"PropertyValueSpecification\",\"valueRequired\":true,\"valueName\":\"search_term_string\"}}],\"inLanguage\":\"es\"},{\"@type\":\"Organization\",\"@id\":\"https:\/\/ivam.es\/es\/#organization\",\"name\":\"IVAM\",\"url\":\"https:\/\/ivam.es\/es\/\",\"logo\":{\"@type\":\"ImageObject\",\"inLanguage\":\"es\",\"@id\":\"https:\/\/ivam.es\/es\/#\/schema\/logo\/image\/\",\"url\":\"https:\/\/ivam.es\/wp-content\/uploads\/logo-ok-512.png\",\"contentUrl\":\"https:\/\/ivam.es\/wp-content\/uploads\/logo-ok-512.png\",\"width\":512,\"height\":512,\"caption\":\"IVAM\"},\"image\":{\"@id\":\"https:\/\/ivam.es\/es\/#\/schema\/logo\/image\/\"}}]}<\/script>\n<!-- \/ Yoast SEO plugin. -->","yoast_head_json":{"title":"IVAM OBERT. Portal de transparencia - IVAM","robots":{"index":"index","follow":"follow","max-snippet":"max-snippet:-1","max-image-preview":"max-image-preview:large","max-video-preview":"max-video-preview:-1"},"canonical":"https:\/\/ivam.es\/es\/ivam-obert-portal-de-transparencia\/","og_locale":"es_ES","og_type":"article","og_title":"IVAM OBERT. Portal de transparencia - IVAM","og_description":"IVAM OBERT es el portal de transparencia del Institut Valenci\u00e0 d\u2019Art Modern. Desde aqu\u00ed se puede acceder a los principales datos econ\u00f3micos, presupuestarios, de relevancia jur\u00eddica, institucionales y organizativos.","og_url":"https:\/\/ivam.es\/es\/ivam-obert-portal-de-transparencia\/","og_site_name":"IVAM","article_modified_time":"2025-04-04T10:17:31+00:00","twitter_card":"summary_large_image","twitter_misc":{"Tiempo de lectura":"1 minuto"},"schema":{"@context":"https:\/\/schema.org","@graph":[{"@type":"WebPage","@id":"https:\/\/ivam.es\/es\/ivam-obert-portal-de-transparencia\/","url":"https:\/\/ivam.es\/es\/ivam-obert-portal-de-transparencia\/","name":"IVAM OBERT. Portal de transparencia - IVAM","isPartOf":{"@id":"https:\/\/ivam.es\/es\/#website"},"datePublished":"2023-11-23T09:42:48+00:00","dateModified":"2025-04-04T10:17:31+00:00","breadcrumb":{"@id":"https:\/\/ivam.es\/es\/ivam-obert-portal-de-transparencia\/#breadcrumb"},"inLanguage":"es","potentialAction":[{"@type":"ReadAction","target":["https:\/\/ivam.es\/es\/ivam-obert-portal-de-transparencia\/"]}]},{"@type":"BreadcrumbList","@id":"https:\/\/ivam.es\/es\/ivam-obert-portal-de-transparencia\/#breadcrumb","itemListElement":[{"@type":"ListItem","position":1,"name":"Home","item":"https:\/\/ivam.es\/es\/"},{"@type":"ListItem","position":2,"name":"IVAM OBERT. Portal de transparencia"}]},{"@type":"WebSite","@id":"https:\/\/ivam.es\/es\/#website","url":"https:\/\/ivam.es\/es\/","name":"IVAM","description":"Institut Valenci\u00e0 d&#039;Art Modern","publisher":{"@id":"https:\/\/ivam.es\/es\/#organization"},"potentialAction":[{"@type":"SearchAction","target":{"@type":"EntryPoint","urlTemplate":"https:\/\/ivam.es\/es\/?s={search_term_string}"},"query-input":{"@type":"PropertyValueSpecification","valueRequired":true,"valueName":"search_term_string"}}],"inLanguage":"es"},{"@type":"Organization","@id":"https:\/\/ivam.es\/es\/#organization","name":"IVAM","url":"https:\/\/ivam.es\/es\/","logo":{"@type":"ImageObject","inLanguage":"es","@id":"https:\/\/ivam.es\/es\/#\/schema\/logo\/image\/","url":"https:\/\/ivam.es\/wp-content\/uploads\/logo-ok-512.png","contentUrl":"https:\/\/ivam.es\/wp-content\/uploads\/logo-ok-512.png","width":512,"height":512,"caption":"IVAM"},"image":{"@id":"https:\/\/ivam.es\/es\/#\/schema\/logo\/image\/"}}]}},"_links":{"self":[{"href":"https:\/\/ivam.es\/es\/wp-json\/wp\/v2\/pages\/84195","targetHints":{"allow":["GET"]}}],"collection":[{"href":"https:\/\/ivam.es\/es\/wp-json\/wp\/v2\/pages"}],"about":[{"href":"https:\/\/ivam.es\/es\/wp-json\/wp\/v2\/types\/page"}],"author":[{"embeddable":true,"href":"https:\/\/ivam.es\/es\/wp-json\/wp\/v2\/users\/293"}],"replies":[{"embeddable":true,"href":"https:\/\/ivam.es\/es\/wp-json\/wp\/v2\/comments?post=84195"}],"version-history":[{"count":11,"href":"https:\/\/ivam.es\/es\/wp-json\/wp\/v2\/pages\/84195\/revisions"}],"predecessor-version":[{"id":108099,"href":"https:\/\/ivam.es\/es\/wp-json\/wp\/v2\/pages\/84195\/revisions\/108099"}],"wp:attachment":[{"href":"https:\/\/ivam.es\/es\/wp-json\/wp\/v2\/media?parent=84195"}],"curies":[{"name":"wp","href":"https:\/\/api.w.org\/{rel}","templated":true}]}}