{"id":839,"date":"2015-03-12T12:28:20","date_gmt":"2015-03-12T12:28:20","guid":{"rendered":"http:\/\/ivam.jomanetworks.com\/?page_id=839"},"modified":"2022-08-31T19:54:17","modified_gmt":"2022-08-31T17:54:17","slug":"hitoria-y-mision","status":"publish","type":"page","link":"https:\/\/ivam.es\/es\/hitoria-y-mision\/","title":{"rendered":"Historia y misi\u00f3n"},"content":{"rendered":"<p><span style=\"font-weight: 400;\">El Institut Valenci\u00e0 d\u2019Art Modern nace en 1986 con la aprobaci\u00f3n de su ley de creaci\u00f3n como entidad de derecho p\u00fablico por las Cortes Valencianas. Tiene como objetivo el desarrollo de la pol\u00edtica cultural de la Generalitat Valenciana por lo que respecta al conocimiento, tutela, fomento y difusi\u00f3n del arte moderno y contempor\u00e1neo por su car\u00e1cter internacional y de vanguardia. Su programa incluye la exhibici\u00f3n de sus fondos art\u00edsticos, la organizaci\u00f3n de exposiciones temporales, y la edici\u00f3n de cat\u00e1logos y otras publicaciones que profundizan en los temas tratados en estas muestras, as\u00ed como actividades, conferencias, cursos, talleres y conciertos relacionados con las exposiciones organizadas y con otros campos del arte actual.\u00a0<\/span><\/p>\n<p><span style=\"font-weight: 400;\">El IVAM cuenta con dos espacios: el Centre Julio Gonz\u00e1lez, en Val\u00e8ncia, y el IVAM Alcoi. El Centre Julio Gonz\u00e1lez, inaugurado en un edificio de nueva construcci\u00f3n en 1989, exhibe los principales fondos de la colecci\u00f3n junto a otras muestras de car\u00e1cter temporal. Cuenta, adem\u00e1s, con la Sala de la Muralla, ubicada en los s\u00f3tanos del edificio que conserva restos de la antigua fortificaci\u00f3n medieval de la ciudad.<\/span><\/p>\n<p><span style=\"font-weight: 400;\">El IVAM Alcoi (situado en el edificio de estilo modernista valenciano Monte de Piedad, construido en 1909 y sede oficial del museo \u2013en convenio con la Fundaci\u00f3n Caja Mediterr\u00e1neo, la Generalitat Valenciana y el Ayunatmiento de Alcoi\u2013 desde 2018) exhibe muestras de car\u00e1cter temporal, principalmente en torno a la colecci\u00f3n del IVAM, as\u00ed como programas culturales y actividades que ampl\u00edan la oferta y extienden la vocaci\u00f3n del museo en el territorio de la Comunidad Valenciana. <\/span><\/p>\n","protected":false},"excerpt":{"rendered":"<p>El Institut Valenci\u00e0 d\u2019Art Modern nace en 1986 con la aprobaci\u00f3n de su ley de creaci\u00f3n como entidad de derecho p\u00fablico por las Cortes Valencianas. Tiene como objetivo el desarrollo de la pol\u00edtica cultural de la Generalitat Valenciana por lo que respecta al conocimiento, tutela, fomento y difusi\u00f3n del arte moderno y contempor\u00e1neo por su [&hellip;]<\/p>\n","protected":false},"author":3,"featured_media":0,"parent":0,"menu_order":285,"comment_status":"closed","ping_status":"closed","template":"","meta":{"footnotes":""},"class_list":["post-839","page","type-page","status-publish","hentry"],"yoast_head":"<!-- This site is optimized with the Yoast SEO plugin v26.0 - https:\/\/yoast.com\/wordpress\/plugins\/seo\/ -->\n<title>Historia y misi\u00f3n - IVAM<\/title>\n<meta name=\"robots\" content=\"index, follow, max-snippet:-1, max-image-preview:large, max-video-preview:-1\" \/>\n<link rel=\"canonical\" href=\"https:\/\/ivam.es\/es\/hitoria-y-mision\/\" \/>\n<meta property=\"og:locale\" content=\"es_ES\" \/>\n<meta property=\"og:type\" content=\"article\" \/>\n<meta property=\"og:title\" content=\"Historia y misi\u00f3n - IVAM\" \/>\n<meta property=\"og:description\" content=\"El Institut Valenci\u00e0 d\u2019Art Modern nace en 1986 con la aprobaci\u00f3n de su ley de creaci\u00f3n como entidad de derecho p\u00fablico por las Cortes Valencianas. Tiene como objetivo el desarrollo de la pol\u00edtica cultural de la Generalitat Valenciana por lo que respecta al conocimiento, tutela, fomento y difusi\u00f3n del arte moderno y contempor\u00e1neo por su [&hellip;]\" \/>\n<meta property=\"og:url\" content=\"https:\/\/ivam.es\/es\/hitoria-y-mision\/\" \/>\n<meta property=\"og:site_name\" content=\"IVAM\" \/>\n<meta property=\"article:modified_time\" content=\"2022-08-31T17:54:17+00:00\" \/>\n<meta name=\"twitter:card\" content=\"summary_large_image\" \/>\n<meta name=\"twitter:label1\" content=\"Tiempo de lectura\" \/>\n\t<meta name=\"twitter:data1\" content=\"1 minuto\" \/>\n<script type=\"application\/ld+json\" class=\"yoast-schema-graph\">{\"@context\":\"https:\/\/schema.org\",\"@graph\":[{\"@type\":\"WebPage\",\"@id\":\"https:\/\/ivam.es\/es\/hitoria-y-mision\/\",\"url\":\"https:\/\/ivam.es\/es\/hitoria-y-mision\/\",\"name\":\"Historia y misi\u00f3n - IVAM\",\"isPartOf\":{\"@id\":\"https:\/\/ivam.es\/es\/#website\"},\"datePublished\":\"2015-03-12T12:28:20+00:00\",\"dateModified\":\"2022-08-31T17:54:17+00:00\",\"breadcrumb\":{\"@id\":\"https:\/\/ivam.es\/es\/hitoria-y-mision\/#breadcrumb\"},\"inLanguage\":\"es\",\"potentialAction\":[{\"@type\":\"ReadAction\",\"target\":[\"https:\/\/ivam.es\/es\/hitoria-y-mision\/\"]}]},{\"@type\":\"BreadcrumbList\",\"@id\":\"https:\/\/ivam.es\/es\/hitoria-y-mision\/#breadcrumb\",\"itemListElement\":[{\"@type\":\"ListItem\",\"position\":1,\"name\":\"Home\",\"item\":\"https:\/\/ivam.es\/es\/\"},{\"@type\":\"ListItem\",\"position\":2,\"name\":\"Historia y misi\u00f3n\"}]},{\"@type\":\"WebSite\",\"@id\":\"https:\/\/ivam.es\/es\/#website\",\"url\":\"https:\/\/ivam.es\/es\/\",\"name\":\"IVAM\",\"description\":\"Institut Valenci\u00e0 d&#039;Art Modern\",\"publisher\":{\"@id\":\"https:\/\/ivam.es\/es\/#organization\"},\"potentialAction\":[{\"@type\":\"SearchAction\",\"target\":{\"@type\":\"EntryPoint\",\"urlTemplate\":\"https:\/\/ivam.es\/es\/?s={search_term_string}\"},\"query-input\":{\"@type\":\"PropertyValueSpecification\",\"valueRequired\":true,\"valueName\":\"search_term_string\"}}],\"inLanguage\":\"es\"},{\"@type\":\"Organization\",\"@id\":\"https:\/\/ivam.es\/es\/#organization\",\"name\":\"IVAM\",\"url\":\"https:\/\/ivam.es\/es\/\",\"logo\":{\"@type\":\"ImageObject\",\"inLanguage\":\"es\",\"@id\":\"https:\/\/ivam.es\/es\/#\/schema\/logo\/image\/\",\"url\":\"https:\/\/ivam.es\/wp-content\/uploads\/logo-ok-512.png\",\"contentUrl\":\"https:\/\/ivam.es\/wp-content\/uploads\/logo-ok-512.png\",\"width\":512,\"height\":512,\"caption\":\"IVAM\"},\"image\":{\"@id\":\"https:\/\/ivam.es\/es\/#\/schema\/logo\/image\/\"}}]}<\/script>\n<!-- \/ Yoast SEO plugin. -->","yoast_head_json":{"title":"Historia y misi\u00f3n - IVAM","robots":{"index":"index","follow":"follow","max-snippet":"max-snippet:-1","max-image-preview":"max-image-preview:large","max-video-preview":"max-video-preview:-1"},"canonical":"https:\/\/ivam.es\/es\/hitoria-y-mision\/","og_locale":"es_ES","og_type":"article","og_title":"Historia y misi\u00f3n - IVAM","og_description":"El Institut Valenci\u00e0 d\u2019Art Modern nace en 1986 con la aprobaci\u00f3n de su ley de creaci\u00f3n como entidad de derecho p\u00fablico por las Cortes Valencianas. Tiene como objetivo el desarrollo de la pol\u00edtica cultural de la Generalitat Valenciana por lo que respecta al conocimiento, tutela, fomento y difusi\u00f3n del arte moderno y contempor\u00e1neo por su [&hellip;]","og_url":"https:\/\/ivam.es\/es\/hitoria-y-mision\/","og_site_name":"IVAM","article_modified_time":"2022-08-31T17:54:17+00:00","twitter_card":"summary_large_image","twitter_misc":{"Tiempo de lectura":"1 minuto"},"schema":{"@context":"https:\/\/schema.org","@graph":[{"@type":"WebPage","@id":"https:\/\/ivam.es\/es\/hitoria-y-mision\/","url":"https:\/\/ivam.es\/es\/hitoria-y-mision\/","name":"Historia y misi\u00f3n - IVAM","isPartOf":{"@id":"https:\/\/ivam.es\/es\/#website"},"datePublished":"2015-03-12T12:28:20+00:00","dateModified":"2022-08-31T17:54:17+00:00","breadcrumb":{"@id":"https:\/\/ivam.es\/es\/hitoria-y-mision\/#breadcrumb"},"inLanguage":"es","potentialAction":[{"@type":"ReadAction","target":["https:\/\/ivam.es\/es\/hitoria-y-mision\/"]}]},{"@type":"BreadcrumbList","@id":"https:\/\/ivam.es\/es\/hitoria-y-mision\/#breadcrumb","itemListElement":[{"@type":"ListItem","position":1,"name":"Home","item":"https:\/\/ivam.es\/es\/"},{"@type":"ListItem","position":2,"name":"Historia y misi\u00f3n"}]},{"@type":"WebSite","@id":"https:\/\/ivam.es\/es\/#website","url":"https:\/\/ivam.es\/es\/","name":"IVAM","description":"Institut Valenci\u00e0 d&#039;Art Modern","publisher":{"@id":"https:\/\/ivam.es\/es\/#organization"},"potentialAction":[{"@type":"SearchAction","target":{"@type":"EntryPoint","urlTemplate":"https:\/\/ivam.es\/es\/?s={search_term_string}"},"query-input":{"@type":"PropertyValueSpecification","valueRequired":true,"valueName":"search_term_string"}}],"inLanguage":"es"},{"@type":"Organization","@id":"https:\/\/ivam.es\/es\/#organization","name":"IVAM","url":"https:\/\/ivam.es\/es\/","logo":{"@type":"ImageObject","inLanguage":"es","@id":"https:\/\/ivam.es\/es\/#\/schema\/logo\/image\/","url":"https:\/\/ivam.es\/wp-content\/uploads\/logo-ok-512.png","contentUrl":"https:\/\/ivam.es\/wp-content\/uploads\/logo-ok-512.png","width":512,"height":512,"caption":"IVAM"},"image":{"@id":"https:\/\/ivam.es\/es\/#\/schema\/logo\/image\/"}}]}},"_links":{"self":[{"href":"https:\/\/ivam.es\/es\/wp-json\/wp\/v2\/pages\/839","targetHints":{"allow":["GET"]}}],"collection":[{"href":"https:\/\/ivam.es\/es\/wp-json\/wp\/v2\/pages"}],"about":[{"href":"https:\/\/ivam.es\/es\/wp-json\/wp\/v2\/types\/page"}],"author":[{"embeddable":true,"href":"https:\/\/ivam.es\/es\/wp-json\/wp\/v2\/users\/3"}],"replies":[{"embeddable":true,"href":"https:\/\/ivam.es\/es\/wp-json\/wp\/v2\/comments?post=839"}],"version-history":[{"count":11,"href":"https:\/\/ivam.es\/es\/wp-json\/wp\/v2\/pages\/839\/revisions"}],"predecessor-version":[{"id":69636,"href":"https:\/\/ivam.es\/es\/wp-json\/wp\/v2\/pages\/839\/revisions\/69636"}],"wp:attachment":[{"href":"https:\/\/ivam.es\/es\/wp-json\/wp\/v2\/media?parent=839"}],"curies":[{"name":"wp","href":"https:\/\/api.w.org\/{rel}","templated":true}]}}