{"id":83231,"date":"2023-10-03T10:02:58","date_gmt":"2023-10-03T08:02:58","guid":{"rendered":"https:\/\/ivam.es\/?page_id=83231"},"modified":"2023-10-23T12:39:46","modified_gmt":"2023-10-23T10:39:46","slug":"y2_15782","status":"publish","type":"page","link":"https:\/\/ivam.es\/es\/y2_15782\/","title":{"rendered":""},"content":{"rendered":"\n<figure class=\"wp-block-audio\"><audio controls controlslist=\"nodownload\" src=\"https:\/\/ivam.es\/wp-content\/audios\/bonet.mp3\"><\/audio><\/figure>\n\n\n\n<p>Bonet de San Pedro y los 7 de Palma Raska-Y\u00fa, 1943 <\/p>\n\n\n<div class=\"wp-block-image\">\n<figure class=\"aligncenter size-large\"><a href=\"https:\/\/ivam.es\/es\/exposiciones\/recorrido-sonoro-de-popular\/\"><img loading=\"lazy\" decoding=\"async\" width=\"1024\" height=\"683\" src=\"https:\/\/ivam.es\/wp-content\/uploads\/page\/y2_15782\/15782_2-1-1024x683.jpg\" alt=\"\" class=\"wp-image-83245\" srcset=\"https:\/\/ivam.es\/wp-content\/uploads\/page\/y2_15782\/15782_2-1-1024x683.jpg 1024w, https:\/\/ivam.es\/wp-content\/uploads\/page\/y2_15782\/15782_2-1-300x200.jpg 300w, https:\/\/ivam.es\/wp-content\/uploads\/page\/y2_15782\/15782_2-1-768x512.jpg 768w, https:\/\/ivam.es\/wp-content\/uploads\/page\/y2_15782\/15782_2-1-1536x1024.jpg 1536w, https:\/\/ivam.es\/wp-content\/uploads\/page\/y2_15782\/15782_2-1-2048x1365.jpg 2048w, https:\/\/ivam.es\/wp-content\/uploads\/page\/y2_15782\/15782_2-1-280x187.jpg 280w, https:\/\/ivam.es\/wp-content\/uploads\/page\/y2_15782\/15782_2-1-467x311.jpg 467w, https:\/\/ivam.es\/wp-content\/uploads\/page\/y2_15782\/15782_2-1-231x154.jpg 231w, https:\/\/ivam.es\/wp-content\/uploads\/page\/y2_15782\/15782_2-1-500x333.jpg 500w\" sizes=\"auto, (max-width: 1024px) 100vw, 1024px\" \/><\/a><\/figure>\n<\/div>\n\n\n<p>Jos\u00e9 Mar\u00eda Gorr\u00eds, <em>Ataud caja de m\u00fasica,<\/em> 1987.<\/p>\n","protected":false},"excerpt":{"rendered":"<p>Bonet de San Pedro y los 7 de Palma Raska-Y\u00fa, 1943 Jos\u00e9 Mar\u00eda Gorr\u00eds, Ataud caja de m\u00fasica, 1987.<\/p>\n","protected":false},"author":291,"featured_media":0,"parent":0,"menu_order":0,"comment_status":"closed","ping_status":"closed","template":"","meta":{"footnotes":""},"class_list":["post-83231","page","type-page","status-publish","hentry"],"yoast_head":"<!-- This site is optimized with the Yoast SEO plugin v26.0 - https:\/\/yoast.com\/wordpress\/plugins\/seo\/ -->\n<title>- IVAM<\/title>\n<meta name=\"robots\" content=\"index, follow, max-snippet:-1, max-image-preview:large, max-video-preview:-1\" \/>\n<link rel=\"canonical\" href=\"https:\/\/ivam.es\/es\/y2_15782\/\" \/>\n<meta property=\"og:locale\" content=\"es_ES\" \/>\n<meta property=\"og:type\" content=\"article\" \/>\n<meta property=\"og:title\" content=\"- IVAM\" \/>\n<meta property=\"og:description\" content=\"Bonet de San Pedro y los 7 de Palma Raska-Y\u00fa, 1943 Jos\u00e9 Mar\u00eda Gorr\u00eds, Ataud caja de m\u00fasica, 1987.\" \/>\n<meta property=\"og:url\" content=\"https:\/\/ivam.es\/es\/y2_15782\/\" \/>\n<meta property=\"og:site_name\" content=\"IVAM\" \/>\n<meta property=\"article:modified_time\" content=\"2023-10-23T10:39:46+00:00\" \/>\n<meta property=\"og:image\" content=\"https:\/\/ivam.es\/wp-content\/uploads\/page\/y2_15782\/15782_2-1-scaled.jpg\" \/>\n\t<meta property=\"og:image:width\" content=\"2560\" \/>\n\t<meta property=\"og:image:height\" content=\"1707\" \/>\n\t<meta property=\"og:image:type\" content=\"image\/jpeg\" \/>\n<meta name=\"twitter:card\" content=\"summary_large_image\" \/>\n<script type=\"application\/ld+json\" class=\"yoast-schema-graph\">{\"@context\":\"https:\/\/schema.org\",\"@graph\":[{\"@type\":\"WebPage\",\"@id\":\"https:\/\/ivam.es\/es\/y2_15782\/\",\"url\":\"https:\/\/ivam.es\/es\/y2_15782\/\",\"name\":\"- IVAM\",\"isPartOf\":{\"@id\":\"https:\/\/ivam.es\/es\/#website\"},\"primaryImageOfPage\":{\"@id\":\"https:\/\/ivam.es\/es\/y2_15782\/#primaryimage\"},\"image\":{\"@id\":\"https:\/\/ivam.es\/es\/y2_15782\/#primaryimage\"},\"thumbnailUrl\":\"https:\/\/ivam.es\/wp-content\/uploads\/page\/y2_15782\/15782_2-1-1024x683.jpg\",\"datePublished\":\"2023-10-03T08:02:58+00:00\",\"dateModified\":\"2023-10-23T10:39:46+00:00\",\"inLanguage\":\"es\",\"potentialAction\":[{\"@type\":\"ReadAction\",\"target\":[\"https:\/\/ivam.es\/es\/y2_15782\/\"]}]},{\"@type\":\"ImageObject\",\"inLanguage\":\"es\",\"@id\":\"https:\/\/ivam.es\/es\/y2_15782\/#primaryimage\",\"url\":\"https:\/\/ivam.es\/wp-content\/uploads\/page\/y2_15782\/15782_2-1-1024x683.jpg\",\"contentUrl\":\"https:\/\/ivam.es\/wp-content\/uploads\/page\/y2_15782\/15782_2-1-1024x683.jpg\"},{\"@type\":\"WebSite\",\"@id\":\"https:\/\/ivam.es\/es\/#website\",\"url\":\"https:\/\/ivam.es\/es\/\",\"name\":\"IVAM\",\"description\":\"Institut Valenci\u00e0 d&#039;Art Modern\",\"publisher\":{\"@id\":\"https:\/\/ivam.es\/es\/#organization\"},\"potentialAction\":[{\"@type\":\"SearchAction\",\"target\":{\"@type\":\"EntryPoint\",\"urlTemplate\":\"https:\/\/ivam.es\/es\/?s={search_term_string}\"},\"query-input\":{\"@type\":\"PropertyValueSpecification\",\"valueRequired\":true,\"valueName\":\"search_term_string\"}}],\"inLanguage\":\"es\"},{\"@type\":\"Organization\",\"@id\":\"https:\/\/ivam.es\/es\/#organization\",\"name\":\"IVAM\",\"url\":\"https:\/\/ivam.es\/es\/\",\"logo\":{\"@type\":\"ImageObject\",\"inLanguage\":\"es\",\"@id\":\"https:\/\/ivam.es\/es\/#\/schema\/logo\/image\/\",\"url\":\"https:\/\/ivam.es\/wp-content\/uploads\/logo-ok-512.png\",\"contentUrl\":\"https:\/\/ivam.es\/wp-content\/uploads\/logo-ok-512.png\",\"width\":512,\"height\":512,\"caption\":\"IVAM\"},\"image\":{\"@id\":\"https:\/\/ivam.es\/es\/#\/schema\/logo\/image\/\"}}]}<\/script>\n<!-- \/ Yoast SEO plugin. -->","yoast_head_json":{"title":"- IVAM","robots":{"index":"index","follow":"follow","max-snippet":"max-snippet:-1","max-image-preview":"max-image-preview:large","max-video-preview":"max-video-preview:-1"},"canonical":"https:\/\/ivam.es\/es\/y2_15782\/","og_locale":"es_ES","og_type":"article","og_title":"- IVAM","og_description":"Bonet de San Pedro y los 7 de Palma Raska-Y\u00fa, 1943 Jos\u00e9 Mar\u00eda Gorr\u00eds, Ataud caja de m\u00fasica, 1987.","og_url":"https:\/\/ivam.es\/es\/y2_15782\/","og_site_name":"IVAM","article_modified_time":"2023-10-23T10:39:46+00:00","og_image":[{"width":2560,"height":1707,"url":"https:\/\/ivam.es\/wp-content\/uploads\/page\/y2_15782\/15782_2-1-scaled.jpg","type":"image\/jpeg"}],"twitter_card":"summary_large_image","schema":{"@context":"https:\/\/schema.org","@graph":[{"@type":"WebPage","@id":"https:\/\/ivam.es\/es\/y2_15782\/","url":"https:\/\/ivam.es\/es\/y2_15782\/","name":"- IVAM","isPartOf":{"@id":"https:\/\/ivam.es\/es\/#website"},"primaryImageOfPage":{"@id":"https:\/\/ivam.es\/es\/y2_15782\/#primaryimage"},"image":{"@id":"https:\/\/ivam.es\/es\/y2_15782\/#primaryimage"},"thumbnailUrl":"https:\/\/ivam.es\/wp-content\/uploads\/page\/y2_15782\/15782_2-1-1024x683.jpg","datePublished":"2023-10-03T08:02:58+00:00","dateModified":"2023-10-23T10:39:46+00:00","inLanguage":"es","potentialAction":[{"@type":"ReadAction","target":["https:\/\/ivam.es\/es\/y2_15782\/"]}]},{"@type":"ImageObject","inLanguage":"es","@id":"https:\/\/ivam.es\/es\/y2_15782\/#primaryimage","url":"https:\/\/ivam.es\/wp-content\/uploads\/page\/y2_15782\/15782_2-1-1024x683.jpg","contentUrl":"https:\/\/ivam.es\/wp-content\/uploads\/page\/y2_15782\/15782_2-1-1024x683.jpg"},{"@type":"WebSite","@id":"https:\/\/ivam.es\/es\/#website","url":"https:\/\/ivam.es\/es\/","name":"IVAM","description":"Institut Valenci\u00e0 d&#039;Art Modern","publisher":{"@id":"https:\/\/ivam.es\/es\/#organization"},"potentialAction":[{"@type":"SearchAction","target":{"@type":"EntryPoint","urlTemplate":"https:\/\/ivam.es\/es\/?s={search_term_string}"},"query-input":{"@type":"PropertyValueSpecification","valueRequired":true,"valueName":"search_term_string"}}],"inLanguage":"es"},{"@type":"Organization","@id":"https:\/\/ivam.es\/es\/#organization","name":"IVAM","url":"https:\/\/ivam.es\/es\/","logo":{"@type":"ImageObject","inLanguage":"es","@id":"https:\/\/ivam.es\/es\/#\/schema\/logo\/image\/","url":"https:\/\/ivam.es\/wp-content\/uploads\/logo-ok-512.png","contentUrl":"https:\/\/ivam.es\/wp-content\/uploads\/logo-ok-512.png","width":512,"height":512,"caption":"IVAM"},"image":{"@id":"https:\/\/ivam.es\/es\/#\/schema\/logo\/image\/"}}]}},"_links":{"self":[{"href":"https:\/\/ivam.es\/es\/wp-json\/wp\/v2\/pages\/83231","targetHints":{"allow":["GET"]}}],"collection":[{"href":"https:\/\/ivam.es\/es\/wp-json\/wp\/v2\/pages"}],"about":[{"href":"https:\/\/ivam.es\/es\/wp-json\/wp\/v2\/types\/page"}],"author":[{"embeddable":true,"href":"https:\/\/ivam.es\/es\/wp-json\/wp\/v2\/users\/291"}],"replies":[{"embeddable":true,"href":"https:\/\/ivam.es\/es\/wp-json\/wp\/v2\/comments?post=83231"}],"version-history":[{"count":9,"href":"https:\/\/ivam.es\/es\/wp-json\/wp\/v2\/pages\/83231\/revisions"}],"predecessor-version":[{"id":88206,"href":"https:\/\/ivam.es\/es\/wp-json\/wp\/v2\/pages\/83231\/revisions\/88206"}],"wp:attachment":[{"href":"https:\/\/ivam.es\/es\/wp-json\/wp\/v2\/media?parent=83231"}],"curies":[{"name":"wp","href":"https:\/\/api.w.org\/{rel}","templated":true}]}}