{"id":83201,"date":"2023-10-03T09:41:22","date_gmt":"2023-10-03T07:41:22","guid":{"rendered":"https:\/\/ivam.es\/?page_id=83201"},"modified":"2023-10-23T12:59:50","modified_gmt":"2023-10-23T10:59:50","slug":"y2_10079","status":"publish","type":"page","link":"https:\/\/ivam.es\/es\/y2_10079\/","title":{"rendered":""},"content":{"rendered":"\n<figure class=\"wp-block-audio\"><audio controls controlslist=\"nodownload\" src=\"https:\/\/ivam.es\/wp-content\/audios\/pascal.mp3\"><\/audio><\/figure>\n\n\n\n<p>Pascal Comelade feat. PJ Harvey Love Too Soon, 1998<\/p>\n\n\n<div class=\"wp-block-image\">\n<figure class=\"aligncenter size-large\"><a href=\"https:\/\/ivam.es\/es\/exposiciones\/recorrido-sonoro-de-popular\/\"><img loading=\"lazy\" decoding=\"async\" width=\"662\" height=\"1024\" src=\"https:\/\/ivam.es\/wp-content\/uploads\/page\/y2_10079\/10079_1-662x1024.jpg\" alt=\"\" class=\"wp-image-83203\" srcset=\"https:\/\/ivam.es\/wp-content\/uploads\/page\/y2_10079\/10079_1-662x1024.jpg 662w, https:\/\/ivam.es\/wp-content\/uploads\/page\/y2_10079\/10079_1-194x300.jpg 194w, https:\/\/ivam.es\/wp-content\/uploads\/page\/y2_10079\/10079_1-768x1188.jpg 768w, https:\/\/ivam.es\/wp-content\/uploads\/page\/y2_10079\/10079_1-993x1536.jpg 993w, https:\/\/ivam.es\/wp-content\/uploads\/page\/y2_10079\/10079_1-1324x2048.jpg 1324w, https:\/\/ivam.es\/wp-content\/uploads\/page\/y2_10079\/10079_1-280x433.jpg 280w, https:\/\/ivam.es\/wp-content\/uploads\/page\/y2_10079\/10079_1-467x722.jpg 467w, https:\/\/ivam.es\/wp-content\/uploads\/page\/y2_10079\/10079_1-231x357.jpg 231w, https:\/\/ivam.es\/wp-content\/uploads\/page\/y2_10079\/10079_1-500x773.jpg 500w, https:\/\/ivam.es\/wp-content\/uploads\/page\/y2_10079\/10079_1-scaled.jpg 1655w\" sizes=\"auto, (max-width: 662px) 100vw, 662px\" \/><\/a><\/figure>\n<\/div>\n\n\n<p>Agencia EFE \/ Toni Losa. <em>Actuaci\u00f3n de la cantante inglesa Polly Jean Harvey, en la \u00faltima noche de conciertos del Festival Internacional de Benic\u00e0ssim<\/em>, 2000. Donaci\u00f3n Fundaci\u00f3n Agencia EFE<\/p>\n","protected":false},"excerpt":{"rendered":"<p>Pascal Comelade feat. PJ Harvey Love Too Soon, 1998 Agencia EFE \/ Toni Losa. Actuaci\u00f3n de la cantante inglesa Polly Jean Harvey, en la \u00faltima noche de conciertos del Festival Internacional de Benic\u00e0ssim, 2000. Donaci\u00f3n Fundaci\u00f3n Agencia EFE<\/p>\n","protected":false},"author":291,"featured_media":0,"parent":0,"menu_order":0,"comment_status":"closed","ping_status":"closed","template":"","meta":{"footnotes":""},"class_list":["post-83201","page","type-page","status-publish","hentry"],"yoast_head":"<!-- This site is optimized with the Yoast SEO plugin v26.0 - https:\/\/yoast.com\/wordpress\/plugins\/seo\/ -->\n<title>- IVAM<\/title>\n<meta name=\"robots\" content=\"index, follow, max-snippet:-1, max-image-preview:large, max-video-preview:-1\" \/>\n<link rel=\"canonical\" href=\"https:\/\/ivam.es\/es\/y2_10079\/\" \/>\n<meta property=\"og:locale\" content=\"es_ES\" \/>\n<meta property=\"og:type\" content=\"article\" \/>\n<meta property=\"og:title\" content=\"- IVAM\" \/>\n<meta property=\"og:description\" content=\"Pascal Comelade feat. PJ Harvey Love Too Soon, 1998 Agencia EFE \/ Toni Losa. Actuaci\u00f3n de la cantante inglesa Polly Jean Harvey, en la \u00faltima noche de conciertos del Festival Internacional de Benic\u00e0ssim, 2000. Donaci\u00f3n Fundaci\u00f3n Agencia EFE\" \/>\n<meta property=\"og:url\" content=\"https:\/\/ivam.es\/es\/y2_10079\/\" \/>\n<meta property=\"og:site_name\" content=\"IVAM\" \/>\n<meta property=\"article:modified_time\" content=\"2023-10-23T10:59:50+00:00\" \/>\n<meta property=\"og:image\" content=\"https:\/\/ivam.es\/wp-content\/uploads\/page\/y2_10079\/10079_1-scaled.jpg\" \/>\n\t<meta property=\"og:image:width\" content=\"1655\" \/>\n\t<meta property=\"og:image:height\" content=\"2560\" \/>\n\t<meta property=\"og:image:type\" content=\"image\/jpeg\" \/>\n<meta name=\"twitter:card\" content=\"summary_large_image\" \/>\n<script type=\"application\/ld+json\" class=\"yoast-schema-graph\">{\"@context\":\"https:\/\/schema.org\",\"@graph\":[{\"@type\":\"WebPage\",\"@id\":\"https:\/\/ivam.es\/es\/y2_10079\/\",\"url\":\"https:\/\/ivam.es\/es\/y2_10079\/\",\"name\":\"- IVAM\",\"isPartOf\":{\"@id\":\"https:\/\/ivam.es\/es\/#website\"},\"primaryImageOfPage\":{\"@id\":\"https:\/\/ivam.es\/es\/y2_10079\/#primaryimage\"},\"image\":{\"@id\":\"https:\/\/ivam.es\/es\/y2_10079\/#primaryimage\"},\"thumbnailUrl\":\"https:\/\/ivam.es\/wp-content\/uploads\/page\/y2_10079\/10079_1-662x1024.jpg\",\"datePublished\":\"2023-10-03T07:41:22+00:00\",\"dateModified\":\"2023-10-23T10:59:50+00:00\",\"inLanguage\":\"es\",\"potentialAction\":[{\"@type\":\"ReadAction\",\"target\":[\"https:\/\/ivam.es\/es\/y2_10079\/\"]}]},{\"@type\":\"ImageObject\",\"inLanguage\":\"es\",\"@id\":\"https:\/\/ivam.es\/es\/y2_10079\/#primaryimage\",\"url\":\"https:\/\/ivam.es\/wp-content\/uploads\/page\/y2_10079\/10079_1-662x1024.jpg\",\"contentUrl\":\"https:\/\/ivam.es\/wp-content\/uploads\/page\/y2_10079\/10079_1-662x1024.jpg\"},{\"@type\":\"WebSite\",\"@id\":\"https:\/\/ivam.es\/es\/#website\",\"url\":\"https:\/\/ivam.es\/es\/\",\"name\":\"IVAM\",\"description\":\"Institut Valenci\u00e0 d&#039;Art Modern\",\"publisher\":{\"@id\":\"https:\/\/ivam.es\/es\/#organization\"},\"potentialAction\":[{\"@type\":\"SearchAction\",\"target\":{\"@type\":\"EntryPoint\",\"urlTemplate\":\"https:\/\/ivam.es\/es\/?s={search_term_string}\"},\"query-input\":{\"@type\":\"PropertyValueSpecification\",\"valueRequired\":true,\"valueName\":\"search_term_string\"}}],\"inLanguage\":\"es\"},{\"@type\":\"Organization\",\"@id\":\"https:\/\/ivam.es\/es\/#organization\",\"name\":\"IVAM\",\"url\":\"https:\/\/ivam.es\/es\/\",\"logo\":{\"@type\":\"ImageObject\",\"inLanguage\":\"es\",\"@id\":\"https:\/\/ivam.es\/es\/#\/schema\/logo\/image\/\",\"url\":\"https:\/\/ivam.es\/wp-content\/uploads\/logo-ok-512.png\",\"contentUrl\":\"https:\/\/ivam.es\/wp-content\/uploads\/logo-ok-512.png\",\"width\":512,\"height\":512,\"caption\":\"IVAM\"},\"image\":{\"@id\":\"https:\/\/ivam.es\/es\/#\/schema\/logo\/image\/\"}}]}<\/script>\n<!-- \/ Yoast SEO plugin. -->","yoast_head_json":{"title":"- IVAM","robots":{"index":"index","follow":"follow","max-snippet":"max-snippet:-1","max-image-preview":"max-image-preview:large","max-video-preview":"max-video-preview:-1"},"canonical":"https:\/\/ivam.es\/es\/y2_10079\/","og_locale":"es_ES","og_type":"article","og_title":"- IVAM","og_description":"Pascal Comelade feat. PJ Harvey Love Too Soon, 1998 Agencia EFE \/ Toni Losa. Actuaci\u00f3n de la cantante inglesa Polly Jean Harvey, en la \u00faltima noche de conciertos del Festival Internacional de Benic\u00e0ssim, 2000. Donaci\u00f3n Fundaci\u00f3n Agencia EFE","og_url":"https:\/\/ivam.es\/es\/y2_10079\/","og_site_name":"IVAM","article_modified_time":"2023-10-23T10:59:50+00:00","og_image":[{"width":1655,"height":2560,"url":"https:\/\/ivam.es\/wp-content\/uploads\/page\/y2_10079\/10079_1-scaled.jpg","type":"image\/jpeg"}],"twitter_card":"summary_large_image","schema":{"@context":"https:\/\/schema.org","@graph":[{"@type":"WebPage","@id":"https:\/\/ivam.es\/es\/y2_10079\/","url":"https:\/\/ivam.es\/es\/y2_10079\/","name":"- IVAM","isPartOf":{"@id":"https:\/\/ivam.es\/es\/#website"},"primaryImageOfPage":{"@id":"https:\/\/ivam.es\/es\/y2_10079\/#primaryimage"},"image":{"@id":"https:\/\/ivam.es\/es\/y2_10079\/#primaryimage"},"thumbnailUrl":"https:\/\/ivam.es\/wp-content\/uploads\/page\/y2_10079\/10079_1-662x1024.jpg","datePublished":"2023-10-03T07:41:22+00:00","dateModified":"2023-10-23T10:59:50+00:00","inLanguage":"es","potentialAction":[{"@type":"ReadAction","target":["https:\/\/ivam.es\/es\/y2_10079\/"]}]},{"@type":"ImageObject","inLanguage":"es","@id":"https:\/\/ivam.es\/es\/y2_10079\/#primaryimage","url":"https:\/\/ivam.es\/wp-content\/uploads\/page\/y2_10079\/10079_1-662x1024.jpg","contentUrl":"https:\/\/ivam.es\/wp-content\/uploads\/page\/y2_10079\/10079_1-662x1024.jpg"},{"@type":"WebSite","@id":"https:\/\/ivam.es\/es\/#website","url":"https:\/\/ivam.es\/es\/","name":"IVAM","description":"Institut Valenci\u00e0 d&#039;Art Modern","publisher":{"@id":"https:\/\/ivam.es\/es\/#organization"},"potentialAction":[{"@type":"SearchAction","target":{"@type":"EntryPoint","urlTemplate":"https:\/\/ivam.es\/es\/?s={search_term_string}"},"query-input":{"@type":"PropertyValueSpecification","valueRequired":true,"valueName":"search_term_string"}}],"inLanguage":"es"},{"@type":"Organization","@id":"https:\/\/ivam.es\/es\/#organization","name":"IVAM","url":"https:\/\/ivam.es\/es\/","logo":{"@type":"ImageObject","inLanguage":"es","@id":"https:\/\/ivam.es\/es\/#\/schema\/logo\/image\/","url":"https:\/\/ivam.es\/wp-content\/uploads\/logo-ok-512.png","contentUrl":"https:\/\/ivam.es\/wp-content\/uploads\/logo-ok-512.png","width":512,"height":512,"caption":"IVAM"},"image":{"@id":"https:\/\/ivam.es\/es\/#\/schema\/logo\/image\/"}}]}},"_links":{"self":[{"href":"https:\/\/ivam.es\/es\/wp-json\/wp\/v2\/pages\/83201","targetHints":{"allow":["GET"]}}],"collection":[{"href":"https:\/\/ivam.es\/es\/wp-json\/wp\/v2\/pages"}],"about":[{"href":"https:\/\/ivam.es\/es\/wp-json\/wp\/v2\/types\/page"}],"author":[{"embeddable":true,"href":"https:\/\/ivam.es\/es\/wp-json\/wp\/v2\/users\/291"}],"replies":[{"embeddable":true,"href":"https:\/\/ivam.es\/es\/wp-json\/wp\/v2\/comments?post=83201"}],"version-history":[{"count":5,"href":"https:\/\/ivam.es\/es\/wp-json\/wp\/v2\/pages\/83201\/revisions"}],"predecessor-version":[{"id":83575,"href":"https:\/\/ivam.es\/es\/wp-json\/wp\/v2\/pages\/83201\/revisions\/83575"}],"wp:attachment":[{"href":"https:\/\/ivam.es\/es\/wp-json\/wp\/v2\/media?parent=83201"}],"curies":[{"name":"wp","href":"https:\/\/api.w.org\/{rel}","templated":true}]}}