{"id":83155,"date":"2023-10-02T20:03:01","date_gmt":"2023-10-02T18:03:01","guid":{"rendered":"https:\/\/ivam.es\/?page_id=83155"},"modified":"2023-10-23T13:01:09","modified_gmt":"2023-10-23T11:01:09","slug":"zelenka_748","status":"publish","type":"page","link":"https:\/\/ivam.es\/es\/zelenka_748\/","title":{"rendered":""},"content":{"rendered":"\n<figure class=\"wp-block-audio\"><audio controls controlslist=\"nodownload\" src=\"https:\/\/ivam.es\/wp-content\/audios\/prodam-parodie.mp3\"><\/audio><\/figure>\n\n\n\n<p>Prod\u00e1m Srdce (parodie) &#8211; Ji\u0159\u00ed Voskovec, Jan Werich<\/p>\n\n\n<div class=\"wp-block-image\">\n<figure class=\"aligncenter size-large\"><a class=\"https:\/\/ivam.es\/es\/actividades\/recorrido-sonoro-de-popular\/\" href=\"https:\/\/ivam.es\/es\/exposiciones\/recorrido-sonoro-de-popular\/\" rel=\"https:\/\/ivam.es\/es\/actividades\/recorrido-sonoro-de-popular\/\"><img loading=\"lazy\" decoding=\"async\" width=\"846\" height=\"1024\" src=\"https:\/\/ivam.es\/wp-content\/uploads\/page\/zelenka_747\/00748-846x1024.jpg\" alt=\"\" class=\"wp-image-83156\" srcset=\"https:\/\/ivam.es\/wp-content\/uploads\/page\/zelenka_747\/00748-846x1024.jpg 846w, https:\/\/ivam.es\/wp-content\/uploads\/page\/zelenka_747\/00748-248x300.jpg 248w, https:\/\/ivam.es\/wp-content\/uploads\/page\/zelenka_747\/00748-768x929.jpg 768w, https:\/\/ivam.es\/wp-content\/uploads\/page\/zelenka_747\/00748-1270x1536.jpg 1270w, https:\/\/ivam.es\/wp-content\/uploads\/page\/zelenka_747\/00748-1693x2048.jpg 1693w, https:\/\/ivam.es\/wp-content\/uploads\/page\/zelenka_747\/00748-280x339.jpg 280w, https:\/\/ivam.es\/wp-content\/uploads\/page\/zelenka_747\/00748-467x565.jpg 467w, https:\/\/ivam.es\/wp-content\/uploads\/page\/zelenka_747\/00748-231x279.jpg 231w, https:\/\/ivam.es\/wp-content\/uploads\/page\/zelenka_747\/00748-500x605.jpg 500w\" sizes=\"auto, (max-width: 846px) 100vw, 846px\" \/><\/a><\/figure>\n<\/div>\n\n\n<p>Partitura musical de Jaroslav Jezek <em>\u00abProdam Srdce (parodie)\u00bb<\/em>, 1931. Coberta de Frantisek Zelenka<\/p>\n","protected":false},"excerpt":{"rendered":"<p>Prod\u00e1m Srdce (parodie) &#8211; Ji\u0159\u00ed Voskovec, Jan Werich Partitura musical de Jaroslav Jezek \u00abProdam Srdce (parodie)\u00bb, 1931. Coberta de Frantisek Zelenka<\/p>\n","protected":false},"author":291,"featured_media":0,"parent":0,"menu_order":0,"comment_status":"closed","ping_status":"closed","template":"","meta":{"footnotes":""},"class_list":["post-83155","page","type-page","status-publish","hentry"],"yoast_head":"<!-- This site is optimized with the Yoast SEO plugin v26.0 - https:\/\/yoast.com\/wordpress\/plugins\/seo\/ -->\n<title>- IVAM<\/title>\n<meta name=\"robots\" content=\"index, follow, max-snippet:-1, max-image-preview:large, max-video-preview:-1\" \/>\n<link rel=\"canonical\" href=\"https:\/\/ivam.es\/es\/zelenka_748\/\" \/>\n<meta property=\"og:locale\" content=\"es_ES\" \/>\n<meta property=\"og:type\" content=\"article\" \/>\n<meta property=\"og:title\" content=\"- IVAM\" \/>\n<meta property=\"og:description\" content=\"Prod\u00e1m Srdce (parodie) &#8211; Ji\u0159\u00ed Voskovec, Jan Werich Partitura musical de Jaroslav Jezek \u00abProdam Srdce (parodie)\u00bb, 1931. Coberta de Frantisek Zelenka\" \/>\n<meta property=\"og:url\" content=\"https:\/\/ivam.es\/es\/zelenka_748\/\" \/>\n<meta property=\"og:site_name\" content=\"IVAM\" \/>\n<meta property=\"article:modified_time\" content=\"2023-10-23T11:01:09+00:00\" \/>\n<meta property=\"og:image\" content=\"https:\/\/ivam.es\/wp-content\/uploads\/page\/zelenka_747\/00748-scaled.jpg\" \/>\n\t<meta property=\"og:image:width\" content=\"2116\" \/>\n\t<meta property=\"og:image:height\" content=\"2560\" \/>\n\t<meta property=\"og:image:type\" content=\"image\/jpeg\" \/>\n<meta name=\"twitter:card\" content=\"summary_large_image\" \/>\n<script type=\"application\/ld+json\" class=\"yoast-schema-graph\">{\"@context\":\"https:\/\/schema.org\",\"@graph\":[{\"@type\":\"WebPage\",\"@id\":\"https:\/\/ivam.es\/es\/zelenka_748\/\",\"url\":\"https:\/\/ivam.es\/es\/zelenka_748\/\",\"name\":\"- IVAM\",\"isPartOf\":{\"@id\":\"https:\/\/ivam.es\/es\/#website\"},\"primaryImageOfPage\":{\"@id\":\"https:\/\/ivam.es\/es\/zelenka_748\/#primaryimage\"},\"image\":{\"@id\":\"https:\/\/ivam.es\/es\/zelenka_748\/#primaryimage\"},\"thumbnailUrl\":\"https:\/\/ivam.es\/wp-content\/uploads\/page\/zelenka_747\/00748-846x1024.jpg\",\"datePublished\":\"2023-10-02T18:03:01+00:00\",\"dateModified\":\"2023-10-23T11:01:09+00:00\",\"inLanguage\":\"es\",\"potentialAction\":[{\"@type\":\"ReadAction\",\"target\":[\"https:\/\/ivam.es\/es\/zelenka_748\/\"]}]},{\"@type\":\"ImageObject\",\"inLanguage\":\"es\",\"@id\":\"https:\/\/ivam.es\/es\/zelenka_748\/#primaryimage\",\"url\":\"https:\/\/ivam.es\/wp-content\/uploads\/page\/zelenka_747\/00748-846x1024.jpg\",\"contentUrl\":\"https:\/\/ivam.es\/wp-content\/uploads\/page\/zelenka_747\/00748-846x1024.jpg\"},{\"@type\":\"WebSite\",\"@id\":\"https:\/\/ivam.es\/es\/#website\",\"url\":\"https:\/\/ivam.es\/es\/\",\"name\":\"IVAM\",\"description\":\"Institut Valenci\u00e0 d&#039;Art Modern\",\"publisher\":{\"@id\":\"https:\/\/ivam.es\/es\/#organization\"},\"potentialAction\":[{\"@type\":\"SearchAction\",\"target\":{\"@type\":\"EntryPoint\",\"urlTemplate\":\"https:\/\/ivam.es\/es\/?s={search_term_string}\"},\"query-input\":{\"@type\":\"PropertyValueSpecification\",\"valueRequired\":true,\"valueName\":\"search_term_string\"}}],\"inLanguage\":\"es\"},{\"@type\":\"Organization\",\"@id\":\"https:\/\/ivam.es\/es\/#organization\",\"name\":\"IVAM\",\"url\":\"https:\/\/ivam.es\/es\/\",\"logo\":{\"@type\":\"ImageObject\",\"inLanguage\":\"es\",\"@id\":\"https:\/\/ivam.es\/es\/#\/schema\/logo\/image\/\",\"url\":\"https:\/\/ivam.es\/wp-content\/uploads\/logo-ok-512.png\",\"contentUrl\":\"https:\/\/ivam.es\/wp-content\/uploads\/logo-ok-512.png\",\"width\":512,\"height\":512,\"caption\":\"IVAM\"},\"image\":{\"@id\":\"https:\/\/ivam.es\/es\/#\/schema\/logo\/image\/\"}}]}<\/script>\n<!-- \/ Yoast SEO plugin. -->","yoast_head_json":{"title":"- IVAM","robots":{"index":"index","follow":"follow","max-snippet":"max-snippet:-1","max-image-preview":"max-image-preview:large","max-video-preview":"max-video-preview:-1"},"canonical":"https:\/\/ivam.es\/es\/zelenka_748\/","og_locale":"es_ES","og_type":"article","og_title":"- IVAM","og_description":"Prod\u00e1m Srdce (parodie) &#8211; Ji\u0159\u00ed Voskovec, Jan Werich Partitura musical de Jaroslav Jezek \u00abProdam Srdce (parodie)\u00bb, 1931. Coberta de Frantisek Zelenka","og_url":"https:\/\/ivam.es\/es\/zelenka_748\/","og_site_name":"IVAM","article_modified_time":"2023-10-23T11:01:09+00:00","og_image":[{"width":2116,"height":2560,"url":"https:\/\/ivam.es\/wp-content\/uploads\/page\/zelenka_747\/00748-scaled.jpg","type":"image\/jpeg"}],"twitter_card":"summary_large_image","schema":{"@context":"https:\/\/schema.org","@graph":[{"@type":"WebPage","@id":"https:\/\/ivam.es\/es\/zelenka_748\/","url":"https:\/\/ivam.es\/es\/zelenka_748\/","name":"- IVAM","isPartOf":{"@id":"https:\/\/ivam.es\/es\/#website"},"primaryImageOfPage":{"@id":"https:\/\/ivam.es\/es\/zelenka_748\/#primaryimage"},"image":{"@id":"https:\/\/ivam.es\/es\/zelenka_748\/#primaryimage"},"thumbnailUrl":"https:\/\/ivam.es\/wp-content\/uploads\/page\/zelenka_747\/00748-846x1024.jpg","datePublished":"2023-10-02T18:03:01+00:00","dateModified":"2023-10-23T11:01:09+00:00","inLanguage":"es","potentialAction":[{"@type":"ReadAction","target":["https:\/\/ivam.es\/es\/zelenka_748\/"]}]},{"@type":"ImageObject","inLanguage":"es","@id":"https:\/\/ivam.es\/es\/zelenka_748\/#primaryimage","url":"https:\/\/ivam.es\/wp-content\/uploads\/page\/zelenka_747\/00748-846x1024.jpg","contentUrl":"https:\/\/ivam.es\/wp-content\/uploads\/page\/zelenka_747\/00748-846x1024.jpg"},{"@type":"WebSite","@id":"https:\/\/ivam.es\/es\/#website","url":"https:\/\/ivam.es\/es\/","name":"IVAM","description":"Institut Valenci\u00e0 d&#039;Art Modern","publisher":{"@id":"https:\/\/ivam.es\/es\/#organization"},"potentialAction":[{"@type":"SearchAction","target":{"@type":"EntryPoint","urlTemplate":"https:\/\/ivam.es\/es\/?s={search_term_string}"},"query-input":{"@type":"PropertyValueSpecification","valueRequired":true,"valueName":"search_term_string"}}],"inLanguage":"es"},{"@type":"Organization","@id":"https:\/\/ivam.es\/es\/#organization","name":"IVAM","url":"https:\/\/ivam.es\/es\/","logo":{"@type":"ImageObject","inLanguage":"es","@id":"https:\/\/ivam.es\/es\/#\/schema\/logo\/image\/","url":"https:\/\/ivam.es\/wp-content\/uploads\/logo-ok-512.png","contentUrl":"https:\/\/ivam.es\/wp-content\/uploads\/logo-ok-512.png","width":512,"height":512,"caption":"IVAM"},"image":{"@id":"https:\/\/ivam.es\/es\/#\/schema\/logo\/image\/"}}]}},"_links":{"self":[{"href":"https:\/\/ivam.es\/es\/wp-json\/wp\/v2\/pages\/83155","targetHints":{"allow":["GET"]}}],"collection":[{"href":"https:\/\/ivam.es\/es\/wp-json\/wp\/v2\/pages"}],"about":[{"href":"https:\/\/ivam.es\/es\/wp-json\/wp\/v2\/types\/page"}],"author":[{"embeddable":true,"href":"https:\/\/ivam.es\/es\/wp-json\/wp\/v2\/users\/291"}],"replies":[{"embeddable":true,"href":"https:\/\/ivam.es\/es\/wp-json\/wp\/v2\/comments?post=83155"}],"version-history":[{"count":4,"href":"https:\/\/ivam.es\/es\/wp-json\/wp\/v2\/pages\/83155\/revisions"}],"predecessor-version":[{"id":83582,"href":"https:\/\/ivam.es\/es\/wp-json\/wp\/v2\/pages\/83155\/revisions\/83582"}],"wp:attachment":[{"href":"https:\/\/ivam.es\/es\/wp-json\/wp\/v2\/media?parent=83155"}],"curies":[{"name":"wp","href":"https:\/\/api.w.org\/{rel}","templated":true}]}}