{"id":82977,"date":"2023-09-29T12:48:07","date_gmt":"2023-09-29T10:48:07","guid":{"rendered":"https:\/\/ivam.es\/?page_id=82977"},"modified":"2023-10-23T13:13:10","modified_gmt":"2023-10-23T11:13:10","slug":"5524-2","status":"publish","type":"page","link":"https:\/\/ivam.es\/es\/5524-2\/","title":{"rendered":""},"content":{"rendered":"\n<figure class=\"wp-block-audio\"><audio controls controlslist=\"nodownload\" src=\"https:\/\/ivam.es\/wp-content\/audios\/viva.wav\"><\/audio><\/figure>\n\n\n\n<p>\u00a1Viva Octubre! &#8211; Ni\u00f1o de Elche feat Diego de Mor\u00f3n<\/p>\n\n\n\n<figure class=\"wp-block-image size-large\"><a href=\"https:\/\/ivam.es\/es\/exposiciones\/recorrido-sonoro-de-popular\/\"><img loading=\"lazy\" decoding=\"async\" width=\"860\" height=\"1024\" src=\"https:\/\/ivam.es\/wp-content\/uploads\/page\/5524\/05524-860x1024.jpeg\" alt=\"\" class=\"wp-image-82979\" srcset=\"https:\/\/ivam.es\/wp-content\/uploads\/page\/5524\/05524-860x1024.jpeg 860w, https:\/\/ivam.es\/wp-content\/uploads\/page\/5524\/05524-252x300.jpeg 252w, https:\/\/ivam.es\/wp-content\/uploads\/page\/5524\/05524-768x914.jpeg 768w, https:\/\/ivam.es\/wp-content\/uploads\/page\/5524\/05524-1291x1536.jpeg 1291w, https:\/\/ivam.es\/wp-content\/uploads\/page\/5524\/05524-1721x2048.jpeg 1721w, https:\/\/ivam.es\/wp-content\/uploads\/page\/5524\/05524-280x333.jpeg 280w, https:\/\/ivam.es\/wp-content\/uploads\/page\/5524\/05524-467x556.jpeg 467w, https:\/\/ivam.es\/wp-content\/uploads\/page\/5524\/05524-231x275.jpeg 231w, https:\/\/ivam.es\/wp-content\/uploads\/page\/5524\/05524-500x595.jpeg 500w\" sizes=\"auto, (max-width: 860px) 100vw, 860px\" \/><\/a><\/figure>\n\n\n\n<p>Helios G\u00f3mez. <em>Viva octubre, Dessins sur la r\u00e9volution espagnole<\/em>, ca. 1934<\/p>\n\n\n\n<p><\/p>\n\n\n\n<p>\u00a1VIVA OCTUBRE! (feat Diego de Mor\u00f3n)<br><em>(A partir de la obra de Helios G\u00f3mez)<\/em><br>Letra: Helios G\u00f3mez<br>M\u00fasica: Ni\u00f1o de Elche y Diego de Mor\u00f3n<br>Voz: Ni\u00f1o de Elche<br>Guitarra flamenca: Diego de Mor\u00f3n<br>Producido y mezclado por Xisco Rojo con la colaboraci\u00f3n de Ni\u00f1o de Elche.<\/p>\n","protected":false},"excerpt":{"rendered":"<p>\u00a1Viva Octubre! &#8211; Ni\u00f1o de Elche feat Diego de Mor\u00f3n Helios G\u00f3mez. Viva octubre, Dessins sur la r\u00e9volution espagnole, ca. 1934 \u00a1VIVA OCTUBRE! (feat Diego de Mor\u00f3n)(A partir de la obra de Helios G\u00f3mez)Letra: Helios G\u00f3mezM\u00fasica: Ni\u00f1o de Elche y Diego de Mor\u00f3nVoz: Ni\u00f1o de ElcheGuitarra flamenca: Diego de Mor\u00f3nProducido y mezclado por Xisco Rojo [&hellip;]<\/p>\n","protected":false},"author":291,"featured_media":0,"parent":0,"menu_order":0,"comment_status":"closed","ping_status":"closed","template":"","meta":{"footnotes":""},"class_list":["post-82977","page","type-page","status-publish","hentry"],"yoast_head":"<!-- This site is optimized with the Yoast SEO plugin v26.0 - https:\/\/yoast.com\/wordpress\/plugins\/seo\/ -->\n<title>- IVAM<\/title>\n<meta name=\"robots\" content=\"index, follow, max-snippet:-1, max-image-preview:large, max-video-preview:-1\" \/>\n<link rel=\"canonical\" href=\"https:\/\/ivam.es\/es\/5524-2\/\" \/>\n<meta property=\"og:locale\" content=\"es_ES\" \/>\n<meta property=\"og:type\" content=\"article\" \/>\n<meta property=\"og:title\" content=\"- IVAM\" \/>\n<meta property=\"og:description\" content=\"\u00a1Viva Octubre! &#8211; Ni\u00f1o de Elche feat Diego de Mor\u00f3n Helios G\u00f3mez. Viva octubre, Dessins sur la r\u00e9volution espagnole, ca. 1934 \u00a1VIVA OCTUBRE! (feat Diego de Mor\u00f3n)(A partir de la obra de Helios G\u00f3mez)Letra: Helios G\u00f3mezM\u00fasica: Ni\u00f1o de Elche y Diego de Mor\u00f3nVoz: Ni\u00f1o de ElcheGuitarra flamenca: Diego de Mor\u00f3nProducido y mezclado por Xisco Rojo [&hellip;]\" \/>\n<meta property=\"og:url\" content=\"https:\/\/ivam.es\/es\/5524-2\/\" \/>\n<meta property=\"og:site_name\" content=\"IVAM\" \/>\n<meta property=\"article:modified_time\" content=\"2023-10-23T11:13:10+00:00\" \/>\n<meta property=\"og:image\" content=\"https:\/\/ivam.es\/wp-content\/uploads\/page\/5524\/05524-scaled.jpeg\" \/>\n\t<meta property=\"og:image:width\" content=\"2151\" \/>\n\t<meta property=\"og:image:height\" content=\"2560\" \/>\n\t<meta property=\"og:image:type\" content=\"image\/jpeg\" \/>\n<meta name=\"twitter:card\" content=\"summary_large_image\" \/>\n<script type=\"application\/ld+json\" class=\"yoast-schema-graph\">{\"@context\":\"https:\/\/schema.org\",\"@graph\":[{\"@type\":\"WebPage\",\"@id\":\"https:\/\/ivam.es\/es\/5524-2\/\",\"url\":\"https:\/\/ivam.es\/es\/5524-2\/\",\"name\":\"- IVAM\",\"isPartOf\":{\"@id\":\"https:\/\/ivam.es\/es\/#website\"},\"primaryImageOfPage\":{\"@id\":\"https:\/\/ivam.es\/es\/5524-2\/#primaryimage\"},\"image\":{\"@id\":\"https:\/\/ivam.es\/es\/5524-2\/#primaryimage\"},\"thumbnailUrl\":\"https:\/\/ivam.es\/wp-content\/uploads\/page\/5524\/05524-860x1024.jpeg\",\"datePublished\":\"2023-09-29T10:48:07+00:00\",\"dateModified\":\"2023-10-23T11:13:10+00:00\",\"inLanguage\":\"es\",\"potentialAction\":[{\"@type\":\"ReadAction\",\"target\":[\"https:\/\/ivam.es\/es\/5524-2\/\"]}]},{\"@type\":\"ImageObject\",\"inLanguage\":\"es\",\"@id\":\"https:\/\/ivam.es\/es\/5524-2\/#primaryimage\",\"url\":\"https:\/\/ivam.es\/wp-content\/uploads\/page\/5524\/05524-860x1024.jpeg\",\"contentUrl\":\"https:\/\/ivam.es\/wp-content\/uploads\/page\/5524\/05524-860x1024.jpeg\"},{\"@type\":\"WebSite\",\"@id\":\"https:\/\/ivam.es\/es\/#website\",\"url\":\"https:\/\/ivam.es\/es\/\",\"name\":\"IVAM\",\"description\":\"Institut Valenci\u00e0 d&#039;Art Modern\",\"publisher\":{\"@id\":\"https:\/\/ivam.es\/es\/#organization\"},\"potentialAction\":[{\"@type\":\"SearchAction\",\"target\":{\"@type\":\"EntryPoint\",\"urlTemplate\":\"https:\/\/ivam.es\/es\/?s={search_term_string}\"},\"query-input\":{\"@type\":\"PropertyValueSpecification\",\"valueRequired\":true,\"valueName\":\"search_term_string\"}}],\"inLanguage\":\"es\"},{\"@type\":\"Organization\",\"@id\":\"https:\/\/ivam.es\/es\/#organization\",\"name\":\"IVAM\",\"url\":\"https:\/\/ivam.es\/es\/\",\"logo\":{\"@type\":\"ImageObject\",\"inLanguage\":\"es\",\"@id\":\"https:\/\/ivam.es\/es\/#\/schema\/logo\/image\/\",\"url\":\"https:\/\/ivam.es\/wp-content\/uploads\/logo-ok-512.png\",\"contentUrl\":\"https:\/\/ivam.es\/wp-content\/uploads\/logo-ok-512.png\",\"width\":512,\"height\":512,\"caption\":\"IVAM\"},\"image\":{\"@id\":\"https:\/\/ivam.es\/es\/#\/schema\/logo\/image\/\"}}]}<\/script>\n<!-- \/ Yoast SEO plugin. -->","yoast_head_json":{"title":"- IVAM","robots":{"index":"index","follow":"follow","max-snippet":"max-snippet:-1","max-image-preview":"max-image-preview:large","max-video-preview":"max-video-preview:-1"},"canonical":"https:\/\/ivam.es\/es\/5524-2\/","og_locale":"es_ES","og_type":"article","og_title":"- IVAM","og_description":"\u00a1Viva Octubre! &#8211; Ni\u00f1o de Elche feat Diego de Mor\u00f3n Helios G\u00f3mez. Viva octubre, Dessins sur la r\u00e9volution espagnole, ca. 1934 \u00a1VIVA OCTUBRE! (feat Diego de Mor\u00f3n)(A partir de la obra de Helios G\u00f3mez)Letra: Helios G\u00f3mezM\u00fasica: Ni\u00f1o de Elche y Diego de Mor\u00f3nVoz: Ni\u00f1o de ElcheGuitarra flamenca: Diego de Mor\u00f3nProducido y mezclado por Xisco Rojo [&hellip;]","og_url":"https:\/\/ivam.es\/es\/5524-2\/","og_site_name":"IVAM","article_modified_time":"2023-10-23T11:13:10+00:00","og_image":[{"width":2151,"height":2560,"url":"https:\/\/ivam.es\/wp-content\/uploads\/page\/5524\/05524-scaled.jpeg","type":"image\/jpeg"}],"twitter_card":"summary_large_image","schema":{"@context":"https:\/\/schema.org","@graph":[{"@type":"WebPage","@id":"https:\/\/ivam.es\/es\/5524-2\/","url":"https:\/\/ivam.es\/es\/5524-2\/","name":"- IVAM","isPartOf":{"@id":"https:\/\/ivam.es\/es\/#website"},"primaryImageOfPage":{"@id":"https:\/\/ivam.es\/es\/5524-2\/#primaryimage"},"image":{"@id":"https:\/\/ivam.es\/es\/5524-2\/#primaryimage"},"thumbnailUrl":"https:\/\/ivam.es\/wp-content\/uploads\/page\/5524\/05524-860x1024.jpeg","datePublished":"2023-09-29T10:48:07+00:00","dateModified":"2023-10-23T11:13:10+00:00","inLanguage":"es","potentialAction":[{"@type":"ReadAction","target":["https:\/\/ivam.es\/es\/5524-2\/"]}]},{"@type":"ImageObject","inLanguage":"es","@id":"https:\/\/ivam.es\/es\/5524-2\/#primaryimage","url":"https:\/\/ivam.es\/wp-content\/uploads\/page\/5524\/05524-860x1024.jpeg","contentUrl":"https:\/\/ivam.es\/wp-content\/uploads\/page\/5524\/05524-860x1024.jpeg"},{"@type":"WebSite","@id":"https:\/\/ivam.es\/es\/#website","url":"https:\/\/ivam.es\/es\/","name":"IVAM","description":"Institut Valenci\u00e0 d&#039;Art Modern","publisher":{"@id":"https:\/\/ivam.es\/es\/#organization"},"potentialAction":[{"@type":"SearchAction","target":{"@type":"EntryPoint","urlTemplate":"https:\/\/ivam.es\/es\/?s={search_term_string}"},"query-input":{"@type":"PropertyValueSpecification","valueRequired":true,"valueName":"search_term_string"}}],"inLanguage":"es"},{"@type":"Organization","@id":"https:\/\/ivam.es\/es\/#organization","name":"IVAM","url":"https:\/\/ivam.es\/es\/","logo":{"@type":"ImageObject","inLanguage":"es","@id":"https:\/\/ivam.es\/es\/#\/schema\/logo\/image\/","url":"https:\/\/ivam.es\/wp-content\/uploads\/logo-ok-512.png","contentUrl":"https:\/\/ivam.es\/wp-content\/uploads\/logo-ok-512.png","width":512,"height":512,"caption":"IVAM"},"image":{"@id":"https:\/\/ivam.es\/es\/#\/schema\/logo\/image\/"}}]}},"_links":{"self":[{"href":"https:\/\/ivam.es\/es\/wp-json\/wp\/v2\/pages\/82977","targetHints":{"allow":["GET"]}}],"collection":[{"href":"https:\/\/ivam.es\/es\/wp-json\/wp\/v2\/pages"}],"about":[{"href":"https:\/\/ivam.es\/es\/wp-json\/wp\/v2\/types\/page"}],"author":[{"embeddable":true,"href":"https:\/\/ivam.es\/es\/wp-json\/wp\/v2\/users\/291"}],"replies":[{"embeddable":true,"href":"https:\/\/ivam.es\/es\/wp-json\/wp\/v2\/comments?post=82977"}],"version-history":[{"count":9,"href":"https:\/\/ivam.es\/es\/wp-json\/wp\/v2\/pages\/82977\/revisions"}],"predecessor-version":[{"id":83595,"href":"https:\/\/ivam.es\/es\/wp-json\/wp\/v2\/pages\/82977\/revisions\/83595"}],"wp:attachment":[{"href":"https:\/\/ivam.es\/es\/wp-json\/wp\/v2\/media?parent=82977"}],"curies":[{"name":"wp","href":"https:\/\/api.w.org\/{rel}","templated":true}]}}