{"id":82974,"date":"2023-09-29T12:46:00","date_gmt":"2023-09-29T10:46:00","guid":{"rendered":"https:\/\/ivam.es\/?page_id=82974"},"modified":"2023-10-23T13:13:20","modified_gmt":"2023-10-23T11:13:20","slug":"prestamo","status":"publish","type":"page","link":"https:\/\/ivam.es\/es\/prestamo\/","title":{"rendered":""},"content":{"rendered":"\n<figure class=\"wp-block-audio\"><audio controls controlslist=\"nodownload\" src=\"https:\/\/ivam.es\/wp-content\/audios\/ven.wav\"><\/audio><\/figure>\n\n\n\n<p>Ven, Miguel &#8211; Ni\u00f1o de Elche<\/p>\n\n\n<div class=\"wp-block-image\">\n<figure class=\"aligncenter size-large\"><a href=\"https:\/\/ivam.es\/es\/exposiciones\/recorrido-sonoro-de-popular\/\"><img loading=\"lazy\" decoding=\"async\" width=\"575\" height=\"1024\" src=\"https:\/\/ivam.es\/wp-content\/uploads\/page\/prestamo\/231002_MNCARS_1-575x1024.jpg\" alt=\"\" class=\"wp-image-83265\" srcset=\"https:\/\/ivam.es\/wp-content\/uploads\/page\/prestamo\/231002_MNCARS_1-575x1024.jpg 575w, https:\/\/ivam.es\/wp-content\/uploads\/page\/prestamo\/231002_MNCARS_1-168x300.jpg 168w, https:\/\/ivam.es\/wp-content\/uploads\/page\/prestamo\/231002_MNCARS_1-768x1369.jpg 768w, https:\/\/ivam.es\/wp-content\/uploads\/page\/prestamo\/231002_MNCARS_1-862x1536.jpg 862w, https:\/\/ivam.es\/wp-content\/uploads\/page\/prestamo\/231002_MNCARS_1-1149x2048.jpg 1149w, https:\/\/ivam.es\/wp-content\/uploads\/page\/prestamo\/231002_MNCARS_1-280x499.jpg 280w, https:\/\/ivam.es\/wp-content\/uploads\/page\/prestamo\/231002_MNCARS_1-467x832.jpg 467w, https:\/\/ivam.es\/wp-content\/uploads\/page\/prestamo\/231002_MNCARS_1-231x412.jpg 231w, https:\/\/ivam.es\/wp-content\/uploads\/page\/prestamo\/231002_MNCARS_1-500x891.jpg 500w, https:\/\/ivam.es\/wp-content\/uploads\/page\/prestamo\/231002_MNCARS_1-scaled.jpg 1437w\" sizes=\"auto, (max-width: 575px) 100vw, 575px\" \/><\/a><\/figure>\n<\/div>\n\n\n<p>La Familia Lavapi\u00e9s<br><em>S.T. <\/em>(Homenaje de los pueblos de Espa\u00f1a a Miguel Hern\u00e1ndez. Ven. Del 17 al 27 de mayo Orihuela-Alicante), ca. 1976<br>Archivo Lafuente. Biblioteca y Centro de Documentaci\u00f3n del Museo Nacional Centro de Arte Reina Sof\u00eda<\/p>\n\n\n\n<p><\/p>\n\n\n\n<p>VEN, MIGUEL<br><em>( A partir de la obra de Miguel Hern\u00e1ndez)<\/em><br>Letra: Gabriel Celaya<br>M\u00fasica: Ni\u00f1o de Elche, Xisco Rojo<br>Voces: Ni\u00f1o de Elche, Miguel Hern\u00e1ndez<br>Guitarra portuguesa, sintetizadores y percusiones: Xisco Rojo<br>Producido y mezclado por Xisco Rojo con la colaboraci\u00f3n de Ni\u00f1o de Elche.<\/p>\n","protected":false},"excerpt":{"rendered":"<p>Ven, Miguel &#8211; Ni\u00f1o de Elche La Familia Lavapi\u00e9sS.T. (Homenaje de los pueblos de Espa\u00f1a a Miguel Hern\u00e1ndez. Ven. Del 17 al 27 de mayo Orihuela-Alicante), ca. 1976Archivo Lafuente. Biblioteca y Centro de Documentaci\u00f3n del Museo Nacional Centro de Arte Reina Sof\u00eda VEN, MIGUEL( A partir de la obra de Miguel Hern\u00e1ndez)Letra: Gabriel CelayaM\u00fasica: Ni\u00f1o [&hellip;]<\/p>\n","protected":false},"author":291,"featured_media":0,"parent":0,"menu_order":0,"comment_status":"closed","ping_status":"closed","template":"","meta":{"footnotes":""},"class_list":["post-82974","page","type-page","status-publish","hentry"],"yoast_head":"<!-- This site is optimized with the Yoast SEO plugin v26.0 - https:\/\/yoast.com\/wordpress\/plugins\/seo\/ -->\n<title>- IVAM<\/title>\n<meta name=\"robots\" content=\"index, follow, max-snippet:-1, max-image-preview:large, max-video-preview:-1\" \/>\n<link rel=\"canonical\" href=\"https:\/\/ivam.es\/es\/prestamo\/\" \/>\n<meta property=\"og:locale\" content=\"es_ES\" \/>\n<meta property=\"og:type\" content=\"article\" \/>\n<meta property=\"og:title\" content=\"- IVAM\" \/>\n<meta property=\"og:description\" content=\"Ven, Miguel &#8211; Ni\u00f1o de Elche La Familia Lavapi\u00e9sS.T. (Homenaje de los pueblos de Espa\u00f1a a Miguel Hern\u00e1ndez. Ven. Del 17 al 27 de mayo Orihuela-Alicante), ca. 1976Archivo Lafuente. Biblioteca y Centro de Documentaci\u00f3n del Museo Nacional Centro de Arte Reina Sof\u00eda VEN, MIGUEL( A partir de la obra de Miguel Hern\u00e1ndez)Letra: Gabriel CelayaM\u00fasica: Ni\u00f1o [&hellip;]\" \/>\n<meta property=\"og:url\" content=\"https:\/\/ivam.es\/es\/prestamo\/\" \/>\n<meta property=\"og:site_name\" content=\"IVAM\" \/>\n<meta property=\"article:modified_time\" content=\"2023-10-23T11:13:20+00:00\" \/>\n<meta property=\"og:image\" content=\"https:\/\/ivam.es\/wp-content\/uploads\/page\/prestamo\/231002_MNCARS_1-scaled.jpg\" \/>\n\t<meta property=\"og:image:width\" content=\"1437\" \/>\n\t<meta property=\"og:image:height\" content=\"2560\" \/>\n\t<meta property=\"og:image:type\" content=\"image\/jpeg\" \/>\n<meta name=\"twitter:card\" content=\"summary_large_image\" \/>\n<script type=\"application\/ld+json\" class=\"yoast-schema-graph\">{\"@context\":\"https:\/\/schema.org\",\"@graph\":[{\"@type\":\"WebPage\",\"@id\":\"https:\/\/ivam.es\/es\/prestamo\/\",\"url\":\"https:\/\/ivam.es\/es\/prestamo\/\",\"name\":\"- IVAM\",\"isPartOf\":{\"@id\":\"https:\/\/ivam.es\/es\/#website\"},\"primaryImageOfPage\":{\"@id\":\"https:\/\/ivam.es\/es\/prestamo\/#primaryimage\"},\"image\":{\"@id\":\"https:\/\/ivam.es\/es\/prestamo\/#primaryimage\"},\"thumbnailUrl\":\"https:\/\/ivam.es\/wp-content\/uploads\/page\/prestamo\/231002_MNCARS_1-575x1024.jpg\",\"datePublished\":\"2023-09-29T10:46:00+00:00\",\"dateModified\":\"2023-10-23T11:13:20+00:00\",\"inLanguage\":\"es\",\"potentialAction\":[{\"@type\":\"ReadAction\",\"target\":[\"https:\/\/ivam.es\/es\/prestamo\/\"]}]},{\"@type\":\"ImageObject\",\"inLanguage\":\"es\",\"@id\":\"https:\/\/ivam.es\/es\/prestamo\/#primaryimage\",\"url\":\"https:\/\/ivam.es\/wp-content\/uploads\/page\/prestamo\/231002_MNCARS_1-575x1024.jpg\",\"contentUrl\":\"https:\/\/ivam.es\/wp-content\/uploads\/page\/prestamo\/231002_MNCARS_1-575x1024.jpg\"},{\"@type\":\"WebSite\",\"@id\":\"https:\/\/ivam.es\/es\/#website\",\"url\":\"https:\/\/ivam.es\/es\/\",\"name\":\"IVAM\",\"description\":\"Institut Valenci\u00e0 d&#039;Art Modern\",\"publisher\":{\"@id\":\"https:\/\/ivam.es\/es\/#organization\"},\"potentialAction\":[{\"@type\":\"SearchAction\",\"target\":{\"@type\":\"EntryPoint\",\"urlTemplate\":\"https:\/\/ivam.es\/es\/?s={search_term_string}\"},\"query-input\":{\"@type\":\"PropertyValueSpecification\",\"valueRequired\":true,\"valueName\":\"search_term_string\"}}],\"inLanguage\":\"es\"},{\"@type\":\"Organization\",\"@id\":\"https:\/\/ivam.es\/es\/#organization\",\"name\":\"IVAM\",\"url\":\"https:\/\/ivam.es\/es\/\",\"logo\":{\"@type\":\"ImageObject\",\"inLanguage\":\"es\",\"@id\":\"https:\/\/ivam.es\/es\/#\/schema\/logo\/image\/\",\"url\":\"https:\/\/ivam.es\/wp-content\/uploads\/logo-ok-512.png\",\"contentUrl\":\"https:\/\/ivam.es\/wp-content\/uploads\/logo-ok-512.png\",\"width\":512,\"height\":512,\"caption\":\"IVAM\"},\"image\":{\"@id\":\"https:\/\/ivam.es\/es\/#\/schema\/logo\/image\/\"}}]}<\/script>\n<!-- \/ Yoast SEO plugin. -->","yoast_head_json":{"title":"- IVAM","robots":{"index":"index","follow":"follow","max-snippet":"max-snippet:-1","max-image-preview":"max-image-preview:large","max-video-preview":"max-video-preview:-1"},"canonical":"https:\/\/ivam.es\/es\/prestamo\/","og_locale":"es_ES","og_type":"article","og_title":"- IVAM","og_description":"Ven, Miguel &#8211; Ni\u00f1o de Elche La Familia Lavapi\u00e9sS.T. (Homenaje de los pueblos de Espa\u00f1a a Miguel Hern\u00e1ndez. Ven. Del 17 al 27 de mayo Orihuela-Alicante), ca. 1976Archivo Lafuente. Biblioteca y Centro de Documentaci\u00f3n del Museo Nacional Centro de Arte Reina Sof\u00eda VEN, MIGUEL( A partir de la obra de Miguel Hern\u00e1ndez)Letra: Gabriel CelayaM\u00fasica: Ni\u00f1o [&hellip;]","og_url":"https:\/\/ivam.es\/es\/prestamo\/","og_site_name":"IVAM","article_modified_time":"2023-10-23T11:13:20+00:00","og_image":[{"width":1437,"height":2560,"url":"https:\/\/ivam.es\/wp-content\/uploads\/page\/prestamo\/231002_MNCARS_1-scaled.jpg","type":"image\/jpeg"}],"twitter_card":"summary_large_image","schema":{"@context":"https:\/\/schema.org","@graph":[{"@type":"WebPage","@id":"https:\/\/ivam.es\/es\/prestamo\/","url":"https:\/\/ivam.es\/es\/prestamo\/","name":"- IVAM","isPartOf":{"@id":"https:\/\/ivam.es\/es\/#website"},"primaryImageOfPage":{"@id":"https:\/\/ivam.es\/es\/prestamo\/#primaryimage"},"image":{"@id":"https:\/\/ivam.es\/es\/prestamo\/#primaryimage"},"thumbnailUrl":"https:\/\/ivam.es\/wp-content\/uploads\/page\/prestamo\/231002_MNCARS_1-575x1024.jpg","datePublished":"2023-09-29T10:46:00+00:00","dateModified":"2023-10-23T11:13:20+00:00","inLanguage":"es","potentialAction":[{"@type":"ReadAction","target":["https:\/\/ivam.es\/es\/prestamo\/"]}]},{"@type":"ImageObject","inLanguage":"es","@id":"https:\/\/ivam.es\/es\/prestamo\/#primaryimage","url":"https:\/\/ivam.es\/wp-content\/uploads\/page\/prestamo\/231002_MNCARS_1-575x1024.jpg","contentUrl":"https:\/\/ivam.es\/wp-content\/uploads\/page\/prestamo\/231002_MNCARS_1-575x1024.jpg"},{"@type":"WebSite","@id":"https:\/\/ivam.es\/es\/#website","url":"https:\/\/ivam.es\/es\/","name":"IVAM","description":"Institut Valenci\u00e0 d&#039;Art Modern","publisher":{"@id":"https:\/\/ivam.es\/es\/#organization"},"potentialAction":[{"@type":"SearchAction","target":{"@type":"EntryPoint","urlTemplate":"https:\/\/ivam.es\/es\/?s={search_term_string}"},"query-input":{"@type":"PropertyValueSpecification","valueRequired":true,"valueName":"search_term_string"}}],"inLanguage":"es"},{"@type":"Organization","@id":"https:\/\/ivam.es\/es\/#organization","name":"IVAM","url":"https:\/\/ivam.es\/es\/","logo":{"@type":"ImageObject","inLanguage":"es","@id":"https:\/\/ivam.es\/es\/#\/schema\/logo\/image\/","url":"https:\/\/ivam.es\/wp-content\/uploads\/logo-ok-512.png","contentUrl":"https:\/\/ivam.es\/wp-content\/uploads\/logo-ok-512.png","width":512,"height":512,"caption":"IVAM"},"image":{"@id":"https:\/\/ivam.es\/es\/#\/schema\/logo\/image\/"}}]}},"_links":{"self":[{"href":"https:\/\/ivam.es\/es\/wp-json\/wp\/v2\/pages\/82974","targetHints":{"allow":["GET"]}}],"collection":[{"href":"https:\/\/ivam.es\/es\/wp-json\/wp\/v2\/pages"}],"about":[{"href":"https:\/\/ivam.es\/es\/wp-json\/wp\/v2\/types\/page"}],"author":[{"embeddable":true,"href":"https:\/\/ivam.es\/es\/wp-json\/wp\/v2\/users\/291"}],"replies":[{"embeddable":true,"href":"https:\/\/ivam.es\/es\/wp-json\/wp\/v2\/comments?post=82974"}],"version-history":[{"count":9,"href":"https:\/\/ivam.es\/es\/wp-json\/wp\/v2\/pages\/82974\/revisions"}],"predecessor-version":[{"id":83596,"href":"https:\/\/ivam.es\/es\/wp-json\/wp\/v2\/pages\/82974\/revisions\/83596"}],"wp:attachment":[{"href":"https:\/\/ivam.es\/es\/wp-json\/wp\/v2\/media?parent=82974"}],"curies":[{"name":"wp","href":"https:\/\/api.w.org\/{rel}","templated":true}]}}