{"id":82968,"date":"2023-09-29T12:38:34","date_gmt":"2023-09-29T10:38:34","guid":{"rendered":"https:\/\/ivam.es\/?page_id=82968"},"modified":"2023-10-23T13:13:32","modified_gmt":"2023-10-23T11:13:32","slug":"15742-2","status":"publish","type":"page","link":"https:\/\/ivam.es\/es\/15742-2\/","title":{"rendered":""},"content":{"rendered":"\n<figure class=\"wp-block-audio\"><audio controls controlslist=\"nodownload\"  src=\"https:\/\/ivam.es\/wp-content\/audios\/valie.wav\"><\/audio><\/figure>\n\n\n\n<p>Valie Export &#8211; Ni\u00f1o de Elche<\/p>\n\n\n<div class=\"wp-block-image\">\n<figure class=\"aligncenter size-large\"><a href=\"https:\/\/ivam.es\/es\/exposiciones\/recorrido-sonoro-de-popular\/\"><img loading=\"lazy\" decoding=\"async\" width=\"725\" height=\"1024\" src=\"https:\/\/ivam.es\/wp-content\/uploads\/page\/15742\/15742-725x1024.jpg\" alt=\"\" class=\"wp-image-82970\" srcset=\"https:\/\/ivam.es\/wp-content\/uploads\/page\/15742\/15742-725x1024.jpg 725w, https:\/\/ivam.es\/wp-content\/uploads\/page\/15742\/15742-213x300.jpg 213w, https:\/\/ivam.es\/wp-content\/uploads\/page\/15742\/15742-280x395.jpg 280w, https:\/\/ivam.es\/wp-content\/uploads\/page\/15742\/15742-467x659.jpg 467w, https:\/\/ivam.es\/wp-content\/uploads\/page\/15742\/15742-231x326.jpg 231w, https:\/\/ivam.es\/wp-content\/uploads\/page\/15742\/15742-500x706.jpg 500w, https:\/\/ivam.es\/wp-content\/uploads\/page\/15742\/15742.jpg 753w\" sizes=\"auto, (max-width: 725px) 100vw, 725px\" \/><\/a><\/figure>\n<\/div>\n\n\n<p>Valie Export. <em>Tattoo II,<\/em> 1972<\/p>\n\n\n\n<p><\/p>\n\n\n\n<p>VALIE EXPORT<br><em>(A partir de la obra de Valie Export)<\/em><br>Letra: Ni\u00f1o de Elche<br>M\u00fasica: Ni\u00f1o de Elche, Xisco Rojo.<br>Voz: Ni\u00f1o de Elche<br>Sintetizadores y arreglos electr\u00f3nicos: Xisco Rojo.<br>Producido y mezclado por Xisco Rojo con la colaboraci\u00f3n de Ni\u00f1o de Elche.<\/p>\n","protected":false},"excerpt":{"rendered":"<p>Valie Export &#8211; Ni\u00f1o de Elche Valie Export. Tattoo II, 1972 VALIE EXPORT(A partir de la obra de Valie Export)Letra: Ni\u00f1o de ElcheM\u00fasica: Ni\u00f1o de Elche, Xisco Rojo.Voz: Ni\u00f1o de ElcheSintetizadores y arreglos electr\u00f3nicos: Xisco Rojo.Producido y mezclado por Xisco Rojo con la colaboraci\u00f3n de Ni\u00f1o de Elche.<\/p>\n","protected":false},"author":291,"featured_media":0,"parent":0,"menu_order":0,"comment_status":"closed","ping_status":"closed","template":"","meta":{"footnotes":""},"class_list":["post-82968","page","type-page","status-publish","hentry"],"yoast_head":"<!-- This site is optimized with the Yoast SEO plugin v26.0 - https:\/\/yoast.com\/wordpress\/plugins\/seo\/ -->\n<title>- IVAM<\/title>\n<meta name=\"robots\" content=\"index, follow, max-snippet:-1, max-image-preview:large, max-video-preview:-1\" \/>\n<link rel=\"canonical\" href=\"https:\/\/ivam.es\/es\/15742-2\/\" \/>\n<meta property=\"og:locale\" content=\"es_ES\" \/>\n<meta property=\"og:type\" content=\"article\" \/>\n<meta property=\"og:title\" content=\"- IVAM\" \/>\n<meta property=\"og:description\" content=\"Valie Export &#8211; Ni\u00f1o de Elche Valie Export. Tattoo II, 1972 VALIE EXPORT(A partir de la obra de Valie Export)Letra: Ni\u00f1o de ElcheM\u00fasica: Ni\u00f1o de Elche, Xisco Rojo.Voz: Ni\u00f1o de ElcheSintetizadores y arreglos electr\u00f3nicos: Xisco Rojo.Producido y mezclado por Xisco Rojo con la colaboraci\u00f3n de Ni\u00f1o de Elche.\" \/>\n<meta property=\"og:url\" content=\"https:\/\/ivam.es\/es\/15742-2\/\" \/>\n<meta property=\"og:site_name\" content=\"IVAM\" \/>\n<meta property=\"article:modified_time\" content=\"2023-10-23T11:13:32+00:00\" \/>\n<meta property=\"og:image\" content=\"https:\/\/ivam.es\/wp-content\/uploads\/page\/15742\/15742.jpg\" \/>\n\t<meta property=\"og:image:width\" content=\"753\" \/>\n\t<meta property=\"og:image:height\" content=\"1063\" \/>\n\t<meta property=\"og:image:type\" content=\"image\/jpeg\" \/>\n<meta name=\"twitter:card\" content=\"summary_large_image\" \/>\n<script type=\"application\/ld+json\" class=\"yoast-schema-graph\">{\"@context\":\"https:\/\/schema.org\",\"@graph\":[{\"@type\":\"WebPage\",\"@id\":\"https:\/\/ivam.es\/es\/15742-2\/\",\"url\":\"https:\/\/ivam.es\/es\/15742-2\/\",\"name\":\"- IVAM\",\"isPartOf\":{\"@id\":\"https:\/\/ivam.es\/es\/#website\"},\"primaryImageOfPage\":{\"@id\":\"https:\/\/ivam.es\/es\/15742-2\/#primaryimage\"},\"image\":{\"@id\":\"https:\/\/ivam.es\/es\/15742-2\/#primaryimage\"},\"thumbnailUrl\":\"https:\/\/ivam.es\/wp-content\/uploads\/page\/15742\/15742-725x1024.jpg\",\"datePublished\":\"2023-09-29T10:38:34+00:00\",\"dateModified\":\"2023-10-23T11:13:32+00:00\",\"inLanguage\":\"es\",\"potentialAction\":[{\"@type\":\"ReadAction\",\"target\":[\"https:\/\/ivam.es\/es\/15742-2\/\"]}]},{\"@type\":\"ImageObject\",\"inLanguage\":\"es\",\"@id\":\"https:\/\/ivam.es\/es\/15742-2\/#primaryimage\",\"url\":\"https:\/\/ivam.es\/wp-content\/uploads\/page\/15742\/15742-725x1024.jpg\",\"contentUrl\":\"https:\/\/ivam.es\/wp-content\/uploads\/page\/15742\/15742-725x1024.jpg\"},{\"@type\":\"WebSite\",\"@id\":\"https:\/\/ivam.es\/es\/#website\",\"url\":\"https:\/\/ivam.es\/es\/\",\"name\":\"IVAM\",\"description\":\"Institut Valenci\u00e0 d&#039;Art Modern\",\"publisher\":{\"@id\":\"https:\/\/ivam.es\/es\/#organization\"},\"potentialAction\":[{\"@type\":\"SearchAction\",\"target\":{\"@type\":\"EntryPoint\",\"urlTemplate\":\"https:\/\/ivam.es\/es\/?s={search_term_string}\"},\"query-input\":{\"@type\":\"PropertyValueSpecification\",\"valueRequired\":true,\"valueName\":\"search_term_string\"}}],\"inLanguage\":\"es\"},{\"@type\":\"Organization\",\"@id\":\"https:\/\/ivam.es\/es\/#organization\",\"name\":\"IVAM\",\"url\":\"https:\/\/ivam.es\/es\/\",\"logo\":{\"@type\":\"ImageObject\",\"inLanguage\":\"es\",\"@id\":\"https:\/\/ivam.es\/es\/#\/schema\/logo\/image\/\",\"url\":\"https:\/\/ivam.es\/wp-content\/uploads\/logo-ok-512.png\",\"contentUrl\":\"https:\/\/ivam.es\/wp-content\/uploads\/logo-ok-512.png\",\"width\":512,\"height\":512,\"caption\":\"IVAM\"},\"image\":{\"@id\":\"https:\/\/ivam.es\/es\/#\/schema\/logo\/image\/\"}}]}<\/script>\n<!-- \/ Yoast SEO plugin. -->","yoast_head_json":{"title":"- IVAM","robots":{"index":"index","follow":"follow","max-snippet":"max-snippet:-1","max-image-preview":"max-image-preview:large","max-video-preview":"max-video-preview:-1"},"canonical":"https:\/\/ivam.es\/es\/15742-2\/","og_locale":"es_ES","og_type":"article","og_title":"- IVAM","og_description":"Valie Export &#8211; Ni\u00f1o de Elche Valie Export. Tattoo II, 1972 VALIE EXPORT(A partir de la obra de Valie Export)Letra: Ni\u00f1o de ElcheM\u00fasica: Ni\u00f1o de Elche, Xisco Rojo.Voz: Ni\u00f1o de ElcheSintetizadores y arreglos electr\u00f3nicos: Xisco Rojo.Producido y mezclado por Xisco Rojo con la colaboraci\u00f3n de Ni\u00f1o de Elche.","og_url":"https:\/\/ivam.es\/es\/15742-2\/","og_site_name":"IVAM","article_modified_time":"2023-10-23T11:13:32+00:00","og_image":[{"width":753,"height":1063,"url":"https:\/\/ivam.es\/wp-content\/uploads\/page\/15742\/15742.jpg","type":"image\/jpeg"}],"twitter_card":"summary_large_image","schema":{"@context":"https:\/\/schema.org","@graph":[{"@type":"WebPage","@id":"https:\/\/ivam.es\/es\/15742-2\/","url":"https:\/\/ivam.es\/es\/15742-2\/","name":"- IVAM","isPartOf":{"@id":"https:\/\/ivam.es\/es\/#website"},"primaryImageOfPage":{"@id":"https:\/\/ivam.es\/es\/15742-2\/#primaryimage"},"image":{"@id":"https:\/\/ivam.es\/es\/15742-2\/#primaryimage"},"thumbnailUrl":"https:\/\/ivam.es\/wp-content\/uploads\/page\/15742\/15742-725x1024.jpg","datePublished":"2023-09-29T10:38:34+00:00","dateModified":"2023-10-23T11:13:32+00:00","inLanguage":"es","potentialAction":[{"@type":"ReadAction","target":["https:\/\/ivam.es\/es\/15742-2\/"]}]},{"@type":"ImageObject","inLanguage":"es","@id":"https:\/\/ivam.es\/es\/15742-2\/#primaryimage","url":"https:\/\/ivam.es\/wp-content\/uploads\/page\/15742\/15742-725x1024.jpg","contentUrl":"https:\/\/ivam.es\/wp-content\/uploads\/page\/15742\/15742-725x1024.jpg"},{"@type":"WebSite","@id":"https:\/\/ivam.es\/es\/#website","url":"https:\/\/ivam.es\/es\/","name":"IVAM","description":"Institut Valenci\u00e0 d&#039;Art Modern","publisher":{"@id":"https:\/\/ivam.es\/es\/#organization"},"potentialAction":[{"@type":"SearchAction","target":{"@type":"EntryPoint","urlTemplate":"https:\/\/ivam.es\/es\/?s={search_term_string}"},"query-input":{"@type":"PropertyValueSpecification","valueRequired":true,"valueName":"search_term_string"}}],"inLanguage":"es"},{"@type":"Organization","@id":"https:\/\/ivam.es\/es\/#organization","name":"IVAM","url":"https:\/\/ivam.es\/es\/","logo":{"@type":"ImageObject","inLanguage":"es","@id":"https:\/\/ivam.es\/es\/#\/schema\/logo\/image\/","url":"https:\/\/ivam.es\/wp-content\/uploads\/logo-ok-512.png","contentUrl":"https:\/\/ivam.es\/wp-content\/uploads\/logo-ok-512.png","width":512,"height":512,"caption":"IVAM"},"image":{"@id":"https:\/\/ivam.es\/es\/#\/schema\/logo\/image\/"}}]}},"_links":{"self":[{"href":"https:\/\/ivam.es\/es\/wp-json\/wp\/v2\/pages\/82968","targetHints":{"allow":["GET"]}}],"collection":[{"href":"https:\/\/ivam.es\/es\/wp-json\/wp\/v2\/pages"}],"about":[{"href":"https:\/\/ivam.es\/es\/wp-json\/wp\/v2\/types\/page"}],"author":[{"embeddable":true,"href":"https:\/\/ivam.es\/es\/wp-json\/wp\/v2\/users\/291"}],"replies":[{"embeddable":true,"href":"https:\/\/ivam.es\/es\/wp-json\/wp\/v2\/comments?post=82968"}],"version-history":[{"count":10,"href":"https:\/\/ivam.es\/es\/wp-json\/wp\/v2\/pages\/82968\/revisions"}],"predecessor-version":[{"id":83597,"href":"https:\/\/ivam.es\/es\/wp-json\/wp\/v2\/pages\/82968\/revisions\/83597"}],"wp:attachment":[{"href":"https:\/\/ivam.es\/es\/wp-json\/wp\/v2\/media?parent=82968"}],"curies":[{"name":"wp","href":"https:\/\/api.w.org\/{rel}","templated":true}]}}