{"id":82956,"date":"2023-09-29T12:25:33","date_gmt":"2023-09-29T10:25:33","guid":{"rendered":"https:\/\/ivam.es\/?page_id=82956"},"modified":"2023-10-23T13:14:07","modified_gmt":"2023-10-23T11:14:07","slug":"4555-2","status":"publish","type":"page","link":"https:\/\/ivam.es\/es\/4555-2\/","title":{"rendered":""},"content":{"rendered":"\n<figure class=\"wp-block-audio\"><audio controls controlslist=\"nodownload\" src=\"https:\/\/ivam.es\/wp-content\/audios\/peteneras.wav\"><\/audio><\/figure>\n\n\n\n<p>Peteneras de Paul Strand &#8211; Ni\u00f1o de Elche<\/p>\n\n\n<div class=\"wp-block-image\">\n<figure class=\"aligncenter size-large\"><a href=\"https:\/\/ivam.es\/es\/exposiciones\/recorrido-sonoro-de-popular\/\"><img loading=\"lazy\" decoding=\"async\" width=\"1024\" height=\"819\" src=\"https:\/\/ivam.es\/wp-content\/uploads\/page\/4555\/04555-1024x819.jpg\" alt=\"\" class=\"wp-image-82958\" srcset=\"https:\/\/ivam.es\/wp-content\/uploads\/page\/4555\/04555-1024x819.jpg 1024w, https:\/\/ivam.es\/wp-content\/uploads\/page\/4555\/04555-300x240.jpg 300w, https:\/\/ivam.es\/wp-content\/uploads\/page\/4555\/04555-768x614.jpg 768w, https:\/\/ivam.es\/wp-content\/uploads\/page\/4555\/04555-1536x1228.jpg 1536w, https:\/\/ivam.es\/wp-content\/uploads\/page\/4555\/04555-2048x1638.jpg 2048w, https:\/\/ivam.es\/wp-content\/uploads\/page\/4555\/04555-280x224.jpg 280w, https:\/\/ivam.es\/wp-content\/uploads\/page\/4555\/04555-467x373.jpg 467w, https:\/\/ivam.es\/wp-content\/uploads\/page\/4555\/04555-231x185.jpg 231w, https:\/\/ivam.es\/wp-content\/uploads\/page\/4555\/04555-500x400.jpg 500w\" sizes=\"auto, (max-width: 1024px) 100vw, 1024px\" \/><\/a><\/figure>\n<\/div>\n\n\n<p>Paul Strand. <em>Young Woman and Boy. Toluca<\/em>, de la serie \u201c<em>Photographs of Mexico<\/em>\u201d, 1933<\/p>\n\n\n\n<p><\/p>\n\n\n\n<p>PETENERAS DE PAUL STRAND<br><em>(A partir de la obra de Paul Strand)<\/em><br>Letra: Popular, Ni\u00f1o de Elche<br>M\u00fasica: Ni\u00f1o de Eche, Xisco Rojo, Popular<br>Voz: Ni\u00f1o de Elche<br>Guitarra ac\u00fastica y percusiones: Xisco Rojo<br>Guitarra flamenca y percusiones: Ni\u00f1o de Elche<br>Guitarra espa\u00f1ola: Pablo C\u00e1ceres<br>Producido y mezclado por Xisco Rojo con la colaboraci\u00f3n de Ni\u00f1o de Elche.<\/p>\n","protected":false},"excerpt":{"rendered":"<p>Peteneras de Paul Strand &#8211; Ni\u00f1o de Elche Paul Strand. Young Woman and Boy. Toluca, de la serie \u201cPhotographs of Mexico\u201d, 1933 PETENERAS DE PAUL STRAND(A partir de la obra de Paul Strand)Letra: Popular, Ni\u00f1o de ElcheM\u00fasica: Ni\u00f1o de Eche, Xisco Rojo, PopularVoz: Ni\u00f1o de ElcheGuitarra ac\u00fastica y percusiones: Xisco RojoGuitarra flamenca y percusiones: Ni\u00f1o [&hellip;]<\/p>\n","protected":false},"author":291,"featured_media":0,"parent":0,"menu_order":0,"comment_status":"closed","ping_status":"closed","template":"","meta":{"footnotes":""},"class_list":["post-82956","page","type-page","status-publish","hentry"],"yoast_head":"<!-- This site is optimized with the Yoast SEO plugin v26.0 - https:\/\/yoast.com\/wordpress\/plugins\/seo\/ -->\n<title>- IVAM<\/title>\n<meta name=\"robots\" content=\"index, follow, max-snippet:-1, max-image-preview:large, max-video-preview:-1\" \/>\n<link rel=\"canonical\" href=\"https:\/\/ivam.es\/es\/4555-2\/\" \/>\n<meta property=\"og:locale\" content=\"es_ES\" \/>\n<meta property=\"og:type\" content=\"article\" \/>\n<meta property=\"og:title\" content=\"- IVAM\" \/>\n<meta property=\"og:description\" content=\"Peteneras de Paul Strand &#8211; Ni\u00f1o de Elche Paul Strand. Young Woman and Boy. Toluca, de la serie \u201cPhotographs of Mexico\u201d, 1933 PETENERAS DE PAUL STRAND(A partir de la obra de Paul Strand)Letra: Popular, Ni\u00f1o de ElcheM\u00fasica: Ni\u00f1o de Eche, Xisco Rojo, PopularVoz: Ni\u00f1o de ElcheGuitarra ac\u00fastica y percusiones: Xisco RojoGuitarra flamenca y percusiones: Ni\u00f1o [&hellip;]\" \/>\n<meta property=\"og:url\" content=\"https:\/\/ivam.es\/es\/4555-2\/\" \/>\n<meta property=\"og:site_name\" content=\"IVAM\" \/>\n<meta property=\"article:modified_time\" content=\"2023-10-23T11:14:07+00:00\" \/>\n<meta property=\"og:image\" content=\"https:\/\/ivam.es\/wp-content\/uploads\/page\/4555\/04555-scaled.jpg\" \/>\n\t<meta property=\"og:image:width\" content=\"2560\" \/>\n\t<meta property=\"og:image:height\" content=\"2047\" \/>\n\t<meta property=\"og:image:type\" content=\"image\/jpeg\" \/>\n<meta name=\"twitter:card\" content=\"summary_large_image\" \/>\n<script type=\"application\/ld+json\" class=\"yoast-schema-graph\">{\"@context\":\"https:\/\/schema.org\",\"@graph\":[{\"@type\":\"WebPage\",\"@id\":\"https:\/\/ivam.es\/es\/4555-2\/\",\"url\":\"https:\/\/ivam.es\/es\/4555-2\/\",\"name\":\"- IVAM\",\"isPartOf\":{\"@id\":\"https:\/\/ivam.es\/es\/#website\"},\"primaryImageOfPage\":{\"@id\":\"https:\/\/ivam.es\/es\/4555-2\/#primaryimage\"},\"image\":{\"@id\":\"https:\/\/ivam.es\/es\/4555-2\/#primaryimage\"},\"thumbnailUrl\":\"https:\/\/ivam.es\/wp-content\/uploads\/page\/4555\/04555-1024x819.jpg\",\"datePublished\":\"2023-09-29T10:25:33+00:00\",\"dateModified\":\"2023-10-23T11:14:07+00:00\",\"inLanguage\":\"es\",\"potentialAction\":[{\"@type\":\"ReadAction\",\"target\":[\"https:\/\/ivam.es\/es\/4555-2\/\"]}]},{\"@type\":\"ImageObject\",\"inLanguage\":\"es\",\"@id\":\"https:\/\/ivam.es\/es\/4555-2\/#primaryimage\",\"url\":\"https:\/\/ivam.es\/wp-content\/uploads\/page\/4555\/04555-1024x819.jpg\",\"contentUrl\":\"https:\/\/ivam.es\/wp-content\/uploads\/page\/4555\/04555-1024x819.jpg\"},{\"@type\":\"WebSite\",\"@id\":\"https:\/\/ivam.es\/es\/#website\",\"url\":\"https:\/\/ivam.es\/es\/\",\"name\":\"IVAM\",\"description\":\"Institut Valenci\u00e0 d&#039;Art Modern\",\"publisher\":{\"@id\":\"https:\/\/ivam.es\/es\/#organization\"},\"potentialAction\":[{\"@type\":\"SearchAction\",\"target\":{\"@type\":\"EntryPoint\",\"urlTemplate\":\"https:\/\/ivam.es\/es\/?s={search_term_string}\"},\"query-input\":{\"@type\":\"PropertyValueSpecification\",\"valueRequired\":true,\"valueName\":\"search_term_string\"}}],\"inLanguage\":\"es\"},{\"@type\":\"Organization\",\"@id\":\"https:\/\/ivam.es\/es\/#organization\",\"name\":\"IVAM\",\"url\":\"https:\/\/ivam.es\/es\/\",\"logo\":{\"@type\":\"ImageObject\",\"inLanguage\":\"es\",\"@id\":\"https:\/\/ivam.es\/es\/#\/schema\/logo\/image\/\",\"url\":\"https:\/\/ivam.es\/wp-content\/uploads\/logo-ok-512.png\",\"contentUrl\":\"https:\/\/ivam.es\/wp-content\/uploads\/logo-ok-512.png\",\"width\":512,\"height\":512,\"caption\":\"IVAM\"},\"image\":{\"@id\":\"https:\/\/ivam.es\/es\/#\/schema\/logo\/image\/\"}}]}<\/script>\n<!-- \/ Yoast SEO plugin. -->","yoast_head_json":{"title":"- IVAM","robots":{"index":"index","follow":"follow","max-snippet":"max-snippet:-1","max-image-preview":"max-image-preview:large","max-video-preview":"max-video-preview:-1"},"canonical":"https:\/\/ivam.es\/es\/4555-2\/","og_locale":"es_ES","og_type":"article","og_title":"- IVAM","og_description":"Peteneras de Paul Strand &#8211; Ni\u00f1o de Elche Paul Strand. Young Woman and Boy. Toluca, de la serie \u201cPhotographs of Mexico\u201d, 1933 PETENERAS DE PAUL STRAND(A partir de la obra de Paul Strand)Letra: Popular, Ni\u00f1o de ElcheM\u00fasica: Ni\u00f1o de Eche, Xisco Rojo, PopularVoz: Ni\u00f1o de ElcheGuitarra ac\u00fastica y percusiones: Xisco RojoGuitarra flamenca y percusiones: Ni\u00f1o [&hellip;]","og_url":"https:\/\/ivam.es\/es\/4555-2\/","og_site_name":"IVAM","article_modified_time":"2023-10-23T11:14:07+00:00","og_image":[{"width":2560,"height":2047,"url":"https:\/\/ivam.es\/wp-content\/uploads\/page\/4555\/04555-scaled.jpg","type":"image\/jpeg"}],"twitter_card":"summary_large_image","schema":{"@context":"https:\/\/schema.org","@graph":[{"@type":"WebPage","@id":"https:\/\/ivam.es\/es\/4555-2\/","url":"https:\/\/ivam.es\/es\/4555-2\/","name":"- IVAM","isPartOf":{"@id":"https:\/\/ivam.es\/es\/#website"},"primaryImageOfPage":{"@id":"https:\/\/ivam.es\/es\/4555-2\/#primaryimage"},"image":{"@id":"https:\/\/ivam.es\/es\/4555-2\/#primaryimage"},"thumbnailUrl":"https:\/\/ivam.es\/wp-content\/uploads\/page\/4555\/04555-1024x819.jpg","datePublished":"2023-09-29T10:25:33+00:00","dateModified":"2023-10-23T11:14:07+00:00","inLanguage":"es","potentialAction":[{"@type":"ReadAction","target":["https:\/\/ivam.es\/es\/4555-2\/"]}]},{"@type":"ImageObject","inLanguage":"es","@id":"https:\/\/ivam.es\/es\/4555-2\/#primaryimage","url":"https:\/\/ivam.es\/wp-content\/uploads\/page\/4555\/04555-1024x819.jpg","contentUrl":"https:\/\/ivam.es\/wp-content\/uploads\/page\/4555\/04555-1024x819.jpg"},{"@type":"WebSite","@id":"https:\/\/ivam.es\/es\/#website","url":"https:\/\/ivam.es\/es\/","name":"IVAM","description":"Institut Valenci\u00e0 d&#039;Art Modern","publisher":{"@id":"https:\/\/ivam.es\/es\/#organization"},"potentialAction":[{"@type":"SearchAction","target":{"@type":"EntryPoint","urlTemplate":"https:\/\/ivam.es\/es\/?s={search_term_string}"},"query-input":{"@type":"PropertyValueSpecification","valueRequired":true,"valueName":"search_term_string"}}],"inLanguage":"es"},{"@type":"Organization","@id":"https:\/\/ivam.es\/es\/#organization","name":"IVAM","url":"https:\/\/ivam.es\/es\/","logo":{"@type":"ImageObject","inLanguage":"es","@id":"https:\/\/ivam.es\/es\/#\/schema\/logo\/image\/","url":"https:\/\/ivam.es\/wp-content\/uploads\/logo-ok-512.png","contentUrl":"https:\/\/ivam.es\/wp-content\/uploads\/logo-ok-512.png","width":512,"height":512,"caption":"IVAM"},"image":{"@id":"https:\/\/ivam.es\/es\/#\/schema\/logo\/image\/"}}]}},"_links":{"self":[{"href":"https:\/\/ivam.es\/es\/wp-json\/wp\/v2\/pages\/82956","targetHints":{"allow":["GET"]}}],"collection":[{"href":"https:\/\/ivam.es\/es\/wp-json\/wp\/v2\/pages"}],"about":[{"href":"https:\/\/ivam.es\/es\/wp-json\/wp\/v2\/types\/page"}],"author":[{"embeddable":true,"href":"https:\/\/ivam.es\/es\/wp-json\/wp\/v2\/users\/291"}],"replies":[{"embeddable":true,"href":"https:\/\/ivam.es\/es\/wp-json\/wp\/v2\/comments?post=82956"}],"version-history":[{"count":9,"href":"https:\/\/ivam.es\/es\/wp-json\/wp\/v2\/pages\/82956\/revisions"}],"predecessor-version":[{"id":83599,"href":"https:\/\/ivam.es\/es\/wp-json\/wp\/v2\/pages\/82956\/revisions\/83599"}],"wp:attachment":[{"href":"https:\/\/ivam.es\/es\/wp-json\/wp\/v2\/media?parent=82956"}],"curies":[{"name":"wp","href":"https:\/\/api.w.org\/{rel}","templated":true}]}}