{"id":82929,"date":"2023-09-29T11:48:33","date_gmt":"2023-09-29T09:48:33","guid":{"rendered":"https:\/\/ivam.es\/?page_id=82929"},"modified":"2023-10-23T13:16:15","modified_gmt":"2023-10-23T11:16:15","slug":"2679-2","status":"publish","type":"page","link":"https:\/\/ivam.es\/es\/2679-2\/","title":{"rendered":""},"content":{"rendered":"\n<figure class=\"wp-block-audio\"><audio controls controlslist=\"nodownload\" src=\"https:\/\/ivam.es\/wp-content\/audios\/klein.wav\"><\/audio><\/figure>\n\n\n\n<p>Klein Grosz Mappe &#8211; Ni\u00f1o de Elche<\/p>\n\n\n\n<figure class=\"wp-block-image size-large\"><a href=\"https:\/\/ivam.es\/es\/exposiciones\/recorrido-sonoro-de-popular\/\"><img loading=\"lazy\" decoding=\"async\" width=\"806\" height=\"1024\" src=\"https:\/\/ivam.es\/wp-content\/uploads\/page\/2679\/02679-806x1024.jpeg\" alt=\"\" class=\"wp-image-82934\" srcset=\"https:\/\/ivam.es\/wp-content\/uploads\/page\/2679\/02679-806x1024.jpeg 806w, https:\/\/ivam.es\/wp-content\/uploads\/page\/2679\/02679-236x300.jpeg 236w, https:\/\/ivam.es\/wp-content\/uploads\/page\/2679\/02679-768x976.jpeg 768w, https:\/\/ivam.es\/wp-content\/uploads\/page\/2679\/02679-1208x1536.jpeg 1208w, https:\/\/ivam.es\/wp-content\/uploads\/page\/2679\/02679-1611x2048.jpeg 1611w, https:\/\/ivam.es\/wp-content\/uploads\/page\/2679\/02679-280x356.jpeg 280w, https:\/\/ivam.es\/wp-content\/uploads\/page\/2679\/02679-467x594.jpeg 467w, https:\/\/ivam.es\/wp-content\/uploads\/page\/2679\/02679-231x294.jpeg 231w, https:\/\/ivam.es\/wp-content\/uploads\/page\/2679\/02679-500x636.jpeg 500w, https:\/\/ivam.es\/wp-content\/uploads\/page\/2679\/02679-scaled.jpeg 2014w\" sizes=\"auto, (max-width: 806px) 100vw, 806px\" \/><\/a><\/figure>\n\n\n\n<p>George Grosz. Coberta de la carpeta: <em>Kleine Grosz \u2013 Mappe<\/em>, 1917. Col\u00b7lecci\u00f3 Marci Pinkus<\/p>\n\n\n\n<p><\/p>\n\n\n\n<p><\/p>\n\n\n\n<p>KLEIN GROSZ MAPPE<br><em>(A partir de la obra de George Grosz)<\/em><br>Letra: Ni\u00f1o de Elche, George Grosz<br>M\u00fasica: Ni\u00f1o de Elche, Xisco Rojo<br>Voz: Ni\u00f1o de Elche<br>Sintetizadores, arreglos electr\u00f3nicos: Xisco Rojo<br>Producido y mezclado por Xisco Rojo con la colaboraci\u00f3n de Ni\u00f1o de Elche.<\/p>\n\n\n\n<p><br><\/p>\n","protected":false},"excerpt":{"rendered":"<p>Klein Grosz Mappe &#8211; Ni\u00f1o de Elche George Grosz. Coberta de la carpeta: Kleine Grosz \u2013 Mappe, 1917. Col\u00b7lecci\u00f3 Marci Pinkus KLEIN GROSZ MAPPE(A partir de la obra de George Grosz)Letra: Ni\u00f1o de Elche, George GroszM\u00fasica: Ni\u00f1o de Elche, Xisco RojoVoz: Ni\u00f1o de ElcheSintetizadores, arreglos electr\u00f3nicos: Xisco RojoProducido y mezclado por Xisco Rojo con la [&hellip;]<\/p>\n","protected":false},"author":291,"featured_media":0,"parent":0,"menu_order":0,"comment_status":"closed","ping_status":"closed","template":"","meta":{"footnotes":""},"class_list":["post-82929","page","type-page","status-publish","hentry"],"yoast_head":"<!-- This site is optimized with the Yoast SEO plugin v26.0 - https:\/\/yoast.com\/wordpress\/plugins\/seo\/ -->\n<title>- IVAM<\/title>\n<meta name=\"robots\" content=\"index, follow, max-snippet:-1, max-image-preview:large, max-video-preview:-1\" \/>\n<link rel=\"canonical\" href=\"https:\/\/ivam.es\/es\/2679-2\/\" \/>\n<meta property=\"og:locale\" content=\"es_ES\" \/>\n<meta property=\"og:type\" content=\"article\" \/>\n<meta property=\"og:title\" content=\"- IVAM\" \/>\n<meta property=\"og:description\" content=\"Klein Grosz Mappe &#8211; Ni\u00f1o de Elche George Grosz. Coberta de la carpeta: Kleine Grosz \u2013 Mappe, 1917. Col\u00b7lecci\u00f3 Marci Pinkus KLEIN GROSZ MAPPE(A partir de la obra de George Grosz)Letra: Ni\u00f1o de Elche, George GroszM\u00fasica: Ni\u00f1o de Elche, Xisco RojoVoz: Ni\u00f1o de ElcheSintetizadores, arreglos electr\u00f3nicos: Xisco RojoProducido y mezclado por Xisco Rojo con la [&hellip;]\" \/>\n<meta property=\"og:url\" content=\"https:\/\/ivam.es\/es\/2679-2\/\" \/>\n<meta property=\"og:site_name\" content=\"IVAM\" \/>\n<meta property=\"article:modified_time\" content=\"2023-10-23T11:16:15+00:00\" \/>\n<meta property=\"og:image\" content=\"https:\/\/ivam.es\/wp-content\/uploads\/page\/2679\/02679-scaled.jpeg\" \/>\n\t<meta property=\"og:image:width\" content=\"2014\" \/>\n\t<meta property=\"og:image:height\" content=\"2560\" \/>\n\t<meta property=\"og:image:type\" content=\"image\/jpeg\" \/>\n<meta name=\"twitter:card\" content=\"summary_large_image\" \/>\n<script type=\"application\/ld+json\" class=\"yoast-schema-graph\">{\"@context\":\"https:\/\/schema.org\",\"@graph\":[{\"@type\":\"WebPage\",\"@id\":\"https:\/\/ivam.es\/es\/2679-2\/\",\"url\":\"https:\/\/ivam.es\/es\/2679-2\/\",\"name\":\"- IVAM\",\"isPartOf\":{\"@id\":\"https:\/\/ivam.es\/es\/#website\"},\"primaryImageOfPage\":{\"@id\":\"https:\/\/ivam.es\/es\/2679-2\/#primaryimage\"},\"image\":{\"@id\":\"https:\/\/ivam.es\/es\/2679-2\/#primaryimage\"},\"thumbnailUrl\":\"https:\/\/ivam.es\/wp-content\/uploads\/page\/2679\/02679-806x1024.jpeg\",\"datePublished\":\"2023-09-29T09:48:33+00:00\",\"dateModified\":\"2023-10-23T11:16:15+00:00\",\"inLanguage\":\"es\",\"potentialAction\":[{\"@type\":\"ReadAction\",\"target\":[\"https:\/\/ivam.es\/es\/2679-2\/\"]}]},{\"@type\":\"ImageObject\",\"inLanguage\":\"es\",\"@id\":\"https:\/\/ivam.es\/es\/2679-2\/#primaryimage\",\"url\":\"https:\/\/ivam.es\/wp-content\/uploads\/page\/2679\/02679-806x1024.jpeg\",\"contentUrl\":\"https:\/\/ivam.es\/wp-content\/uploads\/page\/2679\/02679-806x1024.jpeg\"},{\"@type\":\"WebSite\",\"@id\":\"https:\/\/ivam.es\/es\/#website\",\"url\":\"https:\/\/ivam.es\/es\/\",\"name\":\"IVAM\",\"description\":\"Institut Valenci\u00e0 d&#039;Art Modern\",\"publisher\":{\"@id\":\"https:\/\/ivam.es\/es\/#organization\"},\"potentialAction\":[{\"@type\":\"SearchAction\",\"target\":{\"@type\":\"EntryPoint\",\"urlTemplate\":\"https:\/\/ivam.es\/es\/?s={search_term_string}\"},\"query-input\":{\"@type\":\"PropertyValueSpecification\",\"valueRequired\":true,\"valueName\":\"search_term_string\"}}],\"inLanguage\":\"es\"},{\"@type\":\"Organization\",\"@id\":\"https:\/\/ivam.es\/es\/#organization\",\"name\":\"IVAM\",\"url\":\"https:\/\/ivam.es\/es\/\",\"logo\":{\"@type\":\"ImageObject\",\"inLanguage\":\"es\",\"@id\":\"https:\/\/ivam.es\/es\/#\/schema\/logo\/image\/\",\"url\":\"https:\/\/ivam.es\/wp-content\/uploads\/logo-ok-512.png\",\"contentUrl\":\"https:\/\/ivam.es\/wp-content\/uploads\/logo-ok-512.png\",\"width\":512,\"height\":512,\"caption\":\"IVAM\"},\"image\":{\"@id\":\"https:\/\/ivam.es\/es\/#\/schema\/logo\/image\/\"}}]}<\/script>\n<!-- \/ Yoast SEO plugin. -->","yoast_head_json":{"title":"- IVAM","robots":{"index":"index","follow":"follow","max-snippet":"max-snippet:-1","max-image-preview":"max-image-preview:large","max-video-preview":"max-video-preview:-1"},"canonical":"https:\/\/ivam.es\/es\/2679-2\/","og_locale":"es_ES","og_type":"article","og_title":"- IVAM","og_description":"Klein Grosz Mappe &#8211; Ni\u00f1o de Elche George Grosz. Coberta de la carpeta: Kleine Grosz \u2013 Mappe, 1917. Col\u00b7lecci\u00f3 Marci Pinkus KLEIN GROSZ MAPPE(A partir de la obra de George Grosz)Letra: Ni\u00f1o de Elche, George GroszM\u00fasica: Ni\u00f1o de Elche, Xisco RojoVoz: Ni\u00f1o de ElcheSintetizadores, arreglos electr\u00f3nicos: Xisco RojoProducido y mezclado por Xisco Rojo con la [&hellip;]","og_url":"https:\/\/ivam.es\/es\/2679-2\/","og_site_name":"IVAM","article_modified_time":"2023-10-23T11:16:15+00:00","og_image":[{"width":2014,"height":2560,"url":"https:\/\/ivam.es\/wp-content\/uploads\/page\/2679\/02679-scaled.jpeg","type":"image\/jpeg"}],"twitter_card":"summary_large_image","schema":{"@context":"https:\/\/schema.org","@graph":[{"@type":"WebPage","@id":"https:\/\/ivam.es\/es\/2679-2\/","url":"https:\/\/ivam.es\/es\/2679-2\/","name":"- IVAM","isPartOf":{"@id":"https:\/\/ivam.es\/es\/#website"},"primaryImageOfPage":{"@id":"https:\/\/ivam.es\/es\/2679-2\/#primaryimage"},"image":{"@id":"https:\/\/ivam.es\/es\/2679-2\/#primaryimage"},"thumbnailUrl":"https:\/\/ivam.es\/wp-content\/uploads\/page\/2679\/02679-806x1024.jpeg","datePublished":"2023-09-29T09:48:33+00:00","dateModified":"2023-10-23T11:16:15+00:00","inLanguage":"es","potentialAction":[{"@type":"ReadAction","target":["https:\/\/ivam.es\/es\/2679-2\/"]}]},{"@type":"ImageObject","inLanguage":"es","@id":"https:\/\/ivam.es\/es\/2679-2\/#primaryimage","url":"https:\/\/ivam.es\/wp-content\/uploads\/page\/2679\/02679-806x1024.jpeg","contentUrl":"https:\/\/ivam.es\/wp-content\/uploads\/page\/2679\/02679-806x1024.jpeg"},{"@type":"WebSite","@id":"https:\/\/ivam.es\/es\/#website","url":"https:\/\/ivam.es\/es\/","name":"IVAM","description":"Institut Valenci\u00e0 d&#039;Art Modern","publisher":{"@id":"https:\/\/ivam.es\/es\/#organization"},"potentialAction":[{"@type":"SearchAction","target":{"@type":"EntryPoint","urlTemplate":"https:\/\/ivam.es\/es\/?s={search_term_string}"},"query-input":{"@type":"PropertyValueSpecification","valueRequired":true,"valueName":"search_term_string"}}],"inLanguage":"es"},{"@type":"Organization","@id":"https:\/\/ivam.es\/es\/#organization","name":"IVAM","url":"https:\/\/ivam.es\/es\/","logo":{"@type":"ImageObject","inLanguage":"es","@id":"https:\/\/ivam.es\/es\/#\/schema\/logo\/image\/","url":"https:\/\/ivam.es\/wp-content\/uploads\/logo-ok-512.png","contentUrl":"https:\/\/ivam.es\/wp-content\/uploads\/logo-ok-512.png","width":512,"height":512,"caption":"IVAM"},"image":{"@id":"https:\/\/ivam.es\/es\/#\/schema\/logo\/image\/"}}]}},"_links":{"self":[{"href":"https:\/\/ivam.es\/es\/wp-json\/wp\/v2\/pages\/82929","targetHints":{"allow":["GET"]}}],"collection":[{"href":"https:\/\/ivam.es\/es\/wp-json\/wp\/v2\/pages"}],"about":[{"href":"https:\/\/ivam.es\/es\/wp-json\/wp\/v2\/types\/page"}],"author":[{"embeddable":true,"href":"https:\/\/ivam.es\/es\/wp-json\/wp\/v2\/users\/291"}],"replies":[{"embeddable":true,"href":"https:\/\/ivam.es\/es\/wp-json\/wp\/v2\/comments?post=82929"}],"version-history":[{"count":9,"href":"https:\/\/ivam.es\/es\/wp-json\/wp\/v2\/pages\/82929\/revisions"}],"predecessor-version":[{"id":83604,"href":"https:\/\/ivam.es\/es\/wp-json\/wp\/v2\/pages\/82929\/revisions\/83604"}],"wp:attachment":[{"href":"https:\/\/ivam.es\/es\/wp-json\/wp\/v2\/media?parent=82929"}],"curies":[{"name":"wp","href":"https:\/\/api.w.org\/{rel}","templated":true}]}}