{"id":82919,"date":"2023-09-29T11:28:06","date_gmt":"2023-09-29T09:28:06","guid":{"rendered":"https:\/\/ivam.es\/?page_id=82919"},"modified":"2023-10-23T13:21:36","modified_gmt":"2023-10-23T11:21:36","slug":"6219-2","status":"publish","type":"page","link":"https:\/\/ivam.es\/es\/6219-2\/","title":{"rendered":""},"content":{"rendered":"\n<figure class=\"wp-block-audio\"><audio controls controlslist=\"nodownload\"  src=\"https:\/\/ivam.es\/wp-content\/audios\/piano.wav\"><\/audio><\/figure>\n\n\n\n<p>El Piano &#8211; Ni\u00f1o de Elche<\/p>\n\n\n\n<figure class=\"wp-block-image size-large\"><a href=\"https:\/\/ivam.es\/es\/exposiciones\/recorrido-sonoro-de-popular\/\"><img loading=\"lazy\" decoding=\"async\" width=\"796\" height=\"1024\" src=\"https:\/\/ivam.es\/wp-content\/uploads\/page\/6219-2\/6219-796x1024.jpg\" alt=\"\" class=\"wp-image-83044\" srcset=\"https:\/\/ivam.es\/wp-content\/uploads\/page\/6219-2\/6219-796x1024.jpg 796w, https:\/\/ivam.es\/wp-content\/uploads\/page\/6219-2\/6219-233x300.jpg 233w, https:\/\/ivam.es\/wp-content\/uploads\/page\/6219-2\/6219-768x988.jpg 768w, https:\/\/ivam.es\/wp-content\/uploads\/page\/6219-2\/6219-280x360.jpg 280w, https:\/\/ivam.es\/wp-content\/uploads\/page\/6219-2\/6219-467x600.jpg 467w, https:\/\/ivam.es\/wp-content\/uploads\/page\/6219-2\/6219-231x297.jpg 231w, https:\/\/ivam.es\/wp-content\/uploads\/page\/6219-2\/6219-500x643.jpg 500w, https:\/\/ivam.es\/wp-content\/uploads\/page\/6219-2\/6219.jpg 1102w\" sizes=\"auto, (max-width: 796px) 100vw, 796px\" \/><\/a><\/figure>\n\n\n\n<p>Vicente Huidobro. <em>Piano (Poema Pintado)<\/em>, ca. 1920-1922<\/p>\n\n\n\n<p><\/p>\n\n\n\n<p>EL PIANO<br><em>(A partir de la obra de Vicente Huidobro)<\/em><br>Letra: Vicente Huidobro<br>M\u00fasica: Ni\u00f1o de Elche, Xisco Rojo<br>Voz: Ni\u00f1o de Elche<br>Piano: Xisco Rojo<br>Producido y mezclado por Xisco Rojo con la colaboraci\u00f3n de Ni\u00f1o de Elche<\/p>\n","protected":false},"excerpt":{"rendered":"<p>El Piano &#8211; Ni\u00f1o de Elche Vicente Huidobro. Piano (Poema Pintado), ca. 1920-1922 EL PIANO(A partir de la obra de Vicente Huidobro)Letra: Vicente HuidobroM\u00fasica: Ni\u00f1o de Elche, Xisco RojoVoz: Ni\u00f1o de ElchePiano: Xisco RojoProducido y mezclado por Xisco Rojo con la colaboraci\u00f3n de Ni\u00f1o de Elche<\/p>\n","protected":false},"author":291,"featured_media":0,"parent":0,"menu_order":0,"comment_status":"closed","ping_status":"closed","template":"","meta":{"footnotes":""},"class_list":["post-82919","page","type-page","status-publish","hentry"],"yoast_head":"<!-- This site is optimized with the Yoast SEO plugin v26.0 - https:\/\/yoast.com\/wordpress\/plugins\/seo\/ -->\n<title>- IVAM<\/title>\n<meta name=\"robots\" content=\"index, follow, max-snippet:-1, max-image-preview:large, max-video-preview:-1\" \/>\n<link rel=\"canonical\" href=\"https:\/\/ivam.es\/es\/6219-2\/\" \/>\n<meta property=\"og:locale\" content=\"es_ES\" \/>\n<meta property=\"og:type\" content=\"article\" \/>\n<meta property=\"og:title\" content=\"- IVAM\" \/>\n<meta property=\"og:description\" content=\"El Piano &#8211; Ni\u00f1o de Elche Vicente Huidobro. Piano (Poema Pintado), ca. 1920-1922 EL PIANO(A partir de la obra de Vicente Huidobro)Letra: Vicente HuidobroM\u00fasica: Ni\u00f1o de Elche, Xisco RojoVoz: Ni\u00f1o de ElchePiano: Xisco RojoProducido y mezclado por Xisco Rojo con la colaboraci\u00f3n de Ni\u00f1o de Elche\" \/>\n<meta property=\"og:url\" content=\"https:\/\/ivam.es\/es\/6219-2\/\" \/>\n<meta property=\"og:site_name\" content=\"IVAM\" \/>\n<meta property=\"article:modified_time\" content=\"2023-10-23T11:21:36+00:00\" \/>\n<meta property=\"og:image\" content=\"https:\/\/ivam.es\/wp-content\/uploads\/page\/6219-2\/6219.jpg\" \/>\n\t<meta property=\"og:image:width\" content=\"1102\" \/>\n\t<meta property=\"og:image:height\" content=\"1417\" \/>\n\t<meta property=\"og:image:type\" content=\"image\/jpeg\" \/>\n<meta name=\"twitter:card\" content=\"summary_large_image\" \/>\n<script type=\"application\/ld+json\" class=\"yoast-schema-graph\">{\"@context\":\"https:\/\/schema.org\",\"@graph\":[{\"@type\":\"WebPage\",\"@id\":\"https:\/\/ivam.es\/es\/6219-2\/\",\"url\":\"https:\/\/ivam.es\/es\/6219-2\/\",\"name\":\"- IVAM\",\"isPartOf\":{\"@id\":\"https:\/\/ivam.es\/es\/#website\"},\"primaryImageOfPage\":{\"@id\":\"https:\/\/ivam.es\/es\/6219-2\/#primaryimage\"},\"image\":{\"@id\":\"https:\/\/ivam.es\/es\/6219-2\/#primaryimage\"},\"thumbnailUrl\":\"https:\/\/ivam.es\/wp-content\/uploads\/page\/6219-2\/6219-796x1024.jpg\",\"datePublished\":\"2023-09-29T09:28:06+00:00\",\"dateModified\":\"2023-10-23T11:21:36+00:00\",\"inLanguage\":\"es\",\"potentialAction\":[{\"@type\":\"ReadAction\",\"target\":[\"https:\/\/ivam.es\/es\/6219-2\/\"]}]},{\"@type\":\"ImageObject\",\"inLanguage\":\"es\",\"@id\":\"https:\/\/ivam.es\/es\/6219-2\/#primaryimage\",\"url\":\"https:\/\/ivam.es\/wp-content\/uploads\/page\/6219-2\/6219-796x1024.jpg\",\"contentUrl\":\"https:\/\/ivam.es\/wp-content\/uploads\/page\/6219-2\/6219-796x1024.jpg\"},{\"@type\":\"WebSite\",\"@id\":\"https:\/\/ivam.es\/es\/#website\",\"url\":\"https:\/\/ivam.es\/es\/\",\"name\":\"IVAM\",\"description\":\"Institut Valenci\u00e0 d&#039;Art Modern\",\"publisher\":{\"@id\":\"https:\/\/ivam.es\/es\/#organization\"},\"potentialAction\":[{\"@type\":\"SearchAction\",\"target\":{\"@type\":\"EntryPoint\",\"urlTemplate\":\"https:\/\/ivam.es\/es\/?s={search_term_string}\"},\"query-input\":{\"@type\":\"PropertyValueSpecification\",\"valueRequired\":true,\"valueName\":\"search_term_string\"}}],\"inLanguage\":\"es\"},{\"@type\":\"Organization\",\"@id\":\"https:\/\/ivam.es\/es\/#organization\",\"name\":\"IVAM\",\"url\":\"https:\/\/ivam.es\/es\/\",\"logo\":{\"@type\":\"ImageObject\",\"inLanguage\":\"es\",\"@id\":\"https:\/\/ivam.es\/es\/#\/schema\/logo\/image\/\",\"url\":\"https:\/\/ivam.es\/wp-content\/uploads\/logo-ok-512.png\",\"contentUrl\":\"https:\/\/ivam.es\/wp-content\/uploads\/logo-ok-512.png\",\"width\":512,\"height\":512,\"caption\":\"IVAM\"},\"image\":{\"@id\":\"https:\/\/ivam.es\/es\/#\/schema\/logo\/image\/\"}}]}<\/script>\n<!-- \/ Yoast SEO plugin. -->","yoast_head_json":{"title":"- IVAM","robots":{"index":"index","follow":"follow","max-snippet":"max-snippet:-1","max-image-preview":"max-image-preview:large","max-video-preview":"max-video-preview:-1"},"canonical":"https:\/\/ivam.es\/es\/6219-2\/","og_locale":"es_ES","og_type":"article","og_title":"- IVAM","og_description":"El Piano &#8211; Ni\u00f1o de Elche Vicente Huidobro. Piano (Poema Pintado), ca. 1920-1922 EL PIANO(A partir de la obra de Vicente Huidobro)Letra: Vicente HuidobroM\u00fasica: Ni\u00f1o de Elche, Xisco RojoVoz: Ni\u00f1o de ElchePiano: Xisco RojoProducido y mezclado por Xisco Rojo con la colaboraci\u00f3n de Ni\u00f1o de Elche","og_url":"https:\/\/ivam.es\/es\/6219-2\/","og_site_name":"IVAM","article_modified_time":"2023-10-23T11:21:36+00:00","og_image":[{"width":1102,"height":1417,"url":"https:\/\/ivam.es\/wp-content\/uploads\/page\/6219-2\/6219.jpg","type":"image\/jpeg"}],"twitter_card":"summary_large_image","schema":{"@context":"https:\/\/schema.org","@graph":[{"@type":"WebPage","@id":"https:\/\/ivam.es\/es\/6219-2\/","url":"https:\/\/ivam.es\/es\/6219-2\/","name":"- IVAM","isPartOf":{"@id":"https:\/\/ivam.es\/es\/#website"},"primaryImageOfPage":{"@id":"https:\/\/ivam.es\/es\/6219-2\/#primaryimage"},"image":{"@id":"https:\/\/ivam.es\/es\/6219-2\/#primaryimage"},"thumbnailUrl":"https:\/\/ivam.es\/wp-content\/uploads\/page\/6219-2\/6219-796x1024.jpg","datePublished":"2023-09-29T09:28:06+00:00","dateModified":"2023-10-23T11:21:36+00:00","inLanguage":"es","potentialAction":[{"@type":"ReadAction","target":["https:\/\/ivam.es\/es\/6219-2\/"]}]},{"@type":"ImageObject","inLanguage":"es","@id":"https:\/\/ivam.es\/es\/6219-2\/#primaryimage","url":"https:\/\/ivam.es\/wp-content\/uploads\/page\/6219-2\/6219-796x1024.jpg","contentUrl":"https:\/\/ivam.es\/wp-content\/uploads\/page\/6219-2\/6219-796x1024.jpg"},{"@type":"WebSite","@id":"https:\/\/ivam.es\/es\/#website","url":"https:\/\/ivam.es\/es\/","name":"IVAM","description":"Institut Valenci\u00e0 d&#039;Art Modern","publisher":{"@id":"https:\/\/ivam.es\/es\/#organization"},"potentialAction":[{"@type":"SearchAction","target":{"@type":"EntryPoint","urlTemplate":"https:\/\/ivam.es\/es\/?s={search_term_string}"},"query-input":{"@type":"PropertyValueSpecification","valueRequired":true,"valueName":"search_term_string"}}],"inLanguage":"es"},{"@type":"Organization","@id":"https:\/\/ivam.es\/es\/#organization","name":"IVAM","url":"https:\/\/ivam.es\/es\/","logo":{"@type":"ImageObject","inLanguage":"es","@id":"https:\/\/ivam.es\/es\/#\/schema\/logo\/image\/","url":"https:\/\/ivam.es\/wp-content\/uploads\/logo-ok-512.png","contentUrl":"https:\/\/ivam.es\/wp-content\/uploads\/logo-ok-512.png","width":512,"height":512,"caption":"IVAM"},"image":{"@id":"https:\/\/ivam.es\/es\/#\/schema\/logo\/image\/"}}]}},"_links":{"self":[{"href":"https:\/\/ivam.es\/es\/wp-json\/wp\/v2\/pages\/82919","targetHints":{"allow":["GET"]}}],"collection":[{"href":"https:\/\/ivam.es\/es\/wp-json\/wp\/v2\/pages"}],"about":[{"href":"https:\/\/ivam.es\/es\/wp-json\/wp\/v2\/types\/page"}],"author":[{"embeddable":true,"href":"https:\/\/ivam.es\/es\/wp-json\/wp\/v2\/users\/291"}],"replies":[{"embeddable":true,"href":"https:\/\/ivam.es\/es\/wp-json\/wp\/v2\/comments?post=82919"}],"version-history":[{"count":10,"href":"https:\/\/ivam.es\/es\/wp-json\/wp\/v2\/pages\/82919\/revisions"}],"predecessor-version":[{"id":83616,"href":"https:\/\/ivam.es\/es\/wp-json\/wp\/v2\/pages\/82919\/revisions\/83616"}],"wp:attachment":[{"href":"https:\/\/ivam.es\/es\/wp-json\/wp\/v2\/media?parent=82919"}],"curies":[{"name":"wp","href":"https:\/\/api.w.org\/{rel}","templated":true}]}}