{"id":64597,"date":"2022-07-04T15:41:04","date_gmt":"2022-07-04T13:41:04","guid":{"rendered":"\/suscripcio\/"},"modified":"2025-10-20T09:53:47","modified_gmt":"2025-10-20T07:53:47","slug":"suscripcion","status":"publish","type":"page","link":"https:\/\/ivam.es\/es\/suscripcion\/","title":{"rendered":"Suscripci\u00f3n al bolet\u00edn"},"content":{"rendered":"\n<div id=\"mc_embed_shell\">\n      <link href=\"\/\/cdn-images.mailchimp.com\/embedcode\/classic-061523.css\" rel=\"stylesheet\" type=\"text\/css\">\n  <style type=\"text\/css\">\n        #mc_embed_signup{background:#fff; false;clear:left; font:14px Helvetica,Arial,sans-serif; width: 600px;}\n        \/* Add your own Mailchimp form style overrides in your site stylesheet or in this style block.\n           We recommend moving this block and the preceding CSS link to the HEAD of your HTML file. *\/\n<\/style><style type=\"text\/css\">\n        #mc-embedded-subscribe-form input[type=checkbox]{display: inline; width: auto;margin-right: 10px;}\n#mc_embed_shell ul li:first-child {display:none !important}\n#mc_embed_shell ul li:nth-child(2) {display:none !important}\n# mergeRow-gdpr {margin-top: 20px;}\n# mergeRow-gdpr fieldset label {font-weight: normal;}\n# mc-embedded-subscribe-form .mc_fieldset{border:none;min-height: 0px;padding-bottom:0px;}\n<\/style>\n<div id=\"mc_embed_signup\">\n    <form action=\"https:\/\/ivam.us14.list-manage.com\/subscribe\/post?u=7ab61a868e0d90f886cb24059&amp;id=b640b0028a&amp;f_id=00639be0f0\" method=\"post\" id=\"mc-embedded-subscribe-form\" name=\"mc-embedded-subscribe-form\" class=\"validate\" target=\"_blank\">\n        <div id=\"mc_embed_signup_scroll\">\n            <div class=\"indicates-required\"><span class=\"asterisk\">*<\/span> indica que es obligatorio<\/div>\n            <div class=\"mc-field-group\">\n                <label for=\"mce-EMAIL\">Email <span class=\"asterisk\">*<\/span><\/label>\n                <input type=\"email\" name=\"EMAIL\" class=\"required email\" id=\"mce-EMAIL\" required=\"\" value=\"\"><\/div>\n                <div class=\"mc-field-group\">\n                    <label for=\"mce-FNAME\">Nombre <\/label><input type=\"text\" name=\"FNAME\" class=\" text\" id=\"mce-FNAME\" value=\"\"><\/div><div class=\"mc-field-group\"><label for=\"mce-LNAME\">Apellidos <\/label><input type=\"text\" name=\"LNAME\" class=\" text\" id=\"mce-LNAME\" value=\"\"><\/div><div class=\"mc-field-group\"><label for=\"mce-MMERGE5\">C\u00f3digo postal <\/label><input type=\"number\" name=\"MMERGE5\" class=\" number\" id=\"mce-MMERGE5\" value=\"\"><\/div><div class=\"mc-field-group\"><label for=\"mce-MMERGE4\">Idioma <\/label><select name=\"MMERGE4\" class=\"\" id=\"mce-MMERGE4\"><option value=\"\"><\/option><option value=\"Valenci\u00e0\">Valenci\u00e0<\/option><option value=\"Castellano\">Castellano<\/option><\/select><\/div><div class=\"mc-field-group input-group\"><strong>Bolet\u00edn <\/strong><ul><li><input type=\"checkbox\" name=\"group[3257][1]\" id=\"mce-group[3257]-3257-0\" value=\"\"><label for=\"mce-group[3257]-3257-0\">Agenda (Semanal)<\/label><\/li><li><input type=\"checkbox\" name=\"group[3257][2]\" id=\"mce-group[3257]-3257-1\" value=\"\"><label for=\"mce-group[3257]-3257-1\">Inauguracions i noticies (Mensual)<\/label><\/li><li><input type=\"checkbox\" name=\"group[3257][4]\" id=\"mce-group[3257]-3257-2\" value=\"\"><label for=\"mce-group[3257]-3257-2\">Agenda e inauguraciones (Castellano)<\/label><\/li><li><input type=\"checkbox\" name=\"group[3257][8]\" id=\"mce-group[3257]-3257-3\" value=\"\"><label for=\"mce-group[3257]-3257-3\">Agenda i inauguracions (Valenci\u00e0)<\/label><\/li><\/ul><\/div><div id=\"mergeRow-gdpr\" class=\"mergeRow gdpr-mergeRow content__gdprBlock mc-field-group\"><div class=\"content__gdpr\"><label>IVAM utilizar\u00e1 la informaci\u00f3n que usted proporcione en este formulario para ponerse en contacto con usted y enviarle actualizaciones y promociones. Por favor, seleccione el medio por el que le gustar\u00eda recibir nuestras noticias:<\/p><fieldset class=\"mc_fieldset gdprRequired mc-field-group\" name=\"interestgroup_field\"><label class=\"checkbox subfield\" for=\"gdpr1\"><input type=\"checkbox\" id=\"gdpr_1\" name=\"gdpr[1]\" class=\"gdpr\" value=\"Y\"><span>Correu electr\u00f2nic<\/span><\/label><\/fieldset>\n                        <p>Puede cambiar de opini\u00f3n en cualquier momento haciendo clic en el enlace desuscribir que hay en el pie de p\u00e1gina de cualquier correo electr\u00f3nico que reciba de nuestra parte, o poni\u00e9ndose en contacto con nosotros a trav\u00e9s de ivam@ivam.es. Trataremos su informaci\u00f3n con respeto. Para obtener m\u00e1s informaci\u00f3n acerca de nuestras pr\u00e1cticas de privacidad, visite nuestra web. Al hacer clic a continuaci\u00f3n, acepta que podamos procesar su informaci\u00f3n de acuerdo con estos t\u00e9rminos.<\/p><\/div><\/div>\n        <div id=\"mce-responses\" class=\"clear\">\n            <div class=\"response\" id=\"mce-error-response\" style=\"display: none;\"><\/div>\n            <div class=\"response\" id=\"mce-success-response\" style=\"display: none;\"><\/div>\n        <\/div><div aria-hidden=\"true\" style=\"position: absolute; left: -5000px;\"><input type=\"text\" name=\"b_7ab61a868e0d90f886cb24059_b640b0028a\" tabindex=\"-1\" value=\"\"><\/div><div class=\"clear\"><input type=\"submit\" name=\"subscribe\" id=\"mc-embedded-subscribe\" class=\"button\" value=\"Suscr\u00edbete\"><\/div>\n    <\/div>\n<\/form>\n<\/div>\n<script type=\"text\/javascript\" src=\"\/\/s3.amazonaws.com\/downloads.mailchimp.com\/js\/mc-validate.js\"><\/script><script type=\"text\/javascript\">(function($) {window.fnames = new Array(); window.ftypes = new Array();fnames[0]='EMAIL';ftypes[0]='email';fnames[1]='FNAME';ftypes[1]='text';fnames[2]='LNAME';ftypes[2]='text';fnames[5]='MMERGE5';ftypes[5]='number';fnames[4]='MMERGE4';ftypes[4]='dropdown';fnames[3]='MMERGE3';ftypes[3]='text';\/*\n  * Translated default messages for the jQuery validation plugin.\n  * Locale: CA\n *\/\n$.extend($.validator.messages, {\n  required: \"Aquest camp \u00e9s obligatori.\",\n  remote: \"Si us plau, omple aquest camp.\",\n  email: \"Si us plau, escriu una adre\u00e7a de correu-e v\u00e0lida\",\n  url: \"Si us plau, escriu una URL v\u00e0lida.\",\n  date: \"Si us plau, escriu una data v\u00e0lida.\",\n  dateISO: \"Si us plau, escriu una data (ISO) v\u00e0lida.\",\n  number: \"Si us plau, escriu un n\u00famero enter v\u00e0lid.\",\n  digits: \"Si us plau, escriu nom\u00e9s d\u00edgits.\",\n  creditcard: \"Si us plau, escriu un n\u00famero de tarjeta v\u00e0lid.\",\n  equalTo: \"Si us plau, escriu el maateix valor de nou.\",\n  accept: \"Si us plau, escriu un valor amb una extensi\u00f3 acceptada.\",\n  maxlength: $.validator.format(\"Si us plau, no escriguis m\u00e9s de {0} caracters.\"),\n  minlength: $.validator.format(\"Si us plau, no escriguis menys de {0} caracters.\"),\n  rangelength: $.validator.format(\"Si us plau, escriu un valor entre {0} i {1} caracters.\"),\n  range: $.validator.format(\"Si us plau, escriu un valor entre {0} i {1}.\"),\n  max: $.validator.format(\"Si us plau, escriu un valor menor o igual a {0}.\"),\n  min: $.validator.format(\"Si us plau, escriu un valor major o igual a {0}.\")\n});}(jQuery));var $mcj = jQuery.noConflict(true);<\/script><\/div>\n","protected":false},"excerpt":{"rendered":"<p>* indica que es obligatorio Email * Nombre Apellidos C\u00f3digo postal Idioma Valenci\u00e0Castellano Bolet\u00edn Agenda (Semanal) Inauguracions i noticies (Mensual) Agenda e inauguraciones (Castellano) Agenda i inauguracions (Valenci\u00e0) IVAM utilizar\u00e1 la informaci\u00f3n que usted proporcione en este formulario para ponerse en contacto con usted y enviarle actualizaciones y promociones. Por favor, seleccione el medio por [&hellip;]<\/p>\n","protected":false},"author":7,"featured_media":0,"parent":0,"menu_order":118,"comment_status":"closed","ping_status":"closed","template":"custom-newsletter.php","meta":{"footnotes":""},"class_list":["post-64597","page","type-page","status-publish","hentry"],"yoast_head":"<!-- This site is optimized with the Yoast SEO plugin v26.0 - https:\/\/yoast.com\/wordpress\/plugins\/seo\/ -->\n<title>Suscripci\u00f3n al bolet\u00edn - IVAM<\/title>\n<meta name=\"robots\" content=\"index, follow, max-snippet:-1, max-image-preview:large, max-video-preview:-1\" \/>\n<link rel=\"canonical\" href=\"https:\/\/ivam.es\/es\/suscripcion\/\" \/>\n<meta property=\"og:locale\" content=\"es_ES\" \/>\n<meta property=\"og:type\" content=\"article\" \/>\n<meta property=\"og:title\" content=\"Suscripci\u00f3n al bolet\u00edn - IVAM\" \/>\n<meta property=\"og:description\" content=\"* indica que es obligatorio Email * Nombre Apellidos C\u00f3digo postal Idioma Valenci\u00e0Castellano Bolet\u00edn Agenda (Semanal) Inauguracions i noticies (Mensual) Agenda e inauguraciones (Castellano) Agenda i inauguracions (Valenci\u00e0) IVAM utilizar\u00e1 la informaci\u00f3n que usted proporcione en este formulario para ponerse en contacto con usted y enviarle actualizaciones y promociones. Por favor, seleccione el medio por [&hellip;]\" \/>\n<meta property=\"og:url\" content=\"https:\/\/ivam.es\/es\/suscripcion\/\" \/>\n<meta property=\"og:site_name\" content=\"IVAM\" \/>\n<meta property=\"article:modified_time\" content=\"2025-10-20T07:53:47+00:00\" \/>\n<meta name=\"twitter:card\" content=\"summary_large_image\" \/>\n<meta name=\"twitter:label1\" content=\"Tiempo de lectura\" \/>\n\t<meta name=\"twitter:data1\" content=\"1 minuto\" \/>\n<script type=\"application\/ld+json\" class=\"yoast-schema-graph\">{\"@context\":\"https:\/\/schema.org\",\"@graph\":[{\"@type\":\"WebPage\",\"@id\":\"https:\/\/ivam.es\/es\/suscripcion\/\",\"url\":\"https:\/\/ivam.es\/es\/suscripcion\/\",\"name\":\"Suscripci\u00f3n al bolet\u00edn - IVAM\",\"isPartOf\":{\"@id\":\"https:\/\/ivam.es\/es\/#website\"},\"datePublished\":\"2022-07-04T13:41:04+00:00\",\"dateModified\":\"2025-10-20T07:53:47+00:00\",\"breadcrumb\":{\"@id\":\"https:\/\/ivam.es\/es\/suscripcion\/#breadcrumb\"},\"inLanguage\":\"es\",\"potentialAction\":[{\"@type\":\"ReadAction\",\"target\":[\"https:\/\/ivam.es\/es\/suscripcion\/\"]}]},{\"@type\":\"BreadcrumbList\",\"@id\":\"https:\/\/ivam.es\/es\/suscripcion\/#breadcrumb\",\"itemListElement\":[{\"@type\":\"ListItem\",\"position\":1,\"name\":\"Home\",\"item\":\"https:\/\/ivam.es\/es\/\"},{\"@type\":\"ListItem\",\"position\":2,\"name\":\"Suscripci\u00f3n al bolet\u00edn\"}]},{\"@type\":\"WebSite\",\"@id\":\"https:\/\/ivam.es\/es\/#website\",\"url\":\"https:\/\/ivam.es\/es\/\",\"name\":\"IVAM\",\"description\":\"Institut Valenci\u00e0 d&#039;Art Modern\",\"publisher\":{\"@id\":\"https:\/\/ivam.es\/es\/#organization\"},\"potentialAction\":[{\"@type\":\"SearchAction\",\"target\":{\"@type\":\"EntryPoint\",\"urlTemplate\":\"https:\/\/ivam.es\/es\/?s={search_term_string}\"},\"query-input\":{\"@type\":\"PropertyValueSpecification\",\"valueRequired\":true,\"valueName\":\"search_term_string\"}}],\"inLanguage\":\"es\"},{\"@type\":\"Organization\",\"@id\":\"https:\/\/ivam.es\/es\/#organization\",\"name\":\"IVAM\",\"url\":\"https:\/\/ivam.es\/es\/\",\"logo\":{\"@type\":\"ImageObject\",\"inLanguage\":\"es\",\"@id\":\"https:\/\/ivam.es\/es\/#\/schema\/logo\/image\/\",\"url\":\"https:\/\/ivam.es\/wp-content\/uploads\/logo-ok-512.png\",\"contentUrl\":\"https:\/\/ivam.es\/wp-content\/uploads\/logo-ok-512.png\",\"width\":512,\"height\":512,\"caption\":\"IVAM\"},\"image\":{\"@id\":\"https:\/\/ivam.es\/es\/#\/schema\/logo\/image\/\"}}]}<\/script>\n<!-- \/ Yoast SEO plugin. -->","yoast_head_json":{"title":"Suscripci\u00f3n al bolet\u00edn - IVAM","robots":{"index":"index","follow":"follow","max-snippet":"max-snippet:-1","max-image-preview":"max-image-preview:large","max-video-preview":"max-video-preview:-1"},"canonical":"https:\/\/ivam.es\/es\/suscripcion\/","og_locale":"es_ES","og_type":"article","og_title":"Suscripci\u00f3n al bolet\u00edn - IVAM","og_description":"* indica que es obligatorio Email * Nombre Apellidos C\u00f3digo postal Idioma Valenci\u00e0Castellano Bolet\u00edn Agenda (Semanal) Inauguracions i noticies (Mensual) Agenda e inauguraciones (Castellano) Agenda i inauguracions (Valenci\u00e0) IVAM utilizar\u00e1 la informaci\u00f3n que usted proporcione en este formulario para ponerse en contacto con usted y enviarle actualizaciones y promociones. Por favor, seleccione el medio por [&hellip;]","og_url":"https:\/\/ivam.es\/es\/suscripcion\/","og_site_name":"IVAM","article_modified_time":"2025-10-20T07:53:47+00:00","twitter_card":"summary_large_image","twitter_misc":{"Tiempo de lectura":"1 minuto"},"schema":{"@context":"https:\/\/schema.org","@graph":[{"@type":"WebPage","@id":"https:\/\/ivam.es\/es\/suscripcion\/","url":"https:\/\/ivam.es\/es\/suscripcion\/","name":"Suscripci\u00f3n al bolet\u00edn - IVAM","isPartOf":{"@id":"https:\/\/ivam.es\/es\/#website"},"datePublished":"2022-07-04T13:41:04+00:00","dateModified":"2025-10-20T07:53:47+00:00","breadcrumb":{"@id":"https:\/\/ivam.es\/es\/suscripcion\/#breadcrumb"},"inLanguage":"es","potentialAction":[{"@type":"ReadAction","target":["https:\/\/ivam.es\/es\/suscripcion\/"]}]},{"@type":"BreadcrumbList","@id":"https:\/\/ivam.es\/es\/suscripcion\/#breadcrumb","itemListElement":[{"@type":"ListItem","position":1,"name":"Home","item":"https:\/\/ivam.es\/es\/"},{"@type":"ListItem","position":2,"name":"Suscripci\u00f3n al bolet\u00edn"}]},{"@type":"WebSite","@id":"https:\/\/ivam.es\/es\/#website","url":"https:\/\/ivam.es\/es\/","name":"IVAM","description":"Institut Valenci\u00e0 d&#039;Art Modern","publisher":{"@id":"https:\/\/ivam.es\/es\/#organization"},"potentialAction":[{"@type":"SearchAction","target":{"@type":"EntryPoint","urlTemplate":"https:\/\/ivam.es\/es\/?s={search_term_string}"},"query-input":{"@type":"PropertyValueSpecification","valueRequired":true,"valueName":"search_term_string"}}],"inLanguage":"es"},{"@type":"Organization","@id":"https:\/\/ivam.es\/es\/#organization","name":"IVAM","url":"https:\/\/ivam.es\/es\/","logo":{"@type":"ImageObject","inLanguage":"es","@id":"https:\/\/ivam.es\/es\/#\/schema\/logo\/image\/","url":"https:\/\/ivam.es\/wp-content\/uploads\/logo-ok-512.png","contentUrl":"https:\/\/ivam.es\/wp-content\/uploads\/logo-ok-512.png","width":512,"height":512,"caption":"IVAM"},"image":{"@id":"https:\/\/ivam.es\/es\/#\/schema\/logo\/image\/"}}]}},"_links":{"self":[{"href":"https:\/\/ivam.es\/es\/wp-json\/wp\/v2\/pages\/64597","targetHints":{"allow":["GET"]}}],"collection":[{"href":"https:\/\/ivam.es\/es\/wp-json\/wp\/v2\/pages"}],"about":[{"href":"https:\/\/ivam.es\/es\/wp-json\/wp\/v2\/types\/page"}],"author":[{"embeddable":true,"href":"https:\/\/ivam.es\/es\/wp-json\/wp\/v2\/users\/7"}],"replies":[{"embeddable":true,"href":"https:\/\/ivam.es\/es\/wp-json\/wp\/v2\/comments?post=64597"}],"version-history":[{"count":4,"href":"https:\/\/ivam.es\/es\/wp-json\/wp\/v2\/pages\/64597\/revisions"}],"predecessor-version":[{"id":111327,"href":"https:\/\/ivam.es\/es\/wp-json\/wp\/v2\/pages\/64597\/revisions\/111327"}],"wp:attachment":[{"href":"https:\/\/ivam.es\/es\/wp-json\/wp\/v2\/media?parent=64597"}],"curies":[{"name":"wp","href":"https:\/\/api.w.org\/{rel}","templated":true}]}}