{"id":61797,"date":"2022-04-07T17:49:04","date_gmt":"2022-04-07T15:49:04","guid":{"rendered":"\/?page_id=61797"},"modified":"2023-03-24T18:05:31","modified_gmt":"2023-03-24T16:05:31","slug":"acto-de-conciliacion-pilar-beltran-villanueva-de-viver-alto-mijares","status":"publish","type":"page","link":"https:\/\/ivam.es\/es\/acto-de-conciliacion-pilar-beltran-villanueva-de-viver-alto-mijares\/","title":{"rendered":"Acto de conciliaci\u00f3n, Pilar Beltr\u00e1n (Villanueva de Viver, Alto Mijares)"},"content":{"rendered":"<p><strong>CONFLU\u00c8NCIES. Intervenciones art\u00edsticas en los pueblos de la Ruta 99<\/strong><\/p>\n<p>Villanueva de Viver es un pueblo fronterizo a caballo entre la Comunidad Valenciana y Arag\u00f3n, un lugar de cruce de culturas donde, en sus or\u00edgenes, convivieron moriscos, jud\u00edos y cristianos. Me interesa ese car\u00e1cter fronterizo y multicultural, con todo lo que ello implica, en tanto que lugar de encuentro y confrontaci\u00f3n, a la vez.<\/p>\n<p>\u00abLos pueblos no son ese lugar id\u00edlico y sin problemas que imagina el visitante. En ellos todos se conocen y hay rencillas que vienen de mucho tiempo atr\u00e1s\u00bb, comenta una vecina.<\/p>\n<p>Cuando busco en el archivo hist\u00f3rico datos sobre su poblaci\u00f3n, descubro tambi\u00e9n varios documentos del Juzgado Municipal, entre los que hay cinco actos de conciliaci\u00f3n fechados a comienzos de los a\u00f1os cuarenta, primeros a\u00f1os de posguerra&#8230; Actos de Conciliaci\u00f3n. Me atraen estos documentos no solo por su car\u00e1cter jur\u00eddico, sino tambi\u00e9n a nivel est\u00e9tico y po\u00e9tico.<\/p>\n<p>Conciliar, ser capaces de acercar posturas y llegar a acuerdos, est\u00e1 en la base de toda convivencia. Con esta idea en mente estoy tejiendo una propuesta a partir de lo escuchado y observado durante mi estancia. Un proyecto, todav\u00eda en fase de materializaci\u00f3n, basado en peque\u00f1os actos de conciliaci\u00f3n, a partir de gestos cotidianos y elementos de la naturaleza, que de forma metaf\u00f3rica nos hablen de posibilitar la vida.<\/p>\n<p><strong>Descarga <\/strong><a href=\"https:\/\/ivam.es\/wp-content\/uploads\/Ficha-Pilar-Beltran-actualizacion-CAS.pdf\">aqu\u00ed<\/a> la informaci\u00f3n sobre el proceso de intervenci\u00f3n art\u00edstica que est\u00e1 realizando Pilar Beltr\u00e1n en Villanueva de Viver.<\/p>\n<p><strong>Pilar Beltr\u00e1n<\/strong> (Castell\u00f3, 1969) compagina la creaci\u00f3n art\u00edstica con la docencia en la Facultat de Belles Arts de Val\u00e8ncia (UPV). Sus propuestas surgen, a menudo, de reflexionar sobre lo m\u00e1s cercano para entender lo global, utilizando elementos (auto)biogr\u00e1ficos para hablar de la experiencia colectiva.<\/p>\n","protected":false},"excerpt":{"rendered":"<p>CONFLU\u00c8NCIES. Intervenciones art\u00edsticas en los pueblos de la Ruta 99 Villanueva de Viver es un pueblo fronterizo a caballo entre la Comunidad Valenciana y Arag\u00f3n, un lugar de cruce de culturas donde, en sus or\u00edgenes, convivieron moriscos, jud\u00edos y cristianos. Me interesa ese car\u00e1cter fronterizo y multicultural, con todo lo que ello implica, en tanto [&hellip;]<\/p>\n","protected":false},"author":231,"featured_media":0,"parent":0,"menu_order":142,"comment_status":"closed","ping_status":"closed","template":"","meta":{"footnotes":""},"class_list":["post-61797","page","type-page","status-publish","hentry"],"yoast_head":"<!-- This site is optimized with the Yoast SEO plugin v26.0 - https:\/\/yoast.com\/wordpress\/plugins\/seo\/ -->\n<title>Acto de conciliaci\u00f3n, Pilar Beltr\u00e1n (Villanueva de Viver, Alto Mijares) - IVAM<\/title>\n<meta name=\"robots\" content=\"index, follow, max-snippet:-1, max-image-preview:large, max-video-preview:-1\" \/>\n<link rel=\"canonical\" href=\"https:\/\/ivam.es\/es\/acto-de-conciliacion-pilar-beltran-villanueva-de-viver-alto-mijares\/\" \/>\n<meta property=\"og:locale\" content=\"es_ES\" \/>\n<meta property=\"og:type\" content=\"article\" \/>\n<meta property=\"og:title\" content=\"Acto de conciliaci\u00f3n, Pilar Beltr\u00e1n (Villanueva de Viver, Alto Mijares) - IVAM\" \/>\n<meta property=\"og:description\" content=\"CONFLU\u00c8NCIES. Intervenciones art\u00edsticas en los pueblos de la Ruta 99 Villanueva de Viver es un pueblo fronterizo a caballo entre la Comunidad Valenciana y Arag\u00f3n, un lugar de cruce de culturas donde, en sus or\u00edgenes, convivieron moriscos, jud\u00edos y cristianos. Me interesa ese car\u00e1cter fronterizo y multicultural, con todo lo que ello implica, en tanto [&hellip;]\" \/>\n<meta property=\"og:url\" content=\"https:\/\/ivam.es\/es\/acto-de-conciliacion-pilar-beltran-villanueva-de-viver-alto-mijares\/\" \/>\n<meta property=\"og:site_name\" content=\"IVAM\" \/>\n<meta property=\"article:modified_time\" content=\"2023-03-24T16:05:31+00:00\" \/>\n<meta name=\"twitter:card\" content=\"summary_large_image\" \/>\n<meta name=\"twitter:label1\" content=\"Tiempo de lectura\" \/>\n\t<meta name=\"twitter:data1\" content=\"2 minutos\" \/>\n<script type=\"application\/ld+json\" class=\"yoast-schema-graph\">{\"@context\":\"https:\/\/schema.org\",\"@graph\":[{\"@type\":\"WebPage\",\"@id\":\"https:\/\/ivam.es\/es\/acto-de-conciliacion-pilar-beltran-villanueva-de-viver-alto-mijares\/\",\"url\":\"https:\/\/ivam.es\/es\/acto-de-conciliacion-pilar-beltran-villanueva-de-viver-alto-mijares\/\",\"name\":\"Acto de conciliaci\u00f3n, Pilar Beltr\u00e1n (Villanueva de Viver, Alto Mijares) - IVAM\",\"isPartOf\":{\"@id\":\"https:\/\/ivam.es\/es\/#website\"},\"datePublished\":\"2022-04-07T15:49:04+00:00\",\"dateModified\":\"2023-03-24T16:05:31+00:00\",\"breadcrumb\":{\"@id\":\"https:\/\/ivam.es\/es\/acto-de-conciliacion-pilar-beltran-villanueva-de-viver-alto-mijares\/#breadcrumb\"},\"inLanguage\":\"es\",\"potentialAction\":[{\"@type\":\"ReadAction\",\"target\":[\"https:\/\/ivam.es\/es\/acto-de-conciliacion-pilar-beltran-villanueva-de-viver-alto-mijares\/\"]}]},{\"@type\":\"BreadcrumbList\",\"@id\":\"https:\/\/ivam.es\/es\/acto-de-conciliacion-pilar-beltran-villanueva-de-viver-alto-mijares\/#breadcrumb\",\"itemListElement\":[{\"@type\":\"ListItem\",\"position\":1,\"name\":\"Home\",\"item\":\"https:\/\/ivam.es\/es\/\"},{\"@type\":\"ListItem\",\"position\":2,\"name\":\"Acto de conciliaci\u00f3n, Pilar Beltr\u00e1n (Villanueva de Viver, Alto Mijares)\"}]},{\"@type\":\"WebSite\",\"@id\":\"https:\/\/ivam.es\/es\/#website\",\"url\":\"https:\/\/ivam.es\/es\/\",\"name\":\"IVAM\",\"description\":\"Institut Valenci\u00e0 d&#039;Art Modern\",\"publisher\":{\"@id\":\"https:\/\/ivam.es\/es\/#organization\"},\"potentialAction\":[{\"@type\":\"SearchAction\",\"target\":{\"@type\":\"EntryPoint\",\"urlTemplate\":\"https:\/\/ivam.es\/es\/?s={search_term_string}\"},\"query-input\":{\"@type\":\"PropertyValueSpecification\",\"valueRequired\":true,\"valueName\":\"search_term_string\"}}],\"inLanguage\":\"es\"},{\"@type\":\"Organization\",\"@id\":\"https:\/\/ivam.es\/es\/#organization\",\"name\":\"IVAM\",\"url\":\"https:\/\/ivam.es\/es\/\",\"logo\":{\"@type\":\"ImageObject\",\"inLanguage\":\"es\",\"@id\":\"https:\/\/ivam.es\/es\/#\/schema\/logo\/image\/\",\"url\":\"https:\/\/ivam.es\/wp-content\/uploads\/logo-ok-512.png\",\"contentUrl\":\"https:\/\/ivam.es\/wp-content\/uploads\/logo-ok-512.png\",\"width\":512,\"height\":512,\"caption\":\"IVAM\"},\"image\":{\"@id\":\"https:\/\/ivam.es\/es\/#\/schema\/logo\/image\/\"}}]}<\/script>\n<!-- \/ Yoast SEO plugin. -->","yoast_head_json":{"title":"Acto de conciliaci\u00f3n, Pilar Beltr\u00e1n (Villanueva de Viver, Alto Mijares) - IVAM","robots":{"index":"index","follow":"follow","max-snippet":"max-snippet:-1","max-image-preview":"max-image-preview:large","max-video-preview":"max-video-preview:-1"},"canonical":"https:\/\/ivam.es\/es\/acto-de-conciliacion-pilar-beltran-villanueva-de-viver-alto-mijares\/","og_locale":"es_ES","og_type":"article","og_title":"Acto de conciliaci\u00f3n, Pilar Beltr\u00e1n (Villanueva de Viver, Alto Mijares) - IVAM","og_description":"CONFLU\u00c8NCIES. Intervenciones art\u00edsticas en los pueblos de la Ruta 99 Villanueva de Viver es un pueblo fronterizo a caballo entre la Comunidad Valenciana y Arag\u00f3n, un lugar de cruce de culturas donde, en sus or\u00edgenes, convivieron moriscos, jud\u00edos y cristianos. Me interesa ese car\u00e1cter fronterizo y multicultural, con todo lo que ello implica, en tanto [&hellip;]","og_url":"https:\/\/ivam.es\/es\/acto-de-conciliacion-pilar-beltran-villanueva-de-viver-alto-mijares\/","og_site_name":"IVAM","article_modified_time":"2023-03-24T16:05:31+00:00","twitter_card":"summary_large_image","twitter_misc":{"Tiempo de lectura":"2 minutos"},"schema":{"@context":"https:\/\/schema.org","@graph":[{"@type":"WebPage","@id":"https:\/\/ivam.es\/es\/acto-de-conciliacion-pilar-beltran-villanueva-de-viver-alto-mijares\/","url":"https:\/\/ivam.es\/es\/acto-de-conciliacion-pilar-beltran-villanueva-de-viver-alto-mijares\/","name":"Acto de conciliaci\u00f3n, Pilar Beltr\u00e1n (Villanueva de Viver, Alto Mijares) - IVAM","isPartOf":{"@id":"https:\/\/ivam.es\/es\/#website"},"datePublished":"2022-04-07T15:49:04+00:00","dateModified":"2023-03-24T16:05:31+00:00","breadcrumb":{"@id":"https:\/\/ivam.es\/es\/acto-de-conciliacion-pilar-beltran-villanueva-de-viver-alto-mijares\/#breadcrumb"},"inLanguage":"es","potentialAction":[{"@type":"ReadAction","target":["https:\/\/ivam.es\/es\/acto-de-conciliacion-pilar-beltran-villanueva-de-viver-alto-mijares\/"]}]},{"@type":"BreadcrumbList","@id":"https:\/\/ivam.es\/es\/acto-de-conciliacion-pilar-beltran-villanueva-de-viver-alto-mijares\/#breadcrumb","itemListElement":[{"@type":"ListItem","position":1,"name":"Home","item":"https:\/\/ivam.es\/es\/"},{"@type":"ListItem","position":2,"name":"Acto de conciliaci\u00f3n, Pilar Beltr\u00e1n (Villanueva de Viver, Alto Mijares)"}]},{"@type":"WebSite","@id":"https:\/\/ivam.es\/es\/#website","url":"https:\/\/ivam.es\/es\/","name":"IVAM","description":"Institut Valenci\u00e0 d&#039;Art Modern","publisher":{"@id":"https:\/\/ivam.es\/es\/#organization"},"potentialAction":[{"@type":"SearchAction","target":{"@type":"EntryPoint","urlTemplate":"https:\/\/ivam.es\/es\/?s={search_term_string}"},"query-input":{"@type":"PropertyValueSpecification","valueRequired":true,"valueName":"search_term_string"}}],"inLanguage":"es"},{"@type":"Organization","@id":"https:\/\/ivam.es\/es\/#organization","name":"IVAM","url":"https:\/\/ivam.es\/es\/","logo":{"@type":"ImageObject","inLanguage":"es","@id":"https:\/\/ivam.es\/es\/#\/schema\/logo\/image\/","url":"https:\/\/ivam.es\/wp-content\/uploads\/logo-ok-512.png","contentUrl":"https:\/\/ivam.es\/wp-content\/uploads\/logo-ok-512.png","width":512,"height":512,"caption":"IVAM"},"image":{"@id":"https:\/\/ivam.es\/es\/#\/schema\/logo\/image\/"}}]}},"_links":{"self":[{"href":"https:\/\/ivam.es\/es\/wp-json\/wp\/v2\/pages\/61797","targetHints":{"allow":["GET"]}}],"collection":[{"href":"https:\/\/ivam.es\/es\/wp-json\/wp\/v2\/pages"}],"about":[{"href":"https:\/\/ivam.es\/es\/wp-json\/wp\/v2\/types\/page"}],"author":[{"embeddable":true,"href":"https:\/\/ivam.es\/es\/wp-json\/wp\/v2\/users\/231"}],"replies":[{"embeddable":true,"href":"https:\/\/ivam.es\/es\/wp-json\/wp\/v2\/comments?post=61797"}],"version-history":[{"count":5,"href":"https:\/\/ivam.es\/es\/wp-json\/wp\/v2\/pages\/61797\/revisions"}],"predecessor-version":[{"id":77490,"href":"https:\/\/ivam.es\/es\/wp-json\/wp\/v2\/pages\/61797\/revisions\/77490"}],"wp:attachment":[{"href":"https:\/\/ivam.es\/es\/wp-json\/wp\/v2\/media?parent=61797"}],"curies":[{"name":"wp","href":"https:\/\/api.w.org\/{rel}","templated":true}]}}