{"id":61767,"date":"2022-04-07T17:30:10","date_gmt":"2022-04-07T15:30:10","guid":{"rendered":"\/?page_id=61767"},"modified":"2022-04-13T10:57:15","modified_gmt":"2022-04-13T08:57:15","slug":"la-_________-del-pueblo-makea-tu-vida-sacanet-alto-palancia","status":"publish","type":"page","link":"https:\/\/ivam.es\/es\/la-_________-del-pueblo-makea-tu-vida-sacanet-alto-palancia\/","title":{"rendered":"La _________ del pueblo, Makea Tu Vida (Saca\u00f1et, Alto Palancia)"},"content":{"rendered":"<p><strong>CONFLU\u00c8NCIES. Intervenciones art\u00edsticas en los pueblos de la Ruta 99<\/strong><\/p>\n<p>Saca\u00f1et es un pueblo del Alto Palancia situado a 1020 metros sobre el mar. De climatolog\u00eda \u00e1spera y ventosa, y rodeado de almendros, mantiene actualmente un censo de alrededor 60 habitantes. En d\u00edas claros, se ve el Penyagolosa, incluso el mar.<\/p>\n<p>Nuestra manera de abordar el proyecto en este contexto, ha sido a trav\u00e9s de la observaci\u00f3n y la escucha activa, para plantear una intervenci\u00f3n de bajo impacto ambiental, que revalorice los recursos del propio entorno.<\/p>\n<p>Para ello, paseamos por caminos, nos adentramos en huecos y trincheras, subimos por los ventisqueros y descubrimos sus fuentes de agua pura. Tambi\u00e9n mantuvimos conversaciones con algunos de sus habitantes. Las palabras de Miguel y Ernesto, alcalde y concejal respectivamente;, de Chelo, la administrativa;, y de Tono, el artista del pueblo, nos descubrieron vivencias y visiones diversas de un mismo lugar. Todas ponen sobre la mesa el conflicto entre la idea rom\u00e1ntica y las dificultades de lo que significa ser del pueblo.<\/p>\n<p>Esta memoria oral sobre el devenir de Saca\u00f1et, es el material que nos ha invitado a reflexionar sobre el presente y futuro de la vida en el entorno rural, la despoblaci\u00f3n, la intermitente vida de sus calles y caminos, la falta de servicios, el modo en que habitantes se relacionan. La transformaci\u00f3n de ser del pueblo a estar en el pueblo.<\/p>\n<p><strong>Puedes descargar <a href=\"\/wp-content\/uploads\/Ficha-Makea-tu-vida-CAS.pdf\">aqu\u00ed<\/a><\/strong> m\u00e1s informaci\u00f3n sobre nuestra intervenci\u00f3n en Saca\u00f1et.<\/p>\n<p><strong>Makea Tu Vida<\/strong> es un colectivo que trabaja en el territorio existente entre el Dise\u00f1o y la Ecolog\u00eda. Sus pr\u00e1cticas van dirigidas a fomentar el dise\u00f1o abierto, el intercambio de conocimientos y la creatividad colectiva, aplicadas a la reutilizaci\u00f3n de materiales en diferentes contextos y situaciones.<\/p>\n","protected":false},"excerpt":{"rendered":"<p>CONFLU\u00c8NCIES. Intervenciones art\u00edsticas en los pueblos de la Ruta 99 Saca\u00f1et es un pueblo del Alto Palancia situado a 1020 metros sobre el mar. De climatolog\u00eda \u00e1spera y ventosa, y rodeado de almendros, mantiene actualmente un censo de alrededor 60 habitantes. En d\u00edas claros, se ve el Penyagolosa, incluso el mar. Nuestra manera de abordar [&hellip;]<\/p>\n","protected":false},"author":231,"featured_media":0,"parent":0,"menu_order":136,"comment_status":"closed","ping_status":"closed","template":"","meta":{"footnotes":""},"class_list":["post-61767","page","type-page","status-publish","hentry"],"yoast_head":"<!-- This site is optimized with the Yoast SEO plugin v26.0 - https:\/\/yoast.com\/wordpress\/plugins\/seo\/ -->\n<title>La _________ del pueblo, Makea Tu Vida (Saca\u00f1et, Alto Palancia) - IVAM<\/title>\n<meta name=\"robots\" content=\"index, follow, max-snippet:-1, max-image-preview:large, max-video-preview:-1\" \/>\n<link rel=\"canonical\" href=\"https:\/\/ivam.es\/es\/la-_________-del-pueblo-makea-tu-vida-sacanet-alto-palancia\/\" \/>\n<meta property=\"og:locale\" content=\"es_ES\" \/>\n<meta property=\"og:type\" content=\"article\" \/>\n<meta property=\"og:title\" content=\"La _________ del pueblo, Makea Tu Vida (Saca\u00f1et, Alto Palancia) - IVAM\" \/>\n<meta property=\"og:description\" content=\"CONFLU\u00c8NCIES. Intervenciones art\u00edsticas en los pueblos de la Ruta 99 Saca\u00f1et es un pueblo del Alto Palancia situado a 1020 metros sobre el mar. De climatolog\u00eda \u00e1spera y ventosa, y rodeado de almendros, mantiene actualmente un censo de alrededor 60 habitantes. En d\u00edas claros, se ve el Penyagolosa, incluso el mar. Nuestra manera de abordar [&hellip;]\" \/>\n<meta property=\"og:url\" content=\"https:\/\/ivam.es\/es\/la-_________-del-pueblo-makea-tu-vida-sacanet-alto-palancia\/\" \/>\n<meta property=\"og:site_name\" content=\"IVAM\" \/>\n<meta property=\"article:modified_time\" content=\"2022-04-13T08:57:15+00:00\" \/>\n<meta name=\"twitter:card\" content=\"summary_large_image\" \/>\n<meta name=\"twitter:label1\" content=\"Tiempo de lectura\" \/>\n\t<meta name=\"twitter:data1\" content=\"2 minutos\" \/>\n<script type=\"application\/ld+json\" class=\"yoast-schema-graph\">{\"@context\":\"https:\/\/schema.org\",\"@graph\":[{\"@type\":\"WebPage\",\"@id\":\"https:\/\/ivam.es\/es\/la-_________-del-pueblo-makea-tu-vida-sacanet-alto-palancia\/\",\"url\":\"https:\/\/ivam.es\/es\/la-_________-del-pueblo-makea-tu-vida-sacanet-alto-palancia\/\",\"name\":\"La _________ del pueblo, Makea Tu Vida (Saca\u00f1et, Alto Palancia) - IVAM\",\"isPartOf\":{\"@id\":\"https:\/\/ivam.es\/es\/#website\"},\"datePublished\":\"2022-04-07T15:30:10+00:00\",\"dateModified\":\"2022-04-13T08:57:15+00:00\",\"breadcrumb\":{\"@id\":\"https:\/\/ivam.es\/es\/la-_________-del-pueblo-makea-tu-vida-sacanet-alto-palancia\/#breadcrumb\"},\"inLanguage\":\"es\",\"potentialAction\":[{\"@type\":\"ReadAction\",\"target\":[\"https:\/\/ivam.es\/es\/la-_________-del-pueblo-makea-tu-vida-sacanet-alto-palancia\/\"]}]},{\"@type\":\"BreadcrumbList\",\"@id\":\"https:\/\/ivam.es\/es\/la-_________-del-pueblo-makea-tu-vida-sacanet-alto-palancia\/#breadcrumb\",\"itemListElement\":[{\"@type\":\"ListItem\",\"position\":1,\"name\":\"Home\",\"item\":\"https:\/\/ivam.es\/es\/\"},{\"@type\":\"ListItem\",\"position\":2,\"name\":\"La _________ del pueblo, Makea Tu Vida (Saca\u00f1et, Alto Palancia)\"}]},{\"@type\":\"WebSite\",\"@id\":\"https:\/\/ivam.es\/es\/#website\",\"url\":\"https:\/\/ivam.es\/es\/\",\"name\":\"IVAM\",\"description\":\"Institut Valenci\u00e0 d&#039;Art Modern\",\"publisher\":{\"@id\":\"https:\/\/ivam.es\/es\/#organization\"},\"potentialAction\":[{\"@type\":\"SearchAction\",\"target\":{\"@type\":\"EntryPoint\",\"urlTemplate\":\"https:\/\/ivam.es\/es\/?s={search_term_string}\"},\"query-input\":{\"@type\":\"PropertyValueSpecification\",\"valueRequired\":true,\"valueName\":\"search_term_string\"}}],\"inLanguage\":\"es\"},{\"@type\":\"Organization\",\"@id\":\"https:\/\/ivam.es\/es\/#organization\",\"name\":\"IVAM\",\"url\":\"https:\/\/ivam.es\/es\/\",\"logo\":{\"@type\":\"ImageObject\",\"inLanguage\":\"es\",\"@id\":\"https:\/\/ivam.es\/es\/#\/schema\/logo\/image\/\",\"url\":\"https:\/\/ivam.es\/wp-content\/uploads\/logo-ok-512.png\",\"contentUrl\":\"https:\/\/ivam.es\/wp-content\/uploads\/logo-ok-512.png\",\"width\":512,\"height\":512,\"caption\":\"IVAM\"},\"image\":{\"@id\":\"https:\/\/ivam.es\/es\/#\/schema\/logo\/image\/\"}}]}<\/script>\n<!-- \/ Yoast SEO plugin. -->","yoast_head_json":{"title":"La _________ del pueblo, Makea Tu Vida (Saca\u00f1et, Alto Palancia) - IVAM","robots":{"index":"index","follow":"follow","max-snippet":"max-snippet:-1","max-image-preview":"max-image-preview:large","max-video-preview":"max-video-preview:-1"},"canonical":"https:\/\/ivam.es\/es\/la-_________-del-pueblo-makea-tu-vida-sacanet-alto-palancia\/","og_locale":"es_ES","og_type":"article","og_title":"La _________ del pueblo, Makea Tu Vida (Saca\u00f1et, Alto Palancia) - IVAM","og_description":"CONFLU\u00c8NCIES. Intervenciones art\u00edsticas en los pueblos de la Ruta 99 Saca\u00f1et es un pueblo del Alto Palancia situado a 1020 metros sobre el mar. De climatolog\u00eda \u00e1spera y ventosa, y rodeado de almendros, mantiene actualmente un censo de alrededor 60 habitantes. En d\u00edas claros, se ve el Penyagolosa, incluso el mar. Nuestra manera de abordar [&hellip;]","og_url":"https:\/\/ivam.es\/es\/la-_________-del-pueblo-makea-tu-vida-sacanet-alto-palancia\/","og_site_name":"IVAM","article_modified_time":"2022-04-13T08:57:15+00:00","twitter_card":"summary_large_image","twitter_misc":{"Tiempo de lectura":"2 minutos"},"schema":{"@context":"https:\/\/schema.org","@graph":[{"@type":"WebPage","@id":"https:\/\/ivam.es\/es\/la-_________-del-pueblo-makea-tu-vida-sacanet-alto-palancia\/","url":"https:\/\/ivam.es\/es\/la-_________-del-pueblo-makea-tu-vida-sacanet-alto-palancia\/","name":"La _________ del pueblo, Makea Tu Vida (Saca\u00f1et, Alto Palancia) - IVAM","isPartOf":{"@id":"https:\/\/ivam.es\/es\/#website"},"datePublished":"2022-04-07T15:30:10+00:00","dateModified":"2022-04-13T08:57:15+00:00","breadcrumb":{"@id":"https:\/\/ivam.es\/es\/la-_________-del-pueblo-makea-tu-vida-sacanet-alto-palancia\/#breadcrumb"},"inLanguage":"es","potentialAction":[{"@type":"ReadAction","target":["https:\/\/ivam.es\/es\/la-_________-del-pueblo-makea-tu-vida-sacanet-alto-palancia\/"]}]},{"@type":"BreadcrumbList","@id":"https:\/\/ivam.es\/es\/la-_________-del-pueblo-makea-tu-vida-sacanet-alto-palancia\/#breadcrumb","itemListElement":[{"@type":"ListItem","position":1,"name":"Home","item":"https:\/\/ivam.es\/es\/"},{"@type":"ListItem","position":2,"name":"La _________ del pueblo, Makea Tu Vida (Saca\u00f1et, Alto Palancia)"}]},{"@type":"WebSite","@id":"https:\/\/ivam.es\/es\/#website","url":"https:\/\/ivam.es\/es\/","name":"IVAM","description":"Institut Valenci\u00e0 d&#039;Art Modern","publisher":{"@id":"https:\/\/ivam.es\/es\/#organization"},"potentialAction":[{"@type":"SearchAction","target":{"@type":"EntryPoint","urlTemplate":"https:\/\/ivam.es\/es\/?s={search_term_string}"},"query-input":{"@type":"PropertyValueSpecification","valueRequired":true,"valueName":"search_term_string"}}],"inLanguage":"es"},{"@type":"Organization","@id":"https:\/\/ivam.es\/es\/#organization","name":"IVAM","url":"https:\/\/ivam.es\/es\/","logo":{"@type":"ImageObject","inLanguage":"es","@id":"https:\/\/ivam.es\/es\/#\/schema\/logo\/image\/","url":"https:\/\/ivam.es\/wp-content\/uploads\/logo-ok-512.png","contentUrl":"https:\/\/ivam.es\/wp-content\/uploads\/logo-ok-512.png","width":512,"height":512,"caption":"IVAM"},"image":{"@id":"https:\/\/ivam.es\/es\/#\/schema\/logo\/image\/"}}]}},"_links":{"self":[{"href":"https:\/\/ivam.es\/es\/wp-json\/wp\/v2\/pages\/61767","targetHints":{"allow":["GET"]}}],"collection":[{"href":"https:\/\/ivam.es\/es\/wp-json\/wp\/v2\/pages"}],"about":[{"href":"https:\/\/ivam.es\/es\/wp-json\/wp\/v2\/types\/page"}],"author":[{"embeddable":true,"href":"https:\/\/ivam.es\/es\/wp-json\/wp\/v2\/users\/231"}],"replies":[{"embeddable":true,"href":"https:\/\/ivam.es\/es\/wp-json\/wp\/v2\/comments?post=61767"}],"version-history":[{"count":2,"href":"https:\/\/ivam.es\/es\/wp-json\/wp\/v2\/pages\/61767\/revisions"}],"predecessor-version":[{"id":62043,"href":"https:\/\/ivam.es\/es\/wp-json\/wp\/v2\/pages\/61767\/revisions\/62043"}],"wp:attachment":[{"href":"https:\/\/ivam.es\/es\/wp-json\/wp\/v2\/media?parent=61767"}],"curies":[{"name":"wp","href":"https:\/\/api.w.org\/{rel}","templated":true}]}}