{"id":61713,"date":"2022-04-07T15:53:11","date_gmt":"2022-04-07T13:53:11","guid":{"rendered":"\/?page_id=61713"},"modified":"2022-05-06T15:42:06","modified_gmt":"2022-05-06T13:42:06","slug":"esto-les-parece-un-cuento-sandra-mar-matet-alto-palancia","status":"publish","type":"page","link":"https:\/\/ivam.es\/es\/esto-les-parece-un-cuento-sandra-mar-matet-alto-palancia\/","title":{"rendered":"Esto les parece un cuento, Sandra Mar (Matet, Alto Palancia)"},"content":{"rendered":"<p><strong>CONFLU\u00c8NCIES. Intervenciones art\u00edsticas en los pueblos de la Ruta 99<\/strong><\/p>\n<p>Esto les parece un cuento consiste en varias piezas de barro modeladas a mano. Sobre ellas, inscrib\u00ed testimonios de las personas que actualmente est\u00e1n vinculadas al pueblo. De la huella de aquellos que ya no est\u00e1n, de las cosas que ocurren all\u00ed y de las que ya no suceden.<\/p>\n<p>Tras realizar una entrevista a dos vecinos, Abel Garc\u00eda Moliner y Amparo Castillo Arbella, escribimos un peque\u00f1o relato en el que se reflejan todas estas historias de Matet que ambos nos contaron. El paso de la guerra por la localidad, as\u00ed como costumbres, an\u00e9cdotas, juegos y modos de subsistencia. Al mismo tiempo, fuimos modelando las siete formas sobre las que despu\u00e9s inscribimos este texto, con la intenci\u00f3n de fragmentar y expandir la narraci\u00f3n por las calles de la poblaci\u00f3n.\u202fHay una octava pieza que consiste en un espejo en el que cualquiera que visite el lugar puede verse reflejado, y, si as\u00ed lo desea, integrarse visualmente en \u00e9l.<\/p>\n<p><strong>Descarga <a href=\"\/wp-content\/uploads\/Ficha-Sandra-Mar-AP-CAS.pdf\">aqu\u00ed<\/a><\/strong> la informaci\u00f3n sobre las piezas y <a href=\"\/wp-content\/uploads\/esto-les-parece-un-cuento_SM_Matet.pdf\">el relato<\/a> creado por la artista tras su residencia en Matet.<\/p>\n<p><strong>Sandra Mar<\/strong> (Valencia, 1995) estudi\u00f3 Bellas Artes y el M\u00e1ster de Producci\u00f3n Art\u00edstica en la Universitat Polit\u00e8cnica de Val\u00e8ncia, donde se especializ\u00f3 en cer\u00e1mica. Entendiendo el barro como un lienzo, este material se acab\u00f3 convirtiendo en un soporte para sus dibujos y escritos.<\/p>\n","protected":false},"excerpt":{"rendered":"<p>CONFLU\u00c8NCIES. Intervenciones art\u00edsticas en los pueblos de la Ruta 99 Esto les parece un cuento consiste en varias piezas de barro modeladas a mano. Sobre ellas, inscrib\u00ed testimonios de las personas que actualmente est\u00e1n vinculadas al pueblo. De la huella de aquellos que ya no est\u00e1n, de las cosas que ocurren all\u00ed y de las [&hellip;]<\/p>\n","protected":false},"author":231,"featured_media":0,"parent":0,"menu_order":144,"comment_status":"closed","ping_status":"closed","template":"","meta":{"footnotes":""},"class_list":["post-61713","page","type-page","status-publish","hentry"],"yoast_head":"<!-- This site is optimized with the Yoast SEO plugin v26.0 - https:\/\/yoast.com\/wordpress\/plugins\/seo\/ -->\n<title>Esto les parece un cuento, Sandra Mar (Matet, Alto Palancia) - IVAM<\/title>\n<meta name=\"robots\" content=\"index, follow, max-snippet:-1, max-image-preview:large, max-video-preview:-1\" \/>\n<link rel=\"canonical\" href=\"https:\/\/ivam.es\/es\/esto-les-parece-un-cuento-sandra-mar-matet-alto-palancia\/\" \/>\n<meta property=\"og:locale\" content=\"es_ES\" \/>\n<meta property=\"og:type\" content=\"article\" \/>\n<meta property=\"og:title\" content=\"Esto les parece un cuento, Sandra Mar (Matet, Alto Palancia) - IVAM\" \/>\n<meta property=\"og:description\" content=\"CONFLU\u00c8NCIES. Intervenciones art\u00edsticas en los pueblos de la Ruta 99 Esto les parece un cuento consiste en varias piezas de barro modeladas a mano. Sobre ellas, inscrib\u00ed testimonios de las personas que actualmente est\u00e1n vinculadas al pueblo. De la huella de aquellos que ya no est\u00e1n, de las cosas que ocurren all\u00ed y de las [&hellip;]\" \/>\n<meta property=\"og:url\" content=\"https:\/\/ivam.es\/es\/esto-les-parece-un-cuento-sandra-mar-matet-alto-palancia\/\" \/>\n<meta property=\"og:site_name\" content=\"IVAM\" \/>\n<meta property=\"article:modified_time\" content=\"2022-05-06T13:42:06+00:00\" \/>\n<meta name=\"twitter:card\" content=\"summary_large_image\" \/>\n<meta name=\"twitter:label1\" content=\"Tiempo de lectura\" \/>\n\t<meta name=\"twitter:data1\" content=\"1 minuto\" \/>\n<script type=\"application\/ld+json\" class=\"yoast-schema-graph\">{\"@context\":\"https:\/\/schema.org\",\"@graph\":[{\"@type\":\"WebPage\",\"@id\":\"https:\/\/ivam.es\/es\/esto-les-parece-un-cuento-sandra-mar-matet-alto-palancia\/\",\"url\":\"https:\/\/ivam.es\/es\/esto-les-parece-un-cuento-sandra-mar-matet-alto-palancia\/\",\"name\":\"Esto les parece un cuento, Sandra Mar (Matet, Alto Palancia) - IVAM\",\"isPartOf\":{\"@id\":\"https:\/\/ivam.es\/es\/#website\"},\"datePublished\":\"2022-04-07T13:53:11+00:00\",\"dateModified\":\"2022-05-06T13:42:06+00:00\",\"breadcrumb\":{\"@id\":\"https:\/\/ivam.es\/es\/esto-les-parece-un-cuento-sandra-mar-matet-alto-palancia\/#breadcrumb\"},\"inLanguage\":\"es\",\"potentialAction\":[{\"@type\":\"ReadAction\",\"target\":[\"https:\/\/ivam.es\/es\/esto-les-parece-un-cuento-sandra-mar-matet-alto-palancia\/\"]}]},{\"@type\":\"BreadcrumbList\",\"@id\":\"https:\/\/ivam.es\/es\/esto-les-parece-un-cuento-sandra-mar-matet-alto-palancia\/#breadcrumb\",\"itemListElement\":[{\"@type\":\"ListItem\",\"position\":1,\"name\":\"Home\",\"item\":\"https:\/\/ivam.es\/es\/\"},{\"@type\":\"ListItem\",\"position\":2,\"name\":\"Esto les parece un cuento, Sandra Mar (Matet, Alto Palancia)\"}]},{\"@type\":\"WebSite\",\"@id\":\"https:\/\/ivam.es\/es\/#website\",\"url\":\"https:\/\/ivam.es\/es\/\",\"name\":\"IVAM\",\"description\":\"Institut Valenci\u00e0 d&#039;Art Modern\",\"publisher\":{\"@id\":\"https:\/\/ivam.es\/es\/#organization\"},\"potentialAction\":[{\"@type\":\"SearchAction\",\"target\":{\"@type\":\"EntryPoint\",\"urlTemplate\":\"https:\/\/ivam.es\/es\/?s={search_term_string}\"},\"query-input\":{\"@type\":\"PropertyValueSpecification\",\"valueRequired\":true,\"valueName\":\"search_term_string\"}}],\"inLanguage\":\"es\"},{\"@type\":\"Organization\",\"@id\":\"https:\/\/ivam.es\/es\/#organization\",\"name\":\"IVAM\",\"url\":\"https:\/\/ivam.es\/es\/\",\"logo\":{\"@type\":\"ImageObject\",\"inLanguage\":\"es\",\"@id\":\"https:\/\/ivam.es\/es\/#\/schema\/logo\/image\/\",\"url\":\"https:\/\/ivam.es\/wp-content\/uploads\/logo-ok-512.png\",\"contentUrl\":\"https:\/\/ivam.es\/wp-content\/uploads\/logo-ok-512.png\",\"width\":512,\"height\":512,\"caption\":\"IVAM\"},\"image\":{\"@id\":\"https:\/\/ivam.es\/es\/#\/schema\/logo\/image\/\"}}]}<\/script>\n<!-- \/ Yoast SEO plugin. -->","yoast_head_json":{"title":"Esto les parece un cuento, Sandra Mar (Matet, Alto Palancia) - IVAM","robots":{"index":"index","follow":"follow","max-snippet":"max-snippet:-1","max-image-preview":"max-image-preview:large","max-video-preview":"max-video-preview:-1"},"canonical":"https:\/\/ivam.es\/es\/esto-les-parece-un-cuento-sandra-mar-matet-alto-palancia\/","og_locale":"es_ES","og_type":"article","og_title":"Esto les parece un cuento, Sandra Mar (Matet, Alto Palancia) - IVAM","og_description":"CONFLU\u00c8NCIES. Intervenciones art\u00edsticas en los pueblos de la Ruta 99 Esto les parece un cuento consiste en varias piezas de barro modeladas a mano. Sobre ellas, inscrib\u00ed testimonios de las personas que actualmente est\u00e1n vinculadas al pueblo. De la huella de aquellos que ya no est\u00e1n, de las cosas que ocurren all\u00ed y de las [&hellip;]","og_url":"https:\/\/ivam.es\/es\/esto-les-parece-un-cuento-sandra-mar-matet-alto-palancia\/","og_site_name":"IVAM","article_modified_time":"2022-05-06T13:42:06+00:00","twitter_card":"summary_large_image","twitter_misc":{"Tiempo de lectura":"1 minuto"},"schema":{"@context":"https:\/\/schema.org","@graph":[{"@type":"WebPage","@id":"https:\/\/ivam.es\/es\/esto-les-parece-un-cuento-sandra-mar-matet-alto-palancia\/","url":"https:\/\/ivam.es\/es\/esto-les-parece-un-cuento-sandra-mar-matet-alto-palancia\/","name":"Esto les parece un cuento, Sandra Mar (Matet, Alto Palancia) - IVAM","isPartOf":{"@id":"https:\/\/ivam.es\/es\/#website"},"datePublished":"2022-04-07T13:53:11+00:00","dateModified":"2022-05-06T13:42:06+00:00","breadcrumb":{"@id":"https:\/\/ivam.es\/es\/esto-les-parece-un-cuento-sandra-mar-matet-alto-palancia\/#breadcrumb"},"inLanguage":"es","potentialAction":[{"@type":"ReadAction","target":["https:\/\/ivam.es\/es\/esto-les-parece-un-cuento-sandra-mar-matet-alto-palancia\/"]}]},{"@type":"BreadcrumbList","@id":"https:\/\/ivam.es\/es\/esto-les-parece-un-cuento-sandra-mar-matet-alto-palancia\/#breadcrumb","itemListElement":[{"@type":"ListItem","position":1,"name":"Home","item":"https:\/\/ivam.es\/es\/"},{"@type":"ListItem","position":2,"name":"Esto les parece un cuento, Sandra Mar (Matet, Alto Palancia)"}]},{"@type":"WebSite","@id":"https:\/\/ivam.es\/es\/#website","url":"https:\/\/ivam.es\/es\/","name":"IVAM","description":"Institut Valenci\u00e0 d&#039;Art Modern","publisher":{"@id":"https:\/\/ivam.es\/es\/#organization"},"potentialAction":[{"@type":"SearchAction","target":{"@type":"EntryPoint","urlTemplate":"https:\/\/ivam.es\/es\/?s={search_term_string}"},"query-input":{"@type":"PropertyValueSpecification","valueRequired":true,"valueName":"search_term_string"}}],"inLanguage":"es"},{"@type":"Organization","@id":"https:\/\/ivam.es\/es\/#organization","name":"IVAM","url":"https:\/\/ivam.es\/es\/","logo":{"@type":"ImageObject","inLanguage":"es","@id":"https:\/\/ivam.es\/es\/#\/schema\/logo\/image\/","url":"https:\/\/ivam.es\/wp-content\/uploads\/logo-ok-512.png","contentUrl":"https:\/\/ivam.es\/wp-content\/uploads\/logo-ok-512.png","width":512,"height":512,"caption":"IVAM"},"image":{"@id":"https:\/\/ivam.es\/es\/#\/schema\/logo\/image\/"}}]}},"_links":{"self":[{"href":"https:\/\/ivam.es\/es\/wp-json\/wp\/v2\/pages\/61713","targetHints":{"allow":["GET"]}}],"collection":[{"href":"https:\/\/ivam.es\/es\/wp-json\/wp\/v2\/pages"}],"about":[{"href":"https:\/\/ivam.es\/es\/wp-json\/wp\/v2\/types\/page"}],"author":[{"embeddable":true,"href":"https:\/\/ivam.es\/es\/wp-json\/wp\/v2\/users\/231"}],"replies":[{"embeddable":true,"href":"https:\/\/ivam.es\/es\/wp-json\/wp\/v2\/comments?post=61713"}],"version-history":[{"count":3,"href":"https:\/\/ivam.es\/es\/wp-json\/wp\/v2\/pages\/61713\/revisions"}],"predecessor-version":[{"id":62573,"href":"https:\/\/ivam.es\/es\/wp-json\/wp\/v2\/pages\/61713\/revisions\/62573"}],"wp:attachment":[{"href":"https:\/\/ivam.es\/es\/wp-json\/wp\/v2\/media?parent=61713"}],"curies":[{"name":"wp","href":"https:\/\/api.w.org\/{rel}","templated":true}]}}