{"id":61683,"date":"2022-04-07T15:27:37","date_gmt":"2022-04-07T13:27:37","guid":{"rendered":"\/?page_id=61683"},"modified":"2022-08-26T10:53:25","modified_gmt":"2022-08-26T08:53:25","slug":"higueras-espacio-sonoro-de-carlos-izquierdo-higueras-alto-palancia","status":"publish","type":"page","link":"https:\/\/ivam.es\/es\/higueras-espacio-sonoro-de-carlos-izquierdo-higueras-alto-palancia\/","title":{"rendered":"Higueras, espacio sonoro, de Carlos Izquierdo (Higueras, Alto Palancia)"},"content":{"rendered":"<p><strong>CONFLU\u00c8NCIES. Intervenciones art\u00edsticas en los pueblos de la Ruta 99<\/strong><\/p>\n<p>Higueras es un peque\u00f1o municipio situado en un entorno excepcional, entre lomas, barrancos, el r\u00edo Aguanaj y una multitud de fuentes naturales dentro del Parque Natural de la Sierra de Espad\u00e1n. La descripci\u00f3n puede resultar sugerente para la vista \u2013y as\u00ed es\u2013, pero imaginad para el o\u00eddo: un sinf\u00edn de detalles emergen del apacible silencio de este lugar para dar forma a un paisaje sonoro \u00fanico y rebosante de vida.<\/p>\n<p>Conoc\u00ed Higueras el d\u00eda que comenzaba el invierno de 2021, en una primera visita acompa\u00f1ado por Sandra Mar; y que me sirvi\u00f3 para conversar con Mercedes Gimeno, la alcaldesa. De esta forma, descubr\u00ed su situaci\u00f3n demogr\u00e1fica, los lugares m\u00e1s importantes del municipio y las actividades culturales que suceden a lo largo del a\u00f1o.<\/p>\n<p>Tras este primer contacto, comenc\u00e9 a vincular esta informaci\u00f3n con mi trabajo art\u00edstico, que parte de la escucha como acci\u00f3n y del sonido como material con el que establecer conexiones con el territorio, la identidad y la memoria.<\/p>\n<p><strong>Puedes descargar <a href=\"\/wp-content\/uploads\/Ficha-Carlos-Izquierdo-AP-CAS-1.pdf\">aqu\u00ed<\/a><\/strong> la ficha completa de mi intervenci\u00f3n en Higueras. Y en este <a href=\"\/wp-content\/uploads\/Arxiu-descoltes-CarlosIzquierdo-Higueras.pdf\">enlace<\/a> el <em>Archivo de escuchas<\/em> que propongo y con este <a href=\"https:\/\/www.ivam.es\/PublicFiles\/Higueras_escucha.mp3\">otro<\/a>, acceder al registro del archivo sonoro que gener\u00e9 durante mi estancia en Higueras.<\/p>\n<p><strong>Carlos Izquierdo<\/strong> (Alicante, 1982) se define como compositor, artista sonoro y comisario. Desde una sensibilidad hacia el patrimonio, el silencio y el paisaje sonoro, desarrolla propuestas que relacionan el sonido con el territorio, la identidad y la memoria, convencido de la importancia de fortalecer la escucha en el arte.<\/p>\n","protected":false},"excerpt":{"rendered":"<p>CONFLU\u00c8NCIES. Intervenciones art\u00edsticas en los pueblos de la Ruta 99 Higueras es un peque\u00f1o municipio situado en un entorno excepcional, entre lomas, barrancos, el r\u00edo Aguanaj y una multitud de fuentes naturales dentro del Parque Natural de la Sierra de Espad\u00e1n. La descripci\u00f3n puede resultar sugerente para la vista \u2013y as\u00ed es\u2013, pero imaginad para [&hellip;]<\/p>\n","protected":false},"author":231,"featured_media":0,"parent":0,"menu_order":155,"comment_status":"closed","ping_status":"closed","template":"","meta":{"footnotes":""},"class_list":["post-61683","page","type-page","status-publish","hentry"],"yoast_head":"<!-- This site is optimized with the Yoast SEO plugin v26.0 - https:\/\/yoast.com\/wordpress\/plugins\/seo\/ -->\n<title>Higueras, espacio sonoro, de Carlos Izquierdo (Higueras, Alto Palancia) - IVAM<\/title>\n<meta name=\"robots\" content=\"index, follow, max-snippet:-1, max-image-preview:large, max-video-preview:-1\" \/>\n<link rel=\"canonical\" href=\"https:\/\/ivam.es\/es\/higueras-espacio-sonoro-de-carlos-izquierdo-higueras-alto-palancia\/\" \/>\n<meta property=\"og:locale\" content=\"es_ES\" \/>\n<meta property=\"og:type\" content=\"article\" \/>\n<meta property=\"og:title\" content=\"Higueras, espacio sonoro, de Carlos Izquierdo (Higueras, Alto Palancia) - IVAM\" \/>\n<meta property=\"og:description\" content=\"CONFLU\u00c8NCIES. Intervenciones art\u00edsticas en los pueblos de la Ruta 99 Higueras es un peque\u00f1o municipio situado en un entorno excepcional, entre lomas, barrancos, el r\u00edo Aguanaj y una multitud de fuentes naturales dentro del Parque Natural de la Sierra de Espad\u00e1n. La descripci\u00f3n puede resultar sugerente para la vista \u2013y as\u00ed es\u2013, pero imaginad para [&hellip;]\" \/>\n<meta property=\"og:url\" content=\"https:\/\/ivam.es\/es\/higueras-espacio-sonoro-de-carlos-izquierdo-higueras-alto-palancia\/\" \/>\n<meta property=\"og:site_name\" content=\"IVAM\" \/>\n<meta property=\"article:modified_time\" content=\"2022-08-26T08:53:25+00:00\" \/>\n<meta name=\"twitter:card\" content=\"summary_large_image\" \/>\n<meta name=\"twitter:label1\" content=\"Tiempo de lectura\" \/>\n\t<meta name=\"twitter:data1\" content=\"1 minuto\" \/>\n<script type=\"application\/ld+json\" class=\"yoast-schema-graph\">{\"@context\":\"https:\/\/schema.org\",\"@graph\":[{\"@type\":\"WebPage\",\"@id\":\"https:\/\/ivam.es\/es\/higueras-espacio-sonoro-de-carlos-izquierdo-higueras-alto-palancia\/\",\"url\":\"https:\/\/ivam.es\/es\/higueras-espacio-sonoro-de-carlos-izquierdo-higueras-alto-palancia\/\",\"name\":\"Higueras, espacio sonoro, de Carlos Izquierdo (Higueras, Alto Palancia) - IVAM\",\"isPartOf\":{\"@id\":\"https:\/\/ivam.es\/es\/#website\"},\"datePublished\":\"2022-04-07T13:27:37+00:00\",\"dateModified\":\"2022-08-26T08:53:25+00:00\",\"breadcrumb\":{\"@id\":\"https:\/\/ivam.es\/es\/higueras-espacio-sonoro-de-carlos-izquierdo-higueras-alto-palancia\/#breadcrumb\"},\"inLanguage\":\"es\",\"potentialAction\":[{\"@type\":\"ReadAction\",\"target\":[\"https:\/\/ivam.es\/es\/higueras-espacio-sonoro-de-carlos-izquierdo-higueras-alto-palancia\/\"]}]},{\"@type\":\"BreadcrumbList\",\"@id\":\"https:\/\/ivam.es\/es\/higueras-espacio-sonoro-de-carlos-izquierdo-higueras-alto-palancia\/#breadcrumb\",\"itemListElement\":[{\"@type\":\"ListItem\",\"position\":1,\"name\":\"Home\",\"item\":\"https:\/\/ivam.es\/es\/\"},{\"@type\":\"ListItem\",\"position\":2,\"name\":\"Higueras, espacio sonoro, de Carlos Izquierdo (Higueras, Alto Palancia)\"}]},{\"@type\":\"WebSite\",\"@id\":\"https:\/\/ivam.es\/es\/#website\",\"url\":\"https:\/\/ivam.es\/es\/\",\"name\":\"IVAM\",\"description\":\"Institut Valenci\u00e0 d&#039;Art Modern\",\"publisher\":{\"@id\":\"https:\/\/ivam.es\/es\/#organization\"},\"potentialAction\":[{\"@type\":\"SearchAction\",\"target\":{\"@type\":\"EntryPoint\",\"urlTemplate\":\"https:\/\/ivam.es\/es\/?s={search_term_string}\"},\"query-input\":{\"@type\":\"PropertyValueSpecification\",\"valueRequired\":true,\"valueName\":\"search_term_string\"}}],\"inLanguage\":\"es\"},{\"@type\":\"Organization\",\"@id\":\"https:\/\/ivam.es\/es\/#organization\",\"name\":\"IVAM\",\"url\":\"https:\/\/ivam.es\/es\/\",\"logo\":{\"@type\":\"ImageObject\",\"inLanguage\":\"es\",\"@id\":\"https:\/\/ivam.es\/es\/#\/schema\/logo\/image\/\",\"url\":\"https:\/\/ivam.es\/wp-content\/uploads\/logo-ok-512.png\",\"contentUrl\":\"https:\/\/ivam.es\/wp-content\/uploads\/logo-ok-512.png\",\"width\":512,\"height\":512,\"caption\":\"IVAM\"},\"image\":{\"@id\":\"https:\/\/ivam.es\/es\/#\/schema\/logo\/image\/\"}}]}<\/script>\n<!-- \/ Yoast SEO plugin. -->","yoast_head_json":{"title":"Higueras, espacio sonoro, de Carlos Izquierdo (Higueras, Alto Palancia) - IVAM","robots":{"index":"index","follow":"follow","max-snippet":"max-snippet:-1","max-image-preview":"max-image-preview:large","max-video-preview":"max-video-preview:-1"},"canonical":"https:\/\/ivam.es\/es\/higueras-espacio-sonoro-de-carlos-izquierdo-higueras-alto-palancia\/","og_locale":"es_ES","og_type":"article","og_title":"Higueras, espacio sonoro, de Carlos Izquierdo (Higueras, Alto Palancia) - IVAM","og_description":"CONFLU\u00c8NCIES. Intervenciones art\u00edsticas en los pueblos de la Ruta 99 Higueras es un peque\u00f1o municipio situado en un entorno excepcional, entre lomas, barrancos, el r\u00edo Aguanaj y una multitud de fuentes naturales dentro del Parque Natural de la Sierra de Espad\u00e1n. La descripci\u00f3n puede resultar sugerente para la vista \u2013y as\u00ed es\u2013, pero imaginad para [&hellip;]","og_url":"https:\/\/ivam.es\/es\/higueras-espacio-sonoro-de-carlos-izquierdo-higueras-alto-palancia\/","og_site_name":"IVAM","article_modified_time":"2022-08-26T08:53:25+00:00","twitter_card":"summary_large_image","twitter_misc":{"Tiempo de lectura":"1 minuto"},"schema":{"@context":"https:\/\/schema.org","@graph":[{"@type":"WebPage","@id":"https:\/\/ivam.es\/es\/higueras-espacio-sonoro-de-carlos-izquierdo-higueras-alto-palancia\/","url":"https:\/\/ivam.es\/es\/higueras-espacio-sonoro-de-carlos-izquierdo-higueras-alto-palancia\/","name":"Higueras, espacio sonoro, de Carlos Izquierdo (Higueras, Alto Palancia) - IVAM","isPartOf":{"@id":"https:\/\/ivam.es\/es\/#website"},"datePublished":"2022-04-07T13:27:37+00:00","dateModified":"2022-08-26T08:53:25+00:00","breadcrumb":{"@id":"https:\/\/ivam.es\/es\/higueras-espacio-sonoro-de-carlos-izquierdo-higueras-alto-palancia\/#breadcrumb"},"inLanguage":"es","potentialAction":[{"@type":"ReadAction","target":["https:\/\/ivam.es\/es\/higueras-espacio-sonoro-de-carlos-izquierdo-higueras-alto-palancia\/"]}]},{"@type":"BreadcrumbList","@id":"https:\/\/ivam.es\/es\/higueras-espacio-sonoro-de-carlos-izquierdo-higueras-alto-palancia\/#breadcrumb","itemListElement":[{"@type":"ListItem","position":1,"name":"Home","item":"https:\/\/ivam.es\/es\/"},{"@type":"ListItem","position":2,"name":"Higueras, espacio sonoro, de Carlos Izquierdo (Higueras, Alto Palancia)"}]},{"@type":"WebSite","@id":"https:\/\/ivam.es\/es\/#website","url":"https:\/\/ivam.es\/es\/","name":"IVAM","description":"Institut Valenci\u00e0 d&#039;Art Modern","publisher":{"@id":"https:\/\/ivam.es\/es\/#organization"},"potentialAction":[{"@type":"SearchAction","target":{"@type":"EntryPoint","urlTemplate":"https:\/\/ivam.es\/es\/?s={search_term_string}"},"query-input":{"@type":"PropertyValueSpecification","valueRequired":true,"valueName":"search_term_string"}}],"inLanguage":"es"},{"@type":"Organization","@id":"https:\/\/ivam.es\/es\/#organization","name":"IVAM","url":"https:\/\/ivam.es\/es\/","logo":{"@type":"ImageObject","inLanguage":"es","@id":"https:\/\/ivam.es\/es\/#\/schema\/logo\/image\/","url":"https:\/\/ivam.es\/wp-content\/uploads\/logo-ok-512.png","contentUrl":"https:\/\/ivam.es\/wp-content\/uploads\/logo-ok-512.png","width":512,"height":512,"caption":"IVAM"},"image":{"@id":"https:\/\/ivam.es\/es\/#\/schema\/logo\/image\/"}}]}},"_links":{"self":[{"href":"https:\/\/ivam.es\/es\/wp-json\/wp\/v2\/pages\/61683","targetHints":{"allow":["GET"]}}],"collection":[{"href":"https:\/\/ivam.es\/es\/wp-json\/wp\/v2\/pages"}],"about":[{"href":"https:\/\/ivam.es\/es\/wp-json\/wp\/v2\/types\/page"}],"author":[{"embeddable":true,"href":"https:\/\/ivam.es\/es\/wp-json\/wp\/v2\/users\/231"}],"replies":[{"embeddable":true,"href":"https:\/\/ivam.es\/es\/wp-json\/wp\/v2\/comments?post=61683"}],"version-history":[{"count":6,"href":"https:\/\/ivam.es\/es\/wp-json\/wp\/v2\/pages\/61683\/revisions"}],"predecessor-version":[{"id":68120,"href":"https:\/\/ivam.es\/es\/wp-json\/wp\/v2\/pages\/61683\/revisions\/68120"}],"wp:attachment":[{"href":"https:\/\/ivam.es\/es\/wp-json\/wp\/v2\/media?parent=61683"}],"curies":[{"name":"wp","href":"https:\/\/api.w.org\/{rel}","templated":true}]}}