{"id":61660,"date":"2022-04-07T15:20:07","date_gmt":"2022-04-07T13:20:07","guid":{"rendered":"\/?page_id=61660"},"modified":"2023-01-12T12:15:15","modified_gmt":"2023-01-12T10:15:15","slug":"torre-emisora-luce-fuente-la-reina-alto-mijares","status":"publish","type":"page","link":"https:\/\/ivam.es\/es\/torre-emisora-luce-fuente-la-reina-alto-mijares\/","title":{"rendered":"Torre Emisora, LUCE (Fuente la Reina, Alto Mijares)"},"content":{"rendered":"<p><strong>CONFLU\u00c8NCIES. Intervenciones art\u00edsticas en los pueblos de la Ruta 99<\/strong><\/p>\n<p>Siguiendo la carretera N-223 hasta la altura de Barracas, nos desviamos por la CV-207 pasando por varios pueblos. Continuamos por otra carretera\u202fque serpentea hasta el cementerio de Fuente la Reina. Y finalmente, unas curvas m\u00e1s adelante, arribamos a nuestro destino.<\/p>\n<p>El paisaje es monta\u00f1oso, con gran abundancia y diversidad de vegetaci\u00f3n.\u202fDurante todo el a\u00f1o, apenas viven unos cincuenta vecinos y sus calles son tranquilas. Desde el mirador que nos recibe, podemos ver la extensi\u00f3n del pueblo y comprobar c\u00f3mo cuelgan algunas casas sobre el Barranco de la Graja.<\/p>\n<p>A escasos cincuenta metros, nos topamos con una torre el\u00e9ctrica alta, de hormig\u00f3n. Esta torre transforma energ\u00eda y la suministra al pueblo y a las poblaciones vecinas.\u202fUna de las cuestiones que me surgieron al ver a torre fue \u00bfcu\u00e1ndo lleg\u00f3 la electricidad a Fuente la Reina? \u00bfRecordar\u00edan la fecha los m\u00e1s mayores del lugar?<\/p>\n<p>Estas preguntas me dieron la idea de para intervenir la fachada de la torre, utilizando palabras y frases que hicieran referencia al entorno, con alusiones a experiencias directas o con una mayor carga po\u00e9tica.\u202fUn soporte, una torre, que adem\u00e1s de producir y transformar electricidad, emitiera otro tipo de energ\u00eda, de mensaje.<\/p>\n<p><strong>Puedes descargar <a href=\"\/wp-content\/uploads\/Ficha-LUCE-AP-CAS.pdf\">aqu\u00ed<\/a><\/strong> m\u00e1s informaci\u00f3n sobre mi intervenci\u00f3n en Fuente la Reina.<\/p>\n<p><strong>LUCE<\/strong> (Valencia, 1989) investiga las asociaciones que se generan entre arte y entorno, estando muy presente en su obra la dualidad entre grafiti y escritura. Su quehacer se basa en la experiencia, traducida en sutiles intervenciones en el mobiliario urbano y en piezas creadas a partir de objetos que encuentra durante sus derivas.<\/p>\n","protected":false},"excerpt":{"rendered":"<p>CONFLU\u00c8NCIES. Intervenciones art\u00edsticas en los pueblos de la Ruta 99 Siguiendo la carretera N-223 hasta la altura de Barracas, nos desviamos por la CV-207 pasando por varios pueblos. Continuamos por otra carretera\u202fque serpentea hasta el cementerio de Fuente la Reina. Y finalmente, unas curvas m\u00e1s adelante, arribamos a nuestro destino. El paisaje es monta\u00f1oso, con [&hellip;]<\/p>\n","protected":false},"author":231,"featured_media":0,"parent":0,"menu_order":151,"comment_status":"closed","ping_status":"closed","template":"","meta":{"footnotes":""},"class_list":["post-61660","page","type-page","status-publish","hentry"],"yoast_head":"<!-- This site is optimized with the Yoast SEO plugin v26.0 - https:\/\/yoast.com\/wordpress\/plugins\/seo\/ -->\n<title>Torre Emisora, LUCE (Fuente la Reina, Alto Mijares) - IVAM<\/title>\n<meta name=\"robots\" content=\"index, follow, max-snippet:-1, max-image-preview:large, max-video-preview:-1\" \/>\n<link rel=\"canonical\" href=\"https:\/\/ivam.es\/es\/torre-emisora-luce-fuente-la-reina-alto-mijares\/\" \/>\n<meta property=\"og:locale\" content=\"es_ES\" \/>\n<meta property=\"og:type\" content=\"article\" \/>\n<meta property=\"og:title\" content=\"Torre Emisora, LUCE (Fuente la Reina, Alto Mijares) - IVAM\" \/>\n<meta property=\"og:description\" content=\"CONFLU\u00c8NCIES. Intervenciones art\u00edsticas en los pueblos de la Ruta 99 Siguiendo la carretera N-223 hasta la altura de Barracas, nos desviamos por la CV-207 pasando por varios pueblos. Continuamos por otra carretera\u202fque serpentea hasta el cementerio de Fuente la Reina. Y finalmente, unas curvas m\u00e1s adelante, arribamos a nuestro destino. El paisaje es monta\u00f1oso, con [&hellip;]\" \/>\n<meta property=\"og:url\" content=\"https:\/\/ivam.es\/es\/torre-emisora-luce-fuente-la-reina-alto-mijares\/\" \/>\n<meta property=\"og:site_name\" content=\"IVAM\" \/>\n<meta property=\"article:modified_time\" content=\"2023-01-12T10:15:15+00:00\" \/>\n<meta name=\"twitter:card\" content=\"summary_large_image\" \/>\n<meta name=\"twitter:label1\" content=\"Tiempo de lectura\" \/>\n\t<meta name=\"twitter:data1\" content=\"1 minuto\" \/>\n<script type=\"application\/ld+json\" class=\"yoast-schema-graph\">{\"@context\":\"https:\/\/schema.org\",\"@graph\":[{\"@type\":\"WebPage\",\"@id\":\"https:\/\/ivam.es\/es\/torre-emisora-luce-fuente-la-reina-alto-mijares\/\",\"url\":\"https:\/\/ivam.es\/es\/torre-emisora-luce-fuente-la-reina-alto-mijares\/\",\"name\":\"Torre Emisora, LUCE (Fuente la Reina, Alto Mijares) - IVAM\",\"isPartOf\":{\"@id\":\"https:\/\/ivam.es\/es\/#website\"},\"datePublished\":\"2022-04-07T13:20:07+00:00\",\"dateModified\":\"2023-01-12T10:15:15+00:00\",\"breadcrumb\":{\"@id\":\"https:\/\/ivam.es\/es\/torre-emisora-luce-fuente-la-reina-alto-mijares\/#breadcrumb\"},\"inLanguage\":\"es\",\"potentialAction\":[{\"@type\":\"ReadAction\",\"target\":[\"https:\/\/ivam.es\/es\/torre-emisora-luce-fuente-la-reina-alto-mijares\/\"]}]},{\"@type\":\"BreadcrumbList\",\"@id\":\"https:\/\/ivam.es\/es\/torre-emisora-luce-fuente-la-reina-alto-mijares\/#breadcrumb\",\"itemListElement\":[{\"@type\":\"ListItem\",\"position\":1,\"name\":\"Home\",\"item\":\"https:\/\/ivam.es\/es\/\"},{\"@type\":\"ListItem\",\"position\":2,\"name\":\"Torre Emisora, LUCE (Fuente la Reina, Alto Mijares)\"}]},{\"@type\":\"WebSite\",\"@id\":\"https:\/\/ivam.es\/es\/#website\",\"url\":\"https:\/\/ivam.es\/es\/\",\"name\":\"IVAM\",\"description\":\"Institut Valenci\u00e0 d&#039;Art Modern\",\"publisher\":{\"@id\":\"https:\/\/ivam.es\/es\/#organization\"},\"potentialAction\":[{\"@type\":\"SearchAction\",\"target\":{\"@type\":\"EntryPoint\",\"urlTemplate\":\"https:\/\/ivam.es\/es\/?s={search_term_string}\"},\"query-input\":{\"@type\":\"PropertyValueSpecification\",\"valueRequired\":true,\"valueName\":\"search_term_string\"}}],\"inLanguage\":\"es\"},{\"@type\":\"Organization\",\"@id\":\"https:\/\/ivam.es\/es\/#organization\",\"name\":\"IVAM\",\"url\":\"https:\/\/ivam.es\/es\/\",\"logo\":{\"@type\":\"ImageObject\",\"inLanguage\":\"es\",\"@id\":\"https:\/\/ivam.es\/es\/#\/schema\/logo\/image\/\",\"url\":\"https:\/\/ivam.es\/wp-content\/uploads\/logo-ok-512.png\",\"contentUrl\":\"https:\/\/ivam.es\/wp-content\/uploads\/logo-ok-512.png\",\"width\":512,\"height\":512,\"caption\":\"IVAM\"},\"image\":{\"@id\":\"https:\/\/ivam.es\/es\/#\/schema\/logo\/image\/\"}}]}<\/script>\n<!-- \/ Yoast SEO plugin. -->","yoast_head_json":{"title":"Torre Emisora, LUCE (Fuente la Reina, Alto Mijares) - IVAM","robots":{"index":"index","follow":"follow","max-snippet":"max-snippet:-1","max-image-preview":"max-image-preview:large","max-video-preview":"max-video-preview:-1"},"canonical":"https:\/\/ivam.es\/es\/torre-emisora-luce-fuente-la-reina-alto-mijares\/","og_locale":"es_ES","og_type":"article","og_title":"Torre Emisora, LUCE (Fuente la Reina, Alto Mijares) - IVAM","og_description":"CONFLU\u00c8NCIES. Intervenciones art\u00edsticas en los pueblos de la Ruta 99 Siguiendo la carretera N-223 hasta la altura de Barracas, nos desviamos por la CV-207 pasando por varios pueblos. Continuamos por otra carretera\u202fque serpentea hasta el cementerio de Fuente la Reina. Y finalmente, unas curvas m\u00e1s adelante, arribamos a nuestro destino. El paisaje es monta\u00f1oso, con [&hellip;]","og_url":"https:\/\/ivam.es\/es\/torre-emisora-luce-fuente-la-reina-alto-mijares\/","og_site_name":"IVAM","article_modified_time":"2023-01-12T10:15:15+00:00","twitter_card":"summary_large_image","twitter_misc":{"Tiempo de lectura":"1 minuto"},"schema":{"@context":"https:\/\/schema.org","@graph":[{"@type":"WebPage","@id":"https:\/\/ivam.es\/es\/torre-emisora-luce-fuente-la-reina-alto-mijares\/","url":"https:\/\/ivam.es\/es\/torre-emisora-luce-fuente-la-reina-alto-mijares\/","name":"Torre Emisora, LUCE (Fuente la Reina, Alto Mijares) - IVAM","isPartOf":{"@id":"https:\/\/ivam.es\/es\/#website"},"datePublished":"2022-04-07T13:20:07+00:00","dateModified":"2023-01-12T10:15:15+00:00","breadcrumb":{"@id":"https:\/\/ivam.es\/es\/torre-emisora-luce-fuente-la-reina-alto-mijares\/#breadcrumb"},"inLanguage":"es","potentialAction":[{"@type":"ReadAction","target":["https:\/\/ivam.es\/es\/torre-emisora-luce-fuente-la-reina-alto-mijares\/"]}]},{"@type":"BreadcrumbList","@id":"https:\/\/ivam.es\/es\/torre-emisora-luce-fuente-la-reina-alto-mijares\/#breadcrumb","itemListElement":[{"@type":"ListItem","position":1,"name":"Home","item":"https:\/\/ivam.es\/es\/"},{"@type":"ListItem","position":2,"name":"Torre Emisora, LUCE (Fuente la Reina, Alto Mijares)"}]},{"@type":"WebSite","@id":"https:\/\/ivam.es\/es\/#website","url":"https:\/\/ivam.es\/es\/","name":"IVAM","description":"Institut Valenci\u00e0 d&#039;Art Modern","publisher":{"@id":"https:\/\/ivam.es\/es\/#organization"},"potentialAction":[{"@type":"SearchAction","target":{"@type":"EntryPoint","urlTemplate":"https:\/\/ivam.es\/es\/?s={search_term_string}"},"query-input":{"@type":"PropertyValueSpecification","valueRequired":true,"valueName":"search_term_string"}}],"inLanguage":"es"},{"@type":"Organization","@id":"https:\/\/ivam.es\/es\/#organization","name":"IVAM","url":"https:\/\/ivam.es\/es\/","logo":{"@type":"ImageObject","inLanguage":"es","@id":"https:\/\/ivam.es\/es\/#\/schema\/logo\/image\/","url":"https:\/\/ivam.es\/wp-content\/uploads\/logo-ok-512.png","contentUrl":"https:\/\/ivam.es\/wp-content\/uploads\/logo-ok-512.png","width":512,"height":512,"caption":"IVAM"},"image":{"@id":"https:\/\/ivam.es\/es\/#\/schema\/logo\/image\/"}}]}},"_links":{"self":[{"href":"https:\/\/ivam.es\/es\/wp-json\/wp\/v2\/pages\/61660","targetHints":{"allow":["GET"]}}],"collection":[{"href":"https:\/\/ivam.es\/es\/wp-json\/wp\/v2\/pages"}],"about":[{"href":"https:\/\/ivam.es\/es\/wp-json\/wp\/v2\/types\/page"}],"author":[{"embeddable":true,"href":"https:\/\/ivam.es\/es\/wp-json\/wp\/v2\/users\/231"}],"replies":[{"embeddable":true,"href":"https:\/\/ivam.es\/es\/wp-json\/wp\/v2\/comments?post=61660"}],"version-history":[{"count":5,"href":"https:\/\/ivam.es\/es\/wp-json\/wp\/v2\/pages\/61660\/revisions"}],"predecessor-version":[{"id":75797,"href":"https:\/\/ivam.es\/es\/wp-json\/wp\/v2\/pages\/61660\/revisions\/75797"}],"wp:attachment":[{"href":"https:\/\/ivam.es\/es\/wp-json\/wp\/v2\/media?parent=61660"}],"curies":[{"name":"wp","href":"https:\/\/api.w.org\/{rel}","templated":true}]}}