{"id":60028,"date":"2022-02-09T17:17:16","date_gmt":"2022-02-09T15:17:16","guid":{"rendered":"\/?page_id=60028"},"modified":"2022-03-10T10:15:19","modified_gmt":"2022-03-10T08:15:19","slug":"espadilla-y-su-entorno-luce-espadilla","status":"publish","type":"page","link":"https:\/\/ivam.es\/es\/espadilla-y-su-entorno-luce-espadilla\/","title":{"rendered":"Espadilla y su entorno, LUCE (Espadilla)"},"content":{"rendered":"<p><strong>CONFLU\u00c8NCIES. Intervenciones art\u00edsticas en los pueblos de la Ruta 99<\/strong><\/p>\n<p>Mi conexi\u00f3n con Espadilla fue inmediata. Mientras recorr\u00eda sus calles durante mi primera visita, ya fueron apareciendo ideas para intervenir en diferentes puntos de la localidad. Es mi habitual manera de trabajar: paseo, observo, asocio y resuelvo. Siempre acerc\u00e1ndome al entorno y a los espadillanos\/as de una manera respetuosa, las intervenciones no compiten por destacar, sino que intentan camuflarse en un entorno ya de por s\u00ed lleno de est\u00edmulos.<\/p>\n<p>En <em>Lona azul<\/em>, escribo para los que residen todo el a\u00f1o. Un agradecimiento a los que cuidan y mantienen el pueblo. Con <em>Llaveros del bar Saganta<\/em> animo a los visitantes a conocer historias y favorecer el tejido social. <em>Momento congelado<\/em> pretende rememorar vivencias de juego y juventud. Finalmente, con <em><a href=\"\/wp-content\/uploads\/page\/espadilla-y-su-entorno-luce-espadilla\/AF-las-pequen\u0303as-montana.pdf\">Las peque\u00f1as monta\u00f1as<\/a><\/em>\u00a0se genera un nuevo inter\u00e9s dentro de la subida a Pe\u00f1a Saganta.<\/p>\n<p><strong>Puedes descargar <a href=\"\/wp-content\/uploads\/Ficha-LUCE-CAS-1.pdf\">aqu\u00ed<\/a><\/strong> m\u00e1s informaci\u00f3n sobre las cuatro intervenciones en Espadilla.<\/p>\n<p><strong>LUCE<\/strong> (Valencia, 1989) investiga las asociaciones que se generan entre arte y entorno, estando muy presente en su obra la dualidad entre grafiti y escritura. Su quehacer se basa en la experiencia, traducida en sutiles intervenciones en el mobiliario urbano y en piezas creadas a partir de objetos que encuentra durante sus derivas.<\/p>\n","protected":false},"excerpt":{"rendered":"<p>CONFLU\u00c8NCIES. Intervenciones art\u00edsticas en los pueblos de la Ruta 99 Mi conexi\u00f3n con Espadilla fue inmediata. Mientras recorr\u00eda sus calles durante mi primera visita, ya fueron apareciendo ideas para intervenir en diferentes puntos de la localidad. Es mi habitual manera de trabajar: paseo, observo, asocio y resuelvo. Siempre acerc\u00e1ndome al entorno y a los espadillanos\/as [&hellip;]<\/p>\n","protected":false},"author":231,"featured_media":0,"parent":0,"menu_order":165,"comment_status":"closed","ping_status":"closed","template":"","meta":{"footnotes":""},"class_list":["post-60028","page","type-page","status-publish","hentry"],"yoast_head":"<!-- This site is optimized with the Yoast SEO plugin v26.0 - https:\/\/yoast.com\/wordpress\/plugins\/seo\/ -->\n<title>Espadilla y su entorno, LUCE (Espadilla) - IVAM<\/title>\n<meta name=\"robots\" content=\"index, follow, max-snippet:-1, max-image-preview:large, max-video-preview:-1\" \/>\n<link rel=\"canonical\" href=\"https:\/\/ivam.es\/es\/espadilla-y-su-entorno-luce-espadilla\/\" \/>\n<meta property=\"og:locale\" content=\"es_ES\" \/>\n<meta property=\"og:type\" content=\"article\" \/>\n<meta property=\"og:title\" content=\"Espadilla y su entorno, LUCE (Espadilla) - IVAM\" \/>\n<meta property=\"og:description\" content=\"CONFLU\u00c8NCIES. Intervenciones art\u00edsticas en los pueblos de la Ruta 99 Mi conexi\u00f3n con Espadilla fue inmediata. Mientras recorr\u00eda sus calles durante mi primera visita, ya fueron apareciendo ideas para intervenir en diferentes puntos de la localidad. Es mi habitual manera de trabajar: paseo, observo, asocio y resuelvo. Siempre acerc\u00e1ndome al entorno y a los espadillanos\/as [&hellip;]\" \/>\n<meta property=\"og:url\" content=\"https:\/\/ivam.es\/es\/espadilla-y-su-entorno-luce-espadilla\/\" \/>\n<meta property=\"og:site_name\" content=\"IVAM\" \/>\n<meta property=\"article:modified_time\" content=\"2022-03-10T08:15:19+00:00\" \/>\n<meta name=\"twitter:card\" content=\"summary_large_image\" \/>\n<meta name=\"twitter:label1\" content=\"Tiempo de lectura\" \/>\n\t<meta name=\"twitter:data1\" content=\"1 minuto\" \/>\n<script type=\"application\/ld+json\" class=\"yoast-schema-graph\">{\"@context\":\"https:\/\/schema.org\",\"@graph\":[{\"@type\":\"WebPage\",\"@id\":\"https:\/\/ivam.es\/es\/espadilla-y-su-entorno-luce-espadilla\/\",\"url\":\"https:\/\/ivam.es\/es\/espadilla-y-su-entorno-luce-espadilla\/\",\"name\":\"Espadilla y su entorno, LUCE (Espadilla) - IVAM\",\"isPartOf\":{\"@id\":\"https:\/\/ivam.es\/es\/#website\"},\"datePublished\":\"2022-02-09T15:17:16+00:00\",\"dateModified\":\"2022-03-10T08:15:19+00:00\",\"breadcrumb\":{\"@id\":\"https:\/\/ivam.es\/es\/espadilla-y-su-entorno-luce-espadilla\/#breadcrumb\"},\"inLanguage\":\"es\",\"potentialAction\":[{\"@type\":\"ReadAction\",\"target\":[\"https:\/\/ivam.es\/es\/espadilla-y-su-entorno-luce-espadilla\/\"]}]},{\"@type\":\"BreadcrumbList\",\"@id\":\"https:\/\/ivam.es\/es\/espadilla-y-su-entorno-luce-espadilla\/#breadcrumb\",\"itemListElement\":[{\"@type\":\"ListItem\",\"position\":1,\"name\":\"Home\",\"item\":\"https:\/\/ivam.es\/es\/\"},{\"@type\":\"ListItem\",\"position\":2,\"name\":\"Espadilla y su entorno, LUCE (Espadilla)\"}]},{\"@type\":\"WebSite\",\"@id\":\"https:\/\/ivam.es\/es\/#website\",\"url\":\"https:\/\/ivam.es\/es\/\",\"name\":\"IVAM\",\"description\":\"Institut Valenci\u00e0 d&#039;Art Modern\",\"publisher\":{\"@id\":\"https:\/\/ivam.es\/es\/#organization\"},\"potentialAction\":[{\"@type\":\"SearchAction\",\"target\":{\"@type\":\"EntryPoint\",\"urlTemplate\":\"https:\/\/ivam.es\/es\/?s={search_term_string}\"},\"query-input\":{\"@type\":\"PropertyValueSpecification\",\"valueRequired\":true,\"valueName\":\"search_term_string\"}}],\"inLanguage\":\"es\"},{\"@type\":\"Organization\",\"@id\":\"https:\/\/ivam.es\/es\/#organization\",\"name\":\"IVAM\",\"url\":\"https:\/\/ivam.es\/es\/\",\"logo\":{\"@type\":\"ImageObject\",\"inLanguage\":\"es\",\"@id\":\"https:\/\/ivam.es\/es\/#\/schema\/logo\/image\/\",\"url\":\"https:\/\/ivam.es\/wp-content\/uploads\/logo-ok-512.png\",\"contentUrl\":\"https:\/\/ivam.es\/wp-content\/uploads\/logo-ok-512.png\",\"width\":512,\"height\":512,\"caption\":\"IVAM\"},\"image\":{\"@id\":\"https:\/\/ivam.es\/es\/#\/schema\/logo\/image\/\"}}]}<\/script>\n<!-- \/ Yoast SEO plugin. -->","yoast_head_json":{"title":"Espadilla y su entorno, LUCE (Espadilla) - IVAM","robots":{"index":"index","follow":"follow","max-snippet":"max-snippet:-1","max-image-preview":"max-image-preview:large","max-video-preview":"max-video-preview:-1"},"canonical":"https:\/\/ivam.es\/es\/espadilla-y-su-entorno-luce-espadilla\/","og_locale":"es_ES","og_type":"article","og_title":"Espadilla y su entorno, LUCE (Espadilla) - IVAM","og_description":"CONFLU\u00c8NCIES. Intervenciones art\u00edsticas en los pueblos de la Ruta 99 Mi conexi\u00f3n con Espadilla fue inmediata. Mientras recorr\u00eda sus calles durante mi primera visita, ya fueron apareciendo ideas para intervenir en diferentes puntos de la localidad. Es mi habitual manera de trabajar: paseo, observo, asocio y resuelvo. Siempre acerc\u00e1ndome al entorno y a los espadillanos\/as [&hellip;]","og_url":"https:\/\/ivam.es\/es\/espadilla-y-su-entorno-luce-espadilla\/","og_site_name":"IVAM","article_modified_time":"2022-03-10T08:15:19+00:00","twitter_card":"summary_large_image","twitter_misc":{"Tiempo de lectura":"1 minuto"},"schema":{"@context":"https:\/\/schema.org","@graph":[{"@type":"WebPage","@id":"https:\/\/ivam.es\/es\/espadilla-y-su-entorno-luce-espadilla\/","url":"https:\/\/ivam.es\/es\/espadilla-y-su-entorno-luce-espadilla\/","name":"Espadilla y su entorno, LUCE (Espadilla) - IVAM","isPartOf":{"@id":"https:\/\/ivam.es\/es\/#website"},"datePublished":"2022-02-09T15:17:16+00:00","dateModified":"2022-03-10T08:15:19+00:00","breadcrumb":{"@id":"https:\/\/ivam.es\/es\/espadilla-y-su-entorno-luce-espadilla\/#breadcrumb"},"inLanguage":"es","potentialAction":[{"@type":"ReadAction","target":["https:\/\/ivam.es\/es\/espadilla-y-su-entorno-luce-espadilla\/"]}]},{"@type":"BreadcrumbList","@id":"https:\/\/ivam.es\/es\/espadilla-y-su-entorno-luce-espadilla\/#breadcrumb","itemListElement":[{"@type":"ListItem","position":1,"name":"Home","item":"https:\/\/ivam.es\/es\/"},{"@type":"ListItem","position":2,"name":"Espadilla y su entorno, LUCE (Espadilla)"}]},{"@type":"WebSite","@id":"https:\/\/ivam.es\/es\/#website","url":"https:\/\/ivam.es\/es\/","name":"IVAM","description":"Institut Valenci\u00e0 d&#039;Art Modern","publisher":{"@id":"https:\/\/ivam.es\/es\/#organization"},"potentialAction":[{"@type":"SearchAction","target":{"@type":"EntryPoint","urlTemplate":"https:\/\/ivam.es\/es\/?s={search_term_string}"},"query-input":{"@type":"PropertyValueSpecification","valueRequired":true,"valueName":"search_term_string"}}],"inLanguage":"es"},{"@type":"Organization","@id":"https:\/\/ivam.es\/es\/#organization","name":"IVAM","url":"https:\/\/ivam.es\/es\/","logo":{"@type":"ImageObject","inLanguage":"es","@id":"https:\/\/ivam.es\/es\/#\/schema\/logo\/image\/","url":"https:\/\/ivam.es\/wp-content\/uploads\/logo-ok-512.png","contentUrl":"https:\/\/ivam.es\/wp-content\/uploads\/logo-ok-512.png","width":512,"height":512,"caption":"IVAM"},"image":{"@id":"https:\/\/ivam.es\/es\/#\/schema\/logo\/image\/"}}]}},"_links":{"self":[{"href":"https:\/\/ivam.es\/es\/wp-json\/wp\/v2\/pages\/60028","targetHints":{"allow":["GET"]}}],"collection":[{"href":"https:\/\/ivam.es\/es\/wp-json\/wp\/v2\/pages"}],"about":[{"href":"https:\/\/ivam.es\/es\/wp-json\/wp\/v2\/types\/page"}],"author":[{"embeddable":true,"href":"https:\/\/ivam.es\/es\/wp-json\/wp\/v2\/users\/231"}],"replies":[{"embeddable":true,"href":"https:\/\/ivam.es\/es\/wp-json\/wp\/v2\/comments?post=60028"}],"version-history":[{"count":10,"href":"https:\/\/ivam.es\/es\/wp-json\/wp\/v2\/pages\/60028\/revisions"}],"predecessor-version":[{"id":61001,"href":"https:\/\/ivam.es\/es\/wp-json\/wp\/v2\/pages\/60028\/revisions\/61001"}],"wp:attachment":[{"href":"https:\/\/ivam.es\/es\/wp-json\/wp\/v2\/media?parent=60028"}],"curies":[{"name":"wp","href":"https:\/\/api.w.org\/{rel}","templated":true}]}}