{"id":60017,"date":"2022-02-09T17:08:38","date_gmt":"2022-02-09T15:08:38","guid":{"rendered":"\/?page_id=60017"},"modified":"2022-08-25T11:04:34","modified_gmt":"2022-08-25T09:04:34","slug":"res-communis-de-bleda-y-rosa-torralba-del-pinar-pavias","status":"publish","type":"page","link":"https:\/\/ivam.es\/es\/res-communis-de-bleda-y-rosa-torralba-del-pinar-pavias\/","title":{"rendered":"Res communis, Bleda y Rosa (Torralba del Pinar-Pav\u00edas)"},"content":{"rendered":"<p><strong>CONFLU\u00c8NCIES. Intervenciones art\u00edsticas en los pueblos de la Ruta 99<\/strong><\/p>\n<p><em>Campos de f\u00fatbol<\/em> -una de nuestras obras m\u00e1s significativas &#8211; nos sirve ahora como pr\u00f3logo, punto de partida y excusa para generar nuevas v\u00edas de investigaci\u00f3n; el gesto inici\u00e1tico que constitu\u00eda la b\u00fasqueda de aquellos terrenos de juego, hace ahora tres d\u00e9cadas, se transforma en un proceso de construcci\u00f3n pr\u00f3ximo a lo perform\u00e1tico-instalativo que busca multiplicar los campos de lectura de los espacios.<\/p>\n<p>Nuestra propuesta art\u00edstica, consistente en la instalaci\u00f3n de dos porter\u00edas en los t\u00e9rminos de Torralba del Pinar y Pav\u00edas, se plantea como una intervenci\u00f3n ef\u00edmera en el paisaje con la finalidad de conectar simb\u00f3licamente estos dos peque\u00f1os municipios colindantes que, ubicados en la Sierra de Espad\u00e1n, pertenecen a comarcas distintas. Estas esculturas, situadas en plena naturaleza y f\u00edsicamente distanciadas por la orograf\u00eda del terreno, remarcan la imposibilidad para la pr\u00e1ctica del juego, desplegando a su vez una enorme reflexi\u00f3n en torno al paisaje, a lo com\u00fan y compartido.<\/p>\n<p>A partir de un conjunto de ideas en torno a los conceptos de territorialidad y bienes compartidos, configuramos mediante charlas y lecturas, caminatas, bocetos, fotograf\u00edas y maquetas, una suerte de coreograf\u00eda concebida para establecer reflexiones que permitan pensar el espacio m\u00e1s all\u00e1 de los par\u00e1metros que establece la ordenaci\u00f3n pol\u00edtica del territorio o la propia geograf\u00eda de los lugares, para imaginar otros territorios comunes posibles.<\/p>\n<p><strong>Descarga <\/strong><a href=\"\/wp-content\/uploads\/Ficha-Bleda-y-Rosa-AP-CAS.pdf\"><strong>a<\/strong><strong>qu\u00ed<\/strong><\/a> la ficha completa de nuestra intervenci\u00f3n.<\/p>\n<p>Mar\u00eda Bleda (Castell\u00f3n, 1969) y Jos\u00e9 Mar\u00eda Rosa (Albacete, 1970) trabajan de forma conjunta el v\u00ednculo existente entre imagen, lugar y memoria. <em>Campos de f\u00fatbol, Campos de batalla, Origen o Prontuario<\/em> son algunas de las series fotogr\u00e1ficas m\u00e1s relevantes en su trayectoria, reconocida en 2008 con el Premio Nacional de Fotograf\u00eda.<\/p>\n","protected":false},"excerpt":{"rendered":"<p>CONFLU\u00c8NCIES. Intervenciones art\u00edsticas en los pueblos de la Ruta 99 Campos de f\u00fatbol -una de nuestras obras m\u00e1s significativas &#8211; nos sirve ahora como pr\u00f3logo, punto de partida y excusa para generar nuevas v\u00edas de investigaci\u00f3n; el gesto inici\u00e1tico que constitu\u00eda la b\u00fasqueda de aquellos terrenos de juego, hace ahora tres d\u00e9cadas, se transforma en [&hellip;]<\/p>\n","protected":false},"author":231,"featured_media":0,"parent":0,"menu_order":166,"comment_status":"closed","ping_status":"closed","template":"","meta":{"footnotes":""},"class_list":["post-60017","page","type-page","status-publish","hentry"],"yoast_head":"<!-- This site is optimized with the Yoast SEO plugin v26.0 - https:\/\/yoast.com\/wordpress\/plugins\/seo\/ -->\n<title>Res communis, Bleda y Rosa (Torralba del Pinar-Pav\u00edas) - IVAM<\/title>\n<meta name=\"robots\" content=\"index, follow, max-snippet:-1, max-image-preview:large, max-video-preview:-1\" \/>\n<link rel=\"canonical\" href=\"https:\/\/ivam.es\/es\/res-communis-de-bleda-y-rosa-torralba-del-pinar-pavias\/\" \/>\n<meta property=\"og:locale\" content=\"es_ES\" \/>\n<meta property=\"og:type\" content=\"article\" \/>\n<meta property=\"og:title\" content=\"Res communis, Bleda y Rosa (Torralba del Pinar-Pav\u00edas) - IVAM\" \/>\n<meta property=\"og:description\" content=\"CONFLU\u00c8NCIES. Intervenciones art\u00edsticas en los pueblos de la Ruta 99 Campos de f\u00fatbol -una de nuestras obras m\u00e1s significativas &#8211; nos sirve ahora como pr\u00f3logo, punto de partida y excusa para generar nuevas v\u00edas de investigaci\u00f3n; el gesto inici\u00e1tico que constitu\u00eda la b\u00fasqueda de aquellos terrenos de juego, hace ahora tres d\u00e9cadas, se transforma en [&hellip;]\" \/>\n<meta property=\"og:url\" content=\"https:\/\/ivam.es\/es\/res-communis-de-bleda-y-rosa-torralba-del-pinar-pavias\/\" \/>\n<meta property=\"og:site_name\" content=\"IVAM\" \/>\n<meta property=\"article:modified_time\" content=\"2022-08-25T09:04:34+00:00\" \/>\n<meta name=\"twitter:card\" content=\"summary_large_image\" \/>\n<meta name=\"twitter:label1\" content=\"Tiempo de lectura\" \/>\n\t<meta name=\"twitter:data1\" content=\"2 minutos\" \/>\n<script type=\"application\/ld+json\" class=\"yoast-schema-graph\">{\"@context\":\"https:\/\/schema.org\",\"@graph\":[{\"@type\":\"WebPage\",\"@id\":\"https:\/\/ivam.es\/es\/res-communis-de-bleda-y-rosa-torralba-del-pinar-pavias\/\",\"url\":\"https:\/\/ivam.es\/es\/res-communis-de-bleda-y-rosa-torralba-del-pinar-pavias\/\",\"name\":\"Res communis, Bleda y Rosa (Torralba del Pinar-Pav\u00edas) - IVAM\",\"isPartOf\":{\"@id\":\"https:\/\/ivam.es\/es\/#website\"},\"datePublished\":\"2022-02-09T15:08:38+00:00\",\"dateModified\":\"2022-08-25T09:04:34+00:00\",\"breadcrumb\":{\"@id\":\"https:\/\/ivam.es\/es\/res-communis-de-bleda-y-rosa-torralba-del-pinar-pavias\/#breadcrumb\"},\"inLanguage\":\"es\",\"potentialAction\":[{\"@type\":\"ReadAction\",\"target\":[\"https:\/\/ivam.es\/es\/res-communis-de-bleda-y-rosa-torralba-del-pinar-pavias\/\"]}]},{\"@type\":\"BreadcrumbList\",\"@id\":\"https:\/\/ivam.es\/es\/res-communis-de-bleda-y-rosa-torralba-del-pinar-pavias\/#breadcrumb\",\"itemListElement\":[{\"@type\":\"ListItem\",\"position\":1,\"name\":\"Home\",\"item\":\"https:\/\/ivam.es\/es\/\"},{\"@type\":\"ListItem\",\"position\":2,\"name\":\"Res communis, Bleda y Rosa (Torralba del Pinar-Pav\u00edas)\"}]},{\"@type\":\"WebSite\",\"@id\":\"https:\/\/ivam.es\/es\/#website\",\"url\":\"https:\/\/ivam.es\/es\/\",\"name\":\"IVAM\",\"description\":\"Institut Valenci\u00e0 d&#039;Art Modern\",\"publisher\":{\"@id\":\"https:\/\/ivam.es\/es\/#organization\"},\"potentialAction\":[{\"@type\":\"SearchAction\",\"target\":{\"@type\":\"EntryPoint\",\"urlTemplate\":\"https:\/\/ivam.es\/es\/?s={search_term_string}\"},\"query-input\":{\"@type\":\"PropertyValueSpecification\",\"valueRequired\":true,\"valueName\":\"search_term_string\"}}],\"inLanguage\":\"es\"},{\"@type\":\"Organization\",\"@id\":\"https:\/\/ivam.es\/es\/#organization\",\"name\":\"IVAM\",\"url\":\"https:\/\/ivam.es\/es\/\",\"logo\":{\"@type\":\"ImageObject\",\"inLanguage\":\"es\",\"@id\":\"https:\/\/ivam.es\/es\/#\/schema\/logo\/image\/\",\"url\":\"https:\/\/ivam.es\/wp-content\/uploads\/logo-ok-512.png\",\"contentUrl\":\"https:\/\/ivam.es\/wp-content\/uploads\/logo-ok-512.png\",\"width\":512,\"height\":512,\"caption\":\"IVAM\"},\"image\":{\"@id\":\"https:\/\/ivam.es\/es\/#\/schema\/logo\/image\/\"}}]}<\/script>\n<!-- \/ Yoast SEO plugin. -->","yoast_head_json":{"title":"Res communis, Bleda y Rosa (Torralba del Pinar-Pav\u00edas) - IVAM","robots":{"index":"index","follow":"follow","max-snippet":"max-snippet:-1","max-image-preview":"max-image-preview:large","max-video-preview":"max-video-preview:-1"},"canonical":"https:\/\/ivam.es\/es\/res-communis-de-bleda-y-rosa-torralba-del-pinar-pavias\/","og_locale":"es_ES","og_type":"article","og_title":"Res communis, Bleda y Rosa (Torralba del Pinar-Pav\u00edas) - IVAM","og_description":"CONFLU\u00c8NCIES. Intervenciones art\u00edsticas en los pueblos de la Ruta 99 Campos de f\u00fatbol -una de nuestras obras m\u00e1s significativas &#8211; nos sirve ahora como pr\u00f3logo, punto de partida y excusa para generar nuevas v\u00edas de investigaci\u00f3n; el gesto inici\u00e1tico que constitu\u00eda la b\u00fasqueda de aquellos terrenos de juego, hace ahora tres d\u00e9cadas, se transforma en [&hellip;]","og_url":"https:\/\/ivam.es\/es\/res-communis-de-bleda-y-rosa-torralba-del-pinar-pavias\/","og_site_name":"IVAM","article_modified_time":"2022-08-25T09:04:34+00:00","twitter_card":"summary_large_image","twitter_misc":{"Tiempo de lectura":"2 minutos"},"schema":{"@context":"https:\/\/schema.org","@graph":[{"@type":"WebPage","@id":"https:\/\/ivam.es\/es\/res-communis-de-bleda-y-rosa-torralba-del-pinar-pavias\/","url":"https:\/\/ivam.es\/es\/res-communis-de-bleda-y-rosa-torralba-del-pinar-pavias\/","name":"Res communis, Bleda y Rosa (Torralba del Pinar-Pav\u00edas) - IVAM","isPartOf":{"@id":"https:\/\/ivam.es\/es\/#website"},"datePublished":"2022-02-09T15:08:38+00:00","dateModified":"2022-08-25T09:04:34+00:00","breadcrumb":{"@id":"https:\/\/ivam.es\/es\/res-communis-de-bleda-y-rosa-torralba-del-pinar-pavias\/#breadcrumb"},"inLanguage":"es","potentialAction":[{"@type":"ReadAction","target":["https:\/\/ivam.es\/es\/res-communis-de-bleda-y-rosa-torralba-del-pinar-pavias\/"]}]},{"@type":"BreadcrumbList","@id":"https:\/\/ivam.es\/es\/res-communis-de-bleda-y-rosa-torralba-del-pinar-pavias\/#breadcrumb","itemListElement":[{"@type":"ListItem","position":1,"name":"Home","item":"https:\/\/ivam.es\/es\/"},{"@type":"ListItem","position":2,"name":"Res communis, Bleda y Rosa (Torralba del Pinar-Pav\u00edas)"}]},{"@type":"WebSite","@id":"https:\/\/ivam.es\/es\/#website","url":"https:\/\/ivam.es\/es\/","name":"IVAM","description":"Institut Valenci\u00e0 d&#039;Art Modern","publisher":{"@id":"https:\/\/ivam.es\/es\/#organization"},"potentialAction":[{"@type":"SearchAction","target":{"@type":"EntryPoint","urlTemplate":"https:\/\/ivam.es\/es\/?s={search_term_string}"},"query-input":{"@type":"PropertyValueSpecification","valueRequired":true,"valueName":"search_term_string"}}],"inLanguage":"es"},{"@type":"Organization","@id":"https:\/\/ivam.es\/es\/#organization","name":"IVAM","url":"https:\/\/ivam.es\/es\/","logo":{"@type":"ImageObject","inLanguage":"es","@id":"https:\/\/ivam.es\/es\/#\/schema\/logo\/image\/","url":"https:\/\/ivam.es\/wp-content\/uploads\/logo-ok-512.png","contentUrl":"https:\/\/ivam.es\/wp-content\/uploads\/logo-ok-512.png","width":512,"height":512,"caption":"IVAM"},"image":{"@id":"https:\/\/ivam.es\/es\/#\/schema\/logo\/image\/"}}]}},"_links":{"self":[{"href":"https:\/\/ivam.es\/es\/wp-json\/wp\/v2\/pages\/60017","targetHints":{"allow":["GET"]}}],"collection":[{"href":"https:\/\/ivam.es\/es\/wp-json\/wp\/v2\/pages"}],"about":[{"href":"https:\/\/ivam.es\/es\/wp-json\/wp\/v2\/types\/page"}],"author":[{"embeddable":true,"href":"https:\/\/ivam.es\/es\/wp-json\/wp\/v2\/users\/231"}],"replies":[{"embeddable":true,"href":"https:\/\/ivam.es\/es\/wp-json\/wp\/v2\/comments?post=60017"}],"version-history":[{"count":11,"href":"https:\/\/ivam.es\/es\/wp-json\/wp\/v2\/pages\/60017\/revisions"}],"predecessor-version":[{"id":66990,"href":"https:\/\/ivam.es\/es\/wp-json\/wp\/v2\/pages\/60017\/revisions\/66990"}],"wp:attachment":[{"href":"https:\/\/ivam.es\/es\/wp-json\/wp\/v2\/media?parent=60017"}],"curies":[{"name":"wp","href":"https:\/\/api.w.org\/{rel}","templated":true}]}}