{"id":60001,"date":"2022-02-09T16:58:26","date_gmt":"2022-02-09T14:58:26","guid":{"rendered":"\/?page_id=60001"},"modified":"2023-02-08T13:26:21","modified_gmt":"2023-02-08T11:26:21","slug":"cauce-aural-de-carlos-izquierdo-fuentes-de-ayodar","status":"publish","type":"page","link":"https:\/\/ivam.es\/es\/cauce-aural-de-carlos-izquierdo-fuentes-de-ayodar\/","title":{"rendered":"Cauce Aural, de Carlos Izquierdo (Fuentes de Ay\u00f3dar)"},"content":{"rendered":"<p><strong>CONFLU\u00c8NCIES. Intervenciones art\u00edsticas en los pueblos de la Ruta 99<\/strong><\/p>\n<p>Viaj\u00e9 por primera vez a Fuentes de Ay\u00f3dar en octubre de 2021. En noviembre del mismo a\u00f1o resid\u00ed una semana, saliendo todos los d\u00edas a realizar grabaciones de campo: registros sonoros del entorno con el agua como eje conductor. Fue un lugar que me sorprendi\u00f3 por la riqueza de su entorno natural, enclavado en la Sierra de Espad\u00e1n y con una gran cantidad de recursos h\u00eddricos. Por el municipio pasa el r\u00edo Chico y se cuentan hasta 21 fuentes naturales registradas por parte de los vecinos.<\/p>\n<p>Mi l\u00ednea de trabajo art\u00edstico se centra en el sonido y la escucha, estableciendo a partir de esos elementos conexiones con el territorio, la identidad y la memoria. Empleo la composici\u00f3n musical, el registro sonoro, la edici\u00f3n de audio con una perspectiva radiof\u00f3nica, y tambi\u00e9n trabajo con el concepto de paisaje sonoro.<\/p>\n<p>Con estas particularidades, comienzo a pensar en lo interesante de captar, desde un plano exclusivamente sonoro, las condiciones \u00fanicas que se dan en este lugar. Realizar registros que me permitan recopilar material y generar una pieza sonora que sea sugerente, a la vez que representativa de este espacio y tiempo espec\u00edficos.<\/p>\n<p><strong>Puedes escuchar <i>Cauce Aural<\/i>\u00a0 a trav\u00e9s de este <a href=\"https:\/\/ivam.es\/wp-content\/uploads\/Cauce_aural.mp3\"><u>enlace<\/u><\/a> y descargar\u00a0<a href=\"\/wp-content\/uploads\/Ficha-Carlos-Izquierdo-CAS-1.pdf\">aqu\u00ed<\/a> <\/strong>la ficha completa de mi intervenci\u00f3n.<\/p>\n<p>Te recomendamos llevar auriculares para poder conectar a tu tel\u00e9fono y disfrutar de la pieza. No hay ning\u00fan lugar marcado para su escucha, pero te incitamos a pasear mientras la oyes, conect\u00e1ndola con el entorno.<\/p>\n<p><strong>Carlos Izquierdo<\/strong> (Alicante, 1982) se define como compositor, artista sonoro y comisario. Desde una sensibilidad hacia el patrimonio, el silencio y el paisaje sonoro, desarrolla propuestas que relacionan el sonido con el territorio, la identidad y la memoria, convencido de la importancia de fortalecer la escucha en el arte.<\/p>\n","protected":false},"excerpt":{"rendered":"<p>CONFLU\u00c8NCIES. Intervenciones art\u00edsticas en los pueblos de la Ruta 99 Viaj\u00e9 por primera vez a Fuentes de Ay\u00f3dar en octubre de 2021. En noviembre del mismo a\u00f1o resid\u00ed una semana, saliendo todos los d\u00edas a realizar grabaciones de campo: registros sonoros del entorno con el agua como eje conductor. Fue un lugar que me sorprendi\u00f3 [&hellip;]<\/p>\n","protected":false},"author":231,"featured_media":0,"parent":0,"menu_order":167,"comment_status":"closed","ping_status":"closed","template":"","meta":{"footnotes":""},"class_list":["post-60001","page","type-page","status-publish","hentry"],"yoast_head":"<!-- This site is optimized with the Yoast SEO plugin v26.0 - https:\/\/yoast.com\/wordpress\/plugins\/seo\/ -->\n<title>Cauce Aural, de Carlos Izquierdo (Fuentes de Ay\u00f3dar) - IVAM<\/title>\n<meta name=\"robots\" content=\"index, follow, max-snippet:-1, max-image-preview:large, max-video-preview:-1\" \/>\n<link rel=\"canonical\" href=\"https:\/\/ivam.es\/es\/cauce-aural-de-carlos-izquierdo-fuentes-de-ayodar\/\" \/>\n<meta property=\"og:locale\" content=\"es_ES\" \/>\n<meta property=\"og:type\" content=\"article\" \/>\n<meta property=\"og:title\" content=\"Cauce Aural, de Carlos Izquierdo (Fuentes de Ay\u00f3dar) - IVAM\" \/>\n<meta property=\"og:description\" content=\"CONFLU\u00c8NCIES. Intervenciones art\u00edsticas en los pueblos de la Ruta 99 Viaj\u00e9 por primera vez a Fuentes de Ay\u00f3dar en octubre de 2021. En noviembre del mismo a\u00f1o resid\u00ed una semana, saliendo todos los d\u00edas a realizar grabaciones de campo: registros sonoros del entorno con el agua como eje conductor. Fue un lugar que me sorprendi\u00f3 [&hellip;]\" \/>\n<meta property=\"og:url\" content=\"https:\/\/ivam.es\/es\/cauce-aural-de-carlos-izquierdo-fuentes-de-ayodar\/\" \/>\n<meta property=\"og:site_name\" content=\"IVAM\" \/>\n<meta property=\"article:modified_time\" content=\"2023-02-08T11:26:21+00:00\" \/>\n<meta name=\"twitter:card\" content=\"summary_large_image\" \/>\n<meta name=\"twitter:label1\" content=\"Tiempo de lectura\" \/>\n\t<meta name=\"twitter:data1\" content=\"2 minutos\" \/>\n<script type=\"application\/ld+json\" class=\"yoast-schema-graph\">{\"@context\":\"https:\/\/schema.org\",\"@graph\":[{\"@type\":\"WebPage\",\"@id\":\"https:\/\/ivam.es\/es\/cauce-aural-de-carlos-izquierdo-fuentes-de-ayodar\/\",\"url\":\"https:\/\/ivam.es\/es\/cauce-aural-de-carlos-izquierdo-fuentes-de-ayodar\/\",\"name\":\"Cauce Aural, de Carlos Izquierdo (Fuentes de Ay\u00f3dar) - IVAM\",\"isPartOf\":{\"@id\":\"https:\/\/ivam.es\/es\/#website\"},\"datePublished\":\"2022-02-09T14:58:26+00:00\",\"dateModified\":\"2023-02-08T11:26:21+00:00\",\"breadcrumb\":{\"@id\":\"https:\/\/ivam.es\/es\/cauce-aural-de-carlos-izquierdo-fuentes-de-ayodar\/#breadcrumb\"},\"inLanguage\":\"es\",\"potentialAction\":[{\"@type\":\"ReadAction\",\"target\":[\"https:\/\/ivam.es\/es\/cauce-aural-de-carlos-izquierdo-fuentes-de-ayodar\/\"]}]},{\"@type\":\"BreadcrumbList\",\"@id\":\"https:\/\/ivam.es\/es\/cauce-aural-de-carlos-izquierdo-fuentes-de-ayodar\/#breadcrumb\",\"itemListElement\":[{\"@type\":\"ListItem\",\"position\":1,\"name\":\"Home\",\"item\":\"https:\/\/ivam.es\/es\/\"},{\"@type\":\"ListItem\",\"position\":2,\"name\":\"Cauce Aural, de Carlos Izquierdo (Fuentes de Ay\u00f3dar)\"}]},{\"@type\":\"WebSite\",\"@id\":\"https:\/\/ivam.es\/es\/#website\",\"url\":\"https:\/\/ivam.es\/es\/\",\"name\":\"IVAM\",\"description\":\"Institut Valenci\u00e0 d&#039;Art Modern\",\"publisher\":{\"@id\":\"https:\/\/ivam.es\/es\/#organization\"},\"potentialAction\":[{\"@type\":\"SearchAction\",\"target\":{\"@type\":\"EntryPoint\",\"urlTemplate\":\"https:\/\/ivam.es\/es\/?s={search_term_string}\"},\"query-input\":{\"@type\":\"PropertyValueSpecification\",\"valueRequired\":true,\"valueName\":\"search_term_string\"}}],\"inLanguage\":\"es\"},{\"@type\":\"Organization\",\"@id\":\"https:\/\/ivam.es\/es\/#organization\",\"name\":\"IVAM\",\"url\":\"https:\/\/ivam.es\/es\/\",\"logo\":{\"@type\":\"ImageObject\",\"inLanguage\":\"es\",\"@id\":\"https:\/\/ivam.es\/es\/#\/schema\/logo\/image\/\",\"url\":\"https:\/\/ivam.es\/wp-content\/uploads\/logo-ok-512.png\",\"contentUrl\":\"https:\/\/ivam.es\/wp-content\/uploads\/logo-ok-512.png\",\"width\":512,\"height\":512,\"caption\":\"IVAM\"},\"image\":{\"@id\":\"https:\/\/ivam.es\/es\/#\/schema\/logo\/image\/\"}}]}<\/script>\n<!-- \/ Yoast SEO plugin. -->","yoast_head_json":{"title":"Cauce Aural, de Carlos Izquierdo (Fuentes de Ay\u00f3dar) - IVAM","robots":{"index":"index","follow":"follow","max-snippet":"max-snippet:-1","max-image-preview":"max-image-preview:large","max-video-preview":"max-video-preview:-1"},"canonical":"https:\/\/ivam.es\/es\/cauce-aural-de-carlos-izquierdo-fuentes-de-ayodar\/","og_locale":"es_ES","og_type":"article","og_title":"Cauce Aural, de Carlos Izquierdo (Fuentes de Ay\u00f3dar) - IVAM","og_description":"CONFLU\u00c8NCIES. Intervenciones art\u00edsticas en los pueblos de la Ruta 99 Viaj\u00e9 por primera vez a Fuentes de Ay\u00f3dar en octubre de 2021. En noviembre del mismo a\u00f1o resid\u00ed una semana, saliendo todos los d\u00edas a realizar grabaciones de campo: registros sonoros del entorno con el agua como eje conductor. Fue un lugar que me sorprendi\u00f3 [&hellip;]","og_url":"https:\/\/ivam.es\/es\/cauce-aural-de-carlos-izquierdo-fuentes-de-ayodar\/","og_site_name":"IVAM","article_modified_time":"2023-02-08T11:26:21+00:00","twitter_card":"summary_large_image","twitter_misc":{"Tiempo de lectura":"2 minutos"},"schema":{"@context":"https:\/\/schema.org","@graph":[{"@type":"WebPage","@id":"https:\/\/ivam.es\/es\/cauce-aural-de-carlos-izquierdo-fuentes-de-ayodar\/","url":"https:\/\/ivam.es\/es\/cauce-aural-de-carlos-izquierdo-fuentes-de-ayodar\/","name":"Cauce Aural, de Carlos Izquierdo (Fuentes de Ay\u00f3dar) - IVAM","isPartOf":{"@id":"https:\/\/ivam.es\/es\/#website"},"datePublished":"2022-02-09T14:58:26+00:00","dateModified":"2023-02-08T11:26:21+00:00","breadcrumb":{"@id":"https:\/\/ivam.es\/es\/cauce-aural-de-carlos-izquierdo-fuentes-de-ayodar\/#breadcrumb"},"inLanguage":"es","potentialAction":[{"@type":"ReadAction","target":["https:\/\/ivam.es\/es\/cauce-aural-de-carlos-izquierdo-fuentes-de-ayodar\/"]}]},{"@type":"BreadcrumbList","@id":"https:\/\/ivam.es\/es\/cauce-aural-de-carlos-izquierdo-fuentes-de-ayodar\/#breadcrumb","itemListElement":[{"@type":"ListItem","position":1,"name":"Home","item":"https:\/\/ivam.es\/es\/"},{"@type":"ListItem","position":2,"name":"Cauce Aural, de Carlos Izquierdo (Fuentes de Ay\u00f3dar)"}]},{"@type":"WebSite","@id":"https:\/\/ivam.es\/es\/#website","url":"https:\/\/ivam.es\/es\/","name":"IVAM","description":"Institut Valenci\u00e0 d&#039;Art Modern","publisher":{"@id":"https:\/\/ivam.es\/es\/#organization"},"potentialAction":[{"@type":"SearchAction","target":{"@type":"EntryPoint","urlTemplate":"https:\/\/ivam.es\/es\/?s={search_term_string}"},"query-input":{"@type":"PropertyValueSpecification","valueRequired":true,"valueName":"search_term_string"}}],"inLanguage":"es"},{"@type":"Organization","@id":"https:\/\/ivam.es\/es\/#organization","name":"IVAM","url":"https:\/\/ivam.es\/es\/","logo":{"@type":"ImageObject","inLanguage":"es","@id":"https:\/\/ivam.es\/es\/#\/schema\/logo\/image\/","url":"https:\/\/ivam.es\/wp-content\/uploads\/logo-ok-512.png","contentUrl":"https:\/\/ivam.es\/wp-content\/uploads\/logo-ok-512.png","width":512,"height":512,"caption":"IVAM"},"image":{"@id":"https:\/\/ivam.es\/es\/#\/schema\/logo\/image\/"}}]}},"_links":{"self":[{"href":"https:\/\/ivam.es\/es\/wp-json\/wp\/v2\/pages\/60001","targetHints":{"allow":["GET"]}}],"collection":[{"href":"https:\/\/ivam.es\/es\/wp-json\/wp\/v2\/pages"}],"about":[{"href":"https:\/\/ivam.es\/es\/wp-json\/wp\/v2\/types\/page"}],"author":[{"embeddable":true,"href":"https:\/\/ivam.es\/es\/wp-json\/wp\/v2\/users\/231"}],"replies":[{"embeddable":true,"href":"https:\/\/ivam.es\/es\/wp-json\/wp\/v2\/comments?post=60001"}],"version-history":[{"count":9,"href":"https:\/\/ivam.es\/es\/wp-json\/wp\/v2\/pages\/60001\/revisions"}],"predecessor-version":[{"id":76359,"href":"https:\/\/ivam.es\/es\/wp-json\/wp\/v2\/pages\/60001\/revisions\/76359"}],"wp:attachment":[{"href":"https:\/\/ivam.es\/es\/wp-json\/wp\/v2\/media?parent=60001"}],"curies":[{"name":"wp","href":"https:\/\/api.w.org\/{rel}","templated":true}]}}