{"id":59983,"date":"2022-02-09T16:49:14","date_gmt":"2022-02-09T14:49:14","guid":{"rendered":"\/?page_id=59983"},"modified":"2022-03-04T13:30:53","modified_gmt":"2022-03-04T11:30:53","slug":"seras-villamalur-fent-estudi-villamalur","status":"publish","type":"page","link":"https:\/\/ivam.es\/es\/seras-villamalur-fent-estudi-villamalur\/","title":{"rendered":"Ser\u00e1s Villamalur, Fent Estudi (Villamalur)"},"content":{"rendered":"<p><strong>CONFLU\u00c8NCIES. Intervenciones art\u00edsticas en los pueblos de la Ruta 99<\/strong><\/p>\n<p>La lectura y escucha de Villamalur y sus habitantes ha formado parte del proceso de creaci\u00f3n de esta pieza. De todo aquello analizado y escuchado, dos han sido los conceptos utilizados como materiales creativos del proyecto.<\/p>\n<p>Por una parte, la infancia entendida como ausencia cotidiana y s\u00edntoma de despoblaci\u00f3n, pero tambi\u00e9n como memoria y presencia deseada en el pueblo. Cuando hablamos con los vecinos y vecinas de Villamalur de sus nietos y nietas, hablamos de su propia infancia, de sus juegos, del privilegio de tener un campo de libertad configurado por calles, casas y verde. Esa infancia que se recuerda, pero que tambi\u00e9n es presente y en la que nos proyectamos y confiamos el futuro.<\/p>\n<p>Por otra parte, la propuesta se vincula a los signos de abandono en el entorno f\u00edsico urbano. Recorrer la parte alta del pueblo es visitar las eras abandonadas como testigos de una actividad econ\u00f3mica desaparecida. Sus plazas rodeadas de pajares, donde se trill\u00f3 y avent\u00f3 el trigo y donde se secaron higos, nos ofrecen una localizaci\u00f3n privilegiada desde la que poder realizar una parada para observar el pueblo y el paisaje.<\/p>\n<p>La intervenci\u00f3n se materializa en un columpio situado dentro de una de las eras de Villamalur. El columpio como elemento simb\u00f3lico que nos remite a la infancia, como p\u00e9ndulo que marca el paso del presente, como dispositivo de memoria o m\u00e1quina del tiempo que utilizan los cuquillos y cuquillas para hablarles a sus hijos, hijas, nietos y nietas de lo que fue, es y ser\u00e1 Villamalur.<\/p>\n<p><strong>Puedes descargar <a href=\"\/wp-content\/uploads\/Ficha-Fent-Estudi-CAS-1.pdf\">aqu\u00ed<\/a><\/strong> la informaci\u00f3n ampliada sobre nuestra intervenci\u00f3n.<\/p>\n<p>Este elemento es una instalaci\u00f3n art\u00edstica en una antigua era abandonada pensada para columpiarse y disfrutar de las vistas. Esta zona no es un \u00e1rea de juego.<br \/>\nEl correcto uso de este elemento por menores de 12 a\u00f1os ser\u00e1 supervisado por una persona adulta.<br \/>\nHay que poner atenci\u00f3n en los desniveles, as\u00ed como respetar la obra y el entorno.<\/p>\n<p><strong>Fent Estudi Coop. V<\/strong>. es una cooperativa valenciana fundada por Eva\u00a0Raga, Isabel Gonz\u00e1lez y Fran Azor\u00edn en 2016. Realizan estudios e intervenciones en el territorio con la participaci\u00f3n activa de la ciudadan\u00eda y el aprovechamiento de los recursos locales, con el objetivo de generar entornos urbanos y arquitect\u00f3nicos m\u00e1s justos e inclusivos.<\/p>\n","protected":false},"excerpt":{"rendered":"<p>CONFLU\u00c8NCIES. Intervenciones art\u00edsticas en los pueblos de la Ruta 99 La lectura y escucha de Villamalur y sus habitantes ha formado parte del proceso de creaci\u00f3n de esta pieza. De todo aquello analizado y escuchado, dos han sido los conceptos utilizados como materiales creativos del proyecto. Por una parte, la infancia entendida como ausencia cotidiana [&hellip;]<\/p>\n","protected":false},"author":231,"featured_media":0,"parent":0,"menu_order":168,"comment_status":"closed","ping_status":"closed","template":"","meta":{"footnotes":""},"class_list":["post-59983","page","type-page","status-publish","hentry"],"yoast_head":"<!-- This site is optimized with the Yoast SEO plugin v26.0 - https:\/\/yoast.com\/wordpress\/plugins\/seo\/ -->\n<title>Ser\u00e1s Villamalur, Fent Estudi (Villamalur) - IVAM<\/title>\n<meta name=\"robots\" content=\"index, follow, max-snippet:-1, max-image-preview:large, max-video-preview:-1\" \/>\n<link rel=\"canonical\" href=\"https:\/\/ivam.es\/es\/seras-villamalur-fent-estudi-villamalur\/\" \/>\n<meta property=\"og:locale\" content=\"es_ES\" \/>\n<meta property=\"og:type\" content=\"article\" \/>\n<meta property=\"og:title\" content=\"Ser\u00e1s Villamalur, Fent Estudi (Villamalur) - IVAM\" \/>\n<meta property=\"og:description\" content=\"CONFLU\u00c8NCIES. Intervenciones art\u00edsticas en los pueblos de la Ruta 99 La lectura y escucha de Villamalur y sus habitantes ha formado parte del proceso de creaci\u00f3n de esta pieza. De todo aquello analizado y escuchado, dos han sido los conceptos utilizados como materiales creativos del proyecto. Por una parte, la infancia entendida como ausencia cotidiana [&hellip;]\" \/>\n<meta property=\"og:url\" content=\"https:\/\/ivam.es\/es\/seras-villamalur-fent-estudi-villamalur\/\" \/>\n<meta property=\"og:site_name\" content=\"IVAM\" \/>\n<meta property=\"article:modified_time\" content=\"2022-03-04T11:30:53+00:00\" \/>\n<meta name=\"twitter:card\" content=\"summary_large_image\" \/>\n<meta name=\"twitter:label1\" content=\"Tiempo de lectura\" \/>\n\t<meta name=\"twitter:data1\" content=\"2 minutos\" \/>\n<script type=\"application\/ld+json\" class=\"yoast-schema-graph\">{\"@context\":\"https:\/\/schema.org\",\"@graph\":[{\"@type\":\"WebPage\",\"@id\":\"https:\/\/ivam.es\/es\/seras-villamalur-fent-estudi-villamalur\/\",\"url\":\"https:\/\/ivam.es\/es\/seras-villamalur-fent-estudi-villamalur\/\",\"name\":\"Ser\u00e1s Villamalur, Fent Estudi (Villamalur) - IVAM\",\"isPartOf\":{\"@id\":\"https:\/\/ivam.es\/es\/#website\"},\"datePublished\":\"2022-02-09T14:49:14+00:00\",\"dateModified\":\"2022-03-04T11:30:53+00:00\",\"breadcrumb\":{\"@id\":\"https:\/\/ivam.es\/es\/seras-villamalur-fent-estudi-villamalur\/#breadcrumb\"},\"inLanguage\":\"es\",\"potentialAction\":[{\"@type\":\"ReadAction\",\"target\":[\"https:\/\/ivam.es\/es\/seras-villamalur-fent-estudi-villamalur\/\"]}]},{\"@type\":\"BreadcrumbList\",\"@id\":\"https:\/\/ivam.es\/es\/seras-villamalur-fent-estudi-villamalur\/#breadcrumb\",\"itemListElement\":[{\"@type\":\"ListItem\",\"position\":1,\"name\":\"Home\",\"item\":\"https:\/\/ivam.es\/es\/\"},{\"@type\":\"ListItem\",\"position\":2,\"name\":\"Ser\u00e1s Villamalur, Fent Estudi (Villamalur)\"}]},{\"@type\":\"WebSite\",\"@id\":\"https:\/\/ivam.es\/es\/#website\",\"url\":\"https:\/\/ivam.es\/es\/\",\"name\":\"IVAM\",\"description\":\"Institut Valenci\u00e0 d&#039;Art Modern\",\"publisher\":{\"@id\":\"https:\/\/ivam.es\/es\/#organization\"},\"potentialAction\":[{\"@type\":\"SearchAction\",\"target\":{\"@type\":\"EntryPoint\",\"urlTemplate\":\"https:\/\/ivam.es\/es\/?s={search_term_string}\"},\"query-input\":{\"@type\":\"PropertyValueSpecification\",\"valueRequired\":true,\"valueName\":\"search_term_string\"}}],\"inLanguage\":\"es\"},{\"@type\":\"Organization\",\"@id\":\"https:\/\/ivam.es\/es\/#organization\",\"name\":\"IVAM\",\"url\":\"https:\/\/ivam.es\/es\/\",\"logo\":{\"@type\":\"ImageObject\",\"inLanguage\":\"es\",\"@id\":\"https:\/\/ivam.es\/es\/#\/schema\/logo\/image\/\",\"url\":\"https:\/\/ivam.es\/wp-content\/uploads\/logo-ok-512.png\",\"contentUrl\":\"https:\/\/ivam.es\/wp-content\/uploads\/logo-ok-512.png\",\"width\":512,\"height\":512,\"caption\":\"IVAM\"},\"image\":{\"@id\":\"https:\/\/ivam.es\/es\/#\/schema\/logo\/image\/\"}}]}<\/script>\n<!-- \/ Yoast SEO plugin. -->","yoast_head_json":{"title":"Ser\u00e1s Villamalur, Fent Estudi (Villamalur) - IVAM","robots":{"index":"index","follow":"follow","max-snippet":"max-snippet:-1","max-image-preview":"max-image-preview:large","max-video-preview":"max-video-preview:-1"},"canonical":"https:\/\/ivam.es\/es\/seras-villamalur-fent-estudi-villamalur\/","og_locale":"es_ES","og_type":"article","og_title":"Ser\u00e1s Villamalur, Fent Estudi (Villamalur) - IVAM","og_description":"CONFLU\u00c8NCIES. Intervenciones art\u00edsticas en los pueblos de la Ruta 99 La lectura y escucha de Villamalur y sus habitantes ha formado parte del proceso de creaci\u00f3n de esta pieza. De todo aquello analizado y escuchado, dos han sido los conceptos utilizados como materiales creativos del proyecto. Por una parte, la infancia entendida como ausencia cotidiana [&hellip;]","og_url":"https:\/\/ivam.es\/es\/seras-villamalur-fent-estudi-villamalur\/","og_site_name":"IVAM","article_modified_time":"2022-03-04T11:30:53+00:00","twitter_card":"summary_large_image","twitter_misc":{"Tiempo de lectura":"2 minutos"},"schema":{"@context":"https:\/\/schema.org","@graph":[{"@type":"WebPage","@id":"https:\/\/ivam.es\/es\/seras-villamalur-fent-estudi-villamalur\/","url":"https:\/\/ivam.es\/es\/seras-villamalur-fent-estudi-villamalur\/","name":"Ser\u00e1s Villamalur, Fent Estudi (Villamalur) - IVAM","isPartOf":{"@id":"https:\/\/ivam.es\/es\/#website"},"datePublished":"2022-02-09T14:49:14+00:00","dateModified":"2022-03-04T11:30:53+00:00","breadcrumb":{"@id":"https:\/\/ivam.es\/es\/seras-villamalur-fent-estudi-villamalur\/#breadcrumb"},"inLanguage":"es","potentialAction":[{"@type":"ReadAction","target":["https:\/\/ivam.es\/es\/seras-villamalur-fent-estudi-villamalur\/"]}]},{"@type":"BreadcrumbList","@id":"https:\/\/ivam.es\/es\/seras-villamalur-fent-estudi-villamalur\/#breadcrumb","itemListElement":[{"@type":"ListItem","position":1,"name":"Home","item":"https:\/\/ivam.es\/es\/"},{"@type":"ListItem","position":2,"name":"Ser\u00e1s Villamalur, Fent Estudi (Villamalur)"}]},{"@type":"WebSite","@id":"https:\/\/ivam.es\/es\/#website","url":"https:\/\/ivam.es\/es\/","name":"IVAM","description":"Institut Valenci\u00e0 d&#039;Art Modern","publisher":{"@id":"https:\/\/ivam.es\/es\/#organization"},"potentialAction":[{"@type":"SearchAction","target":{"@type":"EntryPoint","urlTemplate":"https:\/\/ivam.es\/es\/?s={search_term_string}"},"query-input":{"@type":"PropertyValueSpecification","valueRequired":true,"valueName":"search_term_string"}}],"inLanguage":"es"},{"@type":"Organization","@id":"https:\/\/ivam.es\/es\/#organization","name":"IVAM","url":"https:\/\/ivam.es\/es\/","logo":{"@type":"ImageObject","inLanguage":"es","@id":"https:\/\/ivam.es\/es\/#\/schema\/logo\/image\/","url":"https:\/\/ivam.es\/wp-content\/uploads\/logo-ok-512.png","contentUrl":"https:\/\/ivam.es\/wp-content\/uploads\/logo-ok-512.png","width":512,"height":512,"caption":"IVAM"},"image":{"@id":"https:\/\/ivam.es\/es\/#\/schema\/logo\/image\/"}}]}},"_links":{"self":[{"href":"https:\/\/ivam.es\/es\/wp-json\/wp\/v2\/pages\/59983","targetHints":{"allow":["GET"]}}],"collection":[{"href":"https:\/\/ivam.es\/es\/wp-json\/wp\/v2\/pages"}],"about":[{"href":"https:\/\/ivam.es\/es\/wp-json\/wp\/v2\/types\/page"}],"author":[{"embeddable":true,"href":"https:\/\/ivam.es\/es\/wp-json\/wp\/v2\/users\/231"}],"replies":[{"embeddable":true,"href":"https:\/\/ivam.es\/es\/wp-json\/wp\/v2\/comments?post=59983"}],"version-history":[{"count":9,"href":"https:\/\/ivam.es\/es\/wp-json\/wp\/v2\/pages\/59983\/revisions"}],"predecessor-version":[{"id":60864,"href":"https:\/\/ivam.es\/es\/wp-json\/wp\/v2\/pages\/59983\/revisions\/60864"}],"wp:attachment":[{"href":"https:\/\/ivam.es\/es\/wp-json\/wp\/v2\/media?parent=59983"}],"curies":[{"name":"wp","href":"https:\/\/api.w.org\/{rel}","templated":true}]}}