{"id":59963,"date":"2022-02-09T16:33:26","date_gmt":"2022-02-09T14:33:26","guid":{"rendered":"\/?page_id=59963"},"modified":"2022-03-04T13:11:54","modified_gmt":"2022-03-04T11:11:54","slug":"un-tesoro-sandra-mar-torrechiva","status":"publish","type":"page","link":"https:\/\/ivam.es\/es\/un-tesoro-sandra-mar-torrechiva\/","title":{"rendered":"Un tesoro, Sandra Mar (Torrechiva)"},"content":{"rendered":"<p><strong>CONFLU\u00c8NCIES. Intervenciones art\u00edsticas en los pueblos de la Ruta 99<\/strong><\/p>\n<p>Entre la calle Baja y la calle de la Iglesia, en la calle San Antonio, se ensamblan con argamasa piedras de diferentes tama\u00f1os. M\u00e1s o menos del tama\u00f1o de una mano abierta o de una mano sobre otra, abiertas las dos. O pedacitos de ella, constituyendo la torre. Una torre es fundamentalmente una forma arquitect\u00f3nica de vigilancia. En el tarot se asocia al caos, la cat\u00e1strofe, la ruina. Tambi\u00e9n al crecimiento, a la evoluci\u00f3n. En un camino sin nombre que sale de la calle Moreral, justo detr\u00e1s del ayuntamiento, al lado de estructuras para ejercitar el cuerpo y bancos para relajarlo, una nueva torre sobre una peana de piedras. Siete filas de ladrillos. Un emblema del lugar. Una reproducci\u00f3n es una copia de un original. Despu\u00e9s del verano quedan solo dos hileras de barro sobre el bloque de rocas de la torre reproducida. Un Donald Judd algo m\u00e1s r\u00fastico de lo habitual. Han sido los chavales, dec\u00edan en el pueblo. Que vienen al pueblo y lo destrozan. Pensaban que hab\u00eda un tesoro dentro. La destrucci\u00f3n no fue arbitraria o gratuita. Un tesoro es una concentraci\u00f3n de riqueza perdida o sin usar. Este proyecto parte de este \u00faltimo concepto. Planteamos as\u00ed tres intervenciones que se fundamentan en la idea de introducir en el pueblo una serie de tesoros a descubrir:<\/p>\n<p style=\"padding-left: 40px;\"><em>Calle de la Iglesia, 5 (casa de Delfina), Un tesoro, Me dices esas cosas y yo en este p\u00e1ramo<\/em><\/p>\n<p><strong>Descarga <a href=\"\/wp-content\/uploads\/Ficha-Sandra-Mar-CAS-1.pdf\">aqu\u00ed<\/a><\/strong> la informaci\u00f3n sobre las piezas y sus procesos.<\/p>\n<p><strong>Sandra Mar<\/strong> (Valencia, 1995) estudi\u00f3 Bellas Artes y el M\u00e1ster de Producci\u00f3n Art\u00edstica en la Universitat Polit\u00e8cnica de Val\u00e8ncia, donde se especializ\u00f3 en cer\u00e1mica. Entendiendo el barro como un lienzo, este material se acab\u00f3 convirtiendo en un soporte para sus dibujos y escritos.<\/p>\n","protected":false},"excerpt":{"rendered":"<p>CONFLU\u00c8NCIES. Intervenciones art\u00edsticas en los pueblos de la Ruta 99 Entre la calle Baja y la calle de la Iglesia, en la calle San Antonio, se ensamblan con argamasa piedras de diferentes tama\u00f1os. M\u00e1s o menos del tama\u00f1o de una mano abierta o de una mano sobre otra, abiertas las dos. O pedacitos de ella, [&hellip;]<\/p>\n","protected":false},"author":231,"featured_media":0,"parent":0,"menu_order":170,"comment_status":"closed","ping_status":"closed","template":"","meta":{"footnotes":""},"class_list":["post-59963","page","type-page","status-publish","hentry"],"yoast_head":"<!-- This site is optimized with the Yoast SEO plugin v26.0 - https:\/\/yoast.com\/wordpress\/plugins\/seo\/ -->\n<title>Un tesoro, Sandra Mar (Torrechiva) - IVAM<\/title>\n<meta name=\"robots\" content=\"index, follow, max-snippet:-1, max-image-preview:large, max-video-preview:-1\" \/>\n<link rel=\"canonical\" href=\"https:\/\/ivam.es\/es\/un-tesoro-sandra-mar-torrechiva\/\" \/>\n<meta property=\"og:locale\" content=\"es_ES\" \/>\n<meta property=\"og:type\" content=\"article\" \/>\n<meta property=\"og:title\" content=\"Un tesoro, Sandra Mar (Torrechiva) - IVAM\" \/>\n<meta property=\"og:description\" content=\"CONFLU\u00c8NCIES. Intervenciones art\u00edsticas en los pueblos de la Ruta 99 Entre la calle Baja y la calle de la Iglesia, en la calle San Antonio, se ensamblan con argamasa piedras de diferentes tama\u00f1os. M\u00e1s o menos del tama\u00f1o de una mano abierta o de una mano sobre otra, abiertas las dos. O pedacitos de ella, [&hellip;]\" \/>\n<meta property=\"og:url\" content=\"https:\/\/ivam.es\/es\/un-tesoro-sandra-mar-torrechiva\/\" \/>\n<meta property=\"og:site_name\" content=\"IVAM\" \/>\n<meta property=\"article:modified_time\" content=\"2022-03-04T11:11:54+00:00\" \/>\n<meta name=\"twitter:card\" content=\"summary_large_image\" \/>\n<meta name=\"twitter:label1\" content=\"Tiempo de lectura\" \/>\n\t<meta name=\"twitter:data1\" content=\"2 minutos\" \/>\n<script type=\"application\/ld+json\" class=\"yoast-schema-graph\">{\"@context\":\"https:\/\/schema.org\",\"@graph\":[{\"@type\":\"WebPage\",\"@id\":\"https:\/\/ivam.es\/es\/un-tesoro-sandra-mar-torrechiva\/\",\"url\":\"https:\/\/ivam.es\/es\/un-tesoro-sandra-mar-torrechiva\/\",\"name\":\"Un tesoro, Sandra Mar (Torrechiva) - IVAM\",\"isPartOf\":{\"@id\":\"https:\/\/ivam.es\/es\/#website\"},\"datePublished\":\"2022-02-09T14:33:26+00:00\",\"dateModified\":\"2022-03-04T11:11:54+00:00\",\"breadcrumb\":{\"@id\":\"https:\/\/ivam.es\/es\/un-tesoro-sandra-mar-torrechiva\/#breadcrumb\"},\"inLanguage\":\"es\",\"potentialAction\":[{\"@type\":\"ReadAction\",\"target\":[\"https:\/\/ivam.es\/es\/un-tesoro-sandra-mar-torrechiva\/\"]}]},{\"@type\":\"BreadcrumbList\",\"@id\":\"https:\/\/ivam.es\/es\/un-tesoro-sandra-mar-torrechiva\/#breadcrumb\",\"itemListElement\":[{\"@type\":\"ListItem\",\"position\":1,\"name\":\"Home\",\"item\":\"https:\/\/ivam.es\/es\/\"},{\"@type\":\"ListItem\",\"position\":2,\"name\":\"Un tesoro, Sandra Mar (Torrechiva)\"}]},{\"@type\":\"WebSite\",\"@id\":\"https:\/\/ivam.es\/es\/#website\",\"url\":\"https:\/\/ivam.es\/es\/\",\"name\":\"IVAM\",\"description\":\"Institut Valenci\u00e0 d&#039;Art Modern\",\"publisher\":{\"@id\":\"https:\/\/ivam.es\/es\/#organization\"},\"potentialAction\":[{\"@type\":\"SearchAction\",\"target\":{\"@type\":\"EntryPoint\",\"urlTemplate\":\"https:\/\/ivam.es\/es\/?s={search_term_string}\"},\"query-input\":{\"@type\":\"PropertyValueSpecification\",\"valueRequired\":true,\"valueName\":\"search_term_string\"}}],\"inLanguage\":\"es\"},{\"@type\":\"Organization\",\"@id\":\"https:\/\/ivam.es\/es\/#organization\",\"name\":\"IVAM\",\"url\":\"https:\/\/ivam.es\/es\/\",\"logo\":{\"@type\":\"ImageObject\",\"inLanguage\":\"es\",\"@id\":\"https:\/\/ivam.es\/es\/#\/schema\/logo\/image\/\",\"url\":\"https:\/\/ivam.es\/wp-content\/uploads\/logo-ok-512.png\",\"contentUrl\":\"https:\/\/ivam.es\/wp-content\/uploads\/logo-ok-512.png\",\"width\":512,\"height\":512,\"caption\":\"IVAM\"},\"image\":{\"@id\":\"https:\/\/ivam.es\/es\/#\/schema\/logo\/image\/\"}}]}<\/script>\n<!-- \/ Yoast SEO plugin. -->","yoast_head_json":{"title":"Un tesoro, Sandra Mar (Torrechiva) - IVAM","robots":{"index":"index","follow":"follow","max-snippet":"max-snippet:-1","max-image-preview":"max-image-preview:large","max-video-preview":"max-video-preview:-1"},"canonical":"https:\/\/ivam.es\/es\/un-tesoro-sandra-mar-torrechiva\/","og_locale":"es_ES","og_type":"article","og_title":"Un tesoro, Sandra Mar (Torrechiva) - IVAM","og_description":"CONFLU\u00c8NCIES. Intervenciones art\u00edsticas en los pueblos de la Ruta 99 Entre la calle Baja y la calle de la Iglesia, en la calle San Antonio, se ensamblan con argamasa piedras de diferentes tama\u00f1os. M\u00e1s o menos del tama\u00f1o de una mano abierta o de una mano sobre otra, abiertas las dos. O pedacitos de ella, [&hellip;]","og_url":"https:\/\/ivam.es\/es\/un-tesoro-sandra-mar-torrechiva\/","og_site_name":"IVAM","article_modified_time":"2022-03-04T11:11:54+00:00","twitter_card":"summary_large_image","twitter_misc":{"Tiempo de lectura":"2 minutos"},"schema":{"@context":"https:\/\/schema.org","@graph":[{"@type":"WebPage","@id":"https:\/\/ivam.es\/es\/un-tesoro-sandra-mar-torrechiva\/","url":"https:\/\/ivam.es\/es\/un-tesoro-sandra-mar-torrechiva\/","name":"Un tesoro, Sandra Mar (Torrechiva) - IVAM","isPartOf":{"@id":"https:\/\/ivam.es\/es\/#website"},"datePublished":"2022-02-09T14:33:26+00:00","dateModified":"2022-03-04T11:11:54+00:00","breadcrumb":{"@id":"https:\/\/ivam.es\/es\/un-tesoro-sandra-mar-torrechiva\/#breadcrumb"},"inLanguage":"es","potentialAction":[{"@type":"ReadAction","target":["https:\/\/ivam.es\/es\/un-tesoro-sandra-mar-torrechiva\/"]}]},{"@type":"BreadcrumbList","@id":"https:\/\/ivam.es\/es\/un-tesoro-sandra-mar-torrechiva\/#breadcrumb","itemListElement":[{"@type":"ListItem","position":1,"name":"Home","item":"https:\/\/ivam.es\/es\/"},{"@type":"ListItem","position":2,"name":"Un tesoro, Sandra Mar (Torrechiva)"}]},{"@type":"WebSite","@id":"https:\/\/ivam.es\/es\/#website","url":"https:\/\/ivam.es\/es\/","name":"IVAM","description":"Institut Valenci\u00e0 d&#039;Art Modern","publisher":{"@id":"https:\/\/ivam.es\/es\/#organization"},"potentialAction":[{"@type":"SearchAction","target":{"@type":"EntryPoint","urlTemplate":"https:\/\/ivam.es\/es\/?s={search_term_string}"},"query-input":{"@type":"PropertyValueSpecification","valueRequired":true,"valueName":"search_term_string"}}],"inLanguage":"es"},{"@type":"Organization","@id":"https:\/\/ivam.es\/es\/#organization","name":"IVAM","url":"https:\/\/ivam.es\/es\/","logo":{"@type":"ImageObject","inLanguage":"es","@id":"https:\/\/ivam.es\/es\/#\/schema\/logo\/image\/","url":"https:\/\/ivam.es\/wp-content\/uploads\/logo-ok-512.png","contentUrl":"https:\/\/ivam.es\/wp-content\/uploads\/logo-ok-512.png","width":512,"height":512,"caption":"IVAM"},"image":{"@id":"https:\/\/ivam.es\/es\/#\/schema\/logo\/image\/"}}]}},"_links":{"self":[{"href":"https:\/\/ivam.es\/es\/wp-json\/wp\/v2\/pages\/59963","targetHints":{"allow":["GET"]}}],"collection":[{"href":"https:\/\/ivam.es\/es\/wp-json\/wp\/v2\/pages"}],"about":[{"href":"https:\/\/ivam.es\/es\/wp-json\/wp\/v2\/types\/page"}],"author":[{"embeddable":true,"href":"https:\/\/ivam.es\/es\/wp-json\/wp\/v2\/users\/231"}],"replies":[{"embeddable":true,"href":"https:\/\/ivam.es\/es\/wp-json\/wp\/v2\/comments?post=59963"}],"version-history":[{"count":7,"href":"https:\/\/ivam.es\/es\/wp-json\/wp\/v2\/pages\/59963\/revisions"}],"predecessor-version":[{"id":60856,"href":"https:\/\/ivam.es\/es\/wp-json\/wp\/v2\/pages\/59963\/revisions\/60856"}],"wp:attachment":[{"href":"https:\/\/ivam.es\/es\/wp-json\/wp\/v2\/media?parent=59963"}],"curies":[{"name":"wp","href":"https:\/\/api.w.org\/{rel}","templated":true}]}}