{"id":59953,"date":"2022-02-09T16:22:16","date_gmt":"2022-02-09T14:22:16","guid":{"rendered":"\/?page_id=59953"},"modified":"2022-03-04T13:13:48","modified_gmt":"2022-03-04T11:13:48","slug":"tres-arbres-i-tretze-fruites-laura-palau-vallat","status":"publish","type":"page","link":"https:\/\/ivam.es\/es\/tres-arbres-i-tretze-fruites-laura-palau-vallat\/","title":{"rendered":"Tres arbres i tretze fruites, Laura Palau\u00a0(Vallat)"},"content":{"rendered":"<p><strong>CONFLU\u00c8NCIES. Intervenciones art\u00edsticas en los pueblos de la Ruta 99<\/strong><\/p>\n<p>De la mano de los agricultores del pueblo comandados por las mujeres, que son las que hacen casa, fuimos a buscar aquellos \u00e1rboles locales de resiliencia que se hab\u00edan ido perdiendo. Siguiendo el trabajo de Connecta Natura para preservar estas ra\u00edces, nos ponemos a recolectar varillas de <em>perelloter<\/em>, de <em>pera agra<\/em> y de la <em>pera cristal\u00b7lina<\/em>, de la <em>poma roja<\/em> y de la de <em>morro de llebre<\/em>, de la <em>bresquilla xurreta<\/em> y de la de <em>molla blanca<\/em>\u2026 Con el objetivo de construir un reservorio vivo en el pueblo, al alcance de los vecinos y curiosos.<\/p>\n<p>Utilizando la t\u00e9cnica del injerto introducimos esquejes de variedades aut\u00f3ctonas, que con sentido de supervivencia se aferran al patron. El injerto nos permite introducir el pasado en el presente, revivi\u00e9ndolo y proyect\u00e1ndolo al futuro. Injerto de escudete, injerto de chip, de chapa, de p\u00faa\u2026 Tres \u00e1rboles y trece variedades frutales que de una misma rama y dejando pasar el tiempo, saldr\u00e1n almendras, melocotones y albaricoques. A la izquierda del melocotonero y centrado en medio del bancal podr\u00e1s recolectar limones, mandarinas, naranjas y pomelos, para aquellos que disfrutan de lo amargo. Y cuando venga el fr\u00edo el membrillero nos traer\u00e1 manzanas y peras para pasar el invierno.<\/p>\n<p><strong>Puedes descargar <a href=\"\/wp-content\/uploads\/Ficha-Laura-Palau-CAS-1.pdf\">aqu\u00ed<\/a><\/strong> toda la informaci\u00f3n de mi intervenci\u00f3n.<\/p>\n<p><strong>Laura Palau<\/strong> (Benlloc, 1993) hace uso de la fotograf\u00eda, la performance y el juego para remediar los h\u00e1bitos y pr\u00e1cticas que nos oprimen en el espacio p\u00fablico. Criada en los valores de la agricultura y la ecolog\u00eda, trabaja ayud\u00e1ndose de esta l\u00f3gica, la del campo, para separar lo superficial de lo \u00fatil, cultivar la paciencia y situar el norte. Planteando una pr\u00e1ctica sutil que se\u00a0integra como un incidente m\u00e1s en la constelaci\u00f3n de im\u00e1genes que nos envuelven.<\/p>\n","protected":false},"excerpt":{"rendered":"<p>CONFLU\u00c8NCIES. Intervenciones art\u00edsticas en los pueblos de la Ruta 99 De la mano de los agricultores del pueblo comandados por las mujeres, que son las que hacen casa, fuimos a buscar aquellos \u00e1rboles locales de resiliencia que se hab\u00edan ido perdiendo. Siguiendo el trabajo de Connecta Natura para preservar estas ra\u00edces, nos ponemos a recolectar [&hellip;]<\/p>\n","protected":false},"author":231,"featured_media":0,"parent":0,"menu_order":172,"comment_status":"closed","ping_status":"closed","template":"","meta":{"footnotes":""},"class_list":["post-59953","page","type-page","status-publish","hentry"],"yoast_head":"<!-- This site is optimized with the Yoast SEO plugin v26.0 - https:\/\/yoast.com\/wordpress\/plugins\/seo\/ -->\n<title>Tres arbres i tretze fruites, Laura Palau\u00a0(Vallat) - IVAM<\/title>\n<meta name=\"robots\" content=\"index, follow, max-snippet:-1, max-image-preview:large, max-video-preview:-1\" \/>\n<link rel=\"canonical\" href=\"https:\/\/ivam.es\/es\/tres-arbres-i-tretze-fruites-laura-palau-vallat\/\" \/>\n<meta property=\"og:locale\" content=\"es_ES\" \/>\n<meta property=\"og:type\" content=\"article\" \/>\n<meta property=\"og:title\" content=\"Tres arbres i tretze fruites, Laura Palau\u00a0(Vallat) - IVAM\" \/>\n<meta property=\"og:description\" content=\"CONFLU\u00c8NCIES. Intervenciones art\u00edsticas en los pueblos de la Ruta 99 De la mano de los agricultores del pueblo comandados por las mujeres, que son las que hacen casa, fuimos a buscar aquellos \u00e1rboles locales de resiliencia que se hab\u00edan ido perdiendo. Siguiendo el trabajo de Connecta Natura para preservar estas ra\u00edces, nos ponemos a recolectar [&hellip;]\" \/>\n<meta property=\"og:url\" content=\"https:\/\/ivam.es\/es\/tres-arbres-i-tretze-fruites-laura-palau-vallat\/\" \/>\n<meta property=\"og:site_name\" content=\"IVAM\" \/>\n<meta property=\"article:modified_time\" content=\"2022-03-04T11:13:48+00:00\" \/>\n<meta name=\"twitter:card\" content=\"summary_large_image\" \/>\n<meta name=\"twitter:label1\" content=\"Tiempo de lectura\" \/>\n\t<meta name=\"twitter:data1\" content=\"2 minutos\" \/>\n<script type=\"application\/ld+json\" class=\"yoast-schema-graph\">{\"@context\":\"https:\/\/schema.org\",\"@graph\":[{\"@type\":\"WebPage\",\"@id\":\"https:\/\/ivam.es\/es\/tres-arbres-i-tretze-fruites-laura-palau-vallat\/\",\"url\":\"https:\/\/ivam.es\/es\/tres-arbres-i-tretze-fruites-laura-palau-vallat\/\",\"name\":\"Tres arbres i tretze fruites, Laura Palau\u00a0(Vallat) - IVAM\",\"isPartOf\":{\"@id\":\"https:\/\/ivam.es\/es\/#website\"},\"datePublished\":\"2022-02-09T14:22:16+00:00\",\"dateModified\":\"2022-03-04T11:13:48+00:00\",\"breadcrumb\":{\"@id\":\"https:\/\/ivam.es\/es\/tres-arbres-i-tretze-fruites-laura-palau-vallat\/#breadcrumb\"},\"inLanguage\":\"es\",\"potentialAction\":[{\"@type\":\"ReadAction\",\"target\":[\"https:\/\/ivam.es\/es\/tres-arbres-i-tretze-fruites-laura-palau-vallat\/\"]}]},{\"@type\":\"BreadcrumbList\",\"@id\":\"https:\/\/ivam.es\/es\/tres-arbres-i-tretze-fruites-laura-palau-vallat\/#breadcrumb\",\"itemListElement\":[{\"@type\":\"ListItem\",\"position\":1,\"name\":\"Home\",\"item\":\"https:\/\/ivam.es\/es\/\"},{\"@type\":\"ListItem\",\"position\":2,\"name\":\"Tres arbres i tretze fruites, Laura Palau\u00a0(Vallat)\"}]},{\"@type\":\"WebSite\",\"@id\":\"https:\/\/ivam.es\/es\/#website\",\"url\":\"https:\/\/ivam.es\/es\/\",\"name\":\"IVAM\",\"description\":\"Institut Valenci\u00e0 d&#039;Art Modern\",\"publisher\":{\"@id\":\"https:\/\/ivam.es\/es\/#organization\"},\"potentialAction\":[{\"@type\":\"SearchAction\",\"target\":{\"@type\":\"EntryPoint\",\"urlTemplate\":\"https:\/\/ivam.es\/es\/?s={search_term_string}\"},\"query-input\":{\"@type\":\"PropertyValueSpecification\",\"valueRequired\":true,\"valueName\":\"search_term_string\"}}],\"inLanguage\":\"es\"},{\"@type\":\"Organization\",\"@id\":\"https:\/\/ivam.es\/es\/#organization\",\"name\":\"IVAM\",\"url\":\"https:\/\/ivam.es\/es\/\",\"logo\":{\"@type\":\"ImageObject\",\"inLanguage\":\"es\",\"@id\":\"https:\/\/ivam.es\/es\/#\/schema\/logo\/image\/\",\"url\":\"https:\/\/ivam.es\/wp-content\/uploads\/logo-ok-512.png\",\"contentUrl\":\"https:\/\/ivam.es\/wp-content\/uploads\/logo-ok-512.png\",\"width\":512,\"height\":512,\"caption\":\"IVAM\"},\"image\":{\"@id\":\"https:\/\/ivam.es\/es\/#\/schema\/logo\/image\/\"}}]}<\/script>\n<!-- \/ Yoast SEO plugin. -->","yoast_head_json":{"title":"Tres arbres i tretze fruites, Laura Palau\u00a0(Vallat) - IVAM","robots":{"index":"index","follow":"follow","max-snippet":"max-snippet:-1","max-image-preview":"max-image-preview:large","max-video-preview":"max-video-preview:-1"},"canonical":"https:\/\/ivam.es\/es\/tres-arbres-i-tretze-fruites-laura-palau-vallat\/","og_locale":"es_ES","og_type":"article","og_title":"Tres arbres i tretze fruites, Laura Palau\u00a0(Vallat) - IVAM","og_description":"CONFLU\u00c8NCIES. Intervenciones art\u00edsticas en los pueblos de la Ruta 99 De la mano de los agricultores del pueblo comandados por las mujeres, que son las que hacen casa, fuimos a buscar aquellos \u00e1rboles locales de resiliencia que se hab\u00edan ido perdiendo. Siguiendo el trabajo de Connecta Natura para preservar estas ra\u00edces, nos ponemos a recolectar [&hellip;]","og_url":"https:\/\/ivam.es\/es\/tres-arbres-i-tretze-fruites-laura-palau-vallat\/","og_site_name":"IVAM","article_modified_time":"2022-03-04T11:13:48+00:00","twitter_card":"summary_large_image","twitter_misc":{"Tiempo de lectura":"2 minutos"},"schema":{"@context":"https:\/\/schema.org","@graph":[{"@type":"WebPage","@id":"https:\/\/ivam.es\/es\/tres-arbres-i-tretze-fruites-laura-palau-vallat\/","url":"https:\/\/ivam.es\/es\/tres-arbres-i-tretze-fruites-laura-palau-vallat\/","name":"Tres arbres i tretze fruites, Laura Palau\u00a0(Vallat) - IVAM","isPartOf":{"@id":"https:\/\/ivam.es\/es\/#website"},"datePublished":"2022-02-09T14:22:16+00:00","dateModified":"2022-03-04T11:13:48+00:00","breadcrumb":{"@id":"https:\/\/ivam.es\/es\/tres-arbres-i-tretze-fruites-laura-palau-vallat\/#breadcrumb"},"inLanguage":"es","potentialAction":[{"@type":"ReadAction","target":["https:\/\/ivam.es\/es\/tres-arbres-i-tretze-fruites-laura-palau-vallat\/"]}]},{"@type":"BreadcrumbList","@id":"https:\/\/ivam.es\/es\/tres-arbres-i-tretze-fruites-laura-palau-vallat\/#breadcrumb","itemListElement":[{"@type":"ListItem","position":1,"name":"Home","item":"https:\/\/ivam.es\/es\/"},{"@type":"ListItem","position":2,"name":"Tres arbres i tretze fruites, Laura Palau\u00a0(Vallat)"}]},{"@type":"WebSite","@id":"https:\/\/ivam.es\/es\/#website","url":"https:\/\/ivam.es\/es\/","name":"IVAM","description":"Institut Valenci\u00e0 d&#039;Art Modern","publisher":{"@id":"https:\/\/ivam.es\/es\/#organization"},"potentialAction":[{"@type":"SearchAction","target":{"@type":"EntryPoint","urlTemplate":"https:\/\/ivam.es\/es\/?s={search_term_string}"},"query-input":{"@type":"PropertyValueSpecification","valueRequired":true,"valueName":"search_term_string"}}],"inLanguage":"es"},{"@type":"Organization","@id":"https:\/\/ivam.es\/es\/#organization","name":"IVAM","url":"https:\/\/ivam.es\/es\/","logo":{"@type":"ImageObject","inLanguage":"es","@id":"https:\/\/ivam.es\/es\/#\/schema\/logo\/image\/","url":"https:\/\/ivam.es\/wp-content\/uploads\/logo-ok-512.png","contentUrl":"https:\/\/ivam.es\/wp-content\/uploads\/logo-ok-512.png","width":512,"height":512,"caption":"IVAM"},"image":{"@id":"https:\/\/ivam.es\/es\/#\/schema\/logo\/image\/"}}]}},"_links":{"self":[{"href":"https:\/\/ivam.es\/es\/wp-json\/wp\/v2\/pages\/59953","targetHints":{"allow":["GET"]}}],"collection":[{"href":"https:\/\/ivam.es\/es\/wp-json\/wp\/v2\/pages"}],"about":[{"href":"https:\/\/ivam.es\/es\/wp-json\/wp\/v2\/types\/page"}],"author":[{"embeddable":true,"href":"https:\/\/ivam.es\/es\/wp-json\/wp\/v2\/users\/231"}],"replies":[{"embeddable":true,"href":"https:\/\/ivam.es\/es\/wp-json\/wp\/v2\/comments?post=59953"}],"version-history":[{"count":9,"href":"https:\/\/ivam.es\/es\/wp-json\/wp\/v2\/pages\/59953\/revisions"}],"predecessor-version":[{"id":60859,"href":"https:\/\/ivam.es\/es\/wp-json\/wp\/v2\/pages\/59953\/revisions\/60859"}],"wp:attachment":[{"href":"https:\/\/ivam.es\/es\/wp-json\/wp\/v2\/media?parent=59953"}],"curies":[{"name":"wp","href":"https:\/\/api.w.org\/{rel}","templated":true}]}}