{"id":53542,"date":"2021-04-22T19:25:01","date_gmt":"2021-04-22T17:25:01","guid":{"rendered":"\/?page_id=53542"},"modified":"2021-09-14T09:01:47","modified_gmt":"2021-09-14T07:01:47","slug":"livam-al-territori-2","status":"publish","type":"page","link":"https:\/\/ivam.es\/es\/livam-al-territori-2\/","title":{"rendered":"L&#8217;IVAM al Territori 2"},"content":{"rendered":"\n<figure class=\"wp-block-image alignwide size-large\"><img loading=\"lazy\" decoding=\"async\" width=\"1024\" height=\"342\" src=\"\/wp-content\/uploads\/page\/livam-al-territori-2\/03-1024x342.jpg\" alt=\"\" class=\"wp-image-53544\" srcset=\"https:\/\/ivam.es\/wp-content\/uploads\/page\/livam-al-territori-2\/03-1024x342.jpg 1024w, https:\/\/ivam.es\/wp-content\/uploads\/page\/livam-al-territori-2\/03-300x100.jpg 300w, https:\/\/ivam.es\/wp-content\/uploads\/page\/livam-al-territori-2\/03-768x256.jpg 768w, https:\/\/ivam.es\/wp-content\/uploads\/page\/livam-al-territori-2\/03-280x93.jpg 280w, https:\/\/ivam.es\/wp-content\/uploads\/page\/livam-al-territori-2\/03-467x156.jpg 467w, https:\/\/ivam.es\/wp-content\/uploads\/page\/livam-al-territori-2\/03-231x77.jpg 231w, https:\/\/ivam.es\/wp-content\/uploads\/page\/livam-al-territori-2\/03-500x167.jpg 500w, https:\/\/ivam.es\/wp-content\/uploads\/page\/livam-al-territori-2\/03.jpg 1171w\" sizes=\"auto, (max-width: 1024px) 100vw, 1024px\" \/><\/figure>\n\n\n\n<div class=\"wp-block-columns alignwide are-vertically-aligned-center edu-archive-links is-layout-flex wp-container-core-columns-is-layout-9d6595d7 wp-block-columns-is-layout-flex\">\n<div class=\"wp-block-column is-vertically-aligned-center is-layout-flow wp-block-column-is-layout-flow\"><\/div>\n\n\n\n<div class=\"wp-block-column is-vertically-aligned-center is-layout-flow wp-block-column-is-layout-flow\">\n<p class=\"has-text-align-center\" style=\"font-size:17px\"><a href=\"#queesivam\" data-type=\"internal\" data-id=\"#queesivam\">Qu\u00e9 es<\/a><\/p>\n<\/div>\n\n\n\n<div class=\"wp-block-column is-vertically-aligned-center is-layout-flow wp-block-column-is-layout-flow\">\n<p class=\"has-text-align-center\" style=\"font-size:17px\"><a href=\"#proyectos\" data-type=\"internal\" data-id=\"#proyectos\">Proyectos<\/a><\/p>\n<\/div>\n\n\n\n<div class=\"wp-block-column is-vertically-aligned-center is-layout-flow wp-block-column-is-layout-flow\"><\/div>\n<\/div>\n\n\n\n<div style=\"height:40px\" aria-hidden=\"true\" id=\"queesivam\" class=\"wp-block-spacer\"><\/div>\n\n\n\n<p><strong>\u00bfQu\u00e9 es L&#8217;IVAM al Territori?<\/strong><\/p>\n\n\n\n<p><em>L\u2019IVAM al territori<\/em>&nbsp;es la l\u00ednea de acci\u00f3n del IVAM con el territorio valenciano dise\u00f1ada espec\u00edficamente para&nbsp;<strong>dialogar con centros educativos ubicados en cualquiera de las tres provincias de la Comunitat Valenciana. Esta l\u00ednea de acci\u00f3n, hoy en d\u00eda, la componen dos proyectos espec\u00edficos: uno destinado&nbsp;a colegios rurales agrupados (<\/strong><em>El runr\u00fan ser\u00e1 memorable<\/em><strong>) y otro a centros singulares (<\/strong>A prop.<em> Encuentros de arte y acompa\u00f1amiento para una escuela en transformaci\u00f3n<\/em><strong>).<\/strong><\/p>\n\n\n\n<p>Esta experiencia piloto, que iniciamos el curso 2020-2021, implica, en ambos casos, un trabajo previo de inmersi\u00f3n en el contexto educativo, estableciendo ricos y diversos nexos comunicativos entre los centros participantes y el IVAM, as\u00ed como entre el alumnado y los vecinos y vecinas de la localidad y el barrio en que se enmarcan.<\/p>\n\n\n\n<p>Por un lado,&nbsp;<em>El runr\u00fan ser\u00e1 memorable&nbsp;<\/em>pretende activar un proceso pedag\u00f3gico cr\u00edtico para facilitar el conocimiento y una aproximaci\u00f3n al IVAM, en cuanto que museo de arte contempor\u00e1neo, a partir de la tensi\u00f3n entre la idea de un lugar para la conservaci\u00f3n de obras de arte (para la memoria) y un lugar de construcci\u00f3n social (de activaci\u00f3n del conocimiento para releer la actualidad). Una tensi\u00f3n sobre la importancia que hay entre los \u201cgrandes relatos\u201d, que contienen las obras que conserva el museo, y las \u201cpeque\u00f1as historias\u201d, que conforman las vidas de nuestro entorno cotidiano en contextos aparentemente alejados de la centralidad cultural.<\/p>\n\n\n\n<p>Por otro lado<em>, <\/em>A prop.<em> Encuentros de arte y acompa\u00f1amiento para una escuela en transformaci\u00f3n<\/em>&nbsp;despliega una experiencia art\u00edstica procesual dentro de centros singulares ubicados en barrios inclusivos. Desde metodolog\u00edas y tiempos individualizados, en la l\u00ednea de la&nbsp;<em>educaci\u00f3n lenta<\/em>, se abordan los conceptos de germinaci\u00f3n y ra\u00edces, identidad o la tensi\u00f3n entre la historia personal y la colectiva. Mediante pr\u00e1cticas comunitarias y con t\u00e9cnicas del arte ecol\u00f3gico, textil y postal, se articulan nuevos relatos y cartograf\u00edas que ponen el foco en el alumnado participante y en el propio centro<\/p>\n\n\n\n<p>Con la colaboraci\u00f3n de:<em><\/em><\/p>\n\n\n\n<figure class=\"wp-block-image size-large\"><img loading=\"lazy\" decoding=\"async\" width=\"226\" height=\"90\" src=\"\/wp-content\/uploads\/page\/livam-al-territori-2\/la-caixa.jpg\" alt=\"\" class=\"wp-image-53547\"\/><\/figure>\n\n\n\n<div style=\"height:100px\" aria-hidden=\"true\" id=\"proyectos\" class=\"wp-block-spacer\"><\/div>\n\n\n\n<h2 class=\"text-left\">Proyectos<\/h2>\n\n\n\n<div style=\"height:38px\" aria-hidden=\"true\" class=\"wp-block-spacer\"><\/div>\n\n\n\n<div class=\"wp-block-columns alignwide is-layout-flex wp-container-core-columns-is-layout-9d6595d7 wp-block-columns-is-layout-flex\">\n<div class=\"wp-block-column is-layout-flow wp-block-column-is-layout-flow\">\n<figure class=\"wp-block-image size-large\"><a href=\"\/es\/territorio-archivo\/el-rum-rum-sera-memorable\/\"><img loading=\"lazy\" decoding=\"async\" width=\"724\" height=\"1024\" src=\"\/wp-content\/uploads\/page\/livam-al-territori-2\/01-724x1024.png\" alt=\"\" class=\"wp-image-53550\" srcset=\"https:\/\/ivam.es\/wp-content\/uploads\/page\/livam-al-territori-2\/01-724x1024.png 724w, https:\/\/ivam.es\/wp-content\/uploads\/page\/livam-al-territori-2\/01-212x300.png 212w, https:\/\/ivam.es\/wp-content\/uploads\/page\/livam-al-territori-2\/01-768x1086.png 768w, https:\/\/ivam.es\/wp-content\/uploads\/page\/livam-al-territori-2\/01-280x396.png 280w, https:\/\/ivam.es\/wp-content\/uploads\/page\/livam-al-territori-2\/01-467x661.png 467w, https:\/\/ivam.es\/wp-content\/uploads\/page\/livam-al-territori-2\/01-231x327.png 231w, https:\/\/ivam.es\/wp-content\/uploads\/page\/livam-al-territori-2\/01-500x707.png 500w, https:\/\/ivam.es\/wp-content\/uploads\/page\/livam-al-territori-2\/01.png 842w\" sizes=\"auto, (max-width: 724px) 100vw, 724px\" \/><\/a><\/figure>\n<\/div>\n\n\n\n<div class=\"wp-block-column is-layout-flow wp-block-column-is-layout-flow\">\n<figure class=\"wp-block-image size-large\"><a href=\"\/es\/a-prop\/\"><img loading=\"lazy\" decoding=\"async\" width=\"724\" height=\"1024\" src=\"\/wp-content\/uploads\/page\/livam-al-territori-2\/02-724x1024.png\" alt=\"\" class=\"wp-image-53553\" srcset=\"https:\/\/ivam.es\/wp-content\/uploads\/page\/livam-al-territori-2\/02-724x1024.png 724w, https:\/\/ivam.es\/wp-content\/uploads\/page\/livam-al-territori-2\/02-212x300.png 212w, https:\/\/ivam.es\/wp-content\/uploads\/page\/livam-al-territori-2\/02-768x1086.png 768w, https:\/\/ivam.es\/wp-content\/uploads\/page\/livam-al-territori-2\/02-280x396.png 280w, https:\/\/ivam.es\/wp-content\/uploads\/page\/livam-al-territori-2\/02-467x661.png 467w, https:\/\/ivam.es\/wp-content\/uploads\/page\/livam-al-territori-2\/02-231x327.png 231w, https:\/\/ivam.es\/wp-content\/uploads\/page\/livam-al-territori-2\/02-500x707.png 500w, https:\/\/ivam.es\/wp-content\/uploads\/page\/livam-al-territori-2\/02.png 842w\" sizes=\"auto, (max-width: 724px) 100vw, 724px\" \/><\/a><\/figure>\n<\/div>\n<\/div>\n","protected":false},"excerpt":{"rendered":"<p>Qu\u00e9 es Proyectos \u00bfQu\u00e9 es L&#8217;IVAM al Territori? L\u2019IVAM al territori&nbsp;es la l\u00ednea de acci\u00f3n del IVAM con el territorio valenciano dise\u00f1ada espec\u00edficamente para&nbsp;dialogar con centros educativos ubicados en cualquiera de las tres provincias de la Comunitat Valenciana. Esta l\u00ednea de acci\u00f3n, hoy en d\u00eda, la componen dos proyectos espec\u00edficos: uno destinado&nbsp;a colegios rurales agrupados [&hellip;]<\/p>\n","protected":false},"author":3,"featured_media":0,"parent":0,"menu_order":181,"comment_status":"closed","ping_status":"closed","template":"custom-educacion.php","meta":{"footnotes":""},"class_list":["post-53542","page","type-page","status-publish","hentry"],"yoast_head":"<!-- This site is optimized with the Yoast SEO plugin v26.0 - https:\/\/yoast.com\/wordpress\/plugins\/seo\/ -->\n<title>L&#039;IVAM al Territori 2 - IVAM<\/title>\n<meta name=\"robots\" content=\"index, follow, max-snippet:-1, max-image-preview:large, max-video-preview:-1\" \/>\n<link rel=\"canonical\" href=\"https:\/\/ivam.es\/es\/livam-al-territori-2\/\" \/>\n<meta property=\"og:locale\" content=\"es_ES\" \/>\n<meta property=\"og:type\" content=\"article\" \/>\n<meta property=\"og:title\" content=\"L&#039;IVAM al Territori 2 - IVAM\" \/>\n<meta property=\"og:description\" content=\"Qu\u00e9 es Proyectos \u00bfQu\u00e9 es L&#8217;IVAM al Territori? L\u2019IVAM al territori&nbsp;es la l\u00ednea de acci\u00f3n del IVAM con el territorio valenciano dise\u00f1ada espec\u00edficamente para&nbsp;dialogar con centros educativos ubicados en cualquiera de las tres provincias de la Comunitat Valenciana. Esta l\u00ednea de acci\u00f3n, hoy en d\u00eda, la componen dos proyectos espec\u00edficos: uno destinado&nbsp;a colegios rurales agrupados [&hellip;]\" \/>\n<meta property=\"og:url\" content=\"https:\/\/ivam.es\/es\/livam-al-territori-2\/\" \/>\n<meta property=\"og:site_name\" content=\"IVAM\" \/>\n<meta property=\"article:modified_time\" content=\"2021-09-14T07:01:47+00:00\" \/>\n<meta name=\"twitter:card\" content=\"summary_large_image\" \/>\n<meta name=\"twitter:label1\" content=\"Tiempo de lectura\" \/>\n\t<meta name=\"twitter:data1\" content=\"2 minutos\" \/>\n<script type=\"application\/ld+json\" class=\"yoast-schema-graph\">{\"@context\":\"https:\/\/schema.org\",\"@graph\":[{\"@type\":\"WebPage\",\"@id\":\"https:\/\/ivam.es\/es\/livam-al-territori-2\/\",\"url\":\"https:\/\/ivam.es\/es\/livam-al-territori-2\/\",\"name\":\"L'IVAM al Territori 2 - IVAM\",\"isPartOf\":{\"@id\":\"https:\/\/ivam.es\/es\/#website\"},\"datePublished\":\"2021-04-22T17:25:01+00:00\",\"dateModified\":\"2021-09-14T07:01:47+00:00\",\"breadcrumb\":{\"@id\":\"https:\/\/ivam.es\/es\/livam-al-territori-2\/#breadcrumb\"},\"inLanguage\":\"es\",\"potentialAction\":[{\"@type\":\"ReadAction\",\"target\":[\"https:\/\/ivam.es\/es\/livam-al-territori-2\/\"]}]},{\"@type\":\"BreadcrumbList\",\"@id\":\"https:\/\/ivam.es\/es\/livam-al-territori-2\/#breadcrumb\",\"itemListElement\":[{\"@type\":\"ListItem\",\"position\":1,\"name\":\"Home\",\"item\":\"https:\/\/ivam.es\/es\/\"},{\"@type\":\"ListItem\",\"position\":2,\"name\":\"L&#8217;IVAM al Territori 2\"}]},{\"@type\":\"WebSite\",\"@id\":\"https:\/\/ivam.es\/es\/#website\",\"url\":\"https:\/\/ivam.es\/es\/\",\"name\":\"IVAM\",\"description\":\"Institut Valenci\u00e0 d&#039;Art Modern\",\"publisher\":{\"@id\":\"https:\/\/ivam.es\/es\/#organization\"},\"potentialAction\":[{\"@type\":\"SearchAction\",\"target\":{\"@type\":\"EntryPoint\",\"urlTemplate\":\"https:\/\/ivam.es\/es\/?s={search_term_string}\"},\"query-input\":{\"@type\":\"PropertyValueSpecification\",\"valueRequired\":true,\"valueName\":\"search_term_string\"}}],\"inLanguage\":\"es\"},{\"@type\":\"Organization\",\"@id\":\"https:\/\/ivam.es\/es\/#organization\",\"name\":\"IVAM\",\"url\":\"https:\/\/ivam.es\/es\/\",\"logo\":{\"@type\":\"ImageObject\",\"inLanguage\":\"es\",\"@id\":\"https:\/\/ivam.es\/es\/#\/schema\/logo\/image\/\",\"url\":\"https:\/\/ivam.es\/wp-content\/uploads\/logo-ok-512.png\",\"contentUrl\":\"https:\/\/ivam.es\/wp-content\/uploads\/logo-ok-512.png\",\"width\":512,\"height\":512,\"caption\":\"IVAM\"},\"image\":{\"@id\":\"https:\/\/ivam.es\/es\/#\/schema\/logo\/image\/\"}}]}<\/script>\n<!-- \/ Yoast SEO plugin. -->","yoast_head_json":{"title":"L'IVAM al Territori 2 - IVAM","robots":{"index":"index","follow":"follow","max-snippet":"max-snippet:-1","max-image-preview":"max-image-preview:large","max-video-preview":"max-video-preview:-1"},"canonical":"https:\/\/ivam.es\/es\/livam-al-territori-2\/","og_locale":"es_ES","og_type":"article","og_title":"L'IVAM al Territori 2 - IVAM","og_description":"Qu\u00e9 es Proyectos \u00bfQu\u00e9 es L&#8217;IVAM al Territori? L\u2019IVAM al territori&nbsp;es la l\u00ednea de acci\u00f3n del IVAM con el territorio valenciano dise\u00f1ada espec\u00edficamente para&nbsp;dialogar con centros educativos ubicados en cualquiera de las tres provincias de la Comunitat Valenciana. Esta l\u00ednea de acci\u00f3n, hoy en d\u00eda, la componen dos proyectos espec\u00edficos: uno destinado&nbsp;a colegios rurales agrupados [&hellip;]","og_url":"https:\/\/ivam.es\/es\/livam-al-territori-2\/","og_site_name":"IVAM","article_modified_time":"2021-09-14T07:01:47+00:00","twitter_card":"summary_large_image","twitter_misc":{"Tiempo de lectura":"2 minutos"},"schema":{"@context":"https:\/\/schema.org","@graph":[{"@type":"WebPage","@id":"https:\/\/ivam.es\/es\/livam-al-territori-2\/","url":"https:\/\/ivam.es\/es\/livam-al-territori-2\/","name":"L'IVAM al Territori 2 - IVAM","isPartOf":{"@id":"https:\/\/ivam.es\/es\/#website"},"datePublished":"2021-04-22T17:25:01+00:00","dateModified":"2021-09-14T07:01:47+00:00","breadcrumb":{"@id":"https:\/\/ivam.es\/es\/livam-al-territori-2\/#breadcrumb"},"inLanguage":"es","potentialAction":[{"@type":"ReadAction","target":["https:\/\/ivam.es\/es\/livam-al-territori-2\/"]}]},{"@type":"BreadcrumbList","@id":"https:\/\/ivam.es\/es\/livam-al-territori-2\/#breadcrumb","itemListElement":[{"@type":"ListItem","position":1,"name":"Home","item":"https:\/\/ivam.es\/es\/"},{"@type":"ListItem","position":2,"name":"L&#8217;IVAM al Territori 2"}]},{"@type":"WebSite","@id":"https:\/\/ivam.es\/es\/#website","url":"https:\/\/ivam.es\/es\/","name":"IVAM","description":"Institut Valenci\u00e0 d&#039;Art Modern","publisher":{"@id":"https:\/\/ivam.es\/es\/#organization"},"potentialAction":[{"@type":"SearchAction","target":{"@type":"EntryPoint","urlTemplate":"https:\/\/ivam.es\/es\/?s={search_term_string}"},"query-input":{"@type":"PropertyValueSpecification","valueRequired":true,"valueName":"search_term_string"}}],"inLanguage":"es"},{"@type":"Organization","@id":"https:\/\/ivam.es\/es\/#organization","name":"IVAM","url":"https:\/\/ivam.es\/es\/","logo":{"@type":"ImageObject","inLanguage":"es","@id":"https:\/\/ivam.es\/es\/#\/schema\/logo\/image\/","url":"https:\/\/ivam.es\/wp-content\/uploads\/logo-ok-512.png","contentUrl":"https:\/\/ivam.es\/wp-content\/uploads\/logo-ok-512.png","width":512,"height":512,"caption":"IVAM"},"image":{"@id":"https:\/\/ivam.es\/es\/#\/schema\/logo\/image\/"}}]}},"_links":{"self":[{"href":"https:\/\/ivam.es\/es\/wp-json\/wp\/v2\/pages\/53542","targetHints":{"allow":["GET"]}}],"collection":[{"href":"https:\/\/ivam.es\/es\/wp-json\/wp\/v2\/pages"}],"about":[{"href":"https:\/\/ivam.es\/es\/wp-json\/wp\/v2\/types\/page"}],"author":[{"embeddable":true,"href":"https:\/\/ivam.es\/es\/wp-json\/wp\/v2\/users\/3"}],"replies":[{"embeddable":true,"href":"https:\/\/ivam.es\/es\/wp-json\/wp\/v2\/comments?post=53542"}],"version-history":[{"count":15,"href":"https:\/\/ivam.es\/es\/wp-json\/wp\/v2\/pages\/53542\/revisions"}],"predecessor-version":[{"id":55587,"href":"https:\/\/ivam.es\/es\/wp-json\/wp\/v2\/pages\/53542\/revisions\/55587"}],"wp:attachment":[{"href":"https:\/\/ivam.es\/es\/wp-json\/wp\/v2\/media?parent=53542"}],"curies":[{"name":"wp","href":"https:\/\/api.w.org\/{rel}","templated":true}]}}