{"id":53059,"date":"2021-03-29T20:19:52","date_gmt":"2021-03-29T18:19:52","guid":{"rendered":"\/amics-i-amigues-de-livam\/noves-tarifes\/"},"modified":"2025-12-19T10:46:02","modified_gmt":"2025-12-19T08:46:02","slug":"nuevas-tarifas","status":"publish","type":"page","link":"https:\/\/ivam.es\/es\/amigos-y-amigas-del-ivam\/nuevas-tarifas\/","title":{"rendered":"HAZTE AMIC \/ AMIGA DE L&#8217;IVAM"},"content":{"rendered":"\n<div style=\"height:40px\" aria-hidden=\"true\" class=\"wp-block-spacer\"><\/div>\n\n\n\n<h1 class=\"text-left\"><\/h1>\n\n\n\n\n    <div class=\"theme-default-slider collection\"><div class=\"owl-carousel owl-theme\" id=\"JyJFdaJsbJ\" data-margin=\"0\" data-items=\"1\">\n            <div class=\"item\">\n            <div class=\"item__image\">\n                <div class=\"item__image-container\">\n                                            <img decoding=\"async\" src=\"https:\/\/ivam.es\/wp-content\/uploads\/page\/fes-te-amic\/IVAM_AMICS-6-1135x585.jpg\">\n                                    <\/div>\n            <\/div>\n\n                        <div class=\"item__content\">\n                            <\/div>\n        <\/div>\n            <div class=\"item\">\n            <div class=\"item__image\">\n                <div class=\"item__image-container\">\n                                            <img decoding=\"async\" src=\"https:\/\/ivam.es\/wp-content\/uploads\/page\/fes-te-amic\/IVAM_AMICS-5-1135x585.jpg\">\n                                    <\/div>\n            <\/div>\n\n                        <div class=\"item__content\">\n                            <\/div>\n        <\/div>\n            <div class=\"item\">\n            <div class=\"item__image\">\n                <div class=\"item__image-container\">\n                                            <img decoding=\"async\" src=\"https:\/\/ivam.es\/wp-content\/uploads\/page\/fes-te-amic\/IVAM_AMICS-11-1135x585.jpg\">\n                                    <\/div>\n            <\/div>\n\n                        <div class=\"item__content\">\n                            <\/div>\n        <\/div>\n            <div class=\"item\">\n            <div class=\"item__image\">\n                <div class=\"item__image-container\">\n                                            <img decoding=\"async\" src=\"https:\/\/ivam.es\/wp-content\/uploads\/page\/fes-te-amic\/IVAM_AMICS-10-1135x585.jpg\">\n                                    <\/div>\n            <\/div>\n\n                        <div class=\"item__content\">\n                            <\/div>\n        <\/div>\n    \n    <\/div><p class=\"owl-counter\" data-index=\"first\" style=\"display: none;\"><span class=\"prev\"><-<\/span> <span class=\"slide\"><\/span> \/ <span class=\"pages\"><\/span> <span class=\"next\">-><\/span><\/p><\/div>\n\n\n\n<div style=\"height:40px\" aria-hidden=\"true\" class=\"wp-block-spacer\"><\/div>\n\n\n\n<figure class=\"wp-block-table is-style-stripes\"><table class=\"has-background\" style=\"background-color:#f3f4f5\"><thead><tr><th class=\"has-text-align-center\" data-align=\"center\"><strong>CATEGOR\u00cdA<\/strong><\/th><th class=\"has-text-align-center\" data-align=\"center\"><strong>TARIFA<\/strong><\/th><\/tr><\/thead><tbody><tr><td class=\"has-text-align-center\" data-align=\"center\"><br>AMIC I AMIGA JOVE<br>(hasta 35 a\u00f1os)<br><\/td><td class=\"has-text-align-center\" data-align=\"center\">20 \u20ac<\/td><\/tr><tr><td class=\"has-text-align-center\" data-align=\"center\">AMIC I AMIGA<\/td><td class=\"has-text-align-center\" data-align=\"center\">40 \u20ac<\/td><\/tr><tr><td class=\"has-text-align-center\" data-align=\"center\">AMIC I AMIGA FAMILIA<br>(2 adultos + 3 ni\u00f1os) (**)<\/td><td class=\"has-text-align-center\" data-align=\"center\">60 \u20ac<\/td><\/tr><tr><td class=\"has-text-align-center\" data-align=\"center\">AMIC IMPULSOR,<br>AMIGA IMPULSORA (***)<\/td><td class=\"has-text-align-center\" data-align=\"center\">300 \u20ac<\/td><\/tr><tr><td class=\"has-text-align-center\" data-align=\"center\">AMIC PATROCINADOR,<br>AMIGA PATROCINADORA<\/td><td class=\"has-text-align-center\" data-align=\"center\">5000 \u20ac<\/td><\/tr><\/tbody><\/table><\/figure>\n\n\n\n<p class=\"has-text-align-center has-small-font-size\"><br>(<em>**) Carn\u00e9 para un m\u00e1ximo de 2 adultos y 3 ni\u00f1os (menores de 18 a\u00f1os) como miembros. <\/em><br><em>(<\/em>***) Antiguo Miembro de Honor.<\/p>\n\n\n\n<div class=\"wp-block-buttons is-horizontal is-content-justification-center is-layout-flex wp-container-core-buttons-is-layout-499968f5 wp-block-buttons-is-layout-flex\">\n<div class=\"wp-block-button is-style-default\"><a class=\"wp-block-button__link has-background wp-element-button\" href=\"https:\/\/ivam.es\/es\/form_friends\/\" style=\"background-color:#ea7120\" target=\"_blank\" rel=\"noreferrer noopener\"><strong>HAZTE AMIGO o AMIGA<\/strong><\/a><\/div>\n<\/div>\n\n\n\n<div style=\"height:39px\" aria-hidden=\"true\" class=\"wp-block-spacer\"><\/div>\n\n\n\n<h2 class=\"text-left\">Beneficios<\/h2>\n\n\n\n<ul class=\"wp-block-list\">\n<li>Acceso gratuito al IVAM.<\/li>\n\n\n\n<li>Acceso a actividades exclusivas para socios\/as.<\/li>\n\n\n\n<li>Publicaci\u00f3n gratuita a elegir cada a\u00f1o.<\/li>\n\n\n\n<li>Descuento en restaurante del IVAM.<\/li>\n\n\n\n<li>Visitas guiadas al IVAM desde Alcoi y viceversa.&nbsp;<\/li>\n\n\n\n<li>Invitaci\u00f3n a todas las inauguraciones.<\/li>\n\n\n\n<li>Acceso exclusivo a las previews de las exposiciones.<\/li>\n\n\n\n<li>Acceso a viajes organizados exclusivos.<\/li>\n\n\n\n<li>Acceso a la biblioteca y centro de documentaci\u00f3n del IVAM. Carnet gratuito.<\/li>\n\n\n\n<li>Descuento del 10% en la tienda-librer\u00eda del IVAM.<\/li>\n\n\n\n<li>Invitaciones y descuentos para eventos culturales de entidades colaboradoras.<\/li>\n<\/ul>\n\n\n\n<div style=\"height:40px\" aria-hidden=\"true\" class=\"wp-block-spacer\"><\/div>\n\n\n\n<div class=\"wp-block-buttons is-horizontal is-content-justification-center is-layout-flex wp-container-core-buttons-is-layout-499968f5 wp-block-buttons-is-layout-flex\">\n<div class=\"wp-block-button is-style-default\"><a class=\"wp-block-button__link has-background wp-element-button\" href=\"https:\/\/ivam.es\/es\/form_friends\/\" style=\"background-color:#ea7120\" target=\"_blank\" rel=\"noreferrer noopener\"><strong>HAZTE AMIGO o AMIGA<\/strong><\/a><\/div>\n<\/div>\n","protected":false},"excerpt":{"rendered":"<p>CATEGOR\u00cdA TARIFA AMIC I AMIGA JOVE(hasta 35 a\u00f1os) 20 \u20ac AMIC I AMIGA 40 \u20ac AMIC I AMIGA FAMILIA(2 adultos + 3 ni\u00f1os) (**) 60 \u20ac AMIC IMPULSOR,AMIGA IMPULSORA (***) 300 \u20ac AMIC PATROCINADOR,AMIGA PATROCINADORA 5000 \u20ac (**) Carn\u00e9 para un m\u00e1ximo de 2 adultos y 3 ni\u00f1os (menores de 18 a\u00f1os) como miembros. (***) [&hellip;]<\/p>\n","protected":false},"author":3,"featured_media":0,"parent":53057,"menu_order":187,"comment_status":"closed","ping_status":"closed","template":"custom-educacion.php","meta":{"footnotes":""},"class_list":["post-53059","page","type-page","status-publish","hentry"],"yoast_head":"<!-- This site is optimized with the Yoast SEO plugin v26.0 - https:\/\/yoast.com\/wordpress\/plugins\/seo\/ -->\n<title>HAZTE AMIC \/ AMIGA DE L&#039;IVAM - IVAM<\/title>\n<meta name=\"robots\" content=\"index, follow, max-snippet:-1, max-image-preview:large, max-video-preview:-1\" \/>\n<link rel=\"canonical\" href=\"https:\/\/ivam.es\/es\/amigos-y-amigas-del-ivam\/nuevas-tarifas\/\" \/>\n<meta property=\"og:locale\" content=\"es_ES\" \/>\n<meta property=\"og:type\" content=\"article\" \/>\n<meta property=\"og:title\" content=\"HAZTE AMIC \/ AMIGA DE L&#039;IVAM - IVAM\" \/>\n<meta property=\"og:description\" content=\"CATEGOR\u00cdA TARIFA AMIC I AMIGA JOVE(hasta 35 a\u00f1os) 20 \u20ac AMIC I AMIGA 40 \u20ac AMIC I AMIGA FAMILIA(2 adultos + 3 ni\u00f1os) (**) 60 \u20ac AMIC IMPULSOR,AMIGA IMPULSORA (***) 300 \u20ac AMIC PATROCINADOR,AMIGA PATROCINADORA 5000 \u20ac (**) Carn\u00e9 para un m\u00e1ximo de 2 adultos y 3 ni\u00f1os (menores de 18 a\u00f1os) como miembros. (***) [&hellip;]\" \/>\n<meta property=\"og:url\" content=\"https:\/\/ivam.es\/es\/amigos-y-amigas-del-ivam\/nuevas-tarifas\/\" \/>\n<meta property=\"og:site_name\" content=\"IVAM\" \/>\n<meta property=\"article:modified_time\" content=\"2025-12-19T08:46:02+00:00\" \/>\n<meta name=\"twitter:card\" content=\"summary_large_image\" \/>\n<meta name=\"twitter:label1\" content=\"Tiempo de lectura\" \/>\n\t<meta name=\"twitter:data1\" content=\"1 minuto\" \/>\n<script type=\"application\/ld+json\" class=\"yoast-schema-graph\">{\"@context\":\"https:\/\/schema.org\",\"@graph\":[{\"@type\":\"WebPage\",\"@id\":\"https:\/\/ivam.es\/es\/amigos-y-amigas-del-ivam\/nuevas-tarifas\/\",\"url\":\"https:\/\/ivam.es\/es\/amigos-y-amigas-del-ivam\/nuevas-tarifas\/\",\"name\":\"HAZTE AMIC \/ AMIGA DE L'IVAM - IVAM\",\"isPartOf\":{\"@id\":\"https:\/\/ivam.es\/es\/#website\"},\"datePublished\":\"2021-03-29T18:19:52+00:00\",\"dateModified\":\"2025-12-19T08:46:02+00:00\",\"breadcrumb\":{\"@id\":\"https:\/\/ivam.es\/es\/amigos-y-amigas-del-ivam\/nuevas-tarifas\/#breadcrumb\"},\"inLanguage\":\"es\",\"potentialAction\":[{\"@type\":\"ReadAction\",\"target\":[\"https:\/\/ivam.es\/es\/amigos-y-amigas-del-ivam\/nuevas-tarifas\/\"]}]},{\"@type\":\"BreadcrumbList\",\"@id\":\"https:\/\/ivam.es\/es\/amigos-y-amigas-del-ivam\/nuevas-tarifas\/#breadcrumb\",\"itemListElement\":[{\"@type\":\"ListItem\",\"position\":1,\"name\":\"Home\",\"item\":\"https:\/\/ivam.es\/es\/\"},{\"@type\":\"ListItem\",\"position\":2,\"name\":\"Amics i amigues de l&#8217;IVAM\",\"item\":\"https:\/\/ivam.es\/es\/amigos-y-amigas-del-ivam\/\"},{\"@type\":\"ListItem\",\"position\":3,\"name\":\"HAZTE AMIC \/ AMIGA DE L&#8217;IVAM\"}]},{\"@type\":\"WebSite\",\"@id\":\"https:\/\/ivam.es\/es\/#website\",\"url\":\"https:\/\/ivam.es\/es\/\",\"name\":\"IVAM\",\"description\":\"Institut Valenci\u00e0 d&#039;Art Modern\",\"publisher\":{\"@id\":\"https:\/\/ivam.es\/es\/#organization\"},\"potentialAction\":[{\"@type\":\"SearchAction\",\"target\":{\"@type\":\"EntryPoint\",\"urlTemplate\":\"https:\/\/ivam.es\/es\/?s={search_term_string}\"},\"query-input\":{\"@type\":\"PropertyValueSpecification\",\"valueRequired\":true,\"valueName\":\"search_term_string\"}}],\"inLanguage\":\"es\"},{\"@type\":\"Organization\",\"@id\":\"https:\/\/ivam.es\/es\/#organization\",\"name\":\"IVAM\",\"url\":\"https:\/\/ivam.es\/es\/\",\"logo\":{\"@type\":\"ImageObject\",\"inLanguage\":\"es\",\"@id\":\"https:\/\/ivam.es\/es\/#\/schema\/logo\/image\/\",\"url\":\"https:\/\/ivam.es\/wp-content\/uploads\/logo-ok-512.png\",\"contentUrl\":\"https:\/\/ivam.es\/wp-content\/uploads\/logo-ok-512.png\",\"width\":512,\"height\":512,\"caption\":\"IVAM\"},\"image\":{\"@id\":\"https:\/\/ivam.es\/es\/#\/schema\/logo\/image\/\"}}]}<\/script>\n<!-- \/ Yoast SEO plugin. -->","yoast_head_json":{"title":"HAZTE AMIC \/ AMIGA DE L'IVAM - IVAM","robots":{"index":"index","follow":"follow","max-snippet":"max-snippet:-1","max-image-preview":"max-image-preview:large","max-video-preview":"max-video-preview:-1"},"canonical":"https:\/\/ivam.es\/es\/amigos-y-amigas-del-ivam\/nuevas-tarifas\/","og_locale":"es_ES","og_type":"article","og_title":"HAZTE AMIC \/ AMIGA DE L'IVAM - IVAM","og_description":"CATEGOR\u00cdA TARIFA AMIC I AMIGA JOVE(hasta 35 a\u00f1os) 20 \u20ac AMIC I AMIGA 40 \u20ac AMIC I AMIGA FAMILIA(2 adultos + 3 ni\u00f1os) (**) 60 \u20ac AMIC IMPULSOR,AMIGA IMPULSORA (***) 300 \u20ac AMIC PATROCINADOR,AMIGA PATROCINADORA 5000 \u20ac (**) Carn\u00e9 para un m\u00e1ximo de 2 adultos y 3 ni\u00f1os (menores de 18 a\u00f1os) como miembros. (***) [&hellip;]","og_url":"https:\/\/ivam.es\/es\/amigos-y-amigas-del-ivam\/nuevas-tarifas\/","og_site_name":"IVAM","article_modified_time":"2025-12-19T08:46:02+00:00","twitter_card":"summary_large_image","twitter_misc":{"Tiempo de lectura":"1 minuto"},"schema":{"@context":"https:\/\/schema.org","@graph":[{"@type":"WebPage","@id":"https:\/\/ivam.es\/es\/amigos-y-amigas-del-ivam\/nuevas-tarifas\/","url":"https:\/\/ivam.es\/es\/amigos-y-amigas-del-ivam\/nuevas-tarifas\/","name":"HAZTE AMIC \/ AMIGA DE L'IVAM - IVAM","isPartOf":{"@id":"https:\/\/ivam.es\/es\/#website"},"datePublished":"2021-03-29T18:19:52+00:00","dateModified":"2025-12-19T08:46:02+00:00","breadcrumb":{"@id":"https:\/\/ivam.es\/es\/amigos-y-amigas-del-ivam\/nuevas-tarifas\/#breadcrumb"},"inLanguage":"es","potentialAction":[{"@type":"ReadAction","target":["https:\/\/ivam.es\/es\/amigos-y-amigas-del-ivam\/nuevas-tarifas\/"]}]},{"@type":"BreadcrumbList","@id":"https:\/\/ivam.es\/es\/amigos-y-amigas-del-ivam\/nuevas-tarifas\/#breadcrumb","itemListElement":[{"@type":"ListItem","position":1,"name":"Home","item":"https:\/\/ivam.es\/es\/"},{"@type":"ListItem","position":2,"name":"Amics i amigues de l&#8217;IVAM","item":"https:\/\/ivam.es\/es\/amigos-y-amigas-del-ivam\/"},{"@type":"ListItem","position":3,"name":"HAZTE AMIC \/ AMIGA DE L&#8217;IVAM"}]},{"@type":"WebSite","@id":"https:\/\/ivam.es\/es\/#website","url":"https:\/\/ivam.es\/es\/","name":"IVAM","description":"Institut Valenci\u00e0 d&#039;Art Modern","publisher":{"@id":"https:\/\/ivam.es\/es\/#organization"},"potentialAction":[{"@type":"SearchAction","target":{"@type":"EntryPoint","urlTemplate":"https:\/\/ivam.es\/es\/?s={search_term_string}"},"query-input":{"@type":"PropertyValueSpecification","valueRequired":true,"valueName":"search_term_string"}}],"inLanguage":"es"},{"@type":"Organization","@id":"https:\/\/ivam.es\/es\/#organization","name":"IVAM","url":"https:\/\/ivam.es\/es\/","logo":{"@type":"ImageObject","inLanguage":"es","@id":"https:\/\/ivam.es\/es\/#\/schema\/logo\/image\/","url":"https:\/\/ivam.es\/wp-content\/uploads\/logo-ok-512.png","contentUrl":"https:\/\/ivam.es\/wp-content\/uploads\/logo-ok-512.png","width":512,"height":512,"caption":"IVAM"},"image":{"@id":"https:\/\/ivam.es\/es\/#\/schema\/logo\/image\/"}}]}},"_links":{"self":[{"href":"https:\/\/ivam.es\/es\/wp-json\/wp\/v2\/pages\/53059","targetHints":{"allow":["GET"]}}],"collection":[{"href":"https:\/\/ivam.es\/es\/wp-json\/wp\/v2\/pages"}],"about":[{"href":"https:\/\/ivam.es\/es\/wp-json\/wp\/v2\/types\/page"}],"author":[{"embeddable":true,"href":"https:\/\/ivam.es\/es\/wp-json\/wp\/v2\/users\/3"}],"replies":[{"embeddable":true,"href":"https:\/\/ivam.es\/es\/wp-json\/wp\/v2\/comments?post=53059"}],"version-history":[{"count":26,"href":"https:\/\/ivam.es\/es\/wp-json\/wp\/v2\/pages\/53059\/revisions"}],"predecessor-version":[{"id":112679,"href":"https:\/\/ivam.es\/es\/wp-json\/wp\/v2\/pages\/53059\/revisions\/112679"}],"up":[{"embeddable":true,"href":"https:\/\/ivam.es\/es\/wp-json\/wp\/v2\/pages\/53057"}],"wp:attachment":[{"href":"https:\/\/ivam.es\/es\/wp-json\/wp\/v2\/media?parent=53059"}],"curies":[{"name":"wp","href":"https:\/\/api.w.org\/{rel}","templated":true}]}}