{"id":53057,"date":"2021-03-18T15:25:10","date_gmt":"2021-03-18T13:25:10","guid":{"rendered":"\/amics-i-amigues-de-livam\/"},"modified":"2025-10-15T14:21:11","modified_gmt":"2025-10-15T12:21:11","slug":"amigos-y-amigas-del-ivam","status":"publish","type":"page","link":"https:\/\/ivam.es\/es\/amigos-y-amigas-del-ivam\/","title":{"rendered":"Amics i amigues de l&#8217;IVAM"},"content":{"rendered":"\n<div style=\"height:30px\" aria-hidden=\"true\" class=\"wp-block-spacer\"><\/div>\n\n\n\n<div class=\"wp-block-columns alignwide are-vertically-aligned-top is-layout-flex wp-container-core-columns-is-layout-9d6595d7 wp-block-columns-is-layout-flex\">\n<div class=\"wp-block-column is-vertically-aligned-top is-layout-flow wp-block-column-is-layout-flow\">\n<h1 class=\"text-left\"><\/h1>\n\n\n\n<p>Es tiempo de estrechar lazos. Por eso, el IVAM redobla su esfuerzo para que este momento nos haga sentirnos m\u00e1s cerca. Todo aquello que t\u00fa nos das merece una recompensa.&nbsp;<\/p>\n\n\n\n<p>Ahora, por hacerte Amic i Amiga de l\u2019IVAM, tienes m\u00e1s contraprestaciones. Disfruta de estos beneficios y elige a cu\u00e1l de las diferentes categor\u00edas quieres pertenecer.<\/p>\n\n\n\n<div style=\"height:40px\" aria-hidden=\"true\" class=\"wp-block-spacer\"><\/div>\n\n\n\n<div class=\"wp-block-columns is-layout-flex wp-container-core-columns-is-layout-9d6595d7 wp-block-columns-is-layout-flex\">\n<div class=\"wp-block-column is-layout-flow wp-block-column-is-layout-flow\">\n<div class=\"wp-block-buttons is-layout-flex wp-block-buttons-is-layout-flex\">\n<div class=\"wp-block-button is-style-is-full\"><a class=\"wp-block-button__link has-background has-medium-font-size has-custom-font-size wp-element-button\" href=\"https:\/\/ivam.es\/es\/form_friends\/\" style=\"background-color:#ea7120\"><strong>HAZTE AMIC \/ AMIGA<\/strong><\/a><\/div>\n<\/div>\n<\/div>\n\n\n\n<div class=\"wp-block-column is-layout-flow wp-block-column-is-layout-flow\">\n<div class=\"wp-block-buttons is-layout-flex wp-block-buttons-is-layout-flex\">\n<div class=\"wp-block-button has-custom-width wp-block-button__width-75 is-style-is-full is-style-fill\"><a class=\"wp-block-button__link has-black-background-color has-background has-medium-font-size has-custom-font-size wp-element-button\" href=\"https:\/\/ivam.es\/es\/amigos-y-amigas-del-ivam\/nuevas-tarifas\/\" style=\"border-radius:41px\"><strong>TARIFAS \/ BENEFICIOS<\/strong><\/a><\/div>\n<\/div>\n<\/div>\n\n\n\n<div class=\"wp-block-column is-layout-flow wp-block-column-is-layout-flow\">\n<div class=\"wp-block-buttons is-layout-flex wp-block-buttons-is-layout-flex\">\n<div class=\"wp-block-button\"><a class=\"wp-block-button__link has-background has-medium-font-size has-custom-font-size wp-element-button\" href=\"https:\/\/ivam.es\/es\/actividades-amics-ivam\/\" style=\"background-color:#ea7120\"><strong>ACTIVIDADES <\/strong><\/a><\/div>\n<\/div>\n<\/div>\n<\/div>\n\n\n\n<div style=\"height:40px\" aria-hidden=\"true\" class=\"wp-block-spacer\"><\/div>\n\n\n\n<figure class=\"wp-block-video\"><video height=\"1080\" style=\"aspect-ratio: 1920 \/ 1080;\" width=\"1920\" controls src=\"https:\/\/ivam.es\/wp-content\/uploads\/page\/amics-de-livam-2\/IVAM_AMICS.mp4\"><\/video><\/figure>\n<\/div>\n<\/div>\n","protected":false},"excerpt":{"rendered":"<p>Es tiempo de estrechar lazos. Por eso, el IVAM redobla su esfuerzo para que este momento nos haga sentirnos m\u00e1s cerca. Todo aquello que t\u00fa nos das merece una recompensa.&nbsp; Ahora, por hacerte Amic i Amiga de l\u2019IVAM, tienes m\u00e1s contraprestaciones. Disfruta de estos beneficios y elige a cu\u00e1l de las diferentes categor\u00edas quieres pertenecer.<\/p>\n","protected":false},"author":3,"featured_media":0,"parent":0,"menu_order":191,"comment_status":"closed","ping_status":"closed","template":"custom-educacion.php","meta":{"footnotes":""},"class_list":["post-53057","page","type-page","status-publish","hentry"],"yoast_head":"<!-- This site is optimized with the Yoast SEO plugin v26.0 - https:\/\/yoast.com\/wordpress\/plugins\/seo\/ -->\n<title>Amics i amigues de l&#039;IVAM - IVAM<\/title>\n<meta name=\"robots\" content=\"index, follow, max-snippet:-1, max-image-preview:large, max-video-preview:-1\" \/>\n<link rel=\"canonical\" href=\"https:\/\/ivam.es\/es\/amigos-y-amigas-del-ivam\/\" \/>\n<meta property=\"og:locale\" content=\"es_ES\" \/>\n<meta property=\"og:type\" content=\"article\" \/>\n<meta property=\"og:title\" content=\"Amics i amigues de l&#039;IVAM - IVAM\" \/>\n<meta property=\"og:description\" content=\"Es tiempo de estrechar lazos. Por eso, el IVAM redobla su esfuerzo para que este momento nos haga sentirnos m\u00e1s cerca. Todo aquello que t\u00fa nos das merece una recompensa.&nbsp; Ahora, por hacerte Amic i Amiga de l\u2019IVAM, tienes m\u00e1s contraprestaciones. Disfruta de estos beneficios y elige a cu\u00e1l de las diferentes categor\u00edas quieres pertenecer.\" \/>\n<meta property=\"og:url\" content=\"https:\/\/ivam.es\/es\/amigos-y-amigas-del-ivam\/\" \/>\n<meta property=\"og:site_name\" content=\"IVAM\" \/>\n<meta property=\"article:modified_time\" content=\"2025-10-15T12:21:11+00:00\" \/>\n<meta name=\"twitter:card\" content=\"summary_large_image\" \/>\n<meta name=\"twitter:label1\" content=\"Tiempo de lectura\" \/>\n\t<meta name=\"twitter:data1\" content=\"1 minuto\" \/>\n<script type=\"application\/ld+json\" class=\"yoast-schema-graph\">{\"@context\":\"https:\/\/schema.org\",\"@graph\":[{\"@type\":\"WebPage\",\"@id\":\"https:\/\/ivam.es\/es\/amigos-y-amigas-del-ivam\/\",\"url\":\"https:\/\/ivam.es\/es\/amigos-y-amigas-del-ivam\/\",\"name\":\"Amics i amigues de l'IVAM - IVAM\",\"isPartOf\":{\"@id\":\"https:\/\/ivam.es\/es\/#website\"},\"datePublished\":\"2021-03-18T13:25:10+00:00\",\"dateModified\":\"2025-10-15T12:21:11+00:00\",\"breadcrumb\":{\"@id\":\"https:\/\/ivam.es\/es\/amigos-y-amigas-del-ivam\/#breadcrumb\"},\"inLanguage\":\"es\",\"potentialAction\":[{\"@type\":\"ReadAction\",\"target\":[\"https:\/\/ivam.es\/es\/amigos-y-amigas-del-ivam\/\"]}]},{\"@type\":\"BreadcrumbList\",\"@id\":\"https:\/\/ivam.es\/es\/amigos-y-amigas-del-ivam\/#breadcrumb\",\"itemListElement\":[{\"@type\":\"ListItem\",\"position\":1,\"name\":\"Home\",\"item\":\"https:\/\/ivam.es\/es\/\"},{\"@type\":\"ListItem\",\"position\":2,\"name\":\"Amics i amigues de l&#8217;IVAM\"}]},{\"@type\":\"WebSite\",\"@id\":\"https:\/\/ivam.es\/es\/#website\",\"url\":\"https:\/\/ivam.es\/es\/\",\"name\":\"IVAM\",\"description\":\"Institut Valenci\u00e0 d&#039;Art Modern\",\"publisher\":{\"@id\":\"https:\/\/ivam.es\/es\/#organization\"},\"potentialAction\":[{\"@type\":\"SearchAction\",\"target\":{\"@type\":\"EntryPoint\",\"urlTemplate\":\"https:\/\/ivam.es\/es\/?s={search_term_string}\"},\"query-input\":{\"@type\":\"PropertyValueSpecification\",\"valueRequired\":true,\"valueName\":\"search_term_string\"}}],\"inLanguage\":\"es\"},{\"@type\":\"Organization\",\"@id\":\"https:\/\/ivam.es\/es\/#organization\",\"name\":\"IVAM\",\"url\":\"https:\/\/ivam.es\/es\/\",\"logo\":{\"@type\":\"ImageObject\",\"inLanguage\":\"es\",\"@id\":\"https:\/\/ivam.es\/es\/#\/schema\/logo\/image\/\",\"url\":\"https:\/\/ivam.es\/wp-content\/uploads\/logo-ok-512.png\",\"contentUrl\":\"https:\/\/ivam.es\/wp-content\/uploads\/logo-ok-512.png\",\"width\":512,\"height\":512,\"caption\":\"IVAM\"},\"image\":{\"@id\":\"https:\/\/ivam.es\/es\/#\/schema\/logo\/image\/\"}}]}<\/script>\n<!-- \/ Yoast SEO plugin. -->","yoast_head_json":{"title":"Amics i amigues de l'IVAM - IVAM","robots":{"index":"index","follow":"follow","max-snippet":"max-snippet:-1","max-image-preview":"max-image-preview:large","max-video-preview":"max-video-preview:-1"},"canonical":"https:\/\/ivam.es\/es\/amigos-y-amigas-del-ivam\/","og_locale":"es_ES","og_type":"article","og_title":"Amics i amigues de l'IVAM - IVAM","og_description":"Es tiempo de estrechar lazos. Por eso, el IVAM redobla su esfuerzo para que este momento nos haga sentirnos m\u00e1s cerca. Todo aquello que t\u00fa nos das merece una recompensa.&nbsp; Ahora, por hacerte Amic i Amiga de l\u2019IVAM, tienes m\u00e1s contraprestaciones. Disfruta de estos beneficios y elige a cu\u00e1l de las diferentes categor\u00edas quieres pertenecer.","og_url":"https:\/\/ivam.es\/es\/amigos-y-amigas-del-ivam\/","og_site_name":"IVAM","article_modified_time":"2025-10-15T12:21:11+00:00","twitter_card":"summary_large_image","twitter_misc":{"Tiempo de lectura":"1 minuto"},"schema":{"@context":"https:\/\/schema.org","@graph":[{"@type":"WebPage","@id":"https:\/\/ivam.es\/es\/amigos-y-amigas-del-ivam\/","url":"https:\/\/ivam.es\/es\/amigos-y-amigas-del-ivam\/","name":"Amics i amigues de l'IVAM - IVAM","isPartOf":{"@id":"https:\/\/ivam.es\/es\/#website"},"datePublished":"2021-03-18T13:25:10+00:00","dateModified":"2025-10-15T12:21:11+00:00","breadcrumb":{"@id":"https:\/\/ivam.es\/es\/amigos-y-amigas-del-ivam\/#breadcrumb"},"inLanguage":"es","potentialAction":[{"@type":"ReadAction","target":["https:\/\/ivam.es\/es\/amigos-y-amigas-del-ivam\/"]}]},{"@type":"BreadcrumbList","@id":"https:\/\/ivam.es\/es\/amigos-y-amigas-del-ivam\/#breadcrumb","itemListElement":[{"@type":"ListItem","position":1,"name":"Home","item":"https:\/\/ivam.es\/es\/"},{"@type":"ListItem","position":2,"name":"Amics i amigues de l&#8217;IVAM"}]},{"@type":"WebSite","@id":"https:\/\/ivam.es\/es\/#website","url":"https:\/\/ivam.es\/es\/","name":"IVAM","description":"Institut Valenci\u00e0 d&#039;Art Modern","publisher":{"@id":"https:\/\/ivam.es\/es\/#organization"},"potentialAction":[{"@type":"SearchAction","target":{"@type":"EntryPoint","urlTemplate":"https:\/\/ivam.es\/es\/?s={search_term_string}"},"query-input":{"@type":"PropertyValueSpecification","valueRequired":true,"valueName":"search_term_string"}}],"inLanguage":"es"},{"@type":"Organization","@id":"https:\/\/ivam.es\/es\/#organization","name":"IVAM","url":"https:\/\/ivam.es\/es\/","logo":{"@type":"ImageObject","inLanguage":"es","@id":"https:\/\/ivam.es\/es\/#\/schema\/logo\/image\/","url":"https:\/\/ivam.es\/wp-content\/uploads\/logo-ok-512.png","contentUrl":"https:\/\/ivam.es\/wp-content\/uploads\/logo-ok-512.png","width":512,"height":512,"caption":"IVAM"},"image":{"@id":"https:\/\/ivam.es\/es\/#\/schema\/logo\/image\/"}}]}},"_links":{"self":[{"href":"https:\/\/ivam.es\/es\/wp-json\/wp\/v2\/pages\/53057","targetHints":{"allow":["GET"]}}],"collection":[{"href":"https:\/\/ivam.es\/es\/wp-json\/wp\/v2\/pages"}],"about":[{"href":"https:\/\/ivam.es\/es\/wp-json\/wp\/v2\/types\/page"}],"author":[{"embeddable":true,"href":"https:\/\/ivam.es\/es\/wp-json\/wp\/v2\/users\/3"}],"replies":[{"embeddable":true,"href":"https:\/\/ivam.es\/es\/wp-json\/wp\/v2\/comments?post=53057"}],"version-history":[{"count":25,"href":"https:\/\/ivam.es\/es\/wp-json\/wp\/v2\/pages\/53057\/revisions"}],"predecessor-version":[{"id":111285,"href":"https:\/\/ivam.es\/es\/wp-json\/wp\/v2\/pages\/53057\/revisions\/111285"}],"wp:attachment":[{"href":"https:\/\/ivam.es\/es\/wp-json\/wp\/v2\/media?parent=53057"}],"curies":[{"name":"wp","href":"https:\/\/api.w.org\/{rel}","templated":true}]}}