{"id":52450,"date":"2021-02-11T19:23:37","date_gmt":"2021-02-11T17:23:37","guid":{"rendered":"\/als-marges\/coreografias-disidentes\/"},"modified":"2021-04-22T15:47:02","modified_gmt":"2021-04-22T13:47:02","slug":"coreografias-disidentes","status":"publish","type":"page","link":"https:\/\/ivam.es\/es\/als-marges\/coreografias-disidentes\/","title":{"rendered":"Coreograf\u00edas disidentes"},"content":{"rendered":"\n<div class=\"wp-block-cover alignfull has-background-dim\" style=\"background-color:#fe9fbf\"><div class=\"wp-block-cover__inner-container is-layout-flow wp-block-cover-is-layout-flow\">\n<h1 class=\"text-left\">Coreograf\u00edasdisidentes<\/h1>\n\n\n\n<div class=\"wp-block-group\"><div class=\"wp-block-group__inner-container is-layout-flow wp-block-group-is-layout-flow\">\n<div class=\"wp-block-buttons aligncenter is-layout-flex wp-block-buttons-is-layout-flex\">\n<div class=\"wp-block-button\"><a class=\"wp-block-button__link has-black-color has-text-color has-background\" href=\"#presentacioncuerpos\" style=\"background-color:#f2f2f2\">Presentaci\u00f3n<\/a><\/div>\n\n\n\n<div class=\"wp-block-button\"><a class=\"wp-block-button__link has-black-color has-text-color has-background\" href=\"#fichadisidentes\" style=\"background-color:#f2f2f2\">Ficha did\u00e1ctica<\/a><\/div>\n\n\n\n<div class=\"wp-block-button\"><a class=\"wp-block-button__link has-black-color has-text-color has-background\" href=\"#imagendisidentes\" style=\"background-color:#f2f2f2\">Obra<\/a><\/div>\n\n\n\n<div class=\"wp-block-button\"><a class=\"wp-block-button__link has-black-color has-text-color has-background\" href=\"#actividadisidentes\" style=\"background-color:#f2f2f2\">Actividad<\/a><\/div>\n<\/div>\n\n\n\n<div style=\"height:20px\" aria-hidden=\"true\" class=\"wp-block-spacer\"><\/div>\n\n\n\n<div class=\"wp-block-columns is-layout-flex wp-container-core-columns-is-layout-9d6595d7 wp-block-columns-is-layout-flex\">\n<div class=\"wp-block-column is-layout-flow wp-block-column-is-layout-flow\">\n<p class=\"has-text-align-center has-black-color has-text-color\"><a href=\"\/als-marges\/\" data-type=\"URL\" data-id=\"\/als-marges\/\">Volver a Als Marges<\/a><\/p>\n<\/div>\n<\/div>\n<\/div><\/div>\n\n\n\n<p class=\"has-text-align-center has-large-font-size\"><\/p>\n<\/div><\/div>\n\n\n\n<div class=\"wp-block-cover alignfull has-background-dim\" style=\"background-color:#f2f2f2;min-height:50px;aspect-ratio:unset;\" id=\"presentaciondisidentes\"><div class=\"wp-block-cover__inner-container is-layout-flow wp-block-cover-is-layout-flow\">\n<div style=\"height:20px\" aria-hidden=\"true\" class=\"wp-block-spacer\"><\/div>\n\n\n\n<h2 class=\"text-left\">Presentaci\u00f3n<\/h2>\n\n\n\n<p><\/p>\n<\/div><\/div>\n\n\n\n<div style=\"height:40px\" aria-hidden=\"true\" class=\"wp-block-spacer\"><\/div>\n\n\n\n<div class=\"wp-block-columns alignwide is-layout-flex wp-container-core-columns-is-layout-9d6595d7 wp-block-columns-is-layout-flex\">\n<div class=\"wp-block-column is-layout-flow wp-block-column-is-layout-flow\">\n<figure class=\"wp-block-embed-youtube wp-block-embed is-type-video is-provider-youtube wp-embed-aspect-16-9 wp-has-aspect-ratio\"><div class=\"wp-block-embed__wrapper\">\n<iframe loading=\"lazy\" title=\"Educaci\u00f3 | Als marges\" width=\"640\" height=\"360\" src=\"https:\/\/www.youtube.com\/embed\/3SLPJslM_kU?start=178&#038;feature=oembed\" frameborder=\"0\" allow=\"accelerometer; autoplay; clipboard-write; encrypted-media; gyroscope; picture-in-picture; web-share\" referrerpolicy=\"strict-origin-when-cross-origin\" allowfullscreen><\/iframe>\n<\/div><\/figure>\n<\/div>\n\n\n\n<div class=\"wp-block-column is-layout-flow wp-block-column-is-layout-flow\">\n<p>La secci\u00f3n del v\u00eddeo correspondiente a la actividad\u00a0\u00abCoreograf\u00edas disidentes\u00bb\u00a0comienza aqu\u00ed:\u00a02:58\u00a0<\/p>\n\n\n\n<p>1:11 Detr\u00e1s de los cuerpos<\/p>\n<p>2:00 Espacios seguros<\/p>\n<p><strong>2:58 Coreograf\u00edas disidentes<\/strong><\/p>\n<p>3:47 Invisibles<\/p>\n<p>4:17 Etiquetas<\/p>\n<p>4:57 Versos y besos<\/p>\n<p>5:24 Tri\u00e1ngulo invertido<\/p>\n<\/div>\n<\/div>\n\n\n\n<div style=\"height:60px\" aria-hidden=\"true\" id=\"fichadisidentes\" class=\"wp-block-spacer\"><\/div>\n\n\n\n<div class=\"wp-block-cover alignfull has-background-dim\" style=\"background-color:#f2f2f2;min-height:50px;aspect-ratio:unset;\"><div class=\"wp-block-cover__inner-container is-layout-flow wp-block-cover-is-layout-flow\">\n<div style=\"height:20px\" aria-hidden=\"true\" class=\"wp-block-spacer\"><\/div>\n\n\n\n<h2 class=\"text-left\">Ficha did\u00e1ctica<\/h2>\n\n\n\n<p><\/p>\n<\/div><\/div>\n\n\n\n<div style=\"height:40px\" aria-hidden=\"true\" class=\"wp-block-spacer\"><\/div>\n\n\n\n<div class=\"wp-block-columns alignwide is-layout-flex wp-container-core-columns-is-layout-9d6595d7 wp-block-columns-is-layout-flex\">\n<div class=\"wp-block-column is-layout-flow wp-block-column-is-layout-flow\" style=\"flex-basis:33.33%\">\n<figure class=\"wp-block-image size-large\"><a href=\"\/wp-content\/uploads\/AlsMarges-CoreografiasDisidentes-CAST-001.pdf\" target=\"_blank\" rel=\"noopener noreferrer\"><img loading=\"lazy\" decoding=\"async\" width=\"724\" height=\"1024\" src=\"\/wp-content\/uploads\/\/A3_EDUCIVAM_CAST_NOLOGO3-724x1024.png\" alt=\"\" class=\"wp-image-52444\" srcset=\"https:\/\/ivam.es\/wp-content\/uploads\/A3_EDUCIVAM_CAST_NOLOGO3-724x1024.png 724w, https:\/\/ivam.es\/wp-content\/uploads\/A3_EDUCIVAM_CAST_NOLOGO3-212x300.png 212w, https:\/\/ivam.es\/wp-content\/uploads\/A3_EDUCIVAM_CAST_NOLOGO3-768x1086.png 768w, https:\/\/ivam.es\/wp-content\/uploads\/A3_EDUCIVAM_CAST_NOLOGO3-280x396.png 280w, https:\/\/ivam.es\/wp-content\/uploads\/A3_EDUCIVAM_CAST_NOLOGO3-467x661.png 467w, https:\/\/ivam.es\/wp-content\/uploads\/A3_EDUCIVAM_CAST_NOLOGO3-231x327.png 231w, https:\/\/ivam.es\/wp-content\/uploads\/A3_EDUCIVAM_CAST_NOLOGO3-500x707.png 500w, https:\/\/ivam.es\/wp-content\/uploads\/A3_EDUCIVAM_CAST_NOLOGO3.png 842w\" sizes=\"auto, (max-width: 724px) 100vw, 724px\" \/><\/a><\/figure>\n<\/div>\n\n\n\n<div class=\"wp-block-column is-layout-flow wp-block-column-is-layout-flow\" style=\"flex-basis:66.66%\">\n<h3 class=\"text-left\">Coreograf\u00edas disidentes<\/h3>\n\n\n\n<p>Pinchar la imagen para descargar el documento en formato PDF o imprimir para utilizar como gu\u00eda en el desarrollo de la actividad .<\/p>\n<\/div>\n<\/div>\n\n\n\n<div style=\"height:60px\" aria-hidden=\"true\" id=\"imagendisidentes\" class=\"wp-block-spacer\"><\/div>\n\n\n\n<div class=\"wp-block-cover alignfull has-background-dim\" style=\"background-color:#f2f2f2;min-height:50px;aspect-ratio:unset;\"><div class=\"wp-block-cover__inner-container is-layout-flow wp-block-cover-is-layout-flow\">\n<div style=\"height:20px\" aria-hidden=\"true\" class=\"wp-block-spacer\"><\/div>\n\n\n\n<h2 class=\"text-left\">Obra de referencia<\/h2>\n\n\n\n<p><\/p>\n<\/div><\/div>\n\n\n\n<div style=\"height:40px\" aria-hidden=\"true\" class=\"wp-block-spacer\"><\/div>\n\n\n\n<figure class=\"wp-block-image alignwide size-large\"><img loading=\"lazy\" decoding=\"async\" width=\"1024\" height=\"978\" src=\"\/wp-content\/uploads\/page\/coreografias-disidentes\/img-disidentes-1024x978.jpg\" alt=\"\" class=\"wp-image-51573\" srcset=\"https:\/\/ivam.es\/wp-content\/uploads\/page\/coreografias-disidentes\/img-disidentes-1024x978.jpg 1024w, https:\/\/ivam.es\/wp-content\/uploads\/page\/coreografias-disidentes\/img-disidentes-300x286.jpg 300w, https:\/\/ivam.es\/wp-content\/uploads\/page\/coreografias-disidentes\/img-disidentes-768x733.jpg 768w, https:\/\/ivam.es\/wp-content\/uploads\/page\/coreografias-disidentes\/img-disidentes-280x267.jpg 280w, https:\/\/ivam.es\/wp-content\/uploads\/page\/coreografias-disidentes\/img-disidentes-467x446.jpg 467w, https:\/\/ivam.es\/wp-content\/uploads\/page\/coreografias-disidentes\/img-disidentes-231x221.jpg 231w, https:\/\/ivam.es\/wp-content\/uploads\/page\/coreografias-disidentes\/img-disidentes-500x477.jpg 500w, https:\/\/ivam.es\/wp-content\/uploads\/page\/coreografias-disidentes\/img-disidentes.jpg 1280w\" sizes=\"auto, (max-width: 1024px) 100vw, 1024px\" \/><figcaption><em>Ella representa<\/em> <em>(Simplicissimus 32, n\u00fam. 47)<\/em>, (1928), Jeanne Mammen. Grabado impresi\u00f3n. Jeanne Mammen Foundation at Stiftung.<\/figcaption><\/figure>\n\n\n\n<div style=\"height:60px\" aria-hidden=\"true\" id=\"actividadisidentes\" class=\"wp-block-spacer\"><\/div>\n\n\n\n<div class=\"wp-block-cover alignfull has-background-dim\" style=\"background-color:#f2f2f2;min-height:50px;aspect-ratio:unset;\"><div class=\"wp-block-cover__inner-container is-layout-flow wp-block-cover-is-layout-flow\">\n<div style=\"height:20px\" aria-hidden=\"true\" class=\"wp-block-spacer\"><\/div>\n\n\n\n<h2 class=\"text-left\">Actividad interactiva<\/h2>\n\n\n\n<p><\/p>\n<\/div><\/div>\n\n\n\n<div style=\"height:40px\" aria-hidden=\"true\" class=\"wp-block-spacer\"><\/div>\n\n\n\n<div style=\"width: 100%;\"><div style=\"position: relative; padding-bottom: 56.25%; padding-top: 0; height: 0;\"><iframe loading=\"lazy\" style=\"position: absolute; top: 0; left: 0; width: 100%; height: 100%;\" src=\"https:\/\/view.genial.ly\/5ff6ea52bea52a0cee8b58e4\" type=\"text\/html\" allowscriptaccess=\"always\" allowfullscreen=\"true\" scrolling=\"yes\" allownetworking=\"all\" width=\"1200\" height=\"675\" frameborder=\"0\"><\/iframe> <\/div> <\/div>\n\n\n\n<div style=\"height:60px\" aria-hidden=\"true\" class=\"wp-block-spacer\"><\/div>\n","protected":false},"excerpt":{"rendered":"<p>La secci\u00f3n del v\u00eddeo correspondiente a la actividad\u00a0\u00abCoreograf\u00edas disidentes\u00bb\u00a0comienza aqu\u00ed:\u00a02:58\u00a0 1:11 Detr\u00e1s de los cuerpos 2:00 Espacios seguros 2:58 Coreograf\u00edas disidentes 3:47 Invisibles 4:17 Etiquetas 4:57 Versos y besos 5:24 Tri\u00e1ngulo invertido Coreograf\u00edas disidentes Pinchar la imagen para descargar el documento en formato PDF o imprimir para utilizar como gu\u00eda en el desarrollo de la [&hellip;]<\/p>\n","protected":false},"author":3,"featured_media":0,"parent":52405,"menu_order":207,"comment_status":"closed","ping_status":"closed","template":"custom-educacion.php","meta":{"footnotes":""},"class_list":["post-52450","page","type-page","status-publish","hentry"],"yoast_head":"<!-- This site is optimized with the Yoast SEO plugin v26.0 - https:\/\/yoast.com\/wordpress\/plugins\/seo\/ -->\n<title>Coreograf\u00edas disidentes - IVAM<\/title>\n<meta name=\"robots\" content=\"index, follow, max-snippet:-1, max-image-preview:large, max-video-preview:-1\" \/>\n<link rel=\"canonical\" href=\"https:\/\/ivam.es\/es\/als-marges\/coreografias-disidentes\/\" \/>\n<meta property=\"og:locale\" content=\"es_ES\" \/>\n<meta property=\"og:type\" content=\"article\" \/>\n<meta property=\"og:title\" content=\"Coreograf\u00edas disidentes - IVAM\" \/>\n<meta property=\"og:description\" content=\"La secci\u00f3n del v\u00eddeo correspondiente a la actividad\u00a0\u00abCoreograf\u00edas disidentes\u00bb\u00a0comienza aqu\u00ed:\u00a02:58\u00a0 1:11 Detr\u00e1s de los cuerpos 2:00 Espacios seguros 2:58 Coreograf\u00edas disidentes 3:47 Invisibles 4:17 Etiquetas 4:57 Versos y besos 5:24 Tri\u00e1ngulo invertido Coreograf\u00edas disidentes Pinchar la imagen para descargar el documento en formato PDF o imprimir para utilizar como gu\u00eda en el desarrollo de la [&hellip;]\" \/>\n<meta property=\"og:url\" content=\"https:\/\/ivam.es\/es\/als-marges\/coreografias-disidentes\/\" \/>\n<meta property=\"og:site_name\" content=\"IVAM\" \/>\n<meta property=\"article:modified_time\" content=\"2021-04-22T13:47:02+00:00\" \/>\n<meta name=\"twitter:card\" content=\"summary_large_image\" \/>\n<meta name=\"twitter:label1\" content=\"Tiempo de lectura\" \/>\n\t<meta name=\"twitter:data1\" content=\"1 minuto\" \/>\n<script type=\"application\/ld+json\" class=\"yoast-schema-graph\">{\"@context\":\"https:\/\/schema.org\",\"@graph\":[{\"@type\":\"WebPage\",\"@id\":\"https:\/\/ivam.es\/es\/als-marges\/coreografias-disidentes\/\",\"url\":\"https:\/\/ivam.es\/es\/als-marges\/coreografias-disidentes\/\",\"name\":\"Coreograf\u00edas disidentes - IVAM\",\"isPartOf\":{\"@id\":\"https:\/\/ivam.es\/es\/#website\"},\"datePublished\":\"2021-02-11T17:23:37+00:00\",\"dateModified\":\"2021-04-22T13:47:02+00:00\",\"breadcrumb\":{\"@id\":\"https:\/\/ivam.es\/es\/als-marges\/coreografias-disidentes\/#breadcrumb\"},\"inLanguage\":\"es\",\"potentialAction\":[{\"@type\":\"ReadAction\",\"target\":[\"https:\/\/ivam.es\/es\/als-marges\/coreografias-disidentes\/\"]}]},{\"@type\":\"BreadcrumbList\",\"@id\":\"https:\/\/ivam.es\/es\/als-marges\/coreografias-disidentes\/#breadcrumb\",\"itemListElement\":[{\"@type\":\"ListItem\",\"position\":1,\"name\":\"Home\",\"item\":\"https:\/\/ivam.es\/es\/\"},{\"@type\":\"ListItem\",\"position\":2,\"name\":\"Als marges\",\"item\":\"https:\/\/ivam.es\/es\/als-marges\/\"},{\"@type\":\"ListItem\",\"position\":3,\"name\":\"Coreograf\u00edas disidentes\"}]},{\"@type\":\"WebSite\",\"@id\":\"https:\/\/ivam.es\/es\/#website\",\"url\":\"https:\/\/ivam.es\/es\/\",\"name\":\"IVAM\",\"description\":\"Institut Valenci\u00e0 d&#039;Art Modern\",\"publisher\":{\"@id\":\"https:\/\/ivam.es\/es\/#organization\"},\"potentialAction\":[{\"@type\":\"SearchAction\",\"target\":{\"@type\":\"EntryPoint\",\"urlTemplate\":\"https:\/\/ivam.es\/es\/?s={search_term_string}\"},\"query-input\":{\"@type\":\"PropertyValueSpecification\",\"valueRequired\":true,\"valueName\":\"search_term_string\"}}],\"inLanguage\":\"es\"},{\"@type\":\"Organization\",\"@id\":\"https:\/\/ivam.es\/es\/#organization\",\"name\":\"IVAM\",\"url\":\"https:\/\/ivam.es\/es\/\",\"logo\":{\"@type\":\"ImageObject\",\"inLanguage\":\"es\",\"@id\":\"https:\/\/ivam.es\/es\/#\/schema\/logo\/image\/\",\"url\":\"https:\/\/ivam.es\/wp-content\/uploads\/logo-ok-512.png\",\"contentUrl\":\"https:\/\/ivam.es\/wp-content\/uploads\/logo-ok-512.png\",\"width\":512,\"height\":512,\"caption\":\"IVAM\"},\"image\":{\"@id\":\"https:\/\/ivam.es\/es\/#\/schema\/logo\/image\/\"}}]}<\/script>\n<!-- \/ Yoast SEO plugin. -->","yoast_head_json":{"title":"Coreograf\u00edas disidentes - IVAM","robots":{"index":"index","follow":"follow","max-snippet":"max-snippet:-1","max-image-preview":"max-image-preview:large","max-video-preview":"max-video-preview:-1"},"canonical":"https:\/\/ivam.es\/es\/als-marges\/coreografias-disidentes\/","og_locale":"es_ES","og_type":"article","og_title":"Coreograf\u00edas disidentes - IVAM","og_description":"La secci\u00f3n del v\u00eddeo correspondiente a la actividad\u00a0\u00abCoreograf\u00edas disidentes\u00bb\u00a0comienza aqu\u00ed:\u00a02:58\u00a0 1:11 Detr\u00e1s de los cuerpos 2:00 Espacios seguros 2:58 Coreograf\u00edas disidentes 3:47 Invisibles 4:17 Etiquetas 4:57 Versos y besos 5:24 Tri\u00e1ngulo invertido Coreograf\u00edas disidentes Pinchar la imagen para descargar el documento en formato PDF o imprimir para utilizar como gu\u00eda en el desarrollo de la [&hellip;]","og_url":"https:\/\/ivam.es\/es\/als-marges\/coreografias-disidentes\/","og_site_name":"IVAM","article_modified_time":"2021-04-22T13:47:02+00:00","twitter_card":"summary_large_image","twitter_misc":{"Tiempo de lectura":"1 minuto"},"schema":{"@context":"https:\/\/schema.org","@graph":[{"@type":"WebPage","@id":"https:\/\/ivam.es\/es\/als-marges\/coreografias-disidentes\/","url":"https:\/\/ivam.es\/es\/als-marges\/coreografias-disidentes\/","name":"Coreograf\u00edas disidentes - IVAM","isPartOf":{"@id":"https:\/\/ivam.es\/es\/#website"},"datePublished":"2021-02-11T17:23:37+00:00","dateModified":"2021-04-22T13:47:02+00:00","breadcrumb":{"@id":"https:\/\/ivam.es\/es\/als-marges\/coreografias-disidentes\/#breadcrumb"},"inLanguage":"es","potentialAction":[{"@type":"ReadAction","target":["https:\/\/ivam.es\/es\/als-marges\/coreografias-disidentes\/"]}]},{"@type":"BreadcrumbList","@id":"https:\/\/ivam.es\/es\/als-marges\/coreografias-disidentes\/#breadcrumb","itemListElement":[{"@type":"ListItem","position":1,"name":"Home","item":"https:\/\/ivam.es\/es\/"},{"@type":"ListItem","position":2,"name":"Als marges","item":"https:\/\/ivam.es\/es\/als-marges\/"},{"@type":"ListItem","position":3,"name":"Coreograf\u00edas disidentes"}]},{"@type":"WebSite","@id":"https:\/\/ivam.es\/es\/#website","url":"https:\/\/ivam.es\/es\/","name":"IVAM","description":"Institut Valenci\u00e0 d&#039;Art Modern","publisher":{"@id":"https:\/\/ivam.es\/es\/#organization"},"potentialAction":[{"@type":"SearchAction","target":{"@type":"EntryPoint","urlTemplate":"https:\/\/ivam.es\/es\/?s={search_term_string}"},"query-input":{"@type":"PropertyValueSpecification","valueRequired":true,"valueName":"search_term_string"}}],"inLanguage":"es"},{"@type":"Organization","@id":"https:\/\/ivam.es\/es\/#organization","name":"IVAM","url":"https:\/\/ivam.es\/es\/","logo":{"@type":"ImageObject","inLanguage":"es","@id":"https:\/\/ivam.es\/es\/#\/schema\/logo\/image\/","url":"https:\/\/ivam.es\/wp-content\/uploads\/logo-ok-512.png","contentUrl":"https:\/\/ivam.es\/wp-content\/uploads\/logo-ok-512.png","width":512,"height":512,"caption":"IVAM"},"image":{"@id":"https:\/\/ivam.es\/es\/#\/schema\/logo\/image\/"}}]}},"_links":{"self":[{"href":"https:\/\/ivam.es\/es\/wp-json\/wp\/v2\/pages\/52450","targetHints":{"allow":["GET"]}}],"collection":[{"href":"https:\/\/ivam.es\/es\/wp-json\/wp\/v2\/pages"}],"about":[{"href":"https:\/\/ivam.es\/es\/wp-json\/wp\/v2\/types\/page"}],"author":[{"embeddable":true,"href":"https:\/\/ivam.es\/es\/wp-json\/wp\/v2\/users\/3"}],"replies":[{"embeddable":true,"href":"https:\/\/ivam.es\/es\/wp-json\/wp\/v2\/comments?post=52450"}],"version-history":[{"count":5,"href":"https:\/\/ivam.es\/es\/wp-json\/wp\/v2\/pages\/52450\/revisions"}],"predecessor-version":[{"id":53447,"href":"https:\/\/ivam.es\/es\/wp-json\/wp\/v2\/pages\/52450\/revisions\/53447"}],"up":[{"embeddable":true,"href":"https:\/\/ivam.es\/es\/wp-json\/wp\/v2\/pages\/52405"}],"wp:attachment":[{"href":"https:\/\/ivam.es\/es\/wp-json\/wp\/v2\/media?parent=52450"}],"curies":[{"name":"wp","href":"https:\/\/api.w.org\/{rel}","templated":true}]}}