{"id":49288,"date":"2020-11-06T11:23:52","date_gmt":"2020-11-06T09:23:52","guid":{"rendered":"\/ivam-al-territori\/"},"modified":"2023-01-23T15:00:40","modified_gmt":"2023-01-23T13:00:40","slug":"ivam-al-territori","status":"publish","type":"page","link":"https:\/\/ivam.es\/es\/ivam-al-territori\/","title":{"rendered":"L\u2019IVAM al territori"},"content":{"rendered":"\n<div style=\"height:60px\" aria-hidden=\"true\" class=\"wp-block-spacer\"><\/div>\n\n\n\n<h1 class=\"text-left\">L&#8217;IVAM AL TERRITORI<\/h1>\n\n\n\n<figure class=\"wp-block-image alignwide size-large\"><a href=\"\/wp-content\/uploads\/page\/ivam-al-territori\/IVAM-al-territori.jpg\"><img loading=\"lazy\" decoding=\"async\" width=\"1024\" height=\"341\" src=\"https:\/\/ivam.es\/wp-content\/uploads\/page\/ivam-al-territori\/IVAM-al-territori-1024x341.jpg\" alt=\"\" class=\"wp-image-57792\" srcset=\"https:\/\/ivam.es\/wp-content\/uploads\/page\/ivam-al-territori\/IVAM-al-territori-1024x341.jpg 1024w, https:\/\/ivam.es\/wp-content\/uploads\/page\/ivam-al-territori\/IVAM-al-territori-300x100.jpg 300w, https:\/\/ivam.es\/wp-content\/uploads\/page\/ivam-al-territori\/IVAM-al-territori-768x256.jpg 768w, https:\/\/ivam.es\/wp-content\/uploads\/page\/ivam-al-territori\/IVAM-al-territori-280x93.jpg 280w, https:\/\/ivam.es\/wp-content\/uploads\/page\/ivam-al-territori\/IVAM-al-territori-467x156.jpg 467w, https:\/\/ivam.es\/wp-content\/uploads\/page\/ivam-al-territori\/IVAM-al-territori-231x77.jpg 231w, https:\/\/ivam.es\/wp-content\/uploads\/page\/ivam-al-territori\/IVAM-al-territori-500x167.jpg 500w, https:\/\/ivam.es\/wp-content\/uploads\/page\/ivam-al-territori\/IVAM-al-territori.jpg 1170w\" sizes=\"auto, (max-width: 1024px) 100vw, 1024px\" \/><\/a><\/figure>\n\n\n\n<div class=\"wp-block-columns alignwide are-vertically-aligned-center edu-archive-links is-layout-flex wp-container-core-columns-is-layout-9d6595d7 wp-block-columns-is-layout-flex\">\n<div class=\"wp-block-column is-vertically-aligned-center is-layout-flow wp-block-column-is-layout-flow\">\n<p class=\"has-text-align-center edu-archive-link\" style=\"font-size:17px\"><a href=\"\/es\/ivam-al-territori\/\" data-type=\"URL\" data-id=\"\/es\/ivam-al-territori\/\">L&#8217;IVAM al territori<\/a><\/p>\n<\/div>\n\n\n\n<div class=\"wp-block-column is-vertically-aligned-center is-layout-flow wp-block-column-is-layout-flow\">\n<p class=\"has-text-align-center\" style=\"font-size:17px\"><a href=\"\/es\/territorio-archivo\/el-rum-rum-sera-memorable\/\" data-type=\"URL\" data-id=\"\/es\/territorio-archivo\/el-rum-rum-sera-memorable\/\">El Run-run<\/a><\/p>\n<\/div>\n\n\n\n<div class=\"wp-block-column is-vertically-aligned-center is-layout-flow wp-block-column-is-layout-flow\">\n<p class=\"has-text-align-center\" style=\"font-size:17px\"><a href=\"\/es\/territorio-archivo\/el-rum-rum-sera-memorable\/centres-participants\/\" data-type=\"URL\" data-id=\"\/es\/territorio-archivo\/el-rum-rum-sera-memorable\/centres-participants\/\">Centros participantes<\/a><\/p>\n<\/div>\n\n\n\n<div class=\"wp-block-column is-vertically-aligned-center is-layout-flow wp-block-column-is-layout-flow\">\n<p class=\"has-text-align-center\" style=\"font-size:17px\"><a href=\"\/territori-arxiu\/\">Archivo<\/a><\/p>\n<\/div>\n<\/div>\n\n\n\n<h1 class=\"text-left\">L&#8217;IVAM al territori<\/h1>\n\n\n\n<p><em>L<\/em>\u2019<em>IVAM al territori<\/em> es la l\u00ednea de acci\u00f3n del IVAM con el territorio rural valenciano dise\u00f1ada espec\u00edficamente para <strong>dialogar con Colegios Rurales Agrupados (CRA)<\/strong>. Estos centros acogen y son protagonistas de un proceso de trabajo basado en la oralidad como fuente de expresi\u00f3n y de una <strong>experiencia de car<\/strong><strong>\u00e1<\/strong><strong>cter perform<\/strong><strong>\u00e1<\/strong><strong>tica y reivindicativa<\/strong> que se inserta en los lenguajes propios del arte contempor\u00e1neo y actual.<\/p>\n\n\n\n<p>Este proyecto se inici\u00f3 el curso 2020-2021 y esta es su tercera edici\u00f3n. Su objetivo es <strong>acercarnos a una selecci\u00f3n de peque\u00f1as localidades del territorio valenciano<\/strong> gracias a un proyecto pedag\u00f3gico que requiere de la complicidad entre el museo y el centro educativo del municipio. El proceso, siguiendo esta l\u00ednea de acci\u00f3n, se inicia con un trabajo previo al proyecto, estableciendo una relaci\u00f3n entre los CRA participantes y el IVAM, as\u00ed como entre el alumnado y los vecinos y vecinas de la localidad. Los CRA participantes han sido seleccionados con car\u00e1cter previo gracias a un estudio y mapeo del territorio valenciano siguiendo una serie de criterios cuantitativos y cualitativos.<\/p>\n\n\n\n<div style=\"height:100px\" aria-hidden=\"true\" class=\"wp-block-spacer\"><\/div>\n","protected":false},"excerpt":{"rendered":"<p>L&#8217;IVAM AL TERRITORI L&#8217;IVAM al territori El Run-run Centros participantes Archivo L&#8217;IVAM al territori L\u2019IVAM al territori es la l\u00ednea de acci\u00f3n del IVAM con el territorio rural valenciano dise\u00f1ada espec\u00edficamente para dialogar con Colegios Rurales Agrupados (CRA). Estos centros acogen y son protagonistas de un proceso de trabajo basado en la oralidad como fuente [&hellip;]<\/p>\n","protected":false},"author":3,"featured_media":0,"parent":0,"menu_order":128,"comment_status":"closed","ping_status":"closed","template":"custom-educacion.php","meta":{"footnotes":""},"class_list":["post-49288","page","type-page","status-publish","hentry"],"yoast_head":"<!-- This site is optimized with the Yoast SEO plugin v26.0 - https:\/\/yoast.com\/wordpress\/plugins\/seo\/ -->\n<title>L\u2019IVAM al territori - IVAM<\/title>\n<meta name=\"robots\" content=\"index, follow, max-snippet:-1, max-image-preview:large, max-video-preview:-1\" \/>\n<link rel=\"canonical\" href=\"https:\/\/ivam.es\/es\/ivam-al-territori\/\" \/>\n<meta property=\"og:locale\" content=\"es_ES\" \/>\n<meta property=\"og:type\" content=\"article\" \/>\n<meta property=\"og:title\" content=\"L\u2019IVAM al territori - IVAM\" \/>\n<meta property=\"og:description\" content=\"L&#8217;IVAM AL TERRITORI L&#8217;IVAM al territori El Run-run Centros participantes Archivo L&#8217;IVAM al territori L\u2019IVAM al territori es la l\u00ednea de acci\u00f3n del IVAM con el territorio rural valenciano dise\u00f1ada espec\u00edficamente para dialogar con Colegios Rurales Agrupados (CRA). Estos centros acogen y son protagonistas de un proceso de trabajo basado en la oralidad como fuente [&hellip;]\" \/>\n<meta property=\"og:url\" content=\"https:\/\/ivam.es\/es\/ivam-al-territori\/\" \/>\n<meta property=\"og:site_name\" content=\"IVAM\" \/>\n<meta property=\"article:modified_time\" content=\"2023-01-23T13:00:40+00:00\" \/>\n<meta property=\"og:image\" content=\"https:\/\/ivam.es\/wp-content\/uploads\/page\/ivam-al-territori\/IVAM-al-territori.jpg\" \/>\n\t<meta property=\"og:image:width\" content=\"1170\" \/>\n\t<meta property=\"og:image:height\" content=\"390\" \/>\n\t<meta property=\"og:image:type\" content=\"image\/jpeg\" \/>\n<meta name=\"twitter:card\" content=\"summary_large_image\" \/>\n<meta name=\"twitter:label1\" content=\"Tiempo de lectura\" \/>\n\t<meta name=\"twitter:data1\" content=\"1 minuto\" \/>\n<script type=\"application\/ld+json\" class=\"yoast-schema-graph\">{\"@context\":\"https:\/\/schema.org\",\"@graph\":[{\"@type\":\"WebPage\",\"@id\":\"https:\/\/ivam.es\/es\/ivam-al-territori\/\",\"url\":\"https:\/\/ivam.es\/es\/ivam-al-territori\/\",\"name\":\"L\u2019IVAM al territori - IVAM\",\"isPartOf\":{\"@id\":\"https:\/\/ivam.es\/es\/#website\"},\"primaryImageOfPage\":{\"@id\":\"https:\/\/ivam.es\/es\/ivam-al-territori\/#primaryimage\"},\"image\":{\"@id\":\"https:\/\/ivam.es\/es\/ivam-al-territori\/#primaryimage\"},\"thumbnailUrl\":\"https:\/\/ivam.es\/wp-content\/uploads\/page\/ivam-al-territori\/IVAM-al-territori-1024x341.jpg\",\"datePublished\":\"2020-11-06T09:23:52+00:00\",\"dateModified\":\"2023-01-23T13:00:40+00:00\",\"breadcrumb\":{\"@id\":\"https:\/\/ivam.es\/es\/ivam-al-territori\/#breadcrumb\"},\"inLanguage\":\"es\",\"potentialAction\":[{\"@type\":\"ReadAction\",\"target\":[\"https:\/\/ivam.es\/es\/ivam-al-territori\/\"]}]},{\"@type\":\"ImageObject\",\"inLanguage\":\"es\",\"@id\":\"https:\/\/ivam.es\/es\/ivam-al-territori\/#primaryimage\",\"url\":\"https:\/\/ivam.es\/wp-content\/uploads\/page\/ivam-al-territori\/IVAM-al-territori-1024x341.jpg\",\"contentUrl\":\"https:\/\/ivam.es\/wp-content\/uploads\/page\/ivam-al-territori\/IVAM-al-territori-1024x341.jpg\"},{\"@type\":\"BreadcrumbList\",\"@id\":\"https:\/\/ivam.es\/es\/ivam-al-territori\/#breadcrumb\",\"itemListElement\":[{\"@type\":\"ListItem\",\"position\":1,\"name\":\"Home\",\"item\":\"https:\/\/ivam.es\/es\/\"},{\"@type\":\"ListItem\",\"position\":2,\"name\":\"L\u2019IVAM al territori\"}]},{\"@type\":\"WebSite\",\"@id\":\"https:\/\/ivam.es\/es\/#website\",\"url\":\"https:\/\/ivam.es\/es\/\",\"name\":\"IVAM\",\"description\":\"Institut Valenci\u00e0 d&#039;Art Modern\",\"publisher\":{\"@id\":\"https:\/\/ivam.es\/es\/#organization\"},\"potentialAction\":[{\"@type\":\"SearchAction\",\"target\":{\"@type\":\"EntryPoint\",\"urlTemplate\":\"https:\/\/ivam.es\/es\/?s={search_term_string}\"},\"query-input\":{\"@type\":\"PropertyValueSpecification\",\"valueRequired\":true,\"valueName\":\"search_term_string\"}}],\"inLanguage\":\"es\"},{\"@type\":\"Organization\",\"@id\":\"https:\/\/ivam.es\/es\/#organization\",\"name\":\"IVAM\",\"url\":\"https:\/\/ivam.es\/es\/\",\"logo\":{\"@type\":\"ImageObject\",\"inLanguage\":\"es\",\"@id\":\"https:\/\/ivam.es\/es\/#\/schema\/logo\/image\/\",\"url\":\"https:\/\/ivam.es\/wp-content\/uploads\/logo-ok-512.png\",\"contentUrl\":\"https:\/\/ivam.es\/wp-content\/uploads\/logo-ok-512.png\",\"width\":512,\"height\":512,\"caption\":\"IVAM\"},\"image\":{\"@id\":\"https:\/\/ivam.es\/es\/#\/schema\/logo\/image\/\"}}]}<\/script>\n<!-- \/ Yoast SEO plugin. -->","yoast_head_json":{"title":"L\u2019IVAM al territori - IVAM","robots":{"index":"index","follow":"follow","max-snippet":"max-snippet:-1","max-image-preview":"max-image-preview:large","max-video-preview":"max-video-preview:-1"},"canonical":"https:\/\/ivam.es\/es\/ivam-al-territori\/","og_locale":"es_ES","og_type":"article","og_title":"L\u2019IVAM al territori - IVAM","og_description":"L&#8217;IVAM AL TERRITORI L&#8217;IVAM al territori El Run-run Centros participantes Archivo L&#8217;IVAM al territori L\u2019IVAM al territori es la l\u00ednea de acci\u00f3n del IVAM con el territorio rural valenciano dise\u00f1ada espec\u00edficamente para dialogar con Colegios Rurales Agrupados (CRA). Estos centros acogen y son protagonistas de un proceso de trabajo basado en la oralidad como fuente [&hellip;]","og_url":"https:\/\/ivam.es\/es\/ivam-al-territori\/","og_site_name":"IVAM","article_modified_time":"2023-01-23T13:00:40+00:00","og_image":[{"width":1170,"height":390,"url":"https:\/\/ivam.es\/wp-content\/uploads\/page\/ivam-al-territori\/IVAM-al-territori.jpg","type":"image\/jpeg"}],"twitter_card":"summary_large_image","twitter_misc":{"Tiempo de lectura":"1 minuto"},"schema":{"@context":"https:\/\/schema.org","@graph":[{"@type":"WebPage","@id":"https:\/\/ivam.es\/es\/ivam-al-territori\/","url":"https:\/\/ivam.es\/es\/ivam-al-territori\/","name":"L\u2019IVAM al territori - IVAM","isPartOf":{"@id":"https:\/\/ivam.es\/es\/#website"},"primaryImageOfPage":{"@id":"https:\/\/ivam.es\/es\/ivam-al-territori\/#primaryimage"},"image":{"@id":"https:\/\/ivam.es\/es\/ivam-al-territori\/#primaryimage"},"thumbnailUrl":"https:\/\/ivam.es\/wp-content\/uploads\/page\/ivam-al-territori\/IVAM-al-territori-1024x341.jpg","datePublished":"2020-11-06T09:23:52+00:00","dateModified":"2023-01-23T13:00:40+00:00","breadcrumb":{"@id":"https:\/\/ivam.es\/es\/ivam-al-territori\/#breadcrumb"},"inLanguage":"es","potentialAction":[{"@type":"ReadAction","target":["https:\/\/ivam.es\/es\/ivam-al-territori\/"]}]},{"@type":"ImageObject","inLanguage":"es","@id":"https:\/\/ivam.es\/es\/ivam-al-territori\/#primaryimage","url":"https:\/\/ivam.es\/wp-content\/uploads\/page\/ivam-al-territori\/IVAM-al-territori-1024x341.jpg","contentUrl":"https:\/\/ivam.es\/wp-content\/uploads\/page\/ivam-al-territori\/IVAM-al-territori-1024x341.jpg"},{"@type":"BreadcrumbList","@id":"https:\/\/ivam.es\/es\/ivam-al-territori\/#breadcrumb","itemListElement":[{"@type":"ListItem","position":1,"name":"Home","item":"https:\/\/ivam.es\/es\/"},{"@type":"ListItem","position":2,"name":"L\u2019IVAM al territori"}]},{"@type":"WebSite","@id":"https:\/\/ivam.es\/es\/#website","url":"https:\/\/ivam.es\/es\/","name":"IVAM","description":"Institut Valenci\u00e0 d&#039;Art Modern","publisher":{"@id":"https:\/\/ivam.es\/es\/#organization"},"potentialAction":[{"@type":"SearchAction","target":{"@type":"EntryPoint","urlTemplate":"https:\/\/ivam.es\/es\/?s={search_term_string}"},"query-input":{"@type":"PropertyValueSpecification","valueRequired":true,"valueName":"search_term_string"}}],"inLanguage":"es"},{"@type":"Organization","@id":"https:\/\/ivam.es\/es\/#organization","name":"IVAM","url":"https:\/\/ivam.es\/es\/","logo":{"@type":"ImageObject","inLanguage":"es","@id":"https:\/\/ivam.es\/es\/#\/schema\/logo\/image\/","url":"https:\/\/ivam.es\/wp-content\/uploads\/logo-ok-512.png","contentUrl":"https:\/\/ivam.es\/wp-content\/uploads\/logo-ok-512.png","width":512,"height":512,"caption":"IVAM"},"image":{"@id":"https:\/\/ivam.es\/es\/#\/schema\/logo\/image\/"}}]}},"_links":{"self":[{"href":"https:\/\/ivam.es\/es\/wp-json\/wp\/v2\/pages\/49288","targetHints":{"allow":["GET"]}}],"collection":[{"href":"https:\/\/ivam.es\/es\/wp-json\/wp\/v2\/pages"}],"about":[{"href":"https:\/\/ivam.es\/es\/wp-json\/wp\/v2\/types\/page"}],"author":[{"embeddable":true,"href":"https:\/\/ivam.es\/es\/wp-json\/wp\/v2\/users\/3"}],"replies":[{"embeddable":true,"href":"https:\/\/ivam.es\/es\/wp-json\/wp\/v2\/comments?post=49288"}],"version-history":[{"count":16,"href":"https:\/\/ivam.es\/es\/wp-json\/wp\/v2\/pages\/49288\/revisions"}],"predecessor-version":[{"id":76006,"href":"https:\/\/ivam.es\/es\/wp-json\/wp\/v2\/pages\/49288\/revisions\/76006"}],"wp:attachment":[{"href":"https:\/\/ivam.es\/es\/wp-json\/wp\/v2\/media?parent=49288"}],"curies":[{"name":"wp","href":"https:\/\/api.w.org\/{rel}","templated":true}]}}