{"id":46071,"date":"2020-05-29T19:31:21","date_gmt":"2020-05-29T17:31:21","guid":{"rendered":"\/?page_id=46071"},"modified":"2026-02-25T11:00:43","modified_gmt":"2026-02-25T09:00:43","slug":"politica-de-privacidad","status":"publish","type":"page","link":"https:\/\/ivam.es\/es\/politica-de-privacidad\/","title":{"rendered":"Pol\u00edtica de privacidad"},"content":{"rendered":"<h2 class=\"text-left\">Identidad del responsable del tratamiento<\/h2>\n<p>Titular: Institut Valenci\u00e0 d\u2019Art Modern, en adelante \u201cIVAM\u201d o \u201cla entidad\u201d<br \/>\nDomicilio: calle Guillem de Castro n\u00ba118 de Valencia, provincia de Valencia<br \/>\nCIF: Q9655140C<br \/>\nWeb site: <a href=\"http:\/\/www.ivam.es\">www.ivam.es<\/a><br \/>\nEmail contacto: <a href=\"mailto:ivam@ivam.es\">ivam@ivam.es<\/a><\/p>\n<h2 class=\"text-left\">Delegado de Protecci\u00f3n de Datos:<\/h2>\n<p>DPD: Delegado de Protecci\u00f3n de Datos de la Generalitat<br \/>\n<span data-olk-copy-source=\"MessageBody\">Ciudad Administrativa 9 D\u2019octubre, Calle de la Democracia 77, Torre 4-Planta 6, 46018 de Valencia<\/span><br \/>\ndpdsectorpublico@gva.es. Tel 961922421<\/p>\n<p>De conformidad con la legislaci\u00f3n de Protecci\u00f3n de Datos de Car\u00e1cter Personal, y cualquier otra legislaci\u00f3n relevante y actual aplicable, el usuario queda informado de que los datos personales proporcionados ser\u00e1n tratados por el responsable del tratamiento \u00fanicamente para los fines descritos en el formulario correspondiente.<\/p>\n<p>El usuario queda asimismo informado de que el hecho de no facilitar los datos que figuran en los formularios existentes en la web supone la imposibilidad de cumplir con la finalidad para la que los datos son recogidos.<\/p>\n<h2 class=\"text-left\">Env\u00edo de informaci\u00f3n comercial por cualquier medio, incluidos medios electr\u00f3nicos<\/h2>\n<p>En el caso de que usted, en cualquiera de los formularios existentes en la web del IVAM haya dado su consentimiento al env\u00edo de informaci\u00f3n sobre las actividades del IVAM, o no se haya opuesto a dicho tratamiento en caso de basarse en el inter\u00e9s leg\u00edtimo por considerar la empresa que existe una relaci\u00f3n jur\u00eddica con usted, le informamos de que los datos de car\u00e1cter personal proporcionados ser\u00e1n tratados por el IVAM para mantenerle informado sobre sus actividad, ampar\u00e1ndose la empresa en su inter\u00e9s leg\u00edtimo, o bien en su consentimiento al marcar la casilla aceptando la presente Pol\u00edtica de Privacidad.<\/p>\n<p>Asimismo, le informamos de que la entidad conservar\u00e1 sus datos mientras se mantenga la relaci\u00f3n jur\u00eddica con usted y no se oponga a recibir informaci\u00f3n, o mientras no se produzca la revocaci\u00f3n de su consentimiento, sin perjuicio de su conservaci\u00f3n mientras persistan las obligaciones legales aplicables al IVAM.<\/p>\n<p>De la misma manera le informamos de que, en caso de que la base legitimadora sea el inter\u00e9s leg\u00edtimo, Usted puede oponerse al tratamiento de los datos con las finalidades apuntadas en cualquier momento mediante el env\u00edo de un email a ivam@ivam.es<\/p>\n<h2 class=\"text-left\">Contacto<\/h2>\n<p>En el caso en el que usted haya rellenado el formulario de contacto existente en la web del IVAM, le informamos de que, de acuerdo con lo establecido por la legislaci\u00f3n de protecci\u00f3n de datos, los datos de car\u00e1cter personal proporcionados ser\u00e1n tratados para resolver su consulta, ampar\u00e1ndose el IVAM en su consentimiento al rellenar y enviar el formulario y al marcar la casilla aceptando la presente Pol\u00edtica de Privacidad.<\/p>\n<p>Asimismo, le informamos de que sus datos de car\u00e1cter personal ser\u00e1n tratados durante el tiempo estrictamente necesario para atender su solicitud, mientras usted no revoque su consentimiento o ejercite los derechos de oposici\u00f3n o supresi\u00f3n, y sin perjuicio de su conservaci\u00f3n mientras persistan las obligaciones legales aplicables al IVAM.<\/p>\n<h2 class=\"text-left\">Newsletter (Suscripci\u00f3n al Bolet\u00edn Informativo)<\/h2>\n<p>En el caso en el que usted haya rellenado el formulario de newsletter (suscripci\u00f3n al Bolet\u00edn Informativo) existente en la web del IVAM o haya marcado la casilla correspondiente para autorizar su env\u00edo, le informamos de que, de acuerdo con lo establecido por la legislaci\u00f3n de protecci\u00f3n de datos, los datos de car\u00e1cter personal proporcionados ser\u00e1n tratados para gestionar el env\u00edo de informaci\u00f3n relacionada con la actividad del IVAM a trav\u00e9s de su suscripci\u00f3n, ampar\u00e1ndose la empresa en su consentimiento al rellenar y enviar el formulario y al marcar la casilla aceptando la presente Pol\u00edtica de Privacidad.<\/p>\n<p>Asimismo, le informamos de que sus datos de car\u00e1cter personal ser\u00e1n tratados durante el tiempo estrictamente necesario para cumplir con la finalidad para la que los datos fueron recogidos, mientras Usted no revoque su consentimiento o ejercite los derechos de oposici\u00f3n o supresi\u00f3n, y sin perjuicio de su conservaci\u00f3n mientras persistan las obligaciones legales aplicables al IVAM.<\/p>\n<h2 class=\"text-left\">Compra<\/h2>\n<p>En el caso en el que usted haya rellenado el formulario de compra existente en la web del IVAM, le informamos de que, de acuerdo con lo establecido por la legislaci\u00f3n de protecci\u00f3n de datos, los datos de car\u00e1cter personal proporcionados ser\u00e1n tratados para ofrecerle los servicios de compra de los productos del IVAM, ampar\u00e1ndose la empresa en su consentimiento, al rellenar y enviar el formulario de compra y al marcar la casilla aceptando la Pol\u00edtica de Privacidad y las condiciones generales de contrataci\u00f3n.<\/p>\n<p>Igualmente, le informamos de que sus datos de car\u00e1cter personal ser\u00e1n tratados mientras se mantenga la relaci\u00f3n jur\u00eddica con usted o mientras no se produzca la revocaci\u00f3n de su consentimiento o ejercite los derechos de oposici\u00f3n o supresi\u00f3n, y sin perjuicio de su conservaci\u00f3n mientras persistan las obligaciones legales aplicables al IVAM.<\/p>\n<h2 class=\"text-left\">Becas y Convocatorias<\/h2>\n<p>En el caso en el que usted haya rellenado el formulario de solicitud de beca o Convocatoria de empleo existente en la web del IVAM, le informamos de que, de acuerdo con lo establecido por la legislaci\u00f3n de protecci\u00f3n de datos, los datos de car\u00e1cter personal proporcionados ser\u00e1n tratados para gestionar su candidatura y as\u00ed incluirle en los procesos de selecci\u00f3n. Adem\u00e1s, con la formalizaci\u00f3n de su petici\u00f3n de beca o convocatoria de empleo, se le informa de que sus datos podr\u00e1n ser cedidos a otras administraciones en caso de que de que ello resulte obligatorio por disposici\u00f3n legal, y publicados en la web para garantizar la transparencia de los resultados, tanto de la lista de admisi\u00f3n como, una vez finalizado el proceso, de las aceptaciones y las exclusiones, ampar\u00e1ndose el IVAM en su consentimiento, al rellenar y enviar el formulario correspondiente y al marcar la casilla aceptando la presente Pol\u00edtica de Privacidad.<\/p>\n<p>Asimismo, le informamos de que sus datos de car\u00e1cter personal ser\u00e1n tratados durante el tiempo estrictamente necesario para gestionar las solicitudes recibidas, y que se conservar\u00e1n durante el plazo de 24 meses mientras usted no revoque su consentimiento o ejercite los derechos de oposici\u00f3n o supresi\u00f3n, y sin perjuicio de su conservaci\u00f3n por m\u00e1s plazo mientras persistan las obligaciones legales aplicables al IVAM.<\/p>\n<h2 class=\"text-left\">Registro \/ Mi cuenta<\/h2>\n<p>En el caso en el que usted haya rellenado el formulario de registro (Mi cuenta) existente en la web del IVAM, le informamos que, de acuerdo con lo establecido por la legislaci\u00f3n de protecci\u00f3n de datos, los datos de car\u00e1cter personal proporcionados ser\u00e1n tratados para registrarle como cliente, ampar\u00e1ndose el IVAM en su consentimiento, al rellenar y enviar el formulario y al marcar la casilla aceptando la presente Pol\u00edtica de Privacidad.<\/p>\n<p>Asimismo, le informamos de que sus datos de car\u00e1cter personal ser\u00e1n tratados mientras se mantenga la relaci\u00f3n jur\u00eddica con usted o mientras no se produzca la revocaci\u00f3n de su consentimiento o ejercite los derechos de oposici\u00f3n o supresi\u00f3n, y sin perjuicio de su conservaci\u00f3n mientras persistan las obligaciones legales aplicables al IVAM.<\/p>\n<h2 class=\"text-left\">Amigos del IVAM<\/h2>\n<p>En el caso en el que usted haya rellenado el formulario de registro (Amigos del IVAM) existente en la web del IVAM, le informamos que, de acuerdo con lo establecido por la legislaci\u00f3n de protecci\u00f3n de datos, los datos de car\u00e1cter personal proporcionados ser\u00e1n tratados para gestionar su solicitud, proceder a la emisi\u00f3n de su documentaci\u00f3n acreditativa y el registro como socio, ampar\u00e1ndose el IVAM en su consentimiento, al rellenar y enviar el formulario y al marcar la casilla aceptando la presente Pol\u00edtica de Privacidad.<\/p>\n<p>Igualmente, le informamos de que sus datos de car\u00e1cter personal ser\u00e1n tratados mientras se mantenga la relaci\u00f3n jur\u00eddica con usted o mientras no se produzca la revocaci\u00f3n de su consentimiento o ejercite los derechos de oposici\u00f3n o supresi\u00f3n, y sin perjuicio de su conservaci\u00f3n mientras persistan las obligaciones legales aplicables al IVAM.<\/p>\n<h2 class=\"text-left\">Lectores Biblioteca<\/h2>\n<p>En el caso en el que usted haya rellenado el formulario de registro existente en la web del IVAM (Carnet biblioteca), le informamos que, de acuerdo con lo establecido por la legislaci\u00f3n de protecci\u00f3n de datos, los datos de car\u00e1cter personal proporcionados ser\u00e1n tratados para gestionar los tr\u00e1mites de solicitud y uso del servicio, y para proceder a la emisi\u00f3n de su documentaci\u00f3n acreditativa, ampar\u00e1ndose el IVAM en su consentimiento, al rellenar y enviar el formulario y al marcar la casilla aceptando la presente Pol\u00edtica de Privacidad.<\/p>\n<p>De igual modo, le informamos de que sus datos de car\u00e1cter personal ser\u00e1n tratados mientras se mantenga la relaci\u00f3n jur\u00eddica con usted o mientras no se produzca la revocaci\u00f3n de su consentimiento o ejercite los derechos de oposici\u00f3n o supresi\u00f3n, y sin perjuicio de su conservaci\u00f3n mientras persistan las obligaciones legales aplicables al IVAM.<\/p>\n<h2 class=\"text-left\">Menores y visitas de colegios<\/h2>\n<p>En aquellos supuestos en los que el IVAM trate datos de menores de 14 a\u00f1os, se contar\u00e1 con el consentimiento de los padres o tutores legales de dichos menores. Para ello, el IVAM facilita un formulario de consentimiento para el tratamiento de datos de menores en el que los padres podr\u00e1n dar o denegar el consentimiento para el tratamiento de datos de menores de 14 a\u00f1os.<\/p>\n<p>En el caso en el que usted haya rellenado el formulario de actividades de talleres y visitas para menores de 14 entregado antes de cada actividad, le informamos que, de acuerdo con lo establecido por la legislaci\u00f3n de protecci\u00f3n de datos, los datos de car\u00e1cter personal obtenidos del menor podr\u00e1n ser tratados para la publicaci\u00f3n de im\u00e1genes en la Web y redes sociales del IVAM, con el \u00fanico fin de ilustrar la actividad o taller, ampar\u00e1ndose la Entidad en su consentimiento, al rellenar el formulario de consentimiento para el tratamiento de datos de menores y marcar la casilla aceptando la Pol\u00edtica de Privacidad, salvo oposici\u00f3n expresa a ello.<\/p>\n<p>Igualmente, le informamos de que los datos del menor de 14 a\u00f1os de car\u00e1cter personal ser\u00e1n tratados mientras se mantenga la relaci\u00f3n jur\u00eddica con usted y no se produzca la revocaci\u00f3n de su consentimiento o mientras usted no ejercite los derechos de oposici\u00f3n o supresi\u00f3n, y sin perjuicio de su conservaci\u00f3n mientras persistan las obligaciones legales aplicables al IVAM.<\/p>\n<p>El IVAM no se hace responsable de los datos personales de los menores de 14 a\u00f1os que se traten por parte de los colegios y centros educativos que organicen visitas colectivas o talleres de actividades en el IVAM quienes deber\u00e1n contar con las correspondientes autorizaciones de los padres o tutores de los menores.<\/p>\n<h2 class=\"text-left\">Respecto a todos los tratamientos<\/h2>\n<h2 class=\"text-left\">Comunicaci\u00f3n de datos a terceros<\/h2>\n<p>No se ceder\u00e1n datos a terceros salvo por obligaci\u00f3n legal. Sin embargo, es posible que, para la correcta prestaci\u00f3n de los servicios, el IVAM deba comunicar determinados datos personales a terceros que le presten servicios, exclusivamente para el correcto funcionamiento de la Entidad o para la correcta ejecuci\u00f3n del contrato o servicio. En cualquier caso, estas comunicaciones de datos que podr\u00edan realizarse se har\u00e1n como encargado de tratamiento por parte de dichos terceros, para la prestaci\u00f3n de servicios al IVAM, lo que implicar\u00e1 el acceso por parte del tercero a la informaci\u00f3n de car\u00e1cter personal.<\/p>\n<p>En este sentido, el IVAM contar\u00e1 con los correspondientes contratos de encargo de tratamiento con los terceros que traten o accedan a los datos de car\u00e1cter personal del IVAM, en cumplimiento de lo establecido en la normativa de Protecci\u00f3n de Datos.<\/p>\n<h2 class=\"text-left\">Ejercicio de derechos<\/h2>\n<p>Igualmente le informamos que cuenta con los derechos acceso, rectificaci\u00f3n, supresi\u00f3n, oposici\u00f3n, limitaci\u00f3n del tratamiento y portabilidad, respecto de sus datos de car\u00e1cter personal, as\u00ed como con la posibilidad de revocar su consentimiento, pudi\u00e9ndolos ejercitar remitiendo un correo electr\u00f3nico a <a href=\"mailto:ivam@ivam.es\">ivam@ivam.es<\/a>. Debe tener en cuenta que Usted podr\u00e1 retirar su consentimiento en cualquier momento.<\/p>\n<p>El IVAM responder\u00e1 en el plazo de un mes a partir de la recepci\u00f3n de la solicitud. No obstante, habr\u00e1 de tenerse en cuenta la posibilidad de pr\u00f3rroga de dos meses atendiendo a la complejidad de la solicitud, as\u00ed como al n\u00famero de solicitudes. Dicha pr\u00f3rroga ser\u00e1 informada en el plazo de un mes desde la recepci\u00f3n de la solicitud.<\/p>\n<p>Finalmente, especialmente cuando usted no haya obtenido satisfacci\u00f3n en el ejercicio de sus derechos, tiene derecho a presentar reclamaci\u00f3n ante la autoridad de protecci\u00f3n de datos competente:<\/p>\n<p><a href=\"https:\/\/ec.europa.eu\/justice\/article-29\/structure\/data-protection-authorities\/index_en.htm\">https:\/\/ec.europa.eu\/justice\/article-29\/structure\/data-protection-authorities\/index_en.htm<\/a><\/p>\n<h2 class=\"text-left\">Mantenimiento de los datos<\/h2>\n<p>El interesado se compromete a mantener los datos proporcionados al IVAM debidamente actualizados. Cuando los datos facilitados por el interesado sean falsos, incompletos, no actualizados o inexactos, \u00e9ste ser\u00e1 responsable de cualquier perjuicio, directo o indirecto, material o inmaterial, que por causa de ello se pudiera ocasional a un tercero o al IVAM.<\/p>\n<p>El IVAM se reserva el derecho a extinguir los servicios proporcionados al interesado, as\u00ed como cualquier relaci\u00f3n, sin perjuicio de las dem\u00e1s acciones que procedan en derecho.<\/p>\n<h2 class=\"text-left\">Uso de cookies<\/h2>\n<p>Pinche <a href=\"\/es\/politica-de-cookies\/\">aqu\u00ed<\/a> para obtener informaci\u00f3n sobre el uso de cookies.<\/p>\n<h2 class=\"text-left\">Seguridad de los datos<\/h2>\n<p>El IVAM tiene implementados en sus centros de trabajo, museo, sistemas, infraestructuras de comunicaciones, etc., medidas t\u00e9cnicas y organizativas apropiadas para garantizar un nivel de seguridad adecuado al riesgo.<\/p>\n<p>Tambi\u00e9n ha adoptado las medidas l\u00f3gicas, f\u00edsicas, organizativas, contractuales, etc., que eviten el acceso de terceros a los datos sin autorizaci\u00f3n, la destrucci\u00f3n, la modificaci\u00f3n, la reproducci\u00f3n, la divulgaci\u00f3n, la transmisi\u00f3n o la reutilizaci\u00f3n de los mismos.<\/p>\n<p>A pesar de ello, siempre que proporcione informaci\u00f3n personal en la red, existe el riesgo de que terceras personas, cuyo control queda fuera de nuestro alcance, puedan interceptar esta informaci\u00f3n y utilizarla. Aunque en el IVAM nos esforzamos por proteger la informaci\u00f3n personal y su privacidad no podemos garantizar la seguridad de la informaci\u00f3n que revele a trav\u00e9s de la red y bajo su responsabilidad.<\/p>\n<h2 class=\"text-left\">Vigencia y modificaci\u00f3n de la pol\u00edtica de privacidad<\/h2>\n<p>La Pol\u00edtica de Privacidad establecida por el IVAM est\u00e1 en vigor desde la fecha de su publicaci\u00f3n en la web correspondiente; el usuario puede archivarla y\/o reproducirla.<\/p>\n<p>La presente Pol\u00edtica podr\u00e1 ser modificada por causa de cambios en los requisitos establecidos por la legislaci\u00f3n vigente en cada momento, por decisiones judiciales y cambios jurisprudenciales, as\u00ed como por cambios en la actuaci\u00f3n y estrategia empresarial del IVAM. La publicaci\u00f3n y acceso por parte de los usuarios, ser\u00e1 realizada a trav\u00e9s de este mismo sitio, entendi\u00e9ndose que las relaciones establecidas con los mismos con anterioridad al cambio se regir\u00e1n por las normas previstas en el momento en que se accedi\u00f3 al sitio web para su establecimiento.<\/p>\n","protected":false},"excerpt":{"rendered":"<p>Identidad del responsable del tratamiento Titular: Institut Valenci\u00e0 d\u2019Art Modern, en adelante \u201cIVAM\u201d o \u201cla entidad\u201d Domicilio: calle Guillem de Castro n\u00ba118 de Valencia, provincia de Valencia CIF: Q9655140C Web site: www.ivam.es Email contacto: ivam@ivam.es Delegado de Protecci\u00f3n de Datos: DPD: Delegado de Protecci\u00f3n de Datos de la Generalitat Ciudad Administrativa 9 D\u2019octubre, Calle de [&hellip;]<\/p>\n","protected":false},"author":13,"featured_media":0,"parent":0,"menu_order":242,"comment_status":"closed","ping_status":"closed","template":"","meta":{"footnotes":""},"class_list":["post-46071","page","type-page","status-publish","hentry"],"yoast_head":"<!-- This site is optimized with the Yoast SEO plugin v26.0 - https:\/\/yoast.com\/wordpress\/plugins\/seo\/ -->\n<title>Pol\u00edtica de privacidad - IVAM<\/title>\n<meta name=\"robots\" content=\"index, follow, max-snippet:-1, max-image-preview:large, max-video-preview:-1\" \/>\n<link rel=\"canonical\" href=\"https:\/\/ivam.es\/es\/politica-de-privacidad\/\" \/>\n<meta property=\"og:locale\" content=\"es_ES\" \/>\n<meta property=\"og:type\" content=\"article\" \/>\n<meta property=\"og:title\" content=\"Pol\u00edtica de privacidad - IVAM\" \/>\n<meta property=\"og:description\" content=\"Identidad del responsable del tratamiento Titular: Institut Valenci\u00e0 d\u2019Art Modern, en adelante \u201cIVAM\u201d o \u201cla entidad\u201d Domicilio: calle Guillem de Castro n\u00ba118 de Valencia, provincia de Valencia CIF: Q9655140C Web site: www.ivam.es Email contacto: ivam@ivam.es Delegado de Protecci\u00f3n de Datos: DPD: Delegado de Protecci\u00f3n de Datos de la Generalitat Ciudad Administrativa 9 D\u2019octubre, Calle de [&hellip;]\" \/>\n<meta property=\"og:url\" content=\"https:\/\/ivam.es\/es\/politica-de-privacidad\/\" \/>\n<meta property=\"og:site_name\" content=\"IVAM\" \/>\n<meta property=\"article:modified_time\" content=\"2026-02-25T09:00:43+00:00\" \/>\n<meta name=\"twitter:card\" content=\"summary_large_image\" \/>\n<meta name=\"twitter:label1\" content=\"Tiempo de lectura\" \/>\n\t<meta name=\"twitter:data1\" content=\"11 minutos\" \/>\n<script type=\"application\/ld+json\" class=\"yoast-schema-graph\">{\"@context\":\"https:\/\/schema.org\",\"@graph\":[{\"@type\":\"WebPage\",\"@id\":\"https:\/\/ivam.es\/es\/politica-de-privacidad\/\",\"url\":\"https:\/\/ivam.es\/es\/politica-de-privacidad\/\",\"name\":\"Pol\u00edtica de privacidad - IVAM\",\"isPartOf\":{\"@id\":\"https:\/\/ivam.es\/es\/#website\"},\"datePublished\":\"2020-05-29T17:31:21+00:00\",\"dateModified\":\"2026-02-25T09:00:43+00:00\",\"breadcrumb\":{\"@id\":\"https:\/\/ivam.es\/es\/politica-de-privacidad\/#breadcrumb\"},\"inLanguage\":\"es\",\"potentialAction\":[{\"@type\":\"ReadAction\",\"target\":[\"https:\/\/ivam.es\/es\/politica-de-privacidad\/\"]}]},{\"@type\":\"BreadcrumbList\",\"@id\":\"https:\/\/ivam.es\/es\/politica-de-privacidad\/#breadcrumb\",\"itemListElement\":[{\"@type\":\"ListItem\",\"position\":1,\"name\":\"Home\",\"item\":\"https:\/\/ivam.es\/es\/\"},{\"@type\":\"ListItem\",\"position\":2,\"name\":\"Pol\u00edtica de privacidad\"}]},{\"@type\":\"WebSite\",\"@id\":\"https:\/\/ivam.es\/es\/#website\",\"url\":\"https:\/\/ivam.es\/es\/\",\"name\":\"IVAM\",\"description\":\"Institut Valenci\u00e0 d&#039;Art Modern\",\"publisher\":{\"@id\":\"https:\/\/ivam.es\/es\/#organization\"},\"potentialAction\":[{\"@type\":\"SearchAction\",\"target\":{\"@type\":\"EntryPoint\",\"urlTemplate\":\"https:\/\/ivam.es\/es\/?s={search_term_string}\"},\"query-input\":{\"@type\":\"PropertyValueSpecification\",\"valueRequired\":true,\"valueName\":\"search_term_string\"}}],\"inLanguage\":\"es\"},{\"@type\":\"Organization\",\"@id\":\"https:\/\/ivam.es\/es\/#organization\",\"name\":\"IVAM\",\"url\":\"https:\/\/ivam.es\/es\/\",\"logo\":{\"@type\":\"ImageObject\",\"inLanguage\":\"es\",\"@id\":\"https:\/\/ivam.es\/es\/#\/schema\/logo\/image\/\",\"url\":\"https:\/\/ivam.es\/wp-content\/uploads\/logo-ok-512.png\",\"contentUrl\":\"https:\/\/ivam.es\/wp-content\/uploads\/logo-ok-512.png\",\"width\":512,\"height\":512,\"caption\":\"IVAM\"},\"image\":{\"@id\":\"https:\/\/ivam.es\/es\/#\/schema\/logo\/image\/\"}}]}<\/script>\n<!-- \/ Yoast SEO plugin. -->","yoast_head_json":{"title":"Pol\u00edtica de privacidad - IVAM","robots":{"index":"index","follow":"follow","max-snippet":"max-snippet:-1","max-image-preview":"max-image-preview:large","max-video-preview":"max-video-preview:-1"},"canonical":"https:\/\/ivam.es\/es\/politica-de-privacidad\/","og_locale":"es_ES","og_type":"article","og_title":"Pol\u00edtica de privacidad - IVAM","og_description":"Identidad del responsable del tratamiento Titular: Institut Valenci\u00e0 d\u2019Art Modern, en adelante \u201cIVAM\u201d o \u201cla entidad\u201d Domicilio: calle Guillem de Castro n\u00ba118 de Valencia, provincia de Valencia CIF: Q9655140C Web site: www.ivam.es Email contacto: ivam@ivam.es Delegado de Protecci\u00f3n de Datos: DPD: Delegado de Protecci\u00f3n de Datos de la Generalitat Ciudad Administrativa 9 D\u2019octubre, Calle de [&hellip;]","og_url":"https:\/\/ivam.es\/es\/politica-de-privacidad\/","og_site_name":"IVAM","article_modified_time":"2026-02-25T09:00:43+00:00","twitter_card":"summary_large_image","twitter_misc":{"Tiempo de lectura":"11 minutos"},"schema":{"@context":"https:\/\/schema.org","@graph":[{"@type":"WebPage","@id":"https:\/\/ivam.es\/es\/politica-de-privacidad\/","url":"https:\/\/ivam.es\/es\/politica-de-privacidad\/","name":"Pol\u00edtica de privacidad - IVAM","isPartOf":{"@id":"https:\/\/ivam.es\/es\/#website"},"datePublished":"2020-05-29T17:31:21+00:00","dateModified":"2026-02-25T09:00:43+00:00","breadcrumb":{"@id":"https:\/\/ivam.es\/es\/politica-de-privacidad\/#breadcrumb"},"inLanguage":"es","potentialAction":[{"@type":"ReadAction","target":["https:\/\/ivam.es\/es\/politica-de-privacidad\/"]}]},{"@type":"BreadcrumbList","@id":"https:\/\/ivam.es\/es\/politica-de-privacidad\/#breadcrumb","itemListElement":[{"@type":"ListItem","position":1,"name":"Home","item":"https:\/\/ivam.es\/es\/"},{"@type":"ListItem","position":2,"name":"Pol\u00edtica de privacidad"}]},{"@type":"WebSite","@id":"https:\/\/ivam.es\/es\/#website","url":"https:\/\/ivam.es\/es\/","name":"IVAM","description":"Institut Valenci\u00e0 d&#039;Art Modern","publisher":{"@id":"https:\/\/ivam.es\/es\/#organization"},"potentialAction":[{"@type":"SearchAction","target":{"@type":"EntryPoint","urlTemplate":"https:\/\/ivam.es\/es\/?s={search_term_string}"},"query-input":{"@type":"PropertyValueSpecification","valueRequired":true,"valueName":"search_term_string"}}],"inLanguage":"es"},{"@type":"Organization","@id":"https:\/\/ivam.es\/es\/#organization","name":"IVAM","url":"https:\/\/ivam.es\/es\/","logo":{"@type":"ImageObject","inLanguage":"es","@id":"https:\/\/ivam.es\/es\/#\/schema\/logo\/image\/","url":"https:\/\/ivam.es\/wp-content\/uploads\/logo-ok-512.png","contentUrl":"https:\/\/ivam.es\/wp-content\/uploads\/logo-ok-512.png","width":512,"height":512,"caption":"IVAM"},"image":{"@id":"https:\/\/ivam.es\/es\/#\/schema\/logo\/image\/"}}]}},"_links":{"self":[{"href":"https:\/\/ivam.es\/es\/wp-json\/wp\/v2\/pages\/46071","targetHints":{"allow":["GET"]}}],"collection":[{"href":"https:\/\/ivam.es\/es\/wp-json\/wp\/v2\/pages"}],"about":[{"href":"https:\/\/ivam.es\/es\/wp-json\/wp\/v2\/types\/page"}],"author":[{"embeddable":true,"href":"https:\/\/ivam.es\/es\/wp-json\/wp\/v2\/users\/13"}],"replies":[{"embeddable":true,"href":"https:\/\/ivam.es\/es\/wp-json\/wp\/v2\/comments?post=46071"}],"version-history":[{"count":8,"href":"https:\/\/ivam.es\/es\/wp-json\/wp\/v2\/pages\/46071\/revisions"}],"predecessor-version":[{"id":114586,"href":"https:\/\/ivam.es\/es\/wp-json\/wp\/v2\/pages\/46071\/revisions\/114586"}],"wp:attachment":[{"href":"https:\/\/ivam.es\/es\/wp-json\/wp\/v2\/media?parent=46071"}],"curies":[{"name":"wp","href":"https:\/\/api.w.org\/{rel}","templated":true}]}}