{"id":46009,"date":"2020-05-27T09:08:24","date_gmt":"2020-05-27T07:08:24","guid":{"rendered":"\/?page_id=46009"},"modified":"2020-05-28T19:03:48","modified_gmt":"2020-05-28T17:03:48","slug":"valerio-adami","status":"publish","type":"page","link":"https:\/\/ivam.es\/es\/valerio-adami\/","title":{"rendered":"VALERIO ADAMI"},"content":{"rendered":"<p><a href=\"\/wp-content\/uploads\/page\/valerio-adami\/VALERIO-ADAMI.jpg\"><img loading=\"lazy\" decoding=\"async\" class=\"alignnone wp-image-46010\" src=\"\/wp-content\/uploads\/page\/valerio-adami\/VALERIO-ADAMI-300x147.jpg\" alt=\"Valerio Adami \/ Plein Air N.Y., 1968\" width=\"1227\" height=\"600\" srcset=\"https:\/\/ivam.es\/wp-content\/uploads\/page\/valerio-adami\/VALERIO-ADAMI-300x147.jpg 300w, https:\/\/ivam.es\/wp-content\/uploads\/page\/valerio-adami\/VALERIO-ADAMI-1024x501.jpg 1024w, https:\/\/ivam.es\/wp-content\/uploads\/page\/valerio-adami\/VALERIO-ADAMI-768x376.jpg 768w, https:\/\/ivam.es\/wp-content\/uploads\/page\/valerio-adami\/VALERIO-ADAMI-280x137.jpg 280w, https:\/\/ivam.es\/wp-content\/uploads\/page\/valerio-adami\/VALERIO-ADAMI-467x228.jpg 467w, https:\/\/ivam.es\/wp-content\/uploads\/page\/valerio-adami\/VALERIO-ADAMI-231x113.jpg 231w, https:\/\/ivam.es\/wp-content\/uploads\/page\/valerio-adami\/VALERIO-ADAMI-500x245.jpg 500w, https:\/\/ivam.es\/wp-content\/uploads\/page\/valerio-adami\/VALERIO-ADAMI.jpg 1417w\" sizes=\"auto, (max-width: 1227px) 100vw, 1227px\" \/><\/a><\/p>\n<h4>Plein Air N.Y., 1968<br \/>\nAcr\u00edlico sobre lienzo<br \/>\n243,5 x 493,5 cm (tr\u00edptico, medidas totales)<\/h4>\n<p>&nbsp;<\/p>\n<p><strong>Valerio Adami (Bolonia, 1935)<\/strong><\/p>\n<p>Esta obra de Valerio Adami, un paisaje desierto de vida humana en la ciudad de Nueva York de finales de los a\u00f1os sesenta, nos recuerda las im\u00e1genes ins\u00f3litas vistas en los medios durante las \u00faltimas semanas de m\u00e1xima reclusi\u00f3n en nuestras casas, en las que los espacios p\u00fablicos emblem\u00e1ticos de diversas ciudades, habitualmente abarrotados, han cobrado otra dimensi\u00f3n, desconocida hasta ahora, sin la presencia humana, y, tambi\u00e9n, han cuestionado nuestro modelo de vida y de desarrollo.<\/p>\n<p>Adami no s\u00f3lo es heredero de la rica tradici\u00f3n pict\u00f3rica italiana, desde el prerrenacimiento hasta Giorgio de Chirico y sus paisajes llamados &#8216;metaf\u00edsicos&#8217; de arquitecturas igualmente desiertas de presencia humana, es tambi\u00e9n un verso suelto en el movimiento denominado Pop Art que se expandi\u00f3 tanto en los Estados Unidos como en Europa a partir de finales de los a\u00f1os cincuenta del siglo pasado, llegando a su apogeo una d\u00e9cada despu\u00e9s.<\/p>\n<p>Si bien Adami comparte algunas caracter\u00edsticas del lenguaje pop, bien visibles en esta obra <em>Plein Air N.Y.<\/em>, como son las figuras silueteadas por rotundas l\u00edneas negras y los colores planos, frescos y contrastados, estilo muy pr\u00f3ximo al c\u00f3mic de &#8216;l\u00ednea clara&#8217;, no es menos cierto que su obra denota tanta preocupaci\u00f3n por lo formal como por lo intelectual, y son constantes en buena parte de su producci\u00f3n las referencias a la poes\u00eda, la literatura, la filosof\u00eda o la historia, en forma de graf\u00edas.<\/p>\n<p>Recordamos aqu\u00ed las palabras de la profesora e investigadora Carmen Bern\u00e1rdez Sanch\u00eds (1954-2018): \u201cAdami se mantiene fiel al concepto que del dibujo ten\u00edan los artistas del Renacimiento: ser tanto la quintaesencia de la anatom\u00eda (de cualquier objeto, figura o paisaje), como la manifestaci\u00f3n gr\u00e1fica del pensamiento\u201d.<\/p>\n<h4>Marta Arroyo Planelles<br \/>\nConservadora<\/h4>\n","protected":false},"excerpt":{"rendered":"<p>Plein Air N.Y., 1968 Acr\u00edlico sobre lienzo 243,5 x 493,5 cm (tr\u00edptico, medidas totales) &nbsp; Valerio Adami (Bolonia, 1935) Esta obra de Valerio Adami, un paisaje desierto de vida humana en la ciudad de Nueva York de finales de los a\u00f1os sesenta, nos recuerda las im\u00e1genes ins\u00f3litas vistas en los medios durante las \u00faltimas semanas [&hellip;]<\/p>\n","protected":false},"author":3,"featured_media":0,"parent":0,"menu_order":251,"comment_status":"closed","ping_status":"closed","template":"","meta":{"footnotes":""},"class_list":["post-46009","page","type-page","status-publish","hentry"],"yoast_head":"<!-- This site is optimized with the Yoast SEO plugin v26.0 - https:\/\/yoast.com\/wordpress\/plugins\/seo\/ -->\n<title>VALERIO ADAMI - IVAM<\/title>\n<meta name=\"robots\" content=\"index, follow, max-snippet:-1, max-image-preview:large, max-video-preview:-1\" \/>\n<link rel=\"canonical\" href=\"https:\/\/ivam.es\/es\/valerio-adami\/\" \/>\n<meta property=\"og:locale\" content=\"es_ES\" \/>\n<meta property=\"og:type\" content=\"article\" \/>\n<meta property=\"og:title\" content=\"VALERIO ADAMI - IVAM\" \/>\n<meta property=\"og:description\" content=\"Plein Air N.Y., 1968 Acr\u00edlico sobre lienzo 243,5 x 493,5 cm (tr\u00edptico, medidas totales) &nbsp; Valerio Adami (Bolonia, 1935) Esta obra de Valerio Adami, un paisaje desierto de vida humana en la ciudad de Nueva York de finales de los a\u00f1os sesenta, nos recuerda las im\u00e1genes ins\u00f3litas vistas en los medios durante las \u00faltimas semanas [&hellip;]\" \/>\n<meta property=\"og:url\" content=\"https:\/\/ivam.es\/es\/valerio-adami\/\" \/>\n<meta property=\"og:site_name\" content=\"IVAM\" \/>\n<meta property=\"article:modified_time\" content=\"2020-05-28T17:03:48+00:00\" \/>\n<meta name=\"twitter:card\" content=\"summary_large_image\" \/>\n<meta name=\"twitter:label1\" content=\"Tiempo de lectura\" \/>\n\t<meta name=\"twitter:data1\" content=\"2 minutos\" \/>\n<script type=\"application\/ld+json\" class=\"yoast-schema-graph\">{\"@context\":\"https:\/\/schema.org\",\"@graph\":[{\"@type\":\"WebPage\",\"@id\":\"https:\/\/ivam.es\/es\/valerio-adami\/\",\"url\":\"https:\/\/ivam.es\/es\/valerio-adami\/\",\"name\":\"VALERIO ADAMI - IVAM\",\"isPartOf\":{\"@id\":\"https:\/\/ivam.es\/es\/#website\"},\"datePublished\":\"2020-05-27T07:08:24+00:00\",\"dateModified\":\"2020-05-28T17:03:48+00:00\",\"breadcrumb\":{\"@id\":\"https:\/\/ivam.es\/es\/valerio-adami\/#breadcrumb\"},\"inLanguage\":\"es\",\"potentialAction\":[{\"@type\":\"ReadAction\",\"target\":[\"https:\/\/ivam.es\/es\/valerio-adami\/\"]}]},{\"@type\":\"BreadcrumbList\",\"@id\":\"https:\/\/ivam.es\/es\/valerio-adami\/#breadcrumb\",\"itemListElement\":[{\"@type\":\"ListItem\",\"position\":1,\"name\":\"Home\",\"item\":\"https:\/\/ivam.es\/es\/\"},{\"@type\":\"ListItem\",\"position\":2,\"name\":\"VALERIO ADAMI\"}]},{\"@type\":\"WebSite\",\"@id\":\"https:\/\/ivam.es\/es\/#website\",\"url\":\"https:\/\/ivam.es\/es\/\",\"name\":\"IVAM\",\"description\":\"Institut Valenci\u00e0 d&#039;Art Modern\",\"publisher\":{\"@id\":\"https:\/\/ivam.es\/es\/#organization\"},\"potentialAction\":[{\"@type\":\"SearchAction\",\"target\":{\"@type\":\"EntryPoint\",\"urlTemplate\":\"https:\/\/ivam.es\/es\/?s={search_term_string}\"},\"query-input\":{\"@type\":\"PropertyValueSpecification\",\"valueRequired\":true,\"valueName\":\"search_term_string\"}}],\"inLanguage\":\"es\"},{\"@type\":\"Organization\",\"@id\":\"https:\/\/ivam.es\/es\/#organization\",\"name\":\"IVAM\",\"url\":\"https:\/\/ivam.es\/es\/\",\"logo\":{\"@type\":\"ImageObject\",\"inLanguage\":\"es\",\"@id\":\"https:\/\/ivam.es\/es\/#\/schema\/logo\/image\/\",\"url\":\"https:\/\/ivam.es\/wp-content\/uploads\/logo-ok-512.png\",\"contentUrl\":\"https:\/\/ivam.es\/wp-content\/uploads\/logo-ok-512.png\",\"width\":512,\"height\":512,\"caption\":\"IVAM\"},\"image\":{\"@id\":\"https:\/\/ivam.es\/es\/#\/schema\/logo\/image\/\"}}]}<\/script>\n<!-- \/ Yoast SEO plugin. -->","yoast_head_json":{"title":"VALERIO ADAMI - IVAM","robots":{"index":"index","follow":"follow","max-snippet":"max-snippet:-1","max-image-preview":"max-image-preview:large","max-video-preview":"max-video-preview:-1"},"canonical":"https:\/\/ivam.es\/es\/valerio-adami\/","og_locale":"es_ES","og_type":"article","og_title":"VALERIO ADAMI - IVAM","og_description":"Plein Air N.Y., 1968 Acr\u00edlico sobre lienzo 243,5 x 493,5 cm (tr\u00edptico, medidas totales) &nbsp; Valerio Adami (Bolonia, 1935) Esta obra de Valerio Adami, un paisaje desierto de vida humana en la ciudad de Nueva York de finales de los a\u00f1os sesenta, nos recuerda las im\u00e1genes ins\u00f3litas vistas en los medios durante las \u00faltimas semanas [&hellip;]","og_url":"https:\/\/ivam.es\/es\/valerio-adami\/","og_site_name":"IVAM","article_modified_time":"2020-05-28T17:03:48+00:00","twitter_card":"summary_large_image","twitter_misc":{"Tiempo de lectura":"2 minutos"},"schema":{"@context":"https:\/\/schema.org","@graph":[{"@type":"WebPage","@id":"https:\/\/ivam.es\/es\/valerio-adami\/","url":"https:\/\/ivam.es\/es\/valerio-adami\/","name":"VALERIO ADAMI - IVAM","isPartOf":{"@id":"https:\/\/ivam.es\/es\/#website"},"datePublished":"2020-05-27T07:08:24+00:00","dateModified":"2020-05-28T17:03:48+00:00","breadcrumb":{"@id":"https:\/\/ivam.es\/es\/valerio-adami\/#breadcrumb"},"inLanguage":"es","potentialAction":[{"@type":"ReadAction","target":["https:\/\/ivam.es\/es\/valerio-adami\/"]}]},{"@type":"BreadcrumbList","@id":"https:\/\/ivam.es\/es\/valerio-adami\/#breadcrumb","itemListElement":[{"@type":"ListItem","position":1,"name":"Home","item":"https:\/\/ivam.es\/es\/"},{"@type":"ListItem","position":2,"name":"VALERIO ADAMI"}]},{"@type":"WebSite","@id":"https:\/\/ivam.es\/es\/#website","url":"https:\/\/ivam.es\/es\/","name":"IVAM","description":"Institut Valenci\u00e0 d&#039;Art Modern","publisher":{"@id":"https:\/\/ivam.es\/es\/#organization"},"potentialAction":[{"@type":"SearchAction","target":{"@type":"EntryPoint","urlTemplate":"https:\/\/ivam.es\/es\/?s={search_term_string}"},"query-input":{"@type":"PropertyValueSpecification","valueRequired":true,"valueName":"search_term_string"}}],"inLanguage":"es"},{"@type":"Organization","@id":"https:\/\/ivam.es\/es\/#organization","name":"IVAM","url":"https:\/\/ivam.es\/es\/","logo":{"@type":"ImageObject","inLanguage":"es","@id":"https:\/\/ivam.es\/es\/#\/schema\/logo\/image\/","url":"https:\/\/ivam.es\/wp-content\/uploads\/logo-ok-512.png","contentUrl":"https:\/\/ivam.es\/wp-content\/uploads\/logo-ok-512.png","width":512,"height":512,"caption":"IVAM"},"image":{"@id":"https:\/\/ivam.es\/es\/#\/schema\/logo\/image\/"}}]}},"_links":{"self":[{"href":"https:\/\/ivam.es\/es\/wp-json\/wp\/v2\/pages\/46009","targetHints":{"allow":["GET"]}}],"collection":[{"href":"https:\/\/ivam.es\/es\/wp-json\/wp\/v2\/pages"}],"about":[{"href":"https:\/\/ivam.es\/es\/wp-json\/wp\/v2\/types\/page"}],"author":[{"embeddable":true,"href":"https:\/\/ivam.es\/es\/wp-json\/wp\/v2\/users\/3"}],"replies":[{"embeddable":true,"href":"https:\/\/ivam.es\/es\/wp-json\/wp\/v2\/comments?post=46009"}],"version-history":[{"count":3,"href":"https:\/\/ivam.es\/es\/wp-json\/wp\/v2\/pages\/46009\/revisions"}],"predecessor-version":[{"id":46015,"href":"https:\/\/ivam.es\/es\/wp-json\/wp\/v2\/pages\/46009\/revisions\/46015"}],"wp:attachment":[{"href":"https:\/\/ivam.es\/es\/wp-json\/wp\/v2\/media?parent=46009"}],"curies":[{"name":"wp","href":"https:\/\/api.w.org\/{rel}","templated":true}]}}