{"id":46004,"date":"2020-05-27T09:09:06","date_gmt":"2020-05-27T07:09:06","guid":{"rendered":"\/?page_id=46004"},"modified":"2020-05-29T13:48:35","modified_gmt":"2020-05-29T11:48:35","slug":"rosa-torres","status":"publish","type":"page","link":"https:\/\/ivam.es\/es\/rosa-torres\/","title":{"rendered":"ROSA TORRES"},"content":{"rendered":"<p><a href=\"\/wp-content\/uploads\/page\/rosa-torres\/Rosa-Torres-scaled.jpg\"><img loading=\"lazy\" decoding=\"async\" class=\"alignnone wp-image-46005\" src=\"\/wp-content\/uploads\/page\/rosa-torres\/Rosa-Torres-300x185.jpg\" alt=\"Rosa Torres \/ Serie Paisaje, 1979\" width=\"972\" height=\"600\" srcset=\"https:\/\/ivam.es\/wp-content\/uploads\/page\/rosa-torres\/Rosa-Torres-300x185.jpg 300w, https:\/\/ivam.es\/wp-content\/uploads\/page\/rosa-torres\/Rosa-Torres-1024x632.jpg 1024w, https:\/\/ivam.es\/wp-content\/uploads\/page\/rosa-torres\/Rosa-Torres-768x474.jpg 768w, https:\/\/ivam.es\/wp-content\/uploads\/page\/rosa-torres\/Rosa-Torres-1536x948.jpg 1536w, https:\/\/ivam.es\/wp-content\/uploads\/page\/rosa-torres\/Rosa-Torres-2048x1264.jpg 2048w, https:\/\/ivam.es\/wp-content\/uploads\/page\/rosa-torres\/Rosa-Torres-280x173.jpg 280w, https:\/\/ivam.es\/wp-content\/uploads\/page\/rosa-torres\/Rosa-Torres-467x288.jpg 467w, https:\/\/ivam.es\/wp-content\/uploads\/page\/rosa-torres\/Rosa-Torres-231x143.jpg 231w, https:\/\/ivam.es\/wp-content\/uploads\/page\/rosa-torres\/Rosa-Torres-500x309.jpg 500w\" sizes=\"auto, (max-width: 972px) 100vw, 972px\" \/><\/a><\/p>\n<h4>Serie Paisaje, 1979<br \/>\nAcr\u00edlico sobre lienzo<br \/>\n110 x 180 cm<\/h4>\n<p>&nbsp;<\/p>\n<p><strong>Rosa Torres (Valencia, 1954)<\/strong><\/p>\n<p>Rosa Torres se empapa de la escena cultural valenciana de los a\u00f1os 70 compartiendo vivencias con algunos de sus compa\u00f1eros de formaci\u00f3n en la Escuela de Bellas Artes de San Carlos. Es en ese momento cuando colabora con Equipo Cr\u00f3nica.<\/p>\n<p>Torres ha creado estilo propio, muy reconocible por el p\u00fablico, al que incorpora elementos del Pop Art. En su obra el paisaje es la tem\u00e1tica principal, es interesante se\u00f1alar su particular forma de introducir al espectador en el entorno de este paisaje. Una de las constantes en la obra de la artista es el gran peso que otorga al color, en sus lienzos se observan grandes machas planas que dan forma a una pintura que juega entre la figuraci\u00f3n y la abstracci\u00f3n. Desde la d\u00e9cada de los 70 su trabajo se organiza en extensas series que dan el t\u00edtulo a cada una de las obras que las forman. No sigue un orden cronol\u00f3gico cuando se enfrenta a estas series. Esta obra es parte de la colecci\u00f3n del IVAM desde el a\u00f1o 1994.<\/p>\n<h4>Irene Bonilla<br \/>\nConservadora<\/h4>\n","protected":false},"excerpt":{"rendered":"<p>Serie Paisaje, 1979 Acr\u00edlico sobre lienzo 110 x 180 cm &nbsp; Rosa Torres (Valencia, 1954) Rosa Torres se empapa de la escena cultural valenciana de los a\u00f1os 70 compartiendo vivencias con algunos de sus compa\u00f1eros de formaci\u00f3n en la Escuela de Bellas Artes de San Carlos. Es en ese momento cuando colabora con Equipo Cr\u00f3nica. [&hellip;]<\/p>\n","protected":false},"author":3,"featured_media":0,"parent":0,"menu_order":250,"comment_status":"closed","ping_status":"closed","template":"","meta":{"footnotes":""},"class_list":["post-46004","page","type-page","status-publish","hentry"],"yoast_head":"<!-- This site is optimized with the Yoast SEO plugin v26.0 - https:\/\/yoast.com\/wordpress\/plugins\/seo\/ -->\n<title>ROSA TORRES - IVAM<\/title>\n<meta name=\"robots\" content=\"index, follow, max-snippet:-1, max-image-preview:large, max-video-preview:-1\" \/>\n<link rel=\"canonical\" href=\"https:\/\/ivam.es\/es\/rosa-torres\/\" \/>\n<meta property=\"og:locale\" content=\"es_ES\" \/>\n<meta property=\"og:type\" content=\"article\" \/>\n<meta property=\"og:title\" content=\"ROSA TORRES - IVAM\" \/>\n<meta property=\"og:description\" content=\"Serie Paisaje, 1979 Acr\u00edlico sobre lienzo 110 x 180 cm &nbsp; Rosa Torres (Valencia, 1954) Rosa Torres se empapa de la escena cultural valenciana de los a\u00f1os 70 compartiendo vivencias con algunos de sus compa\u00f1eros de formaci\u00f3n en la Escuela de Bellas Artes de San Carlos. Es en ese momento cuando colabora con Equipo Cr\u00f3nica. [&hellip;]\" \/>\n<meta property=\"og:url\" content=\"https:\/\/ivam.es\/es\/rosa-torres\/\" \/>\n<meta property=\"og:site_name\" content=\"IVAM\" \/>\n<meta property=\"article:modified_time\" content=\"2020-05-29T11:48:35+00:00\" \/>\n<meta name=\"twitter:card\" content=\"summary_large_image\" \/>\n<meta name=\"twitter:label1\" content=\"Tiempo de lectura\" \/>\n\t<meta name=\"twitter:data1\" content=\"1 minuto\" \/>\n<script type=\"application\/ld+json\" class=\"yoast-schema-graph\">{\"@context\":\"https:\/\/schema.org\",\"@graph\":[{\"@type\":\"WebPage\",\"@id\":\"https:\/\/ivam.es\/es\/rosa-torres\/\",\"url\":\"https:\/\/ivam.es\/es\/rosa-torres\/\",\"name\":\"ROSA TORRES - IVAM\",\"isPartOf\":{\"@id\":\"https:\/\/ivam.es\/es\/#website\"},\"datePublished\":\"2020-05-27T07:09:06+00:00\",\"dateModified\":\"2020-05-29T11:48:35+00:00\",\"breadcrumb\":{\"@id\":\"https:\/\/ivam.es\/es\/rosa-torres\/#breadcrumb\"},\"inLanguage\":\"es\",\"potentialAction\":[{\"@type\":\"ReadAction\",\"target\":[\"https:\/\/ivam.es\/es\/rosa-torres\/\"]}]},{\"@type\":\"BreadcrumbList\",\"@id\":\"https:\/\/ivam.es\/es\/rosa-torres\/#breadcrumb\",\"itemListElement\":[{\"@type\":\"ListItem\",\"position\":1,\"name\":\"Home\",\"item\":\"https:\/\/ivam.es\/es\/\"},{\"@type\":\"ListItem\",\"position\":2,\"name\":\"ROSA TORRES\"}]},{\"@type\":\"WebSite\",\"@id\":\"https:\/\/ivam.es\/es\/#website\",\"url\":\"https:\/\/ivam.es\/es\/\",\"name\":\"IVAM\",\"description\":\"Institut Valenci\u00e0 d&#039;Art Modern\",\"publisher\":{\"@id\":\"https:\/\/ivam.es\/es\/#organization\"},\"potentialAction\":[{\"@type\":\"SearchAction\",\"target\":{\"@type\":\"EntryPoint\",\"urlTemplate\":\"https:\/\/ivam.es\/es\/?s={search_term_string}\"},\"query-input\":{\"@type\":\"PropertyValueSpecification\",\"valueRequired\":true,\"valueName\":\"search_term_string\"}}],\"inLanguage\":\"es\"},{\"@type\":\"Organization\",\"@id\":\"https:\/\/ivam.es\/es\/#organization\",\"name\":\"IVAM\",\"url\":\"https:\/\/ivam.es\/es\/\",\"logo\":{\"@type\":\"ImageObject\",\"inLanguage\":\"es\",\"@id\":\"https:\/\/ivam.es\/es\/#\/schema\/logo\/image\/\",\"url\":\"https:\/\/ivam.es\/wp-content\/uploads\/logo-ok-512.png\",\"contentUrl\":\"https:\/\/ivam.es\/wp-content\/uploads\/logo-ok-512.png\",\"width\":512,\"height\":512,\"caption\":\"IVAM\"},\"image\":{\"@id\":\"https:\/\/ivam.es\/es\/#\/schema\/logo\/image\/\"}}]}<\/script>\n<!-- \/ Yoast SEO plugin. -->","yoast_head_json":{"title":"ROSA TORRES - IVAM","robots":{"index":"index","follow":"follow","max-snippet":"max-snippet:-1","max-image-preview":"max-image-preview:large","max-video-preview":"max-video-preview:-1"},"canonical":"https:\/\/ivam.es\/es\/rosa-torres\/","og_locale":"es_ES","og_type":"article","og_title":"ROSA TORRES - IVAM","og_description":"Serie Paisaje, 1979 Acr\u00edlico sobre lienzo 110 x 180 cm &nbsp; Rosa Torres (Valencia, 1954) Rosa Torres se empapa de la escena cultural valenciana de los a\u00f1os 70 compartiendo vivencias con algunos de sus compa\u00f1eros de formaci\u00f3n en la Escuela de Bellas Artes de San Carlos. Es en ese momento cuando colabora con Equipo Cr\u00f3nica. [&hellip;]","og_url":"https:\/\/ivam.es\/es\/rosa-torres\/","og_site_name":"IVAM","article_modified_time":"2020-05-29T11:48:35+00:00","twitter_card":"summary_large_image","twitter_misc":{"Tiempo de lectura":"1 minuto"},"schema":{"@context":"https:\/\/schema.org","@graph":[{"@type":"WebPage","@id":"https:\/\/ivam.es\/es\/rosa-torres\/","url":"https:\/\/ivam.es\/es\/rosa-torres\/","name":"ROSA TORRES - IVAM","isPartOf":{"@id":"https:\/\/ivam.es\/es\/#website"},"datePublished":"2020-05-27T07:09:06+00:00","dateModified":"2020-05-29T11:48:35+00:00","breadcrumb":{"@id":"https:\/\/ivam.es\/es\/rosa-torres\/#breadcrumb"},"inLanguage":"es","potentialAction":[{"@type":"ReadAction","target":["https:\/\/ivam.es\/es\/rosa-torres\/"]}]},{"@type":"BreadcrumbList","@id":"https:\/\/ivam.es\/es\/rosa-torres\/#breadcrumb","itemListElement":[{"@type":"ListItem","position":1,"name":"Home","item":"https:\/\/ivam.es\/es\/"},{"@type":"ListItem","position":2,"name":"ROSA TORRES"}]},{"@type":"WebSite","@id":"https:\/\/ivam.es\/es\/#website","url":"https:\/\/ivam.es\/es\/","name":"IVAM","description":"Institut Valenci\u00e0 d&#039;Art Modern","publisher":{"@id":"https:\/\/ivam.es\/es\/#organization"},"potentialAction":[{"@type":"SearchAction","target":{"@type":"EntryPoint","urlTemplate":"https:\/\/ivam.es\/es\/?s={search_term_string}"},"query-input":{"@type":"PropertyValueSpecification","valueRequired":true,"valueName":"search_term_string"}}],"inLanguage":"es"},{"@type":"Organization","@id":"https:\/\/ivam.es\/es\/#organization","name":"IVAM","url":"https:\/\/ivam.es\/es\/","logo":{"@type":"ImageObject","inLanguage":"es","@id":"https:\/\/ivam.es\/es\/#\/schema\/logo\/image\/","url":"https:\/\/ivam.es\/wp-content\/uploads\/logo-ok-512.png","contentUrl":"https:\/\/ivam.es\/wp-content\/uploads\/logo-ok-512.png","width":512,"height":512,"caption":"IVAM"},"image":{"@id":"https:\/\/ivam.es\/es\/#\/schema\/logo\/image\/"}}]}},"_links":{"self":[{"href":"https:\/\/ivam.es\/es\/wp-json\/wp\/v2\/pages\/46004","targetHints":{"allow":["GET"]}}],"collection":[{"href":"https:\/\/ivam.es\/es\/wp-json\/wp\/v2\/pages"}],"about":[{"href":"https:\/\/ivam.es\/es\/wp-json\/wp\/v2\/types\/page"}],"author":[{"embeddable":true,"href":"https:\/\/ivam.es\/es\/wp-json\/wp\/v2\/users\/3"}],"replies":[{"embeddable":true,"href":"https:\/\/ivam.es\/es\/wp-json\/wp\/v2\/comments?post=46004"}],"version-history":[{"count":2,"href":"https:\/\/ivam.es\/es\/wp-json\/wp\/v2\/pages\/46004\/revisions"}],"predecessor-version":[{"id":46016,"href":"https:\/\/ivam.es\/es\/wp-json\/wp\/v2\/pages\/46004\/revisions\/46016"}],"wp:attachment":[{"href":"https:\/\/ivam.es\/es\/wp-json\/wp\/v2\/media?parent=46004"}],"curies":[{"name":"wp","href":"https:\/\/api.w.org\/{rel}","templated":true}]}}