{"id":45978,"date":"2020-05-27T09:16:40","date_gmt":"2020-05-27T07:16:40","guid":{"rendered":"\/?page_id=45978"},"modified":"2020-05-29T13:48:24","modified_gmt":"2020-05-29T11:48:24","slug":"james-rosenquist","status":"publish","type":"page","link":"https:\/\/ivam.es\/es\/james-rosenquist\/","title":{"rendered":"JAMES ROSENQUIST"},"content":{"rendered":"<p><a href=\"\/wp-content\/uploads\/page\/james-rosenquist\/James-Rosenquist-scaled.jpg\"><img loading=\"lazy\" decoding=\"async\" class=\"alignnone wp-image-46000\" src=\"\/wp-content\/uploads\/page\/james-rosenquist\/James-Rosenquist-300x252.jpg\" alt=\"\" width=\"714\" height=\"600\" srcset=\"https:\/\/ivam.es\/wp-content\/uploads\/page\/james-rosenquist\/James-Rosenquist-300x252.jpg 300w, https:\/\/ivam.es\/wp-content\/uploads\/page\/james-rosenquist\/James-Rosenquist-1024x861.jpg 1024w, https:\/\/ivam.es\/wp-content\/uploads\/page\/james-rosenquist\/James-Rosenquist-768x646.jpg 768w, https:\/\/ivam.es\/wp-content\/uploads\/page\/james-rosenquist\/James-Rosenquist-1536x1291.jpg 1536w, https:\/\/ivam.es\/wp-content\/uploads\/page\/james-rosenquist\/James-Rosenquist-2048x1722.jpg 2048w, https:\/\/ivam.es\/wp-content\/uploads\/page\/james-rosenquist\/James-Rosenquist-280x235.jpg 280w, https:\/\/ivam.es\/wp-content\/uploads\/page\/james-rosenquist\/James-Rosenquist-467x393.jpg 467w, https:\/\/ivam.es\/wp-content\/uploads\/page\/james-rosenquist\/James-Rosenquist-231x194.jpg 231w, https:\/\/ivam.es\/wp-content\/uploads\/page\/james-rosenquist\/James-Rosenquist-500x420.jpg 500w\" sizes=\"auto, (max-width: 714px) 100vw, 714px\" \/><\/a><\/p>\n<h4>Red Applause<em>,<\/em> 1966<br \/>\nAcr\u00edlico sobre lienzo, dos paneles m\u00f3viles unidos y motor el\u00e9ctrico<br \/>\n148 x 174 cm<br \/>\nDonaci\u00f3n del artista<\/h4>\n<p>&nbsp;<\/p>\n<p><strong>James Rosenquist (Grand Forks, Dakota del Norte, 1933 \u2013 Nueva York, 2017)<\/strong><\/p>\n<p>\u201cDebo decir en primer lugar que s\u00f3lo acepto la existencia de cinco artistas pop puros y duros en toda Nueva York. Todos ellos usan t\u00e9cnicas y colores comerciales agresivos para trasmitir sus im\u00e1genes, que son sin la menor duda, populares y representativas, pero lo que hacen estil\u00edsticamente con esos recursos no es siempre de la misma \u00edndole. Los Cinco de Nueva York son los siguientes: Andy Warhol, Roy Lichtenstein, Tom Wesselmann, James Rosenquist y Claes Oldenburg\u201d. Con esta contundencia se expresaba la cr\u00edtica de arte norteamericana Lucy Lippard, en su seminal libro El Pop Art, editado en 1966, sobre los artistas asociados al arte pop en la ciudad norteamericana.<\/p>\n<p>James Rosenquist (uno de \u201clos cinco\u201d), es el autor del d\u00edptico con movimiento, <em>Red Applause<\/em> que forma parte de la colecci\u00f3n del IVAM junto a cuatro obras m\u00e1s. Pintado, como el propio artista indica, con el m\u00e9todo que aprendi\u00f3 como pintor comercial -de vallas publicitarias-<em>, Red Applause<\/em> introduce una gran novedad, el movimiento en la pintura. La obra reproduce exactamente su t\u00edtulo, un aplauso rojo, y necesita de un mecanismo accionado por un motor de 220v para mover los dos lienzos de los que se compone.<\/p>\n<p>La decisi\u00f3n de Rosenquist de utilizar t\u00e9cnicas y temas populares supuso algo m\u00e1s que una mera apropiaci\u00f3n de la pintura de anuncios. Se trataba de una cuesti\u00f3n de elecci\u00f3n, de una nueva base para hacer arte. Formado en la Universidad de Minnesota y en la Art Student\u2019s League de Nueva York, durante los a\u00f1os que estuvo trabajando como pintor de vallas, siempre distingui\u00f3 entre su trabajo comercial y su pr\u00e1ctica de estudio. Pese a todo la distinci\u00f3n nunca fue estricta ni permanente, pintar vallas le daba la oportunidad de contemplar una enorme composici\u00f3n desplegada, y la posibilidad de investigar texturas de superficies pict\u00f3ricas. Y en <em>Red Applause<\/em>, a\u00f1adi\u00f3 el movimiento, imprescindible cuando se pretende visualizar la acci\u00f3n de aplaudir, y que pone a la obra en relaci\u00f3n con otra, tambi\u00e9n en la colecci\u00f3n del IVAM: <em>The Critic Laughs<\/em> de Richard Hamilton, que para expresar la risa, utiliza un motor tambi\u00e9n, en este caso el de un cepillo de dientes el\u00e9ctrico.<\/p>\n<h4>Teresa Millet<br \/>\nConservadora<\/h4>\n","protected":false},"excerpt":{"rendered":"<p>Red Applause, 1966 Acr\u00edlico sobre lienzo, dos paneles m\u00f3viles unidos y motor el\u00e9ctrico 148 x 174 cm Donaci\u00f3n del artista &nbsp; James Rosenquist (Grand Forks, Dakota del Norte, 1933 \u2013 Nueva York, 2017) \u201cDebo decir en primer lugar que s\u00f3lo acepto la existencia de cinco artistas pop puros y duros en toda Nueva York. Todos [&hellip;]<\/p>\n","protected":false},"author":3,"featured_media":0,"parent":0,"menu_order":249,"comment_status":"closed","ping_status":"closed","template":"","meta":{"footnotes":""},"class_list":["post-45978","page","type-page","status-publish","hentry"],"yoast_head":"<!-- This site is optimized with the Yoast SEO plugin v26.0 - https:\/\/yoast.com\/wordpress\/plugins\/seo\/ -->\n<title>JAMES ROSENQUIST - IVAM<\/title>\n<meta name=\"robots\" content=\"index, follow, max-snippet:-1, max-image-preview:large, max-video-preview:-1\" \/>\n<link rel=\"canonical\" href=\"https:\/\/ivam.es\/es\/james-rosenquist\/\" \/>\n<meta property=\"og:locale\" content=\"es_ES\" \/>\n<meta property=\"og:type\" content=\"article\" \/>\n<meta property=\"og:title\" content=\"JAMES ROSENQUIST - IVAM\" \/>\n<meta property=\"og:description\" content=\"Red Applause, 1966 Acr\u00edlico sobre lienzo, dos paneles m\u00f3viles unidos y motor el\u00e9ctrico 148 x 174 cm Donaci\u00f3n del artista &nbsp; James Rosenquist (Grand Forks, Dakota del Norte, 1933 \u2013 Nueva York, 2017) \u201cDebo decir en primer lugar que s\u00f3lo acepto la existencia de cinco artistas pop puros y duros en toda Nueva York. Todos [&hellip;]\" \/>\n<meta property=\"og:url\" content=\"https:\/\/ivam.es\/es\/james-rosenquist\/\" \/>\n<meta property=\"og:site_name\" content=\"IVAM\" \/>\n<meta property=\"article:modified_time\" content=\"2020-05-29T11:48:24+00:00\" \/>\n<meta name=\"twitter:card\" content=\"summary_large_image\" \/>\n<meta name=\"twitter:label1\" content=\"Tiempo de lectura\" \/>\n\t<meta name=\"twitter:data1\" content=\"2 minutos\" \/>\n<script type=\"application\/ld+json\" class=\"yoast-schema-graph\">{\"@context\":\"https:\/\/schema.org\",\"@graph\":[{\"@type\":\"WebPage\",\"@id\":\"https:\/\/ivam.es\/es\/james-rosenquist\/\",\"url\":\"https:\/\/ivam.es\/es\/james-rosenquist\/\",\"name\":\"JAMES ROSENQUIST - IVAM\",\"isPartOf\":{\"@id\":\"https:\/\/ivam.es\/es\/#website\"},\"datePublished\":\"2020-05-27T07:16:40+00:00\",\"dateModified\":\"2020-05-29T11:48:24+00:00\",\"breadcrumb\":{\"@id\":\"https:\/\/ivam.es\/es\/james-rosenquist\/#breadcrumb\"},\"inLanguage\":\"es\",\"potentialAction\":[{\"@type\":\"ReadAction\",\"target\":[\"https:\/\/ivam.es\/es\/james-rosenquist\/\"]}]},{\"@type\":\"BreadcrumbList\",\"@id\":\"https:\/\/ivam.es\/es\/james-rosenquist\/#breadcrumb\",\"itemListElement\":[{\"@type\":\"ListItem\",\"position\":1,\"name\":\"Home\",\"item\":\"https:\/\/ivam.es\/es\/\"},{\"@type\":\"ListItem\",\"position\":2,\"name\":\"JAMES ROSENQUIST\"}]},{\"@type\":\"WebSite\",\"@id\":\"https:\/\/ivam.es\/es\/#website\",\"url\":\"https:\/\/ivam.es\/es\/\",\"name\":\"IVAM\",\"description\":\"Institut Valenci\u00e0 d&#039;Art Modern\",\"publisher\":{\"@id\":\"https:\/\/ivam.es\/es\/#organization\"},\"potentialAction\":[{\"@type\":\"SearchAction\",\"target\":{\"@type\":\"EntryPoint\",\"urlTemplate\":\"https:\/\/ivam.es\/es\/?s={search_term_string}\"},\"query-input\":{\"@type\":\"PropertyValueSpecification\",\"valueRequired\":true,\"valueName\":\"search_term_string\"}}],\"inLanguage\":\"es\"},{\"@type\":\"Organization\",\"@id\":\"https:\/\/ivam.es\/es\/#organization\",\"name\":\"IVAM\",\"url\":\"https:\/\/ivam.es\/es\/\",\"logo\":{\"@type\":\"ImageObject\",\"inLanguage\":\"es\",\"@id\":\"https:\/\/ivam.es\/es\/#\/schema\/logo\/image\/\",\"url\":\"https:\/\/ivam.es\/wp-content\/uploads\/logo-ok-512.png\",\"contentUrl\":\"https:\/\/ivam.es\/wp-content\/uploads\/logo-ok-512.png\",\"width\":512,\"height\":512,\"caption\":\"IVAM\"},\"image\":{\"@id\":\"https:\/\/ivam.es\/es\/#\/schema\/logo\/image\/\"}}]}<\/script>\n<!-- \/ Yoast SEO plugin. -->","yoast_head_json":{"title":"JAMES ROSENQUIST - IVAM","robots":{"index":"index","follow":"follow","max-snippet":"max-snippet:-1","max-image-preview":"max-image-preview:large","max-video-preview":"max-video-preview:-1"},"canonical":"https:\/\/ivam.es\/es\/james-rosenquist\/","og_locale":"es_ES","og_type":"article","og_title":"JAMES ROSENQUIST - IVAM","og_description":"Red Applause, 1966 Acr\u00edlico sobre lienzo, dos paneles m\u00f3viles unidos y motor el\u00e9ctrico 148 x 174 cm Donaci\u00f3n del artista &nbsp; James Rosenquist (Grand Forks, Dakota del Norte, 1933 \u2013 Nueva York, 2017) \u201cDebo decir en primer lugar que s\u00f3lo acepto la existencia de cinco artistas pop puros y duros en toda Nueva York. Todos [&hellip;]","og_url":"https:\/\/ivam.es\/es\/james-rosenquist\/","og_site_name":"IVAM","article_modified_time":"2020-05-29T11:48:24+00:00","twitter_card":"summary_large_image","twitter_misc":{"Tiempo de lectura":"2 minutos"},"schema":{"@context":"https:\/\/schema.org","@graph":[{"@type":"WebPage","@id":"https:\/\/ivam.es\/es\/james-rosenquist\/","url":"https:\/\/ivam.es\/es\/james-rosenquist\/","name":"JAMES ROSENQUIST - IVAM","isPartOf":{"@id":"https:\/\/ivam.es\/es\/#website"},"datePublished":"2020-05-27T07:16:40+00:00","dateModified":"2020-05-29T11:48:24+00:00","breadcrumb":{"@id":"https:\/\/ivam.es\/es\/james-rosenquist\/#breadcrumb"},"inLanguage":"es","potentialAction":[{"@type":"ReadAction","target":["https:\/\/ivam.es\/es\/james-rosenquist\/"]}]},{"@type":"BreadcrumbList","@id":"https:\/\/ivam.es\/es\/james-rosenquist\/#breadcrumb","itemListElement":[{"@type":"ListItem","position":1,"name":"Home","item":"https:\/\/ivam.es\/es\/"},{"@type":"ListItem","position":2,"name":"JAMES ROSENQUIST"}]},{"@type":"WebSite","@id":"https:\/\/ivam.es\/es\/#website","url":"https:\/\/ivam.es\/es\/","name":"IVAM","description":"Institut Valenci\u00e0 d&#039;Art Modern","publisher":{"@id":"https:\/\/ivam.es\/es\/#organization"},"potentialAction":[{"@type":"SearchAction","target":{"@type":"EntryPoint","urlTemplate":"https:\/\/ivam.es\/es\/?s={search_term_string}"},"query-input":{"@type":"PropertyValueSpecification","valueRequired":true,"valueName":"search_term_string"}}],"inLanguage":"es"},{"@type":"Organization","@id":"https:\/\/ivam.es\/es\/#organization","name":"IVAM","url":"https:\/\/ivam.es\/es\/","logo":{"@type":"ImageObject","inLanguage":"es","@id":"https:\/\/ivam.es\/es\/#\/schema\/logo\/image\/","url":"https:\/\/ivam.es\/wp-content\/uploads\/logo-ok-512.png","contentUrl":"https:\/\/ivam.es\/wp-content\/uploads\/logo-ok-512.png","width":512,"height":512,"caption":"IVAM"},"image":{"@id":"https:\/\/ivam.es\/es\/#\/schema\/logo\/image\/"}}]}},"_links":{"self":[{"href":"https:\/\/ivam.es\/es\/wp-json\/wp\/v2\/pages\/45978","targetHints":{"allow":["GET"]}}],"collection":[{"href":"https:\/\/ivam.es\/es\/wp-json\/wp\/v2\/pages"}],"about":[{"href":"https:\/\/ivam.es\/es\/wp-json\/wp\/v2\/types\/page"}],"author":[{"embeddable":true,"href":"https:\/\/ivam.es\/es\/wp-json\/wp\/v2\/users\/3"}],"replies":[{"embeddable":true,"href":"https:\/\/ivam.es\/es\/wp-json\/wp\/v2\/comments?post=45978"}],"version-history":[{"count":5,"href":"https:\/\/ivam.es\/es\/wp-json\/wp\/v2\/pages\/45978\/revisions"}],"predecessor-version":[{"id":46017,"href":"https:\/\/ivam.es\/es\/wp-json\/wp\/v2\/pages\/45978\/revisions\/46017"}],"wp:attachment":[{"href":"https:\/\/ivam.es\/es\/wp-json\/wp\/v2\/media?parent=45978"}],"curies":[{"name":"wp","href":"https:\/\/api.w.org\/{rel}","templated":true}]}}