{"id":45976,"date":"2020-05-27T09:27:21","date_gmt":"2020-05-27T07:27:21","guid":{"rendered":"\/?page_id=45976"},"modified":"2020-05-29T13:48:11","modified_gmt":"2020-05-29T11:48:11","slug":"isabel-oliver-2","status":"publish","type":"page","link":"https:\/\/ivam.es\/es\/isabel-oliver-2\/","title":{"rendered":"ISABEL OLIVER"},"content":{"rendered":"<p>&nbsp;<\/p>\n<h4 class=\"text-left\"><\/h4>\n<h4>De profesi\u00f3n, sus labores, 1972-74. Reconstrucci\u00f3n: 2018<br \/>\nBastidores de madera y tela serigrafiada<br \/>\nDimensiones variables<\/h4>\n<p>&nbsp;<\/p>\n<p><strong>Isabel Oliver (Val\u00e8ncia, 1954)<br \/>\n<\/strong><br \/>\nLas primeras obras de Isabel Oliver surgen en los a\u00f1os 70, en un contexto art\u00edstico dominado por los hombres en el que las mujeres eran pr\u00e1cticamente invisibles. Sus pinturas, cargadas de cr\u00edtica social y marcado feminismo, evidencian la sumisi\u00f3n de la mujer ante una sociedad de consumo que las doblega para poder alcanzar el canon de belleza establecido por una sociedad machista y patriarcal. La serie <em>De profesi\u00f3n, sus labores<\/em> habla de convencionalismos, de la tradicional educaci\u00f3n de las mujeres en las labores del hogar, y de reglas y roles impuestos que las reduc\u00eda a mero objeto decorativo, como lo eran los cuadros realizados usando la t\u00e9cnica de bordado popular de punto de cruz o <em>petit point,<\/em> en la que se trabaja sobre un dibujo previamente serigrafiado que hay que seguir con la aguja, utilizando un bastidor que tensa la tela y que facilita el bordado. Esa misma puntada con forma de cruz es la que emula Isabel Oliver en los sesenta paisajes montados sobre bastidor que forman esta instalaci\u00f3n, en la que la pintora reinterpreta su propia profesi\u00f3n, sus propias labores.<\/p>\n<h4>Maita Ca\u00f1am\u00e1s<br \/>\nConservadora<\/h4>\n","protected":false},"excerpt":{"rendered":"<p>&nbsp; De profesi\u00f3n, sus labores, 1972-74. Reconstrucci\u00f3n: 2018 Bastidores de madera y tela serigrafiada Dimensiones variables &nbsp; Isabel Oliver (Val\u00e8ncia, 1954) Las primeras obras de Isabel Oliver surgen en los a\u00f1os 70, en un contexto art\u00edstico dominado por los hombres en el que las mujeres eran pr\u00e1cticamente invisibles. Sus pinturas, cargadas de cr\u00edtica social y [&hellip;]<\/p>\n","protected":false},"author":3,"featured_media":0,"parent":0,"menu_order":244,"comment_status":"closed","ping_status":"closed","template":"","meta":{"footnotes":""},"class_list":["post-45976","page","type-page","status-publish","hentry"],"yoast_head":"<!-- This site is optimized with the Yoast SEO plugin v26.0 - https:\/\/yoast.com\/wordpress\/plugins\/seo\/ -->\n<title>ISABEL OLIVER - IVAM<\/title>\n<meta name=\"robots\" content=\"index, follow, max-snippet:-1, max-image-preview:large, max-video-preview:-1\" \/>\n<link rel=\"canonical\" href=\"https:\/\/ivam.es\/es\/isabel-oliver-2\/\" \/>\n<meta property=\"og:locale\" content=\"es_ES\" \/>\n<meta property=\"og:type\" content=\"article\" \/>\n<meta property=\"og:title\" content=\"ISABEL OLIVER - IVAM\" \/>\n<meta property=\"og:description\" content=\"&nbsp; De profesi\u00f3n, sus labores, 1972-74. Reconstrucci\u00f3n: 2018 Bastidores de madera y tela serigrafiada Dimensiones variables &nbsp; Isabel Oliver (Val\u00e8ncia, 1954) Las primeras obras de Isabel Oliver surgen en los a\u00f1os 70, en un contexto art\u00edstico dominado por los hombres en el que las mujeres eran pr\u00e1cticamente invisibles. Sus pinturas, cargadas de cr\u00edtica social y [&hellip;]\" \/>\n<meta property=\"og:url\" content=\"https:\/\/ivam.es\/es\/isabel-oliver-2\/\" \/>\n<meta property=\"og:site_name\" content=\"IVAM\" \/>\n<meta property=\"article:modified_time\" content=\"2020-05-29T11:48:11+00:00\" \/>\n<meta name=\"twitter:card\" content=\"summary_large_image\" \/>\n<meta name=\"twitter:label1\" content=\"Tiempo de lectura\" \/>\n\t<meta name=\"twitter:data1\" content=\"1 minuto\" \/>\n<script type=\"application\/ld+json\" class=\"yoast-schema-graph\">{\"@context\":\"https:\/\/schema.org\",\"@graph\":[{\"@type\":\"WebPage\",\"@id\":\"https:\/\/ivam.es\/es\/isabel-oliver-2\/\",\"url\":\"https:\/\/ivam.es\/es\/isabel-oliver-2\/\",\"name\":\"ISABEL OLIVER - IVAM\",\"isPartOf\":{\"@id\":\"https:\/\/ivam.es\/es\/#website\"},\"datePublished\":\"2020-05-27T07:27:21+00:00\",\"dateModified\":\"2020-05-29T11:48:11+00:00\",\"breadcrumb\":{\"@id\":\"https:\/\/ivam.es\/es\/isabel-oliver-2\/#breadcrumb\"},\"inLanguage\":\"es\",\"potentialAction\":[{\"@type\":\"ReadAction\",\"target\":[\"https:\/\/ivam.es\/es\/isabel-oliver-2\/\"]}]},{\"@type\":\"BreadcrumbList\",\"@id\":\"https:\/\/ivam.es\/es\/isabel-oliver-2\/#breadcrumb\",\"itemListElement\":[{\"@type\":\"ListItem\",\"position\":1,\"name\":\"Home\",\"item\":\"https:\/\/ivam.es\/es\/\"},{\"@type\":\"ListItem\",\"position\":2,\"name\":\"ISABEL OLIVER\"}]},{\"@type\":\"WebSite\",\"@id\":\"https:\/\/ivam.es\/es\/#website\",\"url\":\"https:\/\/ivam.es\/es\/\",\"name\":\"IVAM\",\"description\":\"Institut Valenci\u00e0 d&#039;Art Modern\",\"publisher\":{\"@id\":\"https:\/\/ivam.es\/es\/#organization\"},\"potentialAction\":[{\"@type\":\"SearchAction\",\"target\":{\"@type\":\"EntryPoint\",\"urlTemplate\":\"https:\/\/ivam.es\/es\/?s={search_term_string}\"},\"query-input\":{\"@type\":\"PropertyValueSpecification\",\"valueRequired\":true,\"valueName\":\"search_term_string\"}}],\"inLanguage\":\"es\"},{\"@type\":\"Organization\",\"@id\":\"https:\/\/ivam.es\/es\/#organization\",\"name\":\"IVAM\",\"url\":\"https:\/\/ivam.es\/es\/\",\"logo\":{\"@type\":\"ImageObject\",\"inLanguage\":\"es\",\"@id\":\"https:\/\/ivam.es\/es\/#\/schema\/logo\/image\/\",\"url\":\"https:\/\/ivam.es\/wp-content\/uploads\/logo-ok-512.png\",\"contentUrl\":\"https:\/\/ivam.es\/wp-content\/uploads\/logo-ok-512.png\",\"width\":512,\"height\":512,\"caption\":\"IVAM\"},\"image\":{\"@id\":\"https:\/\/ivam.es\/es\/#\/schema\/logo\/image\/\"}}]}<\/script>\n<!-- \/ Yoast SEO plugin. -->","yoast_head_json":{"title":"ISABEL OLIVER - IVAM","robots":{"index":"index","follow":"follow","max-snippet":"max-snippet:-1","max-image-preview":"max-image-preview:large","max-video-preview":"max-video-preview:-1"},"canonical":"https:\/\/ivam.es\/es\/isabel-oliver-2\/","og_locale":"es_ES","og_type":"article","og_title":"ISABEL OLIVER - IVAM","og_description":"&nbsp; De profesi\u00f3n, sus labores, 1972-74. Reconstrucci\u00f3n: 2018 Bastidores de madera y tela serigrafiada Dimensiones variables &nbsp; Isabel Oliver (Val\u00e8ncia, 1954) Las primeras obras de Isabel Oliver surgen en los a\u00f1os 70, en un contexto art\u00edstico dominado por los hombres en el que las mujeres eran pr\u00e1cticamente invisibles. Sus pinturas, cargadas de cr\u00edtica social y [&hellip;]","og_url":"https:\/\/ivam.es\/es\/isabel-oliver-2\/","og_site_name":"IVAM","article_modified_time":"2020-05-29T11:48:11+00:00","twitter_card":"summary_large_image","twitter_misc":{"Tiempo de lectura":"1 minuto"},"schema":{"@context":"https:\/\/schema.org","@graph":[{"@type":"WebPage","@id":"https:\/\/ivam.es\/es\/isabel-oliver-2\/","url":"https:\/\/ivam.es\/es\/isabel-oliver-2\/","name":"ISABEL OLIVER - IVAM","isPartOf":{"@id":"https:\/\/ivam.es\/es\/#website"},"datePublished":"2020-05-27T07:27:21+00:00","dateModified":"2020-05-29T11:48:11+00:00","breadcrumb":{"@id":"https:\/\/ivam.es\/es\/isabel-oliver-2\/#breadcrumb"},"inLanguage":"es","potentialAction":[{"@type":"ReadAction","target":["https:\/\/ivam.es\/es\/isabel-oliver-2\/"]}]},{"@type":"BreadcrumbList","@id":"https:\/\/ivam.es\/es\/isabel-oliver-2\/#breadcrumb","itemListElement":[{"@type":"ListItem","position":1,"name":"Home","item":"https:\/\/ivam.es\/es\/"},{"@type":"ListItem","position":2,"name":"ISABEL OLIVER"}]},{"@type":"WebSite","@id":"https:\/\/ivam.es\/es\/#website","url":"https:\/\/ivam.es\/es\/","name":"IVAM","description":"Institut Valenci\u00e0 d&#039;Art Modern","publisher":{"@id":"https:\/\/ivam.es\/es\/#organization"},"potentialAction":[{"@type":"SearchAction","target":{"@type":"EntryPoint","urlTemplate":"https:\/\/ivam.es\/es\/?s={search_term_string}"},"query-input":{"@type":"PropertyValueSpecification","valueRequired":true,"valueName":"search_term_string"}}],"inLanguage":"es"},{"@type":"Organization","@id":"https:\/\/ivam.es\/es\/#organization","name":"IVAM","url":"https:\/\/ivam.es\/es\/","logo":{"@type":"ImageObject","inLanguage":"es","@id":"https:\/\/ivam.es\/es\/#\/schema\/logo\/image\/","url":"https:\/\/ivam.es\/wp-content\/uploads\/logo-ok-512.png","contentUrl":"https:\/\/ivam.es\/wp-content\/uploads\/logo-ok-512.png","width":512,"height":512,"caption":"IVAM"},"image":{"@id":"https:\/\/ivam.es\/es\/#\/schema\/logo\/image\/"}}]}},"_links":{"self":[{"href":"https:\/\/ivam.es\/es\/wp-json\/wp\/v2\/pages\/45976","targetHints":{"allow":["GET"]}}],"collection":[{"href":"https:\/\/ivam.es\/es\/wp-json\/wp\/v2\/pages"}],"about":[{"href":"https:\/\/ivam.es\/es\/wp-json\/wp\/v2\/types\/page"}],"author":[{"embeddable":true,"href":"https:\/\/ivam.es\/es\/wp-json\/wp\/v2\/users\/3"}],"replies":[{"embeddable":true,"href":"https:\/\/ivam.es\/es\/wp-json\/wp\/v2\/comments?post=45976"}],"version-history":[{"count":3,"href":"https:\/\/ivam.es\/es\/wp-json\/wp\/v2\/pages\/45976\/revisions"}],"predecessor-version":[{"id":46028,"href":"https:\/\/ivam.es\/es\/wp-json\/wp\/v2\/pages\/45976\/revisions\/46028"}],"wp:attachment":[{"href":"https:\/\/ivam.es\/es\/wp-json\/wp\/v2\/media?parent=45976"}],"curies":[{"name":"wp","href":"https:\/\/api.w.org\/{rel}","templated":true}]}}