{"id":45967,"date":"2020-05-27T09:28:14","date_gmt":"2020-05-27T07:28:14","guid":{"rendered":"\/?page_id=45967"},"modified":"2020-05-29T13:48:07","modified_gmt":"2020-05-29T11:48:07","slug":"ana-peters","status":"publish","type":"page","link":"https:\/\/ivam.es\/es\/ana-peters\/","title":{"rendered":"ANA PETERS"},"content":{"rendered":"<p><a href=\"\/wp-content\/uploads\/page\/ana-peters\/ANA-PETERS1.jpg\"><img loading=\"lazy\" decoding=\"async\" class=\"alignnone wp-image-45968\" src=\"\/wp-content\/uploads\/page\/ana-peters\/ANA-PETERS1-300x231.jpg\" alt=\"\" width=\"780\" height=\"600\" srcset=\"https:\/\/ivam.es\/wp-content\/uploads\/page\/ana-peters\/ANA-PETERS1-300x231.jpg 300w, https:\/\/ivam.es\/wp-content\/uploads\/page\/ana-peters\/ANA-PETERS1-1024x788.jpg 1024w, https:\/\/ivam.es\/wp-content\/uploads\/page\/ana-peters\/ANA-PETERS1-768x591.jpg 768w, https:\/\/ivam.es\/wp-content\/uploads\/page\/ana-peters\/ANA-PETERS1-860x660.jpg 860w, https:\/\/ivam.es\/wp-content\/uploads\/page\/ana-peters\/ANA-PETERS1-280x215.jpg 280w, https:\/\/ivam.es\/wp-content\/uploads\/page\/ana-peters\/ANA-PETERS1-467x359.jpg 467w, https:\/\/ivam.es\/wp-content\/uploads\/page\/ana-peters\/ANA-PETERS1-231x178.jpg 231w, https:\/\/ivam.es\/wp-content\/uploads\/page\/ana-peters\/ANA-PETERS1-500x385.jpg 500w, https:\/\/ivam.es\/wp-content\/uploads\/page\/ana-peters\/ANA-PETERS1.jpg 1417w\" sizes=\"auto, (max-width: 780px) 100vw, 780px\" \/><\/a><\/p>\n<h4>El carro de Venus, 1966<br \/>\nRotulador y acr\u00edlico sobre papel encolado en t\u00e1blex, 100 x 130 cm<\/h4>\n<h4 class=\"text-left\"><\/h4>\n<h4>Sin t\u00edtulo, 1964<br \/>\nAcr\u00edlico, cera y frotaje sobre papel encolado en t\u00e1blex, 71 x 100 cm<\/h4>\n<p>&nbsp;<\/p>\n<p><strong>Ana Peters (Bremen, 1932 \u2014 D\u00e9nia, 2012)<\/strong><\/p>\n<p>Ana Peters fue una de las pocas mujeres que form\u00f3 parte de los colectivos art\u00edsticos que, como Estampa Popular o Cr\u00f3nica de la Realidad, lideraron, desde los presupuestos del arte pop, la cr\u00edtica a la ideolog\u00eda franquista en la Valencia de los a\u00f1os sesenta.<\/p>\n<p>En 1966 present\u00f3 su proyecto <em>Im\u00e1genes de la mujer en la sociedad de consumo,<\/em> en la Galer\u00eda Edurne de Madrid, con el objetivo denunciar a los <em>mass media<\/em> como instrumentos de control y planificaci\u00f3n. En el mundo del espect\u00e1culo y la vor\u00e1gine publicitaria, la mujer aparec\u00eda o bien como un ser de car\u00e1cter homog\u00e9neo, pasivo, y \u00fanicamente preocupado por mantener su belleza; o bien como una imagen-est\u00edmulo, ligada al consumo de art\u00edculos masculinos. Ambas situaciones se reflejaron en una serie de <em>collages<\/em>, dise\u00f1ados por Peters para esta exposici\u00f3n, en los que transfiri\u00f3 im\u00e1genes al lienzo, se apropi\u00f3 de vi\u00f1etas de c\u00f3mic, reiter\u00f3 motivos o fraccion\u00f3 r\u00edtmicamente el espacio. Sus protagonistas fueron, en ocasiones, las top <em>models del pr\u00eat-\u00e0-porter<\/em>, procedentes de revistas espa\u00f1olas como <em>Telva<\/em> o <em>Ama<\/em> o extranjeras como <em>Vogue<\/em> o <em>Elle<\/em>, as\u00ed como sus gestos, poses y expresiones, siempre repetitivos y empleados para definir modelos de conducta y h\u00e1bitos de consumo para la feminidad. Otras veces, las figuras centrales fueron el autom\u00f3vil, s\u00edmbolo de lo masculino y varonil, y personajes femeninos, cuyos encantos y sensualidad se usaron como reclamos publicitarios.<\/p>\n<p>Mientras que algunos compa\u00f1eros de profesi\u00f3n, como Joan Rabascall o el Equipo Realidad, ligaron la manipulaci\u00f3n de la imagen de las mujeres al proceso de alienaci\u00f3n marxista, Peters fue una de las primeras artistas en Espa\u00f1a en vincularla a la construcci\u00f3n de los roles de g\u00e9nero como parte de un proceso de ingenier\u00eda social. Ella y las artistas de su generaci\u00f3n representaron el nexo de uni\u00f3n entre aquellas que construyeron la imagen de la mujer moderna e independiente nacida de los a\u00f1os de la II Rep\u00fablica y las que plantearon discursos reivindicativos sobre la discriminaci\u00f3n de la mujer durante la Transici\u00f3n espa\u00f1ola.<\/p>\n<h4>Mar\u00eda Jes\u00fas Folch<br \/>\nConservadora<\/h4>\n","protected":false},"excerpt":{"rendered":"<p>El carro de Venus, 1966 Rotulador y acr\u00edlico sobre papel encolado en t\u00e1blex, 100 x 130 cm Sin t\u00edtulo, 1964 Acr\u00edlico, cera y frotaje sobre papel encolado en t\u00e1blex, 71 x 100 cm &nbsp; Ana Peters (Bremen, 1932 \u2014 D\u00e9nia, 2012) Ana Peters fue una de las pocas mujeres que form\u00f3 parte de los colectivos [&hellip;]<\/p>\n","protected":false},"author":3,"featured_media":0,"parent":0,"menu_order":243,"comment_status":"closed","ping_status":"closed","template":"","meta":{"footnotes":""},"class_list":["post-45967","page","type-page","status-publish","hentry"],"yoast_head":"<!-- This site is optimized with the Yoast SEO plugin v26.0 - https:\/\/yoast.com\/wordpress\/plugins\/seo\/ -->\n<title>ANA PETERS - IVAM<\/title>\n<meta name=\"robots\" content=\"index, follow, max-snippet:-1, max-image-preview:large, max-video-preview:-1\" \/>\n<link rel=\"canonical\" href=\"https:\/\/ivam.es\/es\/ana-peters\/\" \/>\n<meta property=\"og:locale\" content=\"es_ES\" \/>\n<meta property=\"og:type\" content=\"article\" \/>\n<meta property=\"og:title\" content=\"ANA PETERS - IVAM\" \/>\n<meta property=\"og:description\" content=\"El carro de Venus, 1966 Rotulador y acr\u00edlico sobre papel encolado en t\u00e1blex, 100 x 130 cm Sin t\u00edtulo, 1964 Acr\u00edlico, cera y frotaje sobre papel encolado en t\u00e1blex, 71 x 100 cm &nbsp; Ana Peters (Bremen, 1932 \u2014 D\u00e9nia, 2012) Ana Peters fue una de las pocas mujeres que form\u00f3 parte de los colectivos [&hellip;]\" \/>\n<meta property=\"og:url\" content=\"https:\/\/ivam.es\/es\/ana-peters\/\" \/>\n<meta property=\"og:site_name\" content=\"IVAM\" \/>\n<meta property=\"article:modified_time\" content=\"2020-05-29T11:48:07+00:00\" \/>\n<meta name=\"twitter:card\" content=\"summary_large_image\" \/>\n<meta name=\"twitter:label1\" content=\"Tiempo de lectura\" \/>\n\t<meta name=\"twitter:data1\" content=\"2 minutos\" \/>\n<script type=\"application\/ld+json\" class=\"yoast-schema-graph\">{\"@context\":\"https:\/\/schema.org\",\"@graph\":[{\"@type\":\"WebPage\",\"@id\":\"https:\/\/ivam.es\/es\/ana-peters\/\",\"url\":\"https:\/\/ivam.es\/es\/ana-peters\/\",\"name\":\"ANA PETERS - IVAM\",\"isPartOf\":{\"@id\":\"https:\/\/ivam.es\/es\/#website\"},\"datePublished\":\"2020-05-27T07:28:14+00:00\",\"dateModified\":\"2020-05-29T11:48:07+00:00\",\"breadcrumb\":{\"@id\":\"https:\/\/ivam.es\/es\/ana-peters\/#breadcrumb\"},\"inLanguage\":\"es\",\"potentialAction\":[{\"@type\":\"ReadAction\",\"target\":[\"https:\/\/ivam.es\/es\/ana-peters\/\"]}]},{\"@type\":\"BreadcrumbList\",\"@id\":\"https:\/\/ivam.es\/es\/ana-peters\/#breadcrumb\",\"itemListElement\":[{\"@type\":\"ListItem\",\"position\":1,\"name\":\"Home\",\"item\":\"https:\/\/ivam.es\/es\/\"},{\"@type\":\"ListItem\",\"position\":2,\"name\":\"ANA PETERS\"}]},{\"@type\":\"WebSite\",\"@id\":\"https:\/\/ivam.es\/es\/#website\",\"url\":\"https:\/\/ivam.es\/es\/\",\"name\":\"IVAM\",\"description\":\"Institut Valenci\u00e0 d&#039;Art Modern\",\"publisher\":{\"@id\":\"https:\/\/ivam.es\/es\/#organization\"},\"potentialAction\":[{\"@type\":\"SearchAction\",\"target\":{\"@type\":\"EntryPoint\",\"urlTemplate\":\"https:\/\/ivam.es\/es\/?s={search_term_string}\"},\"query-input\":{\"@type\":\"PropertyValueSpecification\",\"valueRequired\":true,\"valueName\":\"search_term_string\"}}],\"inLanguage\":\"es\"},{\"@type\":\"Organization\",\"@id\":\"https:\/\/ivam.es\/es\/#organization\",\"name\":\"IVAM\",\"url\":\"https:\/\/ivam.es\/es\/\",\"logo\":{\"@type\":\"ImageObject\",\"inLanguage\":\"es\",\"@id\":\"https:\/\/ivam.es\/es\/#\/schema\/logo\/image\/\",\"url\":\"https:\/\/ivam.es\/wp-content\/uploads\/logo-ok-512.png\",\"contentUrl\":\"https:\/\/ivam.es\/wp-content\/uploads\/logo-ok-512.png\",\"width\":512,\"height\":512,\"caption\":\"IVAM\"},\"image\":{\"@id\":\"https:\/\/ivam.es\/es\/#\/schema\/logo\/image\/\"}}]}<\/script>\n<!-- \/ Yoast SEO plugin. -->","yoast_head_json":{"title":"ANA PETERS - IVAM","robots":{"index":"index","follow":"follow","max-snippet":"max-snippet:-1","max-image-preview":"max-image-preview:large","max-video-preview":"max-video-preview:-1"},"canonical":"https:\/\/ivam.es\/es\/ana-peters\/","og_locale":"es_ES","og_type":"article","og_title":"ANA PETERS - IVAM","og_description":"El carro de Venus, 1966 Rotulador y acr\u00edlico sobre papel encolado en t\u00e1blex, 100 x 130 cm Sin t\u00edtulo, 1964 Acr\u00edlico, cera y frotaje sobre papel encolado en t\u00e1blex, 71 x 100 cm &nbsp; Ana Peters (Bremen, 1932 \u2014 D\u00e9nia, 2012) Ana Peters fue una de las pocas mujeres que form\u00f3 parte de los colectivos [&hellip;]","og_url":"https:\/\/ivam.es\/es\/ana-peters\/","og_site_name":"IVAM","article_modified_time":"2020-05-29T11:48:07+00:00","twitter_card":"summary_large_image","twitter_misc":{"Tiempo de lectura":"2 minutos"},"schema":{"@context":"https:\/\/schema.org","@graph":[{"@type":"WebPage","@id":"https:\/\/ivam.es\/es\/ana-peters\/","url":"https:\/\/ivam.es\/es\/ana-peters\/","name":"ANA PETERS - IVAM","isPartOf":{"@id":"https:\/\/ivam.es\/es\/#website"},"datePublished":"2020-05-27T07:28:14+00:00","dateModified":"2020-05-29T11:48:07+00:00","breadcrumb":{"@id":"https:\/\/ivam.es\/es\/ana-peters\/#breadcrumb"},"inLanguage":"es","potentialAction":[{"@type":"ReadAction","target":["https:\/\/ivam.es\/es\/ana-peters\/"]}]},{"@type":"BreadcrumbList","@id":"https:\/\/ivam.es\/es\/ana-peters\/#breadcrumb","itemListElement":[{"@type":"ListItem","position":1,"name":"Home","item":"https:\/\/ivam.es\/es\/"},{"@type":"ListItem","position":2,"name":"ANA PETERS"}]},{"@type":"WebSite","@id":"https:\/\/ivam.es\/es\/#website","url":"https:\/\/ivam.es\/es\/","name":"IVAM","description":"Institut Valenci\u00e0 d&#039;Art Modern","publisher":{"@id":"https:\/\/ivam.es\/es\/#organization"},"potentialAction":[{"@type":"SearchAction","target":{"@type":"EntryPoint","urlTemplate":"https:\/\/ivam.es\/es\/?s={search_term_string}"},"query-input":{"@type":"PropertyValueSpecification","valueRequired":true,"valueName":"search_term_string"}}],"inLanguage":"es"},{"@type":"Organization","@id":"https:\/\/ivam.es\/es\/#organization","name":"IVAM","url":"https:\/\/ivam.es\/es\/","logo":{"@type":"ImageObject","inLanguage":"es","@id":"https:\/\/ivam.es\/es\/#\/schema\/logo\/image\/","url":"https:\/\/ivam.es\/wp-content\/uploads\/logo-ok-512.png","contentUrl":"https:\/\/ivam.es\/wp-content\/uploads\/logo-ok-512.png","width":512,"height":512,"caption":"IVAM"},"image":{"@id":"https:\/\/ivam.es\/es\/#\/schema\/logo\/image\/"}}]}},"_links":{"self":[{"href":"https:\/\/ivam.es\/es\/wp-json\/wp\/v2\/pages\/45967","targetHints":{"allow":["GET"]}}],"collection":[{"href":"https:\/\/ivam.es\/es\/wp-json\/wp\/v2\/pages"}],"about":[{"href":"https:\/\/ivam.es\/es\/wp-json\/wp\/v2\/types\/page"}],"author":[{"embeddable":true,"href":"https:\/\/ivam.es\/es\/wp-json\/wp\/v2\/users\/3"}],"replies":[{"embeddable":true,"href":"https:\/\/ivam.es\/es\/wp-json\/wp\/v2\/comments?post=45967"}],"version-history":[{"count":3,"href":"https:\/\/ivam.es\/es\/wp-json\/wp\/v2\/pages\/45967\/revisions"}],"predecessor-version":[{"id":46029,"href":"https:\/\/ivam.es\/es\/wp-json\/wp\/v2\/pages\/45967\/revisions\/46029"}],"wp:attachment":[{"href":"https:\/\/ivam.es\/es\/wp-json\/wp\/v2\/media?parent=45967"}],"curies":[{"name":"wp","href":"https:\/\/api.w.org\/{rel}","templated":true}]}}