{"id":45577,"date":"2020-05-04T13:43:59","date_gmt":"2020-05-04T11:43:59","guid":{"rendered":"\/?page_id=45577"},"modified":"2020-05-05T10:49:28","modified_gmt":"2020-05-05T08:49:28","slug":"yturralde","status":"publish","type":"page","link":"https:\/\/ivam.es\/es\/yturralde\/","title":{"rendered":"Yturralde"},"content":{"rendered":"<p><a href=\"\/wp-content\/uploads\/page\/yturralde\/Yturralde-Figura-imposible-1972.jpg\"><img loading=\"lazy\" decoding=\"async\" class=\"alignnone wp-image-45581\" src=\"\/wp-content\/uploads\/page\/yturralde\/Yturralde-Figura-imposible-1972-300x300.jpg\" alt=\"Yturralde \/ Figura imposible 1972\" width=\"600\" height=\"600\" srcset=\"https:\/\/ivam.es\/wp-content\/uploads\/page\/yturralde\/Yturralde-Figura-imposible-1972-300x300.jpg 300w, https:\/\/ivam.es\/wp-content\/uploads\/page\/yturralde\/Yturralde-Figura-imposible-1972-1024x1024.jpg 1024w, https:\/\/ivam.es\/wp-content\/uploads\/page\/yturralde\/Yturralde-Figura-imposible-1972-150x150.jpg 150w, https:\/\/ivam.es\/wp-content\/uploads\/page\/yturralde\/Yturralde-Figura-imposible-1972-768x768.jpg 768w, https:\/\/ivam.es\/wp-content\/uploads\/page\/yturralde\/Yturralde-Figura-imposible-1972-1536x1536.jpg 1536w, https:\/\/ivam.es\/wp-content\/uploads\/page\/yturralde\/Yturralde-Figura-imposible-1972-280x280.jpg 280w, https:\/\/ivam.es\/wp-content\/uploads\/page\/yturralde\/Yturralde-Figura-imposible-1972-467x467.jpg 467w, https:\/\/ivam.es\/wp-content\/uploads\/page\/yturralde\/Yturralde-Figura-imposible-1972-231x231.jpg 231w, https:\/\/ivam.es\/wp-content\/uploads\/page\/yturralde\/Yturralde-Figura-imposible-1972-500x500.jpg 500w, https:\/\/ivam.es\/wp-content\/uploads\/page\/yturralde\/Yturralde-Figura-imposible-1972.jpg 1875w\" sizes=\"auto, (max-width: 600px) 100vw, 600px\" \/><\/a><\/p>\n<h4 class=\"text-left\">Figura Imposible, 1972<\/h4>\n<p>&nbsp;<\/p>\n<p>Inici\u00e9 las \u201c<em>Figuras Imposibles<\/em>\u201d, con el grupo Antes del Arte en 1967, continu\u00e1ndolas en el Centro de C\u00e1lculo de la Universidad de Madrid desde 1968. Trataba de explorar la idea del espacio-tiempo, de la forma, integr\u00e1ndola con los conocimientos cient\u00edficos del momento. Elabor\u00e9 unas figuras geom\u00e9tricas fundadas en proyecciones que rompieran nuestra experiencia perceptiva, creando un cierto conflicto sensorial. Me basaba en sistemas proyectivos que metaf\u00f3ricamente admitieran una cuarta dimensi\u00f3n. Intentaba desarrollar im\u00e1genes racionales y eficaces, basadas en una l\u00f3gica parad\u00f3jicamente \u201cimposible\u201d, buscando un orden nuevo, generando acciones de interpretaci\u00f3n activa, pero de un alto valor est\u00e9tico y emocional.<\/p>\n<p><strong>Yturralde<\/strong><\/p>\n<p>&nbsp;<\/p>\n","protected":false},"excerpt":{"rendered":"<p>Figura Imposible, 1972 &nbsp; Inici\u00e9 las \u201cFiguras Imposibles\u201d, con el grupo Antes del Arte en 1967, continu\u00e1ndolas en el Centro de C\u00e1lculo de la Universidad de Madrid desde 1968. Trataba de explorar la idea del espacio-tiempo, de la forma, integr\u00e1ndola con los conocimientos cient\u00edficos del momento. Elabor\u00e9 unas figuras geom\u00e9tricas fundadas en proyecciones que rompieran [&hellip;]<\/p>\n","protected":false},"author":3,"featured_media":0,"parent":0,"menu_order":292,"comment_status":"closed","ping_status":"closed","template":"","meta":{"footnotes":""},"class_list":["post-45577","page","type-page","status-publish","hentry"],"yoast_head":"<!-- This site is optimized with the Yoast SEO plugin v26.0 - https:\/\/yoast.com\/wordpress\/plugins\/seo\/ -->\n<title>Yturralde - IVAM<\/title>\n<meta name=\"robots\" content=\"index, follow, max-snippet:-1, max-image-preview:large, max-video-preview:-1\" \/>\n<link rel=\"canonical\" href=\"https:\/\/ivam.es\/es\/yturralde\/\" \/>\n<meta property=\"og:locale\" content=\"es_ES\" \/>\n<meta property=\"og:type\" content=\"article\" \/>\n<meta property=\"og:title\" content=\"Yturralde - IVAM\" \/>\n<meta property=\"og:description\" content=\"Figura Imposible, 1972 &nbsp; Inici\u00e9 las \u201cFiguras Imposibles\u201d, con el grupo Antes del Arte en 1967, continu\u00e1ndolas en el Centro de C\u00e1lculo de la Universidad de Madrid desde 1968. Trataba de explorar la idea del espacio-tiempo, de la forma, integr\u00e1ndola con los conocimientos cient\u00edficos del momento. Elabor\u00e9 unas figuras geom\u00e9tricas fundadas en proyecciones que rompieran [&hellip;]\" \/>\n<meta property=\"og:url\" content=\"https:\/\/ivam.es\/es\/yturralde\/\" \/>\n<meta property=\"og:site_name\" content=\"IVAM\" \/>\n<meta property=\"article:modified_time\" content=\"2020-05-05T08:49:28+00:00\" \/>\n<meta name=\"twitter:card\" content=\"summary_large_image\" \/>\n<meta name=\"twitter:label1\" content=\"Tiempo de lectura\" \/>\n\t<meta name=\"twitter:data1\" content=\"1 minuto\" \/>\n<script type=\"application\/ld+json\" class=\"yoast-schema-graph\">{\"@context\":\"https:\/\/schema.org\",\"@graph\":[{\"@type\":\"WebPage\",\"@id\":\"https:\/\/ivam.es\/es\/yturralde\/\",\"url\":\"https:\/\/ivam.es\/es\/yturralde\/\",\"name\":\"Yturralde - IVAM\",\"isPartOf\":{\"@id\":\"https:\/\/ivam.es\/es\/#website\"},\"datePublished\":\"2020-05-04T11:43:59+00:00\",\"dateModified\":\"2020-05-05T08:49:28+00:00\",\"breadcrumb\":{\"@id\":\"https:\/\/ivam.es\/es\/yturralde\/#breadcrumb\"},\"inLanguage\":\"es\",\"potentialAction\":[{\"@type\":\"ReadAction\",\"target\":[\"https:\/\/ivam.es\/es\/yturralde\/\"]}]},{\"@type\":\"BreadcrumbList\",\"@id\":\"https:\/\/ivam.es\/es\/yturralde\/#breadcrumb\",\"itemListElement\":[{\"@type\":\"ListItem\",\"position\":1,\"name\":\"Home\",\"item\":\"https:\/\/ivam.es\/es\/\"},{\"@type\":\"ListItem\",\"position\":2,\"name\":\"Yturralde\"}]},{\"@type\":\"WebSite\",\"@id\":\"https:\/\/ivam.es\/es\/#website\",\"url\":\"https:\/\/ivam.es\/es\/\",\"name\":\"IVAM\",\"description\":\"Institut Valenci\u00e0 d&#039;Art Modern\",\"publisher\":{\"@id\":\"https:\/\/ivam.es\/es\/#organization\"},\"potentialAction\":[{\"@type\":\"SearchAction\",\"target\":{\"@type\":\"EntryPoint\",\"urlTemplate\":\"https:\/\/ivam.es\/es\/?s={search_term_string}\"},\"query-input\":{\"@type\":\"PropertyValueSpecification\",\"valueRequired\":true,\"valueName\":\"search_term_string\"}}],\"inLanguage\":\"es\"},{\"@type\":\"Organization\",\"@id\":\"https:\/\/ivam.es\/es\/#organization\",\"name\":\"IVAM\",\"url\":\"https:\/\/ivam.es\/es\/\",\"logo\":{\"@type\":\"ImageObject\",\"inLanguage\":\"es\",\"@id\":\"https:\/\/ivam.es\/es\/#\/schema\/logo\/image\/\",\"url\":\"https:\/\/ivam.es\/wp-content\/uploads\/logo-ok-512.png\",\"contentUrl\":\"https:\/\/ivam.es\/wp-content\/uploads\/logo-ok-512.png\",\"width\":512,\"height\":512,\"caption\":\"IVAM\"},\"image\":{\"@id\":\"https:\/\/ivam.es\/es\/#\/schema\/logo\/image\/\"}}]}<\/script>\n<!-- \/ Yoast SEO plugin. -->","yoast_head_json":{"title":"Yturralde - IVAM","robots":{"index":"index","follow":"follow","max-snippet":"max-snippet:-1","max-image-preview":"max-image-preview:large","max-video-preview":"max-video-preview:-1"},"canonical":"https:\/\/ivam.es\/es\/yturralde\/","og_locale":"es_ES","og_type":"article","og_title":"Yturralde - IVAM","og_description":"Figura Imposible, 1972 &nbsp; Inici\u00e9 las \u201cFiguras Imposibles\u201d, con el grupo Antes del Arte en 1967, continu\u00e1ndolas en el Centro de C\u00e1lculo de la Universidad de Madrid desde 1968. Trataba de explorar la idea del espacio-tiempo, de la forma, integr\u00e1ndola con los conocimientos cient\u00edficos del momento. Elabor\u00e9 unas figuras geom\u00e9tricas fundadas en proyecciones que rompieran [&hellip;]","og_url":"https:\/\/ivam.es\/es\/yturralde\/","og_site_name":"IVAM","article_modified_time":"2020-05-05T08:49:28+00:00","twitter_card":"summary_large_image","twitter_misc":{"Tiempo de lectura":"1 minuto"},"schema":{"@context":"https:\/\/schema.org","@graph":[{"@type":"WebPage","@id":"https:\/\/ivam.es\/es\/yturralde\/","url":"https:\/\/ivam.es\/es\/yturralde\/","name":"Yturralde - IVAM","isPartOf":{"@id":"https:\/\/ivam.es\/es\/#website"},"datePublished":"2020-05-04T11:43:59+00:00","dateModified":"2020-05-05T08:49:28+00:00","breadcrumb":{"@id":"https:\/\/ivam.es\/es\/yturralde\/#breadcrumb"},"inLanguage":"es","potentialAction":[{"@type":"ReadAction","target":["https:\/\/ivam.es\/es\/yturralde\/"]}]},{"@type":"BreadcrumbList","@id":"https:\/\/ivam.es\/es\/yturralde\/#breadcrumb","itemListElement":[{"@type":"ListItem","position":1,"name":"Home","item":"https:\/\/ivam.es\/es\/"},{"@type":"ListItem","position":2,"name":"Yturralde"}]},{"@type":"WebSite","@id":"https:\/\/ivam.es\/es\/#website","url":"https:\/\/ivam.es\/es\/","name":"IVAM","description":"Institut Valenci\u00e0 d&#039;Art Modern","publisher":{"@id":"https:\/\/ivam.es\/es\/#organization"},"potentialAction":[{"@type":"SearchAction","target":{"@type":"EntryPoint","urlTemplate":"https:\/\/ivam.es\/es\/?s={search_term_string}"},"query-input":{"@type":"PropertyValueSpecification","valueRequired":true,"valueName":"search_term_string"}}],"inLanguage":"es"},{"@type":"Organization","@id":"https:\/\/ivam.es\/es\/#organization","name":"IVAM","url":"https:\/\/ivam.es\/es\/","logo":{"@type":"ImageObject","inLanguage":"es","@id":"https:\/\/ivam.es\/es\/#\/schema\/logo\/image\/","url":"https:\/\/ivam.es\/wp-content\/uploads\/logo-ok-512.png","contentUrl":"https:\/\/ivam.es\/wp-content\/uploads\/logo-ok-512.png","width":512,"height":512,"caption":"IVAM"},"image":{"@id":"https:\/\/ivam.es\/es\/#\/schema\/logo\/image\/"}}]}},"_links":{"self":[{"href":"https:\/\/ivam.es\/es\/wp-json\/wp\/v2\/pages\/45577","targetHints":{"allow":["GET"]}}],"collection":[{"href":"https:\/\/ivam.es\/es\/wp-json\/wp\/v2\/pages"}],"about":[{"href":"https:\/\/ivam.es\/es\/wp-json\/wp\/v2\/types\/page"}],"author":[{"embeddable":true,"href":"https:\/\/ivam.es\/es\/wp-json\/wp\/v2\/users\/3"}],"replies":[{"embeddable":true,"href":"https:\/\/ivam.es\/es\/wp-json\/wp\/v2\/comments?post=45577"}],"version-history":[{"count":1,"href":"https:\/\/ivam.es\/es\/wp-json\/wp\/v2\/pages\/45577\/revisions"}],"predecessor-version":[{"id":45584,"href":"https:\/\/ivam.es\/es\/wp-json\/wp\/v2\/pages\/45577\/revisions\/45584"}],"wp:attachment":[{"href":"https:\/\/ivam.es\/es\/wp-json\/wp\/v2\/media?parent=45577"}],"curies":[{"name":"wp","href":"https:\/\/api.w.org\/{rel}","templated":true}]}}