{"id":45561,"date":"2020-05-04T13:43:06","date_gmt":"2020-05-04T11:43:06","guid":{"rendered":"\/?page_id=45561"},"modified":"2020-05-05T10:49:38","modified_gmt":"2020-05-05T08:49:38","slug":"mira-bernabeu","status":"publish","type":"page","link":"https:\/\/ivam.es\/es\/mira-bernabeu\/","title":{"rendered":"Mira Bernabeu"},"content":{"rendered":"<p><a href=\"\/wp-content\/uploads\/page\/mira-bernabeu\/15546_Bernabeu-scaled.jpg\"><img loading=\"lazy\" decoding=\"async\" class=\"alignnone wp-image-45562 size-large\" src=\"\/wp-content\/uploads\/page\/mira-bernabeu\/15546_Bernabeu-1024x678.jpg\" alt=\"Mira Bernabeu \/ Panorama social, 1965 - 2007\u2020 - 2009* - 2014\" width=\"1024\" height=\"678\" srcset=\"https:\/\/ivam.es\/wp-content\/uploads\/page\/mira-bernabeu\/15546_Bernabeu-1024x678.jpg 1024w, https:\/\/ivam.es\/wp-content\/uploads\/page\/mira-bernabeu\/15546_Bernabeu-300x199.jpg 300w, https:\/\/ivam.es\/wp-content\/uploads\/page\/mira-bernabeu\/15546_Bernabeu-768x509.jpg 768w, https:\/\/ivam.es\/wp-content\/uploads\/page\/mira-bernabeu\/15546_Bernabeu-1536x1018.jpg 1536w, https:\/\/ivam.es\/wp-content\/uploads\/page\/mira-bernabeu\/15546_Bernabeu-2048x1357.jpg 2048w, https:\/\/ivam.es\/wp-content\/uploads\/page\/mira-bernabeu\/15546_Bernabeu-280x186.jpg 280w, https:\/\/ivam.es\/wp-content\/uploads\/page\/mira-bernabeu\/15546_Bernabeu-467x309.jpg 467w, https:\/\/ivam.es\/wp-content\/uploads\/page\/mira-bernabeu\/15546_Bernabeu-231x153.jpg 231w, https:\/\/ivam.es\/wp-content\/uploads\/page\/mira-bernabeu\/15546_Bernabeu-500x331.jpg 500w\" sizes=\"auto, (max-width: 1024px) 100vw, 1024px\" \/><\/a><\/p>\n<h4>Panorama social, 1965 &#8211; 2007\u2020 &#8211; 2009* &#8211; 2014<br \/>\nZoo de Valencia, Jardines de Viveros<br \/>\n2014<br \/>\n298 fotograf\u00edas color.<\/h4>\n<p>La necesidad de una visi\u00f3n principal por quien vigila desde el centro la periferia del pan\u00f3ptico, se puede relacionar con la necesidad del p\u00fablico en un panorama. La actitud vigilante del primero se traduce en una mirada cr\u00edtica del segundo, ambas juzgadores de aquello mostrado delante. Las reminiscencias de las siluetas cautivas en las celdas con las sombras proyectadas en la caverna definida por Plat\u00f3n no est\u00e1n exentas de l\u00f3gica. Quienes miran la realidad a trav\u00e9s de las sombras arrojadas por \u00e9sta y quienes son vigilados a contraluz desde un punto para ellos indefinido, aunque plenamente visible, est\u00e1n en ambos casos privados de un cierto grado de libertad.<\/p>\n<p><strong>Mira Bernabeu<\/strong><\/p>\n","protected":false},"excerpt":{"rendered":"<p>Panorama social, 1965 &#8211; 2007\u2020 &#8211; 2009* &#8211; 2014 Zoo de Valencia, Jardines de Viveros 2014 298 fotograf\u00edas color. La necesidad de una visi\u00f3n principal por quien vigila desde el centro la periferia del pan\u00f3ptico, se puede relacionar con la necesidad del p\u00fablico en un panorama. La actitud vigilante del primero se traduce en una [&hellip;]<\/p>\n","protected":false},"author":3,"featured_media":0,"parent":0,"menu_order":296,"comment_status":"closed","ping_status":"closed","template":"","meta":{"footnotes":""},"class_list":["post-45561","page","type-page","status-publish","hentry"],"yoast_head":"<!-- This site is optimized with the Yoast SEO plugin v26.0 - https:\/\/yoast.com\/wordpress\/plugins\/seo\/ -->\n<title>Mira Bernabeu - IVAM<\/title>\n<meta name=\"robots\" content=\"index, follow, max-snippet:-1, max-image-preview:large, max-video-preview:-1\" \/>\n<link rel=\"canonical\" href=\"https:\/\/ivam.es\/es\/mira-bernabeu\/\" \/>\n<meta property=\"og:locale\" content=\"es_ES\" \/>\n<meta property=\"og:type\" content=\"article\" \/>\n<meta property=\"og:title\" content=\"Mira Bernabeu - IVAM\" \/>\n<meta property=\"og:description\" content=\"Panorama social, 1965 &#8211; 2007\u2020 &#8211; 2009* &#8211; 2014 Zoo de Valencia, Jardines de Viveros 2014 298 fotograf\u00edas color. La necesidad de una visi\u00f3n principal por quien vigila desde el centro la periferia del pan\u00f3ptico, se puede relacionar con la necesidad del p\u00fablico en un panorama. La actitud vigilante del primero se traduce en una [&hellip;]\" \/>\n<meta property=\"og:url\" content=\"https:\/\/ivam.es\/es\/mira-bernabeu\/\" \/>\n<meta property=\"og:site_name\" content=\"IVAM\" \/>\n<meta property=\"article:modified_time\" content=\"2020-05-05T08:49:38+00:00\" \/>\n<meta name=\"twitter:card\" content=\"summary_large_image\" \/>\n<meta name=\"twitter:label1\" content=\"Tiempo de lectura\" \/>\n\t<meta name=\"twitter:data1\" content=\"1 minuto\" \/>\n<script type=\"application\/ld+json\" class=\"yoast-schema-graph\">{\"@context\":\"https:\/\/schema.org\",\"@graph\":[{\"@type\":\"WebPage\",\"@id\":\"https:\/\/ivam.es\/es\/mira-bernabeu\/\",\"url\":\"https:\/\/ivam.es\/es\/mira-bernabeu\/\",\"name\":\"Mira Bernabeu - IVAM\",\"isPartOf\":{\"@id\":\"https:\/\/ivam.es\/es\/#website\"},\"datePublished\":\"2020-05-04T11:43:06+00:00\",\"dateModified\":\"2020-05-05T08:49:38+00:00\",\"breadcrumb\":{\"@id\":\"https:\/\/ivam.es\/es\/mira-bernabeu\/#breadcrumb\"},\"inLanguage\":\"es\",\"potentialAction\":[{\"@type\":\"ReadAction\",\"target\":[\"https:\/\/ivam.es\/es\/mira-bernabeu\/\"]}]},{\"@type\":\"BreadcrumbList\",\"@id\":\"https:\/\/ivam.es\/es\/mira-bernabeu\/#breadcrumb\",\"itemListElement\":[{\"@type\":\"ListItem\",\"position\":1,\"name\":\"Home\",\"item\":\"https:\/\/ivam.es\/es\/\"},{\"@type\":\"ListItem\",\"position\":2,\"name\":\"Mira Bernabeu\"}]},{\"@type\":\"WebSite\",\"@id\":\"https:\/\/ivam.es\/es\/#website\",\"url\":\"https:\/\/ivam.es\/es\/\",\"name\":\"IVAM\",\"description\":\"Institut Valenci\u00e0 d&#039;Art Modern\",\"publisher\":{\"@id\":\"https:\/\/ivam.es\/es\/#organization\"},\"potentialAction\":[{\"@type\":\"SearchAction\",\"target\":{\"@type\":\"EntryPoint\",\"urlTemplate\":\"https:\/\/ivam.es\/es\/?s={search_term_string}\"},\"query-input\":{\"@type\":\"PropertyValueSpecification\",\"valueRequired\":true,\"valueName\":\"search_term_string\"}}],\"inLanguage\":\"es\"},{\"@type\":\"Organization\",\"@id\":\"https:\/\/ivam.es\/es\/#organization\",\"name\":\"IVAM\",\"url\":\"https:\/\/ivam.es\/es\/\",\"logo\":{\"@type\":\"ImageObject\",\"inLanguage\":\"es\",\"@id\":\"https:\/\/ivam.es\/es\/#\/schema\/logo\/image\/\",\"url\":\"https:\/\/ivam.es\/wp-content\/uploads\/logo-ok-512.png\",\"contentUrl\":\"https:\/\/ivam.es\/wp-content\/uploads\/logo-ok-512.png\",\"width\":512,\"height\":512,\"caption\":\"IVAM\"},\"image\":{\"@id\":\"https:\/\/ivam.es\/es\/#\/schema\/logo\/image\/\"}}]}<\/script>\n<!-- \/ Yoast SEO plugin. -->","yoast_head_json":{"title":"Mira Bernabeu - IVAM","robots":{"index":"index","follow":"follow","max-snippet":"max-snippet:-1","max-image-preview":"max-image-preview:large","max-video-preview":"max-video-preview:-1"},"canonical":"https:\/\/ivam.es\/es\/mira-bernabeu\/","og_locale":"es_ES","og_type":"article","og_title":"Mira Bernabeu - IVAM","og_description":"Panorama social, 1965 &#8211; 2007\u2020 &#8211; 2009* &#8211; 2014 Zoo de Valencia, Jardines de Viveros 2014 298 fotograf\u00edas color. La necesidad de una visi\u00f3n principal por quien vigila desde el centro la periferia del pan\u00f3ptico, se puede relacionar con la necesidad del p\u00fablico en un panorama. La actitud vigilante del primero se traduce en una [&hellip;]","og_url":"https:\/\/ivam.es\/es\/mira-bernabeu\/","og_site_name":"IVAM","article_modified_time":"2020-05-05T08:49:38+00:00","twitter_card":"summary_large_image","twitter_misc":{"Tiempo de lectura":"1 minuto"},"schema":{"@context":"https:\/\/schema.org","@graph":[{"@type":"WebPage","@id":"https:\/\/ivam.es\/es\/mira-bernabeu\/","url":"https:\/\/ivam.es\/es\/mira-bernabeu\/","name":"Mira Bernabeu - IVAM","isPartOf":{"@id":"https:\/\/ivam.es\/es\/#website"},"datePublished":"2020-05-04T11:43:06+00:00","dateModified":"2020-05-05T08:49:38+00:00","breadcrumb":{"@id":"https:\/\/ivam.es\/es\/mira-bernabeu\/#breadcrumb"},"inLanguage":"es","potentialAction":[{"@type":"ReadAction","target":["https:\/\/ivam.es\/es\/mira-bernabeu\/"]}]},{"@type":"BreadcrumbList","@id":"https:\/\/ivam.es\/es\/mira-bernabeu\/#breadcrumb","itemListElement":[{"@type":"ListItem","position":1,"name":"Home","item":"https:\/\/ivam.es\/es\/"},{"@type":"ListItem","position":2,"name":"Mira Bernabeu"}]},{"@type":"WebSite","@id":"https:\/\/ivam.es\/es\/#website","url":"https:\/\/ivam.es\/es\/","name":"IVAM","description":"Institut Valenci\u00e0 d&#039;Art Modern","publisher":{"@id":"https:\/\/ivam.es\/es\/#organization"},"potentialAction":[{"@type":"SearchAction","target":{"@type":"EntryPoint","urlTemplate":"https:\/\/ivam.es\/es\/?s={search_term_string}"},"query-input":{"@type":"PropertyValueSpecification","valueRequired":true,"valueName":"search_term_string"}}],"inLanguage":"es"},{"@type":"Organization","@id":"https:\/\/ivam.es\/es\/#organization","name":"IVAM","url":"https:\/\/ivam.es\/es\/","logo":{"@type":"ImageObject","inLanguage":"es","@id":"https:\/\/ivam.es\/es\/#\/schema\/logo\/image\/","url":"https:\/\/ivam.es\/wp-content\/uploads\/logo-ok-512.png","contentUrl":"https:\/\/ivam.es\/wp-content\/uploads\/logo-ok-512.png","width":512,"height":512,"caption":"IVAM"},"image":{"@id":"https:\/\/ivam.es\/es\/#\/schema\/logo\/image\/"}}]}},"_links":{"self":[{"href":"https:\/\/ivam.es\/es\/wp-json\/wp\/v2\/pages\/45561","targetHints":{"allow":["GET"]}}],"collection":[{"href":"https:\/\/ivam.es\/es\/wp-json\/wp\/v2\/pages"}],"about":[{"href":"https:\/\/ivam.es\/es\/wp-json\/wp\/v2\/types\/page"}],"author":[{"embeddable":true,"href":"https:\/\/ivam.es\/es\/wp-json\/wp\/v2\/users\/3"}],"replies":[{"embeddable":true,"href":"https:\/\/ivam.es\/es\/wp-json\/wp\/v2\/comments?post=45561"}],"version-history":[{"count":2,"href":"https:\/\/ivam.es\/es\/wp-json\/wp\/v2\/pages\/45561\/revisions"}],"predecessor-version":[{"id":45591,"href":"https:\/\/ivam.es\/es\/wp-json\/wp\/v2\/pages\/45561\/revisions\/45591"}],"wp:attachment":[{"href":"https:\/\/ivam.es\/es\/wp-json\/wp\/v2\/media?parent=45561"}],"curies":[{"name":"wp","href":"https:\/\/api.w.org\/{rel}","templated":true}]}}