{"id":45543,"date":"2020-05-04T13:42:11","date_gmt":"2020-05-04T11:42:11","guid":{"rendered":"\/?page_id=45543"},"modified":"2020-05-05T10:49:47","modified_gmt":"2020-05-05T08:49:47","slug":"isabel-oliver","status":"publish","type":"page","link":"https:\/\/ivam.es\/es\/isabel-oliver\/","title":{"rendered":"Isabel Oliver"},"content":{"rendered":"<p><a href=\"\/wp-content\/uploads\/page\/isabel-oliver\/Isabel-Oliver.jpg\"><img loading=\"lazy\" decoding=\"async\" class=\"alignnone wp-image-45544\" src=\"\/wp-content\/uploads\/page\/isabel-oliver\/Isabel-Oliver-300x295.jpg\" alt=\"Isabel Oliver \/ Cirug\u00eda. De la serie \u201cLa mujer\u201d, 1970-1973\" width=\"611\" height=\"600\" srcset=\"https:\/\/ivam.es\/wp-content\/uploads\/page\/isabel-oliver\/Isabel-Oliver-300x295.jpg 300w, https:\/\/ivam.es\/wp-content\/uploads\/page\/isabel-oliver\/Isabel-Oliver-280x275.jpg 280w, https:\/\/ivam.es\/wp-content\/uploads\/page\/isabel-oliver\/Isabel-Oliver-231x227.jpg 231w, https:\/\/ivam.es\/wp-content\/uploads\/page\/isabel-oliver\/Isabel-Oliver.jpg 451w\" sizes=\"auto, (max-width: 611px) 100vw, 611px\" \/><\/a><\/p>\n<h4 class=\"text-left\">Cirug\u00eda. De la serie \u201cLa mujer\u201d, 1970-1973<\/h4>\n<p>La obra<em> Cirug\u00eda<\/em> trata sobre la dictadura de la belleza, impuesta a las mujeres respondiendo al arquetipo del gusto masculino de c\u00f3mo deb\u00edan de ser las mujeres para ser \u201cadecuadas\u201d. Las operaciones de est\u00e9tica que ya estaban d\u00e1ndose a conocer durante esos a\u00f1os en mi pa\u00eds, hicieron saltar las alarmas sobre unas pr\u00e1cticas de sometimiento inaceptable. Sobre el cuerpo de una mujer se abalanzan cuatro m\u00e9dicos y dos enfermeras \u2013de nuevo utilizo el color para evidenciar el entorno inh\u00f3spito y agrio con tonalidades verdosas y, \u00fanicamente, el brazo de la paciente tiene color humano,- en el lateral hay un gr\u00e1fico a trav\u00e9s del cual el equipo quir\u00fargico se gu\u00eda en la operaci\u00f3n, pero no se trata de radiograf\u00edas o ecograf\u00edas, sino de un esquema de un cuerpo femenino acuclillado perfecto \u2013perfectamente adolescente- visto desde distintos puntos de vista en el que se se\u00f1alan puntos rojos, los puntos donde debe entrar el bistur\u00ed: muslos, pecho, abdomen y caderas.<\/p>\n<p><strong>Isabel Oliver<\/strong><\/p>\n","protected":false},"excerpt":{"rendered":"<p>Cirug\u00eda. De la serie \u201cLa mujer\u201d, 1970-1973 La obra Cirug\u00eda trata sobre la dictadura de la belleza, impuesta a las mujeres respondiendo al arquetipo del gusto masculino de c\u00f3mo deb\u00edan de ser las mujeres para ser \u201cadecuadas\u201d. Las operaciones de est\u00e9tica que ya estaban d\u00e1ndose a conocer durante esos a\u00f1os en mi pa\u00eds, hicieron saltar [&hellip;]<\/p>\n","protected":false},"author":3,"featured_media":0,"parent":0,"menu_order":299,"comment_status":"closed","ping_status":"closed","template":"","meta":{"footnotes":""},"class_list":["post-45543","page","type-page","status-publish","hentry"],"yoast_head":"<!-- This site is optimized with the Yoast SEO plugin v26.0 - https:\/\/yoast.com\/wordpress\/plugins\/seo\/ -->\n<title>Isabel Oliver - IVAM<\/title>\n<meta name=\"robots\" content=\"index, follow, max-snippet:-1, max-image-preview:large, max-video-preview:-1\" \/>\n<link rel=\"canonical\" href=\"https:\/\/ivam.es\/es\/isabel-oliver\/\" \/>\n<meta property=\"og:locale\" content=\"es_ES\" \/>\n<meta property=\"og:type\" content=\"article\" \/>\n<meta property=\"og:title\" content=\"Isabel Oliver - IVAM\" \/>\n<meta property=\"og:description\" content=\"Cirug\u00eda. De la serie \u201cLa mujer\u201d, 1970-1973 La obra Cirug\u00eda trata sobre la dictadura de la belleza, impuesta a las mujeres respondiendo al arquetipo del gusto masculino de c\u00f3mo deb\u00edan de ser las mujeres para ser \u201cadecuadas\u201d. Las operaciones de est\u00e9tica que ya estaban d\u00e1ndose a conocer durante esos a\u00f1os en mi pa\u00eds, hicieron saltar [&hellip;]\" \/>\n<meta property=\"og:url\" content=\"https:\/\/ivam.es\/es\/isabel-oliver\/\" \/>\n<meta property=\"og:site_name\" content=\"IVAM\" \/>\n<meta property=\"article:modified_time\" content=\"2020-05-05T08:49:47+00:00\" \/>\n<meta name=\"twitter:card\" content=\"summary_large_image\" \/>\n<meta name=\"twitter:label1\" content=\"Tiempo de lectura\" \/>\n\t<meta name=\"twitter:data1\" content=\"1 minuto\" \/>\n<script type=\"application\/ld+json\" class=\"yoast-schema-graph\">{\"@context\":\"https:\/\/schema.org\",\"@graph\":[{\"@type\":\"WebPage\",\"@id\":\"https:\/\/ivam.es\/es\/isabel-oliver\/\",\"url\":\"https:\/\/ivam.es\/es\/isabel-oliver\/\",\"name\":\"Isabel Oliver - IVAM\",\"isPartOf\":{\"@id\":\"https:\/\/ivam.es\/es\/#website\"},\"datePublished\":\"2020-05-04T11:42:11+00:00\",\"dateModified\":\"2020-05-05T08:49:47+00:00\",\"breadcrumb\":{\"@id\":\"https:\/\/ivam.es\/es\/isabel-oliver\/#breadcrumb\"},\"inLanguage\":\"es\",\"potentialAction\":[{\"@type\":\"ReadAction\",\"target\":[\"https:\/\/ivam.es\/es\/isabel-oliver\/\"]}]},{\"@type\":\"BreadcrumbList\",\"@id\":\"https:\/\/ivam.es\/es\/isabel-oliver\/#breadcrumb\",\"itemListElement\":[{\"@type\":\"ListItem\",\"position\":1,\"name\":\"Home\",\"item\":\"https:\/\/ivam.es\/es\/\"},{\"@type\":\"ListItem\",\"position\":2,\"name\":\"Isabel Oliver\"}]},{\"@type\":\"WebSite\",\"@id\":\"https:\/\/ivam.es\/es\/#website\",\"url\":\"https:\/\/ivam.es\/es\/\",\"name\":\"IVAM\",\"description\":\"Institut Valenci\u00e0 d&#039;Art Modern\",\"publisher\":{\"@id\":\"https:\/\/ivam.es\/es\/#organization\"},\"potentialAction\":[{\"@type\":\"SearchAction\",\"target\":{\"@type\":\"EntryPoint\",\"urlTemplate\":\"https:\/\/ivam.es\/es\/?s={search_term_string}\"},\"query-input\":{\"@type\":\"PropertyValueSpecification\",\"valueRequired\":true,\"valueName\":\"search_term_string\"}}],\"inLanguage\":\"es\"},{\"@type\":\"Organization\",\"@id\":\"https:\/\/ivam.es\/es\/#organization\",\"name\":\"IVAM\",\"url\":\"https:\/\/ivam.es\/es\/\",\"logo\":{\"@type\":\"ImageObject\",\"inLanguage\":\"es\",\"@id\":\"https:\/\/ivam.es\/es\/#\/schema\/logo\/image\/\",\"url\":\"https:\/\/ivam.es\/wp-content\/uploads\/logo-ok-512.png\",\"contentUrl\":\"https:\/\/ivam.es\/wp-content\/uploads\/logo-ok-512.png\",\"width\":512,\"height\":512,\"caption\":\"IVAM\"},\"image\":{\"@id\":\"https:\/\/ivam.es\/es\/#\/schema\/logo\/image\/\"}}]}<\/script>\n<!-- \/ Yoast SEO plugin. -->","yoast_head_json":{"title":"Isabel Oliver - IVAM","robots":{"index":"index","follow":"follow","max-snippet":"max-snippet:-1","max-image-preview":"max-image-preview:large","max-video-preview":"max-video-preview:-1"},"canonical":"https:\/\/ivam.es\/es\/isabel-oliver\/","og_locale":"es_ES","og_type":"article","og_title":"Isabel Oliver - IVAM","og_description":"Cirug\u00eda. De la serie \u201cLa mujer\u201d, 1970-1973 La obra Cirug\u00eda trata sobre la dictadura de la belleza, impuesta a las mujeres respondiendo al arquetipo del gusto masculino de c\u00f3mo deb\u00edan de ser las mujeres para ser \u201cadecuadas\u201d. Las operaciones de est\u00e9tica que ya estaban d\u00e1ndose a conocer durante esos a\u00f1os en mi pa\u00eds, hicieron saltar [&hellip;]","og_url":"https:\/\/ivam.es\/es\/isabel-oliver\/","og_site_name":"IVAM","article_modified_time":"2020-05-05T08:49:47+00:00","twitter_card":"summary_large_image","twitter_misc":{"Tiempo de lectura":"1 minuto"},"schema":{"@context":"https:\/\/schema.org","@graph":[{"@type":"WebPage","@id":"https:\/\/ivam.es\/es\/isabel-oliver\/","url":"https:\/\/ivam.es\/es\/isabel-oliver\/","name":"Isabel Oliver - IVAM","isPartOf":{"@id":"https:\/\/ivam.es\/es\/#website"},"datePublished":"2020-05-04T11:42:11+00:00","dateModified":"2020-05-05T08:49:47+00:00","breadcrumb":{"@id":"https:\/\/ivam.es\/es\/isabel-oliver\/#breadcrumb"},"inLanguage":"es","potentialAction":[{"@type":"ReadAction","target":["https:\/\/ivam.es\/es\/isabel-oliver\/"]}]},{"@type":"BreadcrumbList","@id":"https:\/\/ivam.es\/es\/isabel-oliver\/#breadcrumb","itemListElement":[{"@type":"ListItem","position":1,"name":"Home","item":"https:\/\/ivam.es\/es\/"},{"@type":"ListItem","position":2,"name":"Isabel Oliver"}]},{"@type":"WebSite","@id":"https:\/\/ivam.es\/es\/#website","url":"https:\/\/ivam.es\/es\/","name":"IVAM","description":"Institut Valenci\u00e0 d&#039;Art Modern","publisher":{"@id":"https:\/\/ivam.es\/es\/#organization"},"potentialAction":[{"@type":"SearchAction","target":{"@type":"EntryPoint","urlTemplate":"https:\/\/ivam.es\/es\/?s={search_term_string}"},"query-input":{"@type":"PropertyValueSpecification","valueRequired":true,"valueName":"search_term_string"}}],"inLanguage":"es"},{"@type":"Organization","@id":"https:\/\/ivam.es\/es\/#organization","name":"IVAM","url":"https:\/\/ivam.es\/es\/","logo":{"@type":"ImageObject","inLanguage":"es","@id":"https:\/\/ivam.es\/es\/#\/schema\/logo\/image\/","url":"https:\/\/ivam.es\/wp-content\/uploads\/logo-ok-512.png","contentUrl":"https:\/\/ivam.es\/wp-content\/uploads\/logo-ok-512.png","width":512,"height":512,"caption":"IVAM"},"image":{"@id":"https:\/\/ivam.es\/es\/#\/schema\/logo\/image\/"}}]}},"_links":{"self":[{"href":"https:\/\/ivam.es\/es\/wp-json\/wp\/v2\/pages\/45543","targetHints":{"allow":["GET"]}}],"collection":[{"href":"https:\/\/ivam.es\/es\/wp-json\/wp\/v2\/pages"}],"about":[{"href":"https:\/\/ivam.es\/es\/wp-json\/wp\/v2\/types\/page"}],"author":[{"embeddable":true,"href":"https:\/\/ivam.es\/es\/wp-json\/wp\/v2\/users\/3"}],"replies":[{"embeddable":true,"href":"https:\/\/ivam.es\/es\/wp-json\/wp\/v2\/comments?post=45543"}],"version-history":[{"count":2,"href":"https:\/\/ivam.es\/es\/wp-json\/wp\/v2\/pages\/45543\/revisions"}],"predecessor-version":[{"id":45588,"href":"https:\/\/ivam.es\/es\/wp-json\/wp\/v2\/pages\/45543\/revisions\/45588"}],"wp:attachment":[{"href":"https:\/\/ivam.es\/es\/wp-json\/wp\/v2\/media?parent=45543"}],"curies":[{"name":"wp","href":"https:\/\/api.w.org\/{rel}","templated":true}]}}