{"id":45535,"date":"2020-05-04T13:41:48","date_gmt":"2020-05-04T11:41:48","guid":{"rendered":"\/?page_id=45535"},"modified":"2020-05-05T10:49:52","modified_gmt":"2020-05-05T08:49:52","slug":"chema-lopez","status":"publish","type":"page","link":"https:\/\/ivam.es\/es\/chema-lopez\/","title":{"rendered":"Chema L\u00f3pez"},"content":{"rendered":"<p><a href=\"\/wp-content\/uploads\/page\/chema-lopez\/Chema-Lopez.tif\"><img loading=\"lazy\" decoding=\"async\" class=\"alignnone size-medium wp-image-45536\" src=\"\/wp-content\/uploads\/page\/chema-lopez\/Chema-Lopez.tif\" alt=\"\" width=\"1\" height=\"1\" \/><\/a><a href=\"\/wp-content\/uploads\/page\/chema-lopez\/Chema-Lopez.tif\"><img loading=\"lazy\" decoding=\"async\" class=\"alignnone size-medium wp-image-45536\" src=\"\/wp-content\/uploads\/page\/chema-lopez\/Chema-Lopez.tif\" alt=\"\" width=\"1\" height=\"1\" \/><\/a><a href=\"\/wp-content\/uploads\/page\/chema-lopez\/Chema-Lopez-obra-scaled.jpg\"><img loading=\"lazy\" decoding=\"async\" class=\"alignnone wp-image-45539\" src=\"\/wp-content\/uploads\/page\/chema-lopez\/Chema-Lopez-obra-scaled.jpg\" alt=\"Chema L\u00f3pez \/ Los a\u00f1os de plomo, 2012 (blanco y negro)\" width=\"431\" height=\"600\" srcset=\"https:\/\/ivam.es\/wp-content\/uploads\/page\/chema-lopez\/Chema-Lopez-obra-scaled.jpg 1839w, https:\/\/ivam.es\/wp-content\/uploads\/page\/chema-lopez\/Chema-Lopez-obra-216x300.jpg 216w, https:\/\/ivam.es\/wp-content\/uploads\/page\/chema-lopez\/Chema-Lopez-obra-736x1024.jpg 736w, https:\/\/ivam.es\/wp-content\/uploads\/page\/chema-lopez\/Chema-Lopez-obra-768x1069.jpg 768w, https:\/\/ivam.es\/wp-content\/uploads\/page\/chema-lopez\/Chema-Lopez-obra-1103x1536.jpg 1103w, https:\/\/ivam.es\/wp-content\/uploads\/page\/chema-lopez\/Chema-Lopez-obra-1471x2048.jpg 1471w, https:\/\/ivam.es\/wp-content\/uploads\/page\/chema-lopez\/Chema-Lopez-obra-280x390.jpg 280w, https:\/\/ivam.es\/wp-content\/uploads\/page\/chema-lopez\/Chema-Lopez-obra-467x650.jpg 467w, https:\/\/ivam.es\/wp-content\/uploads\/page\/chema-lopez\/Chema-Lopez-obra-231x322.jpg 231w, https:\/\/ivam.es\/wp-content\/uploads\/page\/chema-lopez\/Chema-Lopez-obra-500x696.jpg 500w\" sizes=\"auto, (max-width: 431px) 100vw, 431px\" \/><\/a><\/p>\n<h4 class=\"text-left\">Los a\u00f1os de plomo, 2012 (blanco y negro)<\/h4>\n<p>El nombre propio y el rostro son los signos definitorios de la identidad. Clasificar, catalogar y distinguir nombres y rostros ha sido y es objetivo prioritario del poder. Los a\u00f1os de plomo de Chema L\u00f3pez es una serie de pinturas &#8211; dos de ellas forman parte de la colecci\u00f3n del IVAM &#8211; que parten de la resignificaci\u00f3n de documentos policiales. Im\u00e1genes fotogr\u00e1ficas con rostros tachados, hendidos y rasgados, en una operaci\u00f3n que pone en cuesti\u00f3n la obstinaci\u00f3n de nuestra sociedad por fijar y controlar a los \u201csujetos\u201d que la conforman. El resultado, un ox\u00edmoron visual, retratos parad\u00f3jicos donde el anonimato muestra m\u00e1s de lo humano que la identificaci\u00f3n.<\/p>\n<p><strong>Chema L\u00f3pez<\/strong><\/p>\n","protected":false},"excerpt":{"rendered":"<p>Los a\u00f1os de plomo, 2012 (blanco y negro) El nombre propio y el rostro son los signos definitorios de la identidad. Clasificar, catalogar y distinguir nombres y rostros ha sido y es objetivo prioritario del poder. Los a\u00f1os de plomo de Chema L\u00f3pez es una serie de pinturas &#8211; dos de ellas forman parte de [&hellip;]<\/p>\n","protected":false},"author":3,"featured_media":0,"parent":0,"menu_order":300,"comment_status":"closed","ping_status":"closed","template":"","meta":{"footnotes":""},"class_list":["post-45535","page","type-page","status-publish","hentry"],"yoast_head":"<!-- This site is optimized with the Yoast SEO plugin v26.0 - https:\/\/yoast.com\/wordpress\/plugins\/seo\/ -->\n<title>Chema L\u00f3pez - IVAM<\/title>\n<meta name=\"robots\" content=\"index, follow, max-snippet:-1, max-image-preview:large, max-video-preview:-1\" \/>\n<link rel=\"canonical\" href=\"https:\/\/ivam.es\/es\/chema-lopez\/\" \/>\n<meta property=\"og:locale\" content=\"es_ES\" \/>\n<meta property=\"og:type\" content=\"article\" \/>\n<meta property=\"og:title\" content=\"Chema L\u00f3pez - IVAM\" \/>\n<meta property=\"og:description\" content=\"Los a\u00f1os de plomo, 2012 (blanco y negro) El nombre propio y el rostro son los signos definitorios de la identidad. Clasificar, catalogar y distinguir nombres y rostros ha sido y es objetivo prioritario del poder. Los a\u00f1os de plomo de Chema L\u00f3pez es una serie de pinturas &#8211; dos de ellas forman parte de [&hellip;]\" \/>\n<meta property=\"og:url\" content=\"https:\/\/ivam.es\/es\/chema-lopez\/\" \/>\n<meta property=\"og:site_name\" content=\"IVAM\" \/>\n<meta property=\"article:modified_time\" content=\"2020-05-05T08:49:52+00:00\" \/>\n<meta name=\"twitter:card\" content=\"summary_large_image\" \/>\n<meta name=\"twitter:label1\" content=\"Tiempo de lectura\" \/>\n\t<meta name=\"twitter:data1\" content=\"1 minuto\" \/>\n<script type=\"application\/ld+json\" class=\"yoast-schema-graph\">{\"@context\":\"https:\/\/schema.org\",\"@graph\":[{\"@type\":\"WebPage\",\"@id\":\"https:\/\/ivam.es\/es\/chema-lopez\/\",\"url\":\"https:\/\/ivam.es\/es\/chema-lopez\/\",\"name\":\"Chema L\u00f3pez - IVAM\",\"isPartOf\":{\"@id\":\"https:\/\/ivam.es\/es\/#website\"},\"datePublished\":\"2020-05-04T11:41:48+00:00\",\"dateModified\":\"2020-05-05T08:49:52+00:00\",\"breadcrumb\":{\"@id\":\"https:\/\/ivam.es\/es\/chema-lopez\/#breadcrumb\"},\"inLanguage\":\"es\",\"potentialAction\":[{\"@type\":\"ReadAction\",\"target\":[\"https:\/\/ivam.es\/es\/chema-lopez\/\"]}]},{\"@type\":\"BreadcrumbList\",\"@id\":\"https:\/\/ivam.es\/es\/chema-lopez\/#breadcrumb\",\"itemListElement\":[{\"@type\":\"ListItem\",\"position\":1,\"name\":\"Home\",\"item\":\"https:\/\/ivam.es\/es\/\"},{\"@type\":\"ListItem\",\"position\":2,\"name\":\"Chema L\u00f3pez\"}]},{\"@type\":\"WebSite\",\"@id\":\"https:\/\/ivam.es\/es\/#website\",\"url\":\"https:\/\/ivam.es\/es\/\",\"name\":\"IVAM\",\"description\":\"Institut Valenci\u00e0 d&#039;Art Modern\",\"publisher\":{\"@id\":\"https:\/\/ivam.es\/es\/#organization\"},\"potentialAction\":[{\"@type\":\"SearchAction\",\"target\":{\"@type\":\"EntryPoint\",\"urlTemplate\":\"https:\/\/ivam.es\/es\/?s={search_term_string}\"},\"query-input\":{\"@type\":\"PropertyValueSpecification\",\"valueRequired\":true,\"valueName\":\"search_term_string\"}}],\"inLanguage\":\"es\"},{\"@type\":\"Organization\",\"@id\":\"https:\/\/ivam.es\/es\/#organization\",\"name\":\"IVAM\",\"url\":\"https:\/\/ivam.es\/es\/\",\"logo\":{\"@type\":\"ImageObject\",\"inLanguage\":\"es\",\"@id\":\"https:\/\/ivam.es\/es\/#\/schema\/logo\/image\/\",\"url\":\"https:\/\/ivam.es\/wp-content\/uploads\/logo-ok-512.png\",\"contentUrl\":\"https:\/\/ivam.es\/wp-content\/uploads\/logo-ok-512.png\",\"width\":512,\"height\":512,\"caption\":\"IVAM\"},\"image\":{\"@id\":\"https:\/\/ivam.es\/es\/#\/schema\/logo\/image\/\"}}]}<\/script>\n<!-- \/ Yoast SEO plugin. -->","yoast_head_json":{"title":"Chema L\u00f3pez - IVAM","robots":{"index":"index","follow":"follow","max-snippet":"max-snippet:-1","max-image-preview":"max-image-preview:large","max-video-preview":"max-video-preview:-1"},"canonical":"https:\/\/ivam.es\/es\/chema-lopez\/","og_locale":"es_ES","og_type":"article","og_title":"Chema L\u00f3pez - IVAM","og_description":"Los a\u00f1os de plomo, 2012 (blanco y negro) El nombre propio y el rostro son los signos definitorios de la identidad. Clasificar, catalogar y distinguir nombres y rostros ha sido y es objetivo prioritario del poder. Los a\u00f1os de plomo de Chema L\u00f3pez es una serie de pinturas &#8211; dos de ellas forman parte de [&hellip;]","og_url":"https:\/\/ivam.es\/es\/chema-lopez\/","og_site_name":"IVAM","article_modified_time":"2020-05-05T08:49:52+00:00","twitter_card":"summary_large_image","twitter_misc":{"Tiempo de lectura":"1 minuto"},"schema":{"@context":"https:\/\/schema.org","@graph":[{"@type":"WebPage","@id":"https:\/\/ivam.es\/es\/chema-lopez\/","url":"https:\/\/ivam.es\/es\/chema-lopez\/","name":"Chema L\u00f3pez - IVAM","isPartOf":{"@id":"https:\/\/ivam.es\/es\/#website"},"datePublished":"2020-05-04T11:41:48+00:00","dateModified":"2020-05-05T08:49:52+00:00","breadcrumb":{"@id":"https:\/\/ivam.es\/es\/chema-lopez\/#breadcrumb"},"inLanguage":"es","potentialAction":[{"@type":"ReadAction","target":["https:\/\/ivam.es\/es\/chema-lopez\/"]}]},{"@type":"BreadcrumbList","@id":"https:\/\/ivam.es\/es\/chema-lopez\/#breadcrumb","itemListElement":[{"@type":"ListItem","position":1,"name":"Home","item":"https:\/\/ivam.es\/es\/"},{"@type":"ListItem","position":2,"name":"Chema L\u00f3pez"}]},{"@type":"WebSite","@id":"https:\/\/ivam.es\/es\/#website","url":"https:\/\/ivam.es\/es\/","name":"IVAM","description":"Institut Valenci\u00e0 d&#039;Art Modern","publisher":{"@id":"https:\/\/ivam.es\/es\/#organization"},"potentialAction":[{"@type":"SearchAction","target":{"@type":"EntryPoint","urlTemplate":"https:\/\/ivam.es\/es\/?s={search_term_string}"},"query-input":{"@type":"PropertyValueSpecification","valueRequired":true,"valueName":"search_term_string"}}],"inLanguage":"es"},{"@type":"Organization","@id":"https:\/\/ivam.es\/es\/#organization","name":"IVAM","url":"https:\/\/ivam.es\/es\/","logo":{"@type":"ImageObject","inLanguage":"es","@id":"https:\/\/ivam.es\/es\/#\/schema\/logo\/image\/","url":"https:\/\/ivam.es\/wp-content\/uploads\/logo-ok-512.png","contentUrl":"https:\/\/ivam.es\/wp-content\/uploads\/logo-ok-512.png","width":512,"height":512,"caption":"IVAM"},"image":{"@id":"https:\/\/ivam.es\/es\/#\/schema\/logo\/image\/"}}]}},"_links":{"self":[{"href":"https:\/\/ivam.es\/es\/wp-json\/wp\/v2\/pages\/45535","targetHints":{"allow":["GET"]}}],"collection":[{"href":"https:\/\/ivam.es\/es\/wp-json\/wp\/v2\/pages"}],"about":[{"href":"https:\/\/ivam.es\/es\/wp-json\/wp\/v2\/types\/page"}],"author":[{"embeddable":true,"href":"https:\/\/ivam.es\/es\/wp-json\/wp\/v2\/users\/3"}],"replies":[{"embeddable":true,"href":"https:\/\/ivam.es\/es\/wp-json\/wp\/v2\/comments?post=45535"}],"version-history":[{"count":2,"href":"https:\/\/ivam.es\/es\/wp-json\/wp\/v2\/pages\/45535\/revisions"}],"predecessor-version":[{"id":45587,"href":"https:\/\/ivam.es\/es\/wp-json\/wp\/v2\/pages\/45535\/revisions\/45587"}],"wp:attachment":[{"href":"https:\/\/ivam.es\/es\/wp-json\/wp\/v2\/media?parent=45535"}],"curies":[{"name":"wp","href":"https:\/\/api.w.org\/{rel}","templated":true}]}}