{"id":45529,"date":"2020-05-04T13:41:19","date_gmt":"2020-05-04T11:41:19","guid":{"rendered":"\/?page_id=45529"},"modified":"2020-05-05T10:49:55","modified_gmt":"2020-05-05T08:49:55","slug":"carmen-calvo-2","status":"publish","type":"page","link":"https:\/\/ivam.es\/es\/carmen-calvo-2\/","title":{"rendered":"Carmen Calvo"},"content":{"rendered":"<p><a href=\"\/wp-content\/uploads\/page\/carmen-calvo\/FOTO-OBRA-CARMEN-CALVO.jpg\"><img loading=\"lazy\" decoding=\"async\" class=\"alignnone wp-image-45530\" src=\"\/wp-content\/uploads\/page\/carmen-calvo\/FOTO-OBRA-CARMEN-CALVO-180x300.jpg\" alt=\"Carmen Calvo \/ Has hecho de mi lo que quer\u00edas, 2005\" width=\"359\" height=\"600\" srcset=\"https:\/\/ivam.es\/wp-content\/uploads\/page\/carmen-calvo\/FOTO-OBRA-CARMEN-CALVO-180x300.jpg 180w, https:\/\/ivam.es\/wp-content\/uploads\/page\/carmen-calvo\/FOTO-OBRA-CARMEN-CALVO-613x1024.jpg 613w, https:\/\/ivam.es\/wp-content\/uploads\/page\/carmen-calvo\/FOTO-OBRA-CARMEN-CALVO-280x468.jpg 280w, https:\/\/ivam.es\/wp-content\/uploads\/page\/carmen-calvo\/FOTO-OBRA-CARMEN-CALVO-467x780.jpg 467w, https:\/\/ivam.es\/wp-content\/uploads\/page\/carmen-calvo\/FOTO-OBRA-CARMEN-CALVO-231x386.jpg 231w, https:\/\/ivam.es\/wp-content\/uploads\/page\/carmen-calvo\/FOTO-OBRA-CARMEN-CALVO-500x835.jpg 500w, https:\/\/ivam.es\/wp-content\/uploads\/page\/carmen-calvo\/FOTO-OBRA-CARMEN-CALVO.jpg 714w\" sizes=\"auto, (max-width: 359px) 100vw, 359px\" \/><\/a><\/p>\n<h4 class=\"text-left\">Has hecho de mi lo que quer\u00edas, 2005.<\/h4>\n<p>&nbsp;<\/p>\n<p>Esta obra pertenece a un proyecto de 6 fotograf\u00edas y 6 dibujos, todos del mismo tama\u00f1o. En total 12 obras, como son los doce meses del a\u00f1o. Es un proyecto conjunto.<\/p>\n<p>Cada mes, de cada obra fotogr\u00e1fica, proyecta una noticia, de un g\u00e9nero diferente: temas, religiosos, la huida de los exiliados, la oscuridad de una Espa\u00f1a con t\u00f3picos, bodas, temas sociales. tema de g\u00e9nero. Todas estas reflexiones se proyectan en estas fotograf\u00edas de personajes an\u00f3nimos.<\/p>\n<p>Los dibujos est\u00e1n realizados con t\u00e9cnica de collages, est\u00e1n representando a personajes que nos cuentan sus vidas en diferentes facetas.<\/p>\n<p>Estas 12 obras se mostraron en el stand de ARCO del diario <em>El Mundo<\/em> en el a\u00f1o 2005.<\/p>\n<p>Tanto las fotograf\u00edas como los dibujos dan cuenta de la noticia, del d\u00eda a d\u00eda que surge en los diarios o en la televisi\u00f3n. Es la vida misma, son noticias vigentes en la actualidad.<\/p>\n<p>La imagen que he elegido de las 6 fotograf\u00edas que compone el proyecto lleva por t\u00edtulo: <em>Has hecho de mi lo que quer\u00edas, 2005<\/em>.<\/p>\n<p>La fotograf\u00eda representa a dos mujeres an\u00f3nimas fotografiadas contra la pared. Una pared, con grafitos de imagen (probablemente de un perfil de mujer)<\/p>\n<p>El hecho de llevar la fotograf\u00eda al negativo, no es una cuesti\u00f3n de tragedia, es el juego de las luces y las sombras que tanto el dibujo y en este caso la fotograf\u00eda nos relata un momento o situaci\u00f3n de densidad.<\/p>\n<p>La oscuridad del fondo de la fotograf\u00eda hace resaltar los vestidos de las mujeres. Y el cabello no existe, es blanco, est\u00e1n peladas, afeitadas (probablemente).<\/p>\n<p>Una vez me preguntaron \u00bfqu\u00e9 quer\u00eda decir el cubrir el rostro de estas mujeres con una estrella?<\/p>\n<p>En principio, no es cubrir, es anular, a estas mujeres por varias razones, en primer lugar, por ser mujer y, en segundo, por ser de raza jud\u00eda. Cada una de ellas tiene cubierto el rostro con una estrella de trapo: la estrella de David.<\/p>\n<p>Lo dem\u00e1s lo dejo a su criterio.<\/p>\n<p><strong>Carmen Calvo<\/strong><\/p>\n","protected":false},"excerpt":{"rendered":"<p>Has hecho de mi lo que quer\u00edas, 2005. &nbsp; Esta obra pertenece a un proyecto de 6 fotograf\u00edas y 6 dibujos, todos del mismo tama\u00f1o. En total 12 obras, como son los doce meses del a\u00f1o. Es un proyecto conjunto. Cada mes, de cada obra fotogr\u00e1fica, proyecta una noticia, de un g\u00e9nero diferente: temas, religiosos, [&hellip;]<\/p>\n","protected":false},"author":3,"featured_media":0,"parent":0,"menu_order":302,"comment_status":"closed","ping_status":"closed","template":"","meta":{"footnotes":""},"class_list":["post-45529","page","type-page","status-publish","hentry"],"yoast_head":"<!-- This site is optimized with the Yoast SEO plugin v26.0 - https:\/\/yoast.com\/wordpress\/plugins\/seo\/ -->\n<title>Carmen Calvo - IVAM<\/title>\n<meta name=\"robots\" content=\"index, follow, max-snippet:-1, max-image-preview:large, max-video-preview:-1\" \/>\n<link rel=\"canonical\" href=\"https:\/\/ivam.es\/es\/carmen-calvo-2\/\" \/>\n<meta property=\"og:locale\" content=\"es_ES\" \/>\n<meta property=\"og:type\" content=\"article\" \/>\n<meta property=\"og:title\" content=\"Carmen Calvo - IVAM\" \/>\n<meta property=\"og:description\" content=\"Has hecho de mi lo que quer\u00edas, 2005. &nbsp; Esta obra pertenece a un proyecto de 6 fotograf\u00edas y 6 dibujos, todos del mismo tama\u00f1o. En total 12 obras, como son los doce meses del a\u00f1o. Es un proyecto conjunto. Cada mes, de cada obra fotogr\u00e1fica, proyecta una noticia, de un g\u00e9nero diferente: temas, religiosos, [&hellip;]\" \/>\n<meta property=\"og:url\" content=\"https:\/\/ivam.es\/es\/carmen-calvo-2\/\" \/>\n<meta property=\"og:site_name\" content=\"IVAM\" \/>\n<meta property=\"article:modified_time\" content=\"2020-05-05T08:49:55+00:00\" \/>\n<meta name=\"twitter:card\" content=\"summary_large_image\" \/>\n<meta name=\"twitter:label1\" content=\"Tiempo de lectura\" \/>\n\t<meta name=\"twitter:data1\" content=\"2 minutos\" \/>\n<script type=\"application\/ld+json\" class=\"yoast-schema-graph\">{\"@context\":\"https:\/\/schema.org\",\"@graph\":[{\"@type\":\"WebPage\",\"@id\":\"https:\/\/ivam.es\/es\/carmen-calvo-2\/\",\"url\":\"https:\/\/ivam.es\/es\/carmen-calvo-2\/\",\"name\":\"Carmen Calvo - IVAM\",\"isPartOf\":{\"@id\":\"https:\/\/ivam.es\/es\/#website\"},\"datePublished\":\"2020-05-04T11:41:19+00:00\",\"dateModified\":\"2020-05-05T08:49:55+00:00\",\"breadcrumb\":{\"@id\":\"https:\/\/ivam.es\/es\/carmen-calvo-2\/#breadcrumb\"},\"inLanguage\":\"es\",\"potentialAction\":[{\"@type\":\"ReadAction\",\"target\":[\"https:\/\/ivam.es\/es\/carmen-calvo-2\/\"]}]},{\"@type\":\"BreadcrumbList\",\"@id\":\"https:\/\/ivam.es\/es\/carmen-calvo-2\/#breadcrumb\",\"itemListElement\":[{\"@type\":\"ListItem\",\"position\":1,\"name\":\"Home\",\"item\":\"https:\/\/ivam.es\/es\/\"},{\"@type\":\"ListItem\",\"position\":2,\"name\":\"Carmen Calvo\"}]},{\"@type\":\"WebSite\",\"@id\":\"https:\/\/ivam.es\/es\/#website\",\"url\":\"https:\/\/ivam.es\/es\/\",\"name\":\"IVAM\",\"description\":\"Institut Valenci\u00e0 d&#039;Art Modern\",\"publisher\":{\"@id\":\"https:\/\/ivam.es\/es\/#organization\"},\"potentialAction\":[{\"@type\":\"SearchAction\",\"target\":{\"@type\":\"EntryPoint\",\"urlTemplate\":\"https:\/\/ivam.es\/es\/?s={search_term_string}\"},\"query-input\":{\"@type\":\"PropertyValueSpecification\",\"valueRequired\":true,\"valueName\":\"search_term_string\"}}],\"inLanguage\":\"es\"},{\"@type\":\"Organization\",\"@id\":\"https:\/\/ivam.es\/es\/#organization\",\"name\":\"IVAM\",\"url\":\"https:\/\/ivam.es\/es\/\",\"logo\":{\"@type\":\"ImageObject\",\"inLanguage\":\"es\",\"@id\":\"https:\/\/ivam.es\/es\/#\/schema\/logo\/image\/\",\"url\":\"https:\/\/ivam.es\/wp-content\/uploads\/logo-ok-512.png\",\"contentUrl\":\"https:\/\/ivam.es\/wp-content\/uploads\/logo-ok-512.png\",\"width\":512,\"height\":512,\"caption\":\"IVAM\"},\"image\":{\"@id\":\"https:\/\/ivam.es\/es\/#\/schema\/logo\/image\/\"}}]}<\/script>\n<!-- \/ Yoast SEO plugin. -->","yoast_head_json":{"title":"Carmen Calvo - IVAM","robots":{"index":"index","follow":"follow","max-snippet":"max-snippet:-1","max-image-preview":"max-image-preview:large","max-video-preview":"max-video-preview:-1"},"canonical":"https:\/\/ivam.es\/es\/carmen-calvo-2\/","og_locale":"es_ES","og_type":"article","og_title":"Carmen Calvo - IVAM","og_description":"Has hecho de mi lo que quer\u00edas, 2005. &nbsp; Esta obra pertenece a un proyecto de 6 fotograf\u00edas y 6 dibujos, todos del mismo tama\u00f1o. En total 12 obras, como son los doce meses del a\u00f1o. Es un proyecto conjunto. Cada mes, de cada obra fotogr\u00e1fica, proyecta una noticia, de un g\u00e9nero diferente: temas, religiosos, [&hellip;]","og_url":"https:\/\/ivam.es\/es\/carmen-calvo-2\/","og_site_name":"IVAM","article_modified_time":"2020-05-05T08:49:55+00:00","twitter_card":"summary_large_image","twitter_misc":{"Tiempo de lectura":"2 minutos"},"schema":{"@context":"https:\/\/schema.org","@graph":[{"@type":"WebPage","@id":"https:\/\/ivam.es\/es\/carmen-calvo-2\/","url":"https:\/\/ivam.es\/es\/carmen-calvo-2\/","name":"Carmen Calvo - IVAM","isPartOf":{"@id":"https:\/\/ivam.es\/es\/#website"},"datePublished":"2020-05-04T11:41:19+00:00","dateModified":"2020-05-05T08:49:55+00:00","breadcrumb":{"@id":"https:\/\/ivam.es\/es\/carmen-calvo-2\/#breadcrumb"},"inLanguage":"es","potentialAction":[{"@type":"ReadAction","target":["https:\/\/ivam.es\/es\/carmen-calvo-2\/"]}]},{"@type":"BreadcrumbList","@id":"https:\/\/ivam.es\/es\/carmen-calvo-2\/#breadcrumb","itemListElement":[{"@type":"ListItem","position":1,"name":"Home","item":"https:\/\/ivam.es\/es\/"},{"@type":"ListItem","position":2,"name":"Carmen Calvo"}]},{"@type":"WebSite","@id":"https:\/\/ivam.es\/es\/#website","url":"https:\/\/ivam.es\/es\/","name":"IVAM","description":"Institut Valenci\u00e0 d&#039;Art Modern","publisher":{"@id":"https:\/\/ivam.es\/es\/#organization"},"potentialAction":[{"@type":"SearchAction","target":{"@type":"EntryPoint","urlTemplate":"https:\/\/ivam.es\/es\/?s={search_term_string}"},"query-input":{"@type":"PropertyValueSpecification","valueRequired":true,"valueName":"search_term_string"}}],"inLanguage":"es"},{"@type":"Organization","@id":"https:\/\/ivam.es\/es\/#organization","name":"IVAM","url":"https:\/\/ivam.es\/es\/","logo":{"@type":"ImageObject","inLanguage":"es","@id":"https:\/\/ivam.es\/es\/#\/schema\/logo\/image\/","url":"https:\/\/ivam.es\/wp-content\/uploads\/logo-ok-512.png","contentUrl":"https:\/\/ivam.es\/wp-content\/uploads\/logo-ok-512.png","width":512,"height":512,"caption":"IVAM"},"image":{"@id":"https:\/\/ivam.es\/es\/#\/schema\/logo\/image\/"}}]}},"_links":{"self":[{"href":"https:\/\/ivam.es\/es\/wp-json\/wp\/v2\/pages\/45529","targetHints":{"allow":["GET"]}}],"collection":[{"href":"https:\/\/ivam.es\/es\/wp-json\/wp\/v2\/pages"}],"about":[{"href":"https:\/\/ivam.es\/es\/wp-json\/wp\/v2\/types\/page"}],"author":[{"embeddable":true,"href":"https:\/\/ivam.es\/es\/wp-json\/wp\/v2\/users\/3"}],"replies":[{"embeddable":true,"href":"https:\/\/ivam.es\/es\/wp-json\/wp\/v2\/comments?post=45529"}],"version-history":[{"count":3,"href":"https:\/\/ivam.es\/es\/wp-json\/wp\/v2\/pages\/45529\/revisions"}],"predecessor-version":[{"id":45586,"href":"https:\/\/ivam.es\/es\/wp-json\/wp\/v2\/pages\/45529\/revisions\/45586"}],"wp:attachment":[{"href":"https:\/\/ivam.es\/es\/wp-json\/wp\/v2\/media?parent=45529"}],"curies":[{"name":"wp","href":"https:\/\/api.w.org\/{rel}","templated":true}]}}