{"id":45517,"date":"2020-05-04T11:35:41","date_gmt":"2020-05-04T09:35:41","guid":{"rendered":"\/?page_id=45517"},"modified":"2020-05-05T10:50:29","modified_gmt":"2020-05-05T08:50:29","slug":"angela-garcia-codoner","status":"publish","type":"page","link":"https:\/\/ivam.es\/es\/angela-garcia-codoner\/","title":{"rendered":"\u00c1ngela Garc\u00eda Codo\u00f1er"},"content":{"rendered":"<p><a href=\"\/wp-content\/uploads\/page\/angela-garcia-codoner\/Composicion-Angela-Garcia-1974-scaled.jpg\"><img loading=\"lazy\" decoding=\"async\" class=\"alignnone wp-image-45518 size-large\" src=\"\/wp-content\/uploads\/page\/angela-garcia-codoner\/Composicion-Angela-Garcia-1974-1021x1024.jpg\" alt=\"\u00c1ngela Garc\u00eda Codo\u00f1er \/ Serie Misses. Los concursos de belleza. Composici\u00f3n, 1974\" width=\"1021\" height=\"1024\" srcset=\"https:\/\/ivam.es\/wp-content\/uploads\/page\/angela-garcia-codoner\/Composicion-Angela-Garcia-1974-1021x1024.jpg 1021w, https:\/\/ivam.es\/wp-content\/uploads\/page\/angela-garcia-codoner\/Composicion-Angela-Garcia-1974-300x300.jpg 300w, https:\/\/ivam.es\/wp-content\/uploads\/page\/angela-garcia-codoner\/Composicion-Angela-Garcia-1974-150x150.jpg 150w, https:\/\/ivam.es\/wp-content\/uploads\/page\/angela-garcia-codoner\/Composicion-Angela-Garcia-1974-768x770.jpg 768w, https:\/\/ivam.es\/wp-content\/uploads\/page\/angela-garcia-codoner\/Composicion-Angela-Garcia-1974-1532x1536.jpg 1532w, https:\/\/ivam.es\/wp-content\/uploads\/page\/angela-garcia-codoner\/Composicion-Angela-Garcia-1974-2043x2048.jpg 2043w, https:\/\/ivam.es\/wp-content\/uploads\/page\/angela-garcia-codoner\/Composicion-Angela-Garcia-1974-280x281.jpg 280w, https:\/\/ivam.es\/wp-content\/uploads\/page\/angela-garcia-codoner\/Composicion-Angela-Garcia-1974-467x468.jpg 467w, https:\/\/ivam.es\/wp-content\/uploads\/page\/angela-garcia-codoner\/Composicion-Angela-Garcia-1974-231x232.jpg 231w, https:\/\/ivam.es\/wp-content\/uploads\/page\/angela-garcia-codoner\/Composicion-Angela-Garcia-1974-500x501.jpg 500w\" sizes=\"auto, (max-width: 1021px) 100vw, 1021px\" \/><\/a><\/p>\n<h4 class=\"text-left\">Serie Misses. Los concursos de belleza. Composici\u00f3n, 1974<\/h4>\n<p>La serie MISSES se encuadra dentro de un conjunto de trabajos bajo el g\u00e9nero de arte feminista -el cual empezaba a despuntar en la Espa\u00f1a de los a\u00f1os 70- lo que supon\u00eda obras reivindicativas hechas por mujeres que no aceptaban el papel que aquella sociedad hab\u00eda organizado para ellas.<\/p>\n<p>Este trabajo, mestizo entre pintura y collage, organiza la composici\u00f3n de las im\u00e1genes expresadas en tiras verticales; los diferentes cambios de escala dan verticalidad a las im\u00e1genes, unas pintadas previamente, y otras tomadas de las revistas femeninas y los tebeos de hadas.<\/p>\n<p><strong>\u00c1ngela Garc\u00eda Codo\u00f1er<\/strong><\/p>\n","protected":false},"excerpt":{"rendered":"<p>Serie Misses. Los concursos de belleza. Composici\u00f3n, 1974 La serie MISSES se encuadra dentro de un conjunto de trabajos bajo el g\u00e9nero de arte feminista -el cual empezaba a despuntar en la Espa\u00f1a de los a\u00f1os 70- lo que supon\u00eda obras reivindicativas hechas por mujeres que no aceptaban el papel que aquella sociedad hab\u00eda organizado [&hellip;]<\/p>\n","protected":false},"author":3,"featured_media":0,"parent":0,"menu_order":306,"comment_status":"closed","ping_status":"closed","template":"","meta":{"footnotes":""},"class_list":["post-45517","page","type-page","status-publish","hentry"],"yoast_head":"<!-- This site is optimized with the Yoast SEO plugin v26.0 - https:\/\/yoast.com\/wordpress\/plugins\/seo\/ -->\n<title>\u00c1ngela Garc\u00eda Codo\u00f1er - IVAM<\/title>\n<meta name=\"robots\" content=\"index, follow, max-snippet:-1, max-image-preview:large, max-video-preview:-1\" \/>\n<link rel=\"canonical\" href=\"https:\/\/ivam.es\/es\/angela-garcia-codoner\/\" \/>\n<meta property=\"og:locale\" content=\"es_ES\" \/>\n<meta property=\"og:type\" content=\"article\" \/>\n<meta property=\"og:title\" content=\"\u00c1ngela Garc\u00eda Codo\u00f1er - IVAM\" \/>\n<meta property=\"og:description\" content=\"Serie Misses. Los concursos de belleza. Composici\u00f3n, 1974 La serie MISSES se encuadra dentro de un conjunto de trabajos bajo el g\u00e9nero de arte feminista -el cual empezaba a despuntar en la Espa\u00f1a de los a\u00f1os 70- lo que supon\u00eda obras reivindicativas hechas por mujeres que no aceptaban el papel que aquella sociedad hab\u00eda organizado [&hellip;]\" \/>\n<meta property=\"og:url\" content=\"https:\/\/ivam.es\/es\/angela-garcia-codoner\/\" \/>\n<meta property=\"og:site_name\" content=\"IVAM\" \/>\n<meta property=\"article:modified_time\" content=\"2020-05-05T08:50:29+00:00\" \/>\n<meta name=\"twitter:card\" content=\"summary_large_image\" \/>\n<meta name=\"twitter:label1\" content=\"Tiempo de lectura\" \/>\n\t<meta name=\"twitter:data1\" content=\"1 minuto\" \/>\n<script type=\"application\/ld+json\" class=\"yoast-schema-graph\">{\"@context\":\"https:\/\/schema.org\",\"@graph\":[{\"@type\":\"WebPage\",\"@id\":\"https:\/\/ivam.es\/es\/angela-garcia-codoner\/\",\"url\":\"https:\/\/ivam.es\/es\/angela-garcia-codoner\/\",\"name\":\"\u00c1ngela Garc\u00eda Codo\u00f1er - IVAM\",\"isPartOf\":{\"@id\":\"https:\/\/ivam.es\/es\/#website\"},\"datePublished\":\"2020-05-04T09:35:41+00:00\",\"dateModified\":\"2020-05-05T08:50:29+00:00\",\"breadcrumb\":{\"@id\":\"https:\/\/ivam.es\/es\/angela-garcia-codoner\/#breadcrumb\"},\"inLanguage\":\"es\",\"potentialAction\":[{\"@type\":\"ReadAction\",\"target\":[\"https:\/\/ivam.es\/es\/angela-garcia-codoner\/\"]}]},{\"@type\":\"BreadcrumbList\",\"@id\":\"https:\/\/ivam.es\/es\/angela-garcia-codoner\/#breadcrumb\",\"itemListElement\":[{\"@type\":\"ListItem\",\"position\":1,\"name\":\"Home\",\"item\":\"https:\/\/ivam.es\/es\/\"},{\"@type\":\"ListItem\",\"position\":2,\"name\":\"\u00c1ngela Garc\u00eda Codo\u00f1er\"}]},{\"@type\":\"WebSite\",\"@id\":\"https:\/\/ivam.es\/es\/#website\",\"url\":\"https:\/\/ivam.es\/es\/\",\"name\":\"IVAM\",\"description\":\"Institut Valenci\u00e0 d&#039;Art Modern\",\"publisher\":{\"@id\":\"https:\/\/ivam.es\/es\/#organization\"},\"potentialAction\":[{\"@type\":\"SearchAction\",\"target\":{\"@type\":\"EntryPoint\",\"urlTemplate\":\"https:\/\/ivam.es\/es\/?s={search_term_string}\"},\"query-input\":{\"@type\":\"PropertyValueSpecification\",\"valueRequired\":true,\"valueName\":\"search_term_string\"}}],\"inLanguage\":\"es\"},{\"@type\":\"Organization\",\"@id\":\"https:\/\/ivam.es\/es\/#organization\",\"name\":\"IVAM\",\"url\":\"https:\/\/ivam.es\/es\/\",\"logo\":{\"@type\":\"ImageObject\",\"inLanguage\":\"es\",\"@id\":\"https:\/\/ivam.es\/es\/#\/schema\/logo\/image\/\",\"url\":\"https:\/\/ivam.es\/wp-content\/uploads\/logo-ok-512.png\",\"contentUrl\":\"https:\/\/ivam.es\/wp-content\/uploads\/logo-ok-512.png\",\"width\":512,\"height\":512,\"caption\":\"IVAM\"},\"image\":{\"@id\":\"https:\/\/ivam.es\/es\/#\/schema\/logo\/image\/\"}}]}<\/script>\n<!-- \/ Yoast SEO plugin. -->","yoast_head_json":{"title":"\u00c1ngela Garc\u00eda Codo\u00f1er - IVAM","robots":{"index":"index","follow":"follow","max-snippet":"max-snippet:-1","max-image-preview":"max-image-preview:large","max-video-preview":"max-video-preview:-1"},"canonical":"https:\/\/ivam.es\/es\/angela-garcia-codoner\/","og_locale":"es_ES","og_type":"article","og_title":"\u00c1ngela Garc\u00eda Codo\u00f1er - IVAM","og_description":"Serie Misses. Los concursos de belleza. Composici\u00f3n, 1974 La serie MISSES se encuadra dentro de un conjunto de trabajos bajo el g\u00e9nero de arte feminista -el cual empezaba a despuntar en la Espa\u00f1a de los a\u00f1os 70- lo que supon\u00eda obras reivindicativas hechas por mujeres que no aceptaban el papel que aquella sociedad hab\u00eda organizado [&hellip;]","og_url":"https:\/\/ivam.es\/es\/angela-garcia-codoner\/","og_site_name":"IVAM","article_modified_time":"2020-05-05T08:50:29+00:00","twitter_card":"summary_large_image","twitter_misc":{"Tiempo de lectura":"1 minuto"},"schema":{"@context":"https:\/\/schema.org","@graph":[{"@type":"WebPage","@id":"https:\/\/ivam.es\/es\/angela-garcia-codoner\/","url":"https:\/\/ivam.es\/es\/angela-garcia-codoner\/","name":"\u00c1ngela Garc\u00eda Codo\u00f1er - IVAM","isPartOf":{"@id":"https:\/\/ivam.es\/es\/#website"},"datePublished":"2020-05-04T09:35:41+00:00","dateModified":"2020-05-05T08:50:29+00:00","breadcrumb":{"@id":"https:\/\/ivam.es\/es\/angela-garcia-codoner\/#breadcrumb"},"inLanguage":"es","potentialAction":[{"@type":"ReadAction","target":["https:\/\/ivam.es\/es\/angela-garcia-codoner\/"]}]},{"@type":"BreadcrumbList","@id":"https:\/\/ivam.es\/es\/angela-garcia-codoner\/#breadcrumb","itemListElement":[{"@type":"ListItem","position":1,"name":"Home","item":"https:\/\/ivam.es\/es\/"},{"@type":"ListItem","position":2,"name":"\u00c1ngela Garc\u00eda Codo\u00f1er"}]},{"@type":"WebSite","@id":"https:\/\/ivam.es\/es\/#website","url":"https:\/\/ivam.es\/es\/","name":"IVAM","description":"Institut Valenci\u00e0 d&#039;Art Modern","publisher":{"@id":"https:\/\/ivam.es\/es\/#organization"},"potentialAction":[{"@type":"SearchAction","target":{"@type":"EntryPoint","urlTemplate":"https:\/\/ivam.es\/es\/?s={search_term_string}"},"query-input":{"@type":"PropertyValueSpecification","valueRequired":true,"valueName":"search_term_string"}}],"inLanguage":"es"},{"@type":"Organization","@id":"https:\/\/ivam.es\/es\/#organization","name":"IVAM","url":"https:\/\/ivam.es\/es\/","logo":{"@type":"ImageObject","inLanguage":"es","@id":"https:\/\/ivam.es\/es\/#\/schema\/logo\/image\/","url":"https:\/\/ivam.es\/wp-content\/uploads\/logo-ok-512.png","contentUrl":"https:\/\/ivam.es\/wp-content\/uploads\/logo-ok-512.png","width":512,"height":512,"caption":"IVAM"},"image":{"@id":"https:\/\/ivam.es\/es\/#\/schema\/logo\/image\/"}}]}},"_links":{"self":[{"href":"https:\/\/ivam.es\/es\/wp-json\/wp\/v2\/pages\/45517","targetHints":{"allow":["GET"]}}],"collection":[{"href":"https:\/\/ivam.es\/es\/wp-json\/wp\/v2\/pages"}],"about":[{"href":"https:\/\/ivam.es\/es\/wp-json\/wp\/v2\/types\/page"}],"author":[{"embeddable":true,"href":"https:\/\/ivam.es\/es\/wp-json\/wp\/v2\/users\/3"}],"replies":[{"embeddable":true,"href":"https:\/\/ivam.es\/es\/wp-json\/wp\/v2\/comments?post=45517"}],"version-history":[{"count":2,"href":"https:\/\/ivam.es\/es\/wp-json\/wp\/v2\/pages\/45517\/revisions"}],"predecessor-version":[{"id":45522,"href":"https:\/\/ivam.es\/es\/wp-json\/wp\/v2\/pages\/45517\/revisions\/45522"}],"wp:attachment":[{"href":"https:\/\/ivam.es\/es\/wp-json\/wp\/v2\/media?parent=45517"}],"curies":[{"name":"wp","href":"https:\/\/api.w.org\/{rel}","templated":true}]}}