{"id":45364,"date":"2020-04-27T12:06:42","date_gmt":"2020-04-27T10:06:42","guid":{"rendered":"\/?page_id=45364"},"modified":"2020-04-27T12:47:23","modified_gmt":"2020-04-27T10:47:23","slug":"toyen","status":"publish","type":"page","link":"https:\/\/ivam.es\/es\/toyen\/","title":{"rendered":"TOYEN"},"content":{"rendered":"<p><a href=\"\/wp-content\/uploads\/page\/toyen\/Toyen.jpg\"><img loading=\"lazy\" decoding=\"async\" class=\"alignnone wp-image-45365 size-full\" src=\"\/wp-content\/uploads\/page\/toyen\/Toyen.jpg\" alt=\"Toyen (Marie Cerminova) \/ N\u00e1s Svet (Nuestro mundo). Praga: Druzsrtevni prace DP, 1934\" width=\"350\" height=\"263\" srcset=\"https:\/\/ivam.es\/wp-content\/uploads\/page\/toyen\/Toyen.jpg 350w, https:\/\/ivam.es\/wp-content\/uploads\/page\/toyen\/Toyen-300x225.jpg 300w, https:\/\/ivam.es\/wp-content\/uploads\/page\/toyen\/Toyen-280x210.jpg 280w, https:\/\/ivam.es\/wp-content\/uploads\/page\/toyen\/Toyen-231x174.jpg 231w\" sizes=\"auto, (max-width: 350px) 100vw, 350px\" \/><\/a><\/p>\n<h4 class=\"text-left\">N\u00e1s Svet (Nuestro mundo). Praga: Druzsrtevni prace DP, 1934<\/h4>\n<p>&nbsp;<\/p>\n<p><strong>Toyen (Marie Cerminova) (Praga, 1902-Par\u00eds, 1980)<\/strong><\/p>\n<p>Ilustradora, pintora y dibujante de vanguardia formada en la Escuela de Artes Decorativas de Praga, Toyen es considerada una figura destacada en los c\u00edrculos de vanguardia checos y franceses de los a\u00f1os 20. Participa en numerosas exposiciones donde firma bajo el seud\u00f3nimo neutro Toyen, por miedo al rechazo de g\u00e9nero. Inicialmente influida por el cubismo, se traslada a Par\u00eds en 1925, donde crea con su marido Jindrich Styrsky, tambi\u00e9n artista, el artificialismo, un estilo art\u00edstico \u00fanico que profundiza en innovadoras t\u00e9cnicas de la pintura para alejarse de la abstracci\u00f3n. En los a\u00f1os 30 regresan a Praga donde fundan el Grupo Surrealista Checo.<\/p>\n<p>En 1934 ilustra <em>Nas svet<\/em> (Nuestro mundo), un libro dedicado al p\u00fablico infantil con est\u00e9tica figurativa que busca un lenguaje moderno de f\u00e1cil interpretaci\u00f3n. Toyen, en sus educativos dibujos de tintas planas y l\u00edneas rectas, reproduce temas poco frecuentes en los libros infantiles como son la igualdad entre hombres y mujeres o las nuevas fuentes de energ\u00eda. Inspirada por los postulados socialistas, los protagonistas son h\u00e9roes reales, trabajadores de una sociedad en construcci\u00f3n: una profesora o un repartidor. Este libro fue concebido como una obra colaborativa entre artistas. El dise\u00f1o es de Ladislav Sutnar.<\/p>\n<h4>Irene Bonilla<br \/>\nConservadora<\/h4>\n","protected":false},"excerpt":{"rendered":"<p>N\u00e1s Svet (Nuestro mundo). Praga: Druzsrtevni prace DP, 1934 &nbsp; Toyen (Marie Cerminova) (Praga, 1902-Par\u00eds, 1980) Ilustradora, pintora y dibujante de vanguardia formada en la Escuela de Artes Decorativas de Praga, Toyen es considerada una figura destacada en los c\u00edrculos de vanguardia checos y franceses de los a\u00f1os 20. Participa en numerosas exposiciones donde firma [&hellip;]<\/p>\n","protected":false},"author":3,"featured_media":0,"parent":0,"menu_order":333,"comment_status":"closed","ping_status":"closed","template":"","meta":{"footnotes":""},"class_list":["post-45364","page","type-page","status-publish","hentry"],"yoast_head":"<!-- This site is optimized with the Yoast SEO plugin v26.0 - https:\/\/yoast.com\/wordpress\/plugins\/seo\/ -->\n<title>TOYEN - IVAM<\/title>\n<meta name=\"robots\" content=\"index, follow, max-snippet:-1, max-image-preview:large, max-video-preview:-1\" \/>\n<link rel=\"canonical\" href=\"https:\/\/ivam.es\/es\/toyen\/\" \/>\n<meta property=\"og:locale\" content=\"es_ES\" \/>\n<meta property=\"og:type\" content=\"article\" \/>\n<meta property=\"og:title\" content=\"TOYEN - IVAM\" \/>\n<meta property=\"og:description\" content=\"N\u00e1s Svet (Nuestro mundo). Praga: Druzsrtevni prace DP, 1934 &nbsp; Toyen (Marie Cerminova) (Praga, 1902-Par\u00eds, 1980) Ilustradora, pintora y dibujante de vanguardia formada en la Escuela de Artes Decorativas de Praga, Toyen es considerada una figura destacada en los c\u00edrculos de vanguardia checos y franceses de los a\u00f1os 20. Participa en numerosas exposiciones donde firma [&hellip;]\" \/>\n<meta property=\"og:url\" content=\"https:\/\/ivam.es\/es\/toyen\/\" \/>\n<meta property=\"og:site_name\" content=\"IVAM\" \/>\n<meta property=\"article:modified_time\" content=\"2020-04-27T10:47:23+00:00\" \/>\n<meta name=\"twitter:card\" content=\"summary_large_image\" \/>\n<meta name=\"twitter:label1\" content=\"Tiempo de lectura\" \/>\n\t<meta name=\"twitter:data1\" content=\"1 minuto\" \/>\n<script type=\"application\/ld+json\" class=\"yoast-schema-graph\">{\"@context\":\"https:\/\/schema.org\",\"@graph\":[{\"@type\":\"WebPage\",\"@id\":\"https:\/\/ivam.es\/es\/toyen\/\",\"url\":\"https:\/\/ivam.es\/es\/toyen\/\",\"name\":\"TOYEN - IVAM\",\"isPartOf\":{\"@id\":\"https:\/\/ivam.es\/es\/#website\"},\"datePublished\":\"2020-04-27T10:06:42+00:00\",\"dateModified\":\"2020-04-27T10:47:23+00:00\",\"breadcrumb\":{\"@id\":\"https:\/\/ivam.es\/es\/toyen\/#breadcrumb\"},\"inLanguage\":\"es\",\"potentialAction\":[{\"@type\":\"ReadAction\",\"target\":[\"https:\/\/ivam.es\/es\/toyen\/\"]}]},{\"@type\":\"BreadcrumbList\",\"@id\":\"https:\/\/ivam.es\/es\/toyen\/#breadcrumb\",\"itemListElement\":[{\"@type\":\"ListItem\",\"position\":1,\"name\":\"Home\",\"item\":\"https:\/\/ivam.es\/es\/\"},{\"@type\":\"ListItem\",\"position\":2,\"name\":\"TOYEN\"}]},{\"@type\":\"WebSite\",\"@id\":\"https:\/\/ivam.es\/es\/#website\",\"url\":\"https:\/\/ivam.es\/es\/\",\"name\":\"IVAM\",\"description\":\"Institut Valenci\u00e0 d&#039;Art Modern\",\"publisher\":{\"@id\":\"https:\/\/ivam.es\/es\/#organization\"},\"potentialAction\":[{\"@type\":\"SearchAction\",\"target\":{\"@type\":\"EntryPoint\",\"urlTemplate\":\"https:\/\/ivam.es\/es\/?s={search_term_string}\"},\"query-input\":{\"@type\":\"PropertyValueSpecification\",\"valueRequired\":true,\"valueName\":\"search_term_string\"}}],\"inLanguage\":\"es\"},{\"@type\":\"Organization\",\"@id\":\"https:\/\/ivam.es\/es\/#organization\",\"name\":\"IVAM\",\"url\":\"https:\/\/ivam.es\/es\/\",\"logo\":{\"@type\":\"ImageObject\",\"inLanguage\":\"es\",\"@id\":\"https:\/\/ivam.es\/es\/#\/schema\/logo\/image\/\",\"url\":\"https:\/\/ivam.es\/wp-content\/uploads\/logo-ok-512.png\",\"contentUrl\":\"https:\/\/ivam.es\/wp-content\/uploads\/logo-ok-512.png\",\"width\":512,\"height\":512,\"caption\":\"IVAM\"},\"image\":{\"@id\":\"https:\/\/ivam.es\/es\/#\/schema\/logo\/image\/\"}}]}<\/script>\n<!-- \/ Yoast SEO plugin. -->","yoast_head_json":{"title":"TOYEN - IVAM","robots":{"index":"index","follow":"follow","max-snippet":"max-snippet:-1","max-image-preview":"max-image-preview:large","max-video-preview":"max-video-preview:-1"},"canonical":"https:\/\/ivam.es\/es\/toyen\/","og_locale":"es_ES","og_type":"article","og_title":"TOYEN - IVAM","og_description":"N\u00e1s Svet (Nuestro mundo). Praga: Druzsrtevni prace DP, 1934 &nbsp; Toyen (Marie Cerminova) (Praga, 1902-Par\u00eds, 1980) Ilustradora, pintora y dibujante de vanguardia formada en la Escuela de Artes Decorativas de Praga, Toyen es considerada una figura destacada en los c\u00edrculos de vanguardia checos y franceses de los a\u00f1os 20. Participa en numerosas exposiciones donde firma [&hellip;]","og_url":"https:\/\/ivam.es\/es\/toyen\/","og_site_name":"IVAM","article_modified_time":"2020-04-27T10:47:23+00:00","twitter_card":"summary_large_image","twitter_misc":{"Tiempo de lectura":"1 minuto"},"schema":{"@context":"https:\/\/schema.org","@graph":[{"@type":"WebPage","@id":"https:\/\/ivam.es\/es\/toyen\/","url":"https:\/\/ivam.es\/es\/toyen\/","name":"TOYEN - IVAM","isPartOf":{"@id":"https:\/\/ivam.es\/es\/#website"},"datePublished":"2020-04-27T10:06:42+00:00","dateModified":"2020-04-27T10:47:23+00:00","breadcrumb":{"@id":"https:\/\/ivam.es\/es\/toyen\/#breadcrumb"},"inLanguage":"es","potentialAction":[{"@type":"ReadAction","target":["https:\/\/ivam.es\/es\/toyen\/"]}]},{"@type":"BreadcrumbList","@id":"https:\/\/ivam.es\/es\/toyen\/#breadcrumb","itemListElement":[{"@type":"ListItem","position":1,"name":"Home","item":"https:\/\/ivam.es\/es\/"},{"@type":"ListItem","position":2,"name":"TOYEN"}]},{"@type":"WebSite","@id":"https:\/\/ivam.es\/es\/#website","url":"https:\/\/ivam.es\/es\/","name":"IVAM","description":"Institut Valenci\u00e0 d&#039;Art Modern","publisher":{"@id":"https:\/\/ivam.es\/es\/#organization"},"potentialAction":[{"@type":"SearchAction","target":{"@type":"EntryPoint","urlTemplate":"https:\/\/ivam.es\/es\/?s={search_term_string}"},"query-input":{"@type":"PropertyValueSpecification","valueRequired":true,"valueName":"search_term_string"}}],"inLanguage":"es"},{"@type":"Organization","@id":"https:\/\/ivam.es\/es\/#organization","name":"IVAM","url":"https:\/\/ivam.es\/es\/","logo":{"@type":"ImageObject","inLanguage":"es","@id":"https:\/\/ivam.es\/es\/#\/schema\/logo\/image\/","url":"https:\/\/ivam.es\/wp-content\/uploads\/logo-ok-512.png","contentUrl":"https:\/\/ivam.es\/wp-content\/uploads\/logo-ok-512.png","width":512,"height":512,"caption":"IVAM"},"image":{"@id":"https:\/\/ivam.es\/es\/#\/schema\/logo\/image\/"}}]}},"_links":{"self":[{"href":"https:\/\/ivam.es\/es\/wp-json\/wp\/v2\/pages\/45364","targetHints":{"allow":["GET"]}}],"collection":[{"href":"https:\/\/ivam.es\/es\/wp-json\/wp\/v2\/pages"}],"about":[{"href":"https:\/\/ivam.es\/es\/wp-json\/wp\/v2\/types\/page"}],"author":[{"embeddable":true,"href":"https:\/\/ivam.es\/es\/wp-json\/wp\/v2\/users\/3"}],"replies":[{"embeddable":true,"href":"https:\/\/ivam.es\/es\/wp-json\/wp\/v2\/comments?post=45364"}],"version-history":[{"count":3,"href":"https:\/\/ivam.es\/es\/wp-json\/wp\/v2\/pages\/45364\/revisions"}],"predecessor-version":[{"id":45384,"href":"https:\/\/ivam.es\/es\/wp-json\/wp\/v2\/pages\/45364\/revisions\/45384"}],"wp:attachment":[{"href":"https:\/\/ivam.es\/es\/wp-json\/wp\/v2\/media?parent=45364"}],"curies":[{"name":"wp","href":"https:\/\/api.w.org\/{rel}","templated":true}]}}